{"id":39519,"date":"2021-12-14T21:15:32","date_gmt":"2021-12-14T21:15:32","guid":{"rendered":"https:\/\/www.sisinternational.com\/?page_id=39519"},"modified":"2025-09-14T21:43:10","modified_gmt":"2025-09-15T01:43:10","slug":"investigacion-de-mercado-en-barbados","status":"publish","type":"page","link":"https:\/\/www.sisinternational.com\/es\/cobertura\/investigacion-de-mercado-en-el-caribe\/investigacion-de-mercado-en-barbados\/","title":{"rendered":"Investigaci\u00f3n de mercado en Barbados"},"content":{"rendered":"<h1 class=\"wp-block-heading\">Investigaci\u00f3n de mercado en Barbados<\/h1>\n\n\n\n<figure class=\"gb-block-image gb-block-image-9620d1f7\"><img loading=\"lazy\" decoding=\"async\" width=\"1456\" height=\"816\" class=\"gb-image gb-image-9620d1f7\" src=\"https:\/\/www.sisinternational.com\/wp-content\/uploads\/2025\/09\/Barbados-2.jpg\" alt=\"Investigaci\u00f3n y estrategia de mercado internacional de SIS\" title=\"Barbados 2\" srcset=\"https:\/\/www.sisinternational.com\/wp-content\/uploads\/2025\/09\/Barbados-2.jpg 1456w, https:\/\/www.sisinternational.com\/wp-content\/uploads\/2025\/09\/Barbados-2-300x168.jpg 300w, https:\/\/www.sisinternational.com\/wp-content\/uploads\/2025\/09\/Barbados-2-1024x574.jpg 1024w, https:\/\/www.sisinternational.com\/wp-content\/uploads\/2025\/09\/Barbados-2-768x430.jpg 768w, https:\/\/www.sisinternational.com\/wp-content\/uploads\/2025\/09\/Barbados-2-18x10.jpg 18w\" sizes=\"auto, (max-width: 1456px) 100vw, 1456px\"><\/figure>\n\n\n\n<p><\/p>\n\n\n\n<p>Barbados es una naci\u00f3n insular del Caribe, situada al noreste de Trinidad y Tobago y al este de San Vicente y las Granadinas. Este peque\u00f1o pa\u00eds est\u00e1 muy desarrollado en comparaci\u00f3n con las islas vecinas. Adem\u00e1s, tambi\u00e9n es una econom\u00eda de altos ingresos. Como uno de los estados insulares m\u00e1s ricos de las Indias Occidentales, es un lugar de inversi\u00f3n privilegiado.<\/p>\n\n\n\n<h2 class=\"wp-block-heading\">Industrias clave<\/h2>\n\n\n\n<p>The main areas of <a href=\"https:\/\/www.sisinternational.com\/es\/pericia\/industrias\/grupos-focales-industriales\/\" title=\"Grupos de enfoque industriales\"  data-wpil-monitor-id=\"8724\">focus for Barbados are the service industry<\/a> and tourism. These sectors make up three-quarters of the national GDP. Despite this, the country also has a strong agricultural and industrial sector. Also, the large amounts of limestone on the island fuel its mining industry. The island earns much money from the quarrying of clay, gravel, and sand. About three-quarters of the nation\u2019s land is suitable for farming. That land produces lots of sugar for export.<\/p>\n\n\n\n<h2 class=\"wp-block-heading\">Barrios<\/h2>\n\n\n\n<p>The island has a very flat terrain. It has a few mountains. This terrain dates back to the large coral deposits that were present when the island was forming. Barbados, unlike many of its neighbors, is a limestone island.<\/p>\n\n\n\n<p>Barbados tiene 11 parroquias, todas con nombres de santos. Sus pueblos se encuentran repartidos por toda la isla, pero la mayor\u00eda se encuentran en la costa. Junto con estas aldeas, Barbados tiene algunas ciudades, la mayor\u00eda de las cuales son centros de comercio e industria.<\/p>\n\n\n\n<h2 class=\"wp-block-heading\">Tendencias<\/h2>\n\n\n\n<p>La mayor\u00eda de la gente es de ascendencia africana (alrededor de 91%), y el resto son blancos, mestizos o indios. Por tanto, Barbados tiene una rica mezcla de culturas de \u00c1frica occidental, brit\u00e1nica e india. Uno de los pasatiempos m\u00e1s populares de los lugare\u00f1os es el cricket. Muchos de los jugadores de cr\u00edquet del pa\u00eds forman parte del equipo regional de las Indias Occidentales.<\/p>\n\n\n\n<h2 class=\"wp-block-heading\">Beneficios y Fortalezas en el Mercado<\/h2>\n\n\n\n<p>Barbados has a large amount of arable land for growing a variety of crops. It&#8217;s also known for its large number of <a href=\"https:\/\/www.sisinternational.com\/es\/soluciones\/investigacion-de-mercado-de-ia-y-consultoria-estrategica\/automatizacion-de-materias-primas-consultoria-en-inteligencia-artificial\/\" title=\"Consultor\u00eda en Automatizaci\u00f3n de Materias Primas e Inteligencia Artificial\"  data-wpil-monitor-id=\"8725\">raw construction materials<\/a>. The rich gravel, sand, and limestone are great for the construction of buildings. Its ease of access and the low price are good news for builders. It\u2019s also one less cause for worry.<\/p>\n\n\n\n<p>The financial <a href=\"https:\/\/www.sisinternational.com\/es\/soluciones\/investigacion-de-mercado-de-consumo\/\" title=\"Consumer Market Research Services for Smarter Business Decisions\"  data-wpil-monitor-id=\"8727\">services and global business<\/a> sector also boost the country\u2019s GDP. Many large banks and companies are already present there. The sector attracts them because of the quality of supporting services they can access on the island.<\/p>\n\n\n\n<h2 class=\"wp-block-heading\">Base de consumidores<\/h2>\n\n\n\n<p>Barbados has one of the densest populations in <a class=\"wpil_keyword_link\" href=\"https:\/\/www.sisinternational.com\/es\/cobertura\/las-americas\/\"   title=\"Am\u00e9rica\" data-wpil-keyword-link=\"linked\"  data-wpil-monitor-id=\"741\">the Americas<\/a>. Most locals speak English or at least a dialect of it. Along with that, almost all locals are literate and educated. That well-educated and skilled population is suitable for any new business. It improves the pool of consumers and potential employees.<\/p>\n\n\n\n<h2 class=\"wp-block-heading\">Reasons to Grow Your Business in the Barbadian Market<\/h2>\n\n\n\n<p>Barbados\u2019 scores are high in the human development index. It means that the country has excellent systems in place, which is good news for investors. Barbados also has good relations with its high-profile trading partners such as the US and the UK. The <a href=\"https:\/\/www.sisinternational.com\/es\/servicios-de-publicidad-multicultural-para-un-holding-y-conglomerado-empresarial-emirati\/\" title=\"Servicios de publicidad multicultural para un holding y un conglomerado empresarial emirat\u00ed\"  data-wpil-monitor-id=\"8728\">service sector supports new businesses<\/a>. Many people in this sector can assist any <a href=\"https:\/\/www.sisinternational.com\/es\/establecer-una-empresa-en-turquia\/\" title=\"Establecer una empresa en Turqu\u00eda\"  data-wpil-monitor-id=\"8729\">business that wants to set<\/a> itself up there.<\/p>\n\n\n\n<h2 class=\"wp-block-heading\">Acerca de la investigaci\u00f3n de mercado en Barbados<\/h2>\n\n\n\n<p>Investors need to get the most practical and accurate info. Thus, it\u2019s essential to use many info-gathering techniques. In addition, <a href=\"https:\/\/www.sisinternational.com\/es\/cobertura\/las-americas\/cobertura-de-estados-unidos\/investigacion-de-mercado-en-rhode-island\/\" title=\"Investigaci\u00f3n de mercado en Rhode Island\"  data-wpil-monitor-id=\"8726\">researching an island<\/a> calls for a hands-on approach. It is best to explore the country itself. <a href=\"https:\/\/www.sisinternational.com\/es\/how-to-design-effective-surveys-for-quantitative-research\/\" title=\"How to Design Effective Surveys for Quantitative Research\"  data-wpil-monitor-id=\"8723\">Investigaci\u00f3n cuantitativa y cualitativa<\/a> are excellent tools for this. Those can help investors to find out what works and what doesn\u2019t.<\/p>\n\n\n\n<p>Encontrar el mejor curso de acci\u00f3n es esencial para cualquier negocio. Adem\u00e1s, las entrevistas, los grupos focales, las encuestas y la investigaci\u00f3n estrat\u00e9gica son \u00fatiles. Pueden producir m\u00e1s datos del mundo real y darle una idea de lo que est\u00e1 pasando por la cabeza de los consumidores.<\/p>\n\n\n\n<p><\/p>","protected":false},"excerpt":{"rendered":"<p>Investigaci\u00f3n de mercado en Barbados Barbados es una naci\u00f3n insular caribe\u00f1a situada al noreste de Trinidad y Tobago y al este de San Vicente y las Granadinas. Este peque\u00f1o pa\u00eds est\u00e1 muy desarrollado en comparaci\u00f3n con las islas vecinas. Adem\u00e1s, tambi\u00e9n es una econom\u00eda de altos ingresos. Como uno de los estados insulares m\u00e1s ricos de Occidente... <a title=\"Investigaci\u00f3n de mercado en Barbados\" class=\"read-more\" href=\"https:\/\/www.sisinternational.com\/es\/cobertura\/investigacion-de-mercado-en-el-caribe\/investigacion-de-mercado-en-barbados\/\" aria-label=\"Leer m\u00e1s sobre Investigaci\u00f3n de Mercado en Barbados\">Leer m\u00e1s<\/a><\/p>","protected":false},"author":1,"featured_media":66391,"parent":33287,"menu_order":1,"comment_status":"closed","ping_status":"closed","template":"","meta":{"footnotes":""},"class_list":["post-39519","page","type-page","status-publish","has-post-thumbnail"],"_links":{"self":[{"href":"https:\/\/www.sisinternational.com\/es\/wp-json\/wp\/v2\/pages\/39519","targetHints":{"allow":["GET"]}}],"collection":[{"href":"https:\/\/www.sisinternational.com\/es\/wp-json\/wp\/v2\/pages"}],"about":[{"href":"https:\/\/www.sisinternational.com\/es\/wp-json\/wp\/v2\/types\/page"}],"author":[{"embeddable":true,"href":"https:\/\/www.sisinternational.com\/es\/wp-json\/wp\/v2\/users\/1"}],"replies":[{"embeddable":true,"href":"https:\/\/www.sisinternational.com\/es\/wp-json\/wp\/v2\/comments?post=39519"}],"version-history":[{"count":4,"href":"https:\/\/www.sisinternational.com\/es\/wp-json\/wp\/v2\/pages\/39519\/revisions"}],"predecessor-version":[{"id":81462,"href":"https:\/\/www.sisinternational.com\/es\/wp-json\/wp\/v2\/pages\/39519\/revisions\/81462"}],"up":[{"embeddable":true,"href":"https:\/\/www.sisinternational.com\/es\/wp-json\/wp\/v2\/pages\/33287"}],"wp:featuredmedia":[{"embeddable":true,"href":"https:\/\/www.sisinternational.com\/es\/wp-json\/wp\/v2\/media\/66391"}],"wp:attachment":[{"href":"https:\/\/www.sisinternational.com\/es\/wp-json\/wp\/v2\/media?parent=39519"}],"curies":[{"name":"wp","href":"https:\/\/api.w.org\/{rel}","templated":true}]}}