{"id":39515,"date":"2021-12-14T20:40:24","date_gmt":"2021-12-14T20:40:24","guid":{"rendered":"https:\/\/www.sisinternational.com\/?page_id=39515"},"modified":"2025-09-14T21:39:55","modified_gmt":"2025-09-15T01:39:55","slug":"investigacion-de-mercado-de-servicios-ambientales","status":"publish","type":"page","link":"https:\/\/www.sisinternational.com\/es\/pericia\/investigacion-de-mercado-de-servicios-ambientales\/","title":{"rendered":"Investigaci\u00f3n de Mercado de Servicios Ambientales"},"content":{"rendered":"<h1 class=\"wp-block-heading\">Investigaci\u00f3n de Mercado de Servicios Ambientales<\/h1>\n\n\n\n<figure class=\"gb-block-image gb-block-image-1ab0731b\"><img loading=\"lazy\" decoding=\"async\" width=\"1456\" height=\"816\" class=\"gb-image gb-image-1ab0731b\" src=\"https:\/\/www.sisinternational.com\/wp-content\/uploads\/2025\/08\/Environmental-Services-5.jpg\" alt=\"Investigaci\u00f3n y estrategia de mercado internacional de SIS\" title=\"Environmental Services (5)\" srcset=\"https:\/\/www.sisinternational.com\/wp-content\/uploads\/2025\/08\/Environmental-Services-5.jpg 1456w, https:\/\/www.sisinternational.com\/wp-content\/uploads\/2025\/08\/Environmental-Services-5-300x168.jpg 300w, https:\/\/www.sisinternational.com\/wp-content\/uploads\/2025\/08\/Environmental-Services-5-1024x574.jpg 1024w, https:\/\/www.sisinternational.com\/wp-content\/uploads\/2025\/08\/Environmental-Services-5-768x430.jpg 768w, https:\/\/www.sisinternational.com\/wp-content\/uploads\/2025\/08\/Environmental-Services-5-18x10.jpg 18w\" sizes=\"auto, (max-width: 1456px) 100vw, 1456px\"><\/figure>\n\n\n\n<p><\/p>\n\n\n\n<h2 class=\"wp-block-heading\">\u00bfQu\u00e9 son los servicios ambientales?<\/h2>\n\n\n\n<p>Environmental Services is the proper care of natural assets, such as land, water, and air. It includes the provision of food and clean water and covers things like flood and disease control. Environmental Services also involve nutrient cycling, which keeps the conditions for life on Earth perfect. In addition, it includes the supply of raw materials. It also covers the energy used to produce goods. It\u2019s also the cleanup of trash caused by human acts and their role in life support and landscape upkeep.<\/p>\n\n\n\n<h2 class=\"wp-block-heading\">\u00bfPor qu\u00e9 son importantes los servicios ambientales?<\/h2>\n\n\n\n<p>Experts have related mortality, health status, illness (including chronic diseases), and poor birth outcomes to social and cultural factors. Equally important are mental health and other major health indicators, which depend on one\u2019s environment. That\u2019s why it\u2019s important to realize that societies need to put environmental services in place. In fact, it enables them to deal with such issues.<\/p>\n\n\n\n<h2 class=\"wp-block-heading\">T\u00edtulo del puesto clave<\/h2>\n\n\n\n<h3 class=\"wp-block-heading\">Ingeniero de Calidad del Aire<\/h3>\n\n\n\n<p>Estos expertos est\u00e1n a cargo de la calidad del aire. De hecho, trabajan para mantener el mejor nivel de aire posible y ponerlo a disposici\u00f3n de las personas en todos los \u00e1mbitos.<\/p>\n\n\n\n<h3 class=\"wp-block-heading\">Cient\u00edfico de la conservaci\u00f3n<\/h3>\n\n\n\n<p>Los cient\u00edficos conservacionistas supervisan los recursos del pa\u00eds. Se esfuerzan por arreglar y mantener estos recursos.<\/p>\n\n\n\n<h3 class=\"wp-block-heading\">Abogado Ambiental<\/h3>\n\n\n\n<p>These are lawyers who focus on the legal laws and aspects of land, air, and water. They might also stand for <a href=\"https:\/\/www.sisinternational.com\/es\/soluciones\/legal-market-research\/client-retention-strategies-in-law-firms\/\" title=\"Client Retention Strategies in Law Firms\u00a0\u00a0\"  data-wpil-monitor-id=\"7986\">clientela<\/a> in cases that concern water law and climate change law. Land management is another function of these lawyers.<\/p>\n\n\n\n<h2 class=\"wp-block-heading\">\u00bfPor qu\u00e9 las empresas necesitan servicios ambientales?<\/h2>\n\n\n\n<figure class=\"gb-block-image gb-block-image-48361a79\"><img loading=\"lazy\" decoding=\"async\" width=\"1456\" height=\"816\" class=\"gb-image gb-image-48361a79\" src=\"https:\/\/www.sisinternational.com\/wp-content\/uploads\/2025\/08\/Environmental-Services-3.jpg\" alt=\"Investigaci\u00f3n y estrategia de mercado internacional de SIS\" title=\"Environmental Services (3)\" srcset=\"https:\/\/www.sisinternational.com\/wp-content\/uploads\/2025\/08\/Environmental-Services-3.jpg 1456w, https:\/\/www.sisinternational.com\/wp-content\/uploads\/2025\/08\/Environmental-Services-3-300x168.jpg 300w, https:\/\/www.sisinternational.com\/wp-content\/uploads\/2025\/08\/Environmental-Services-3-1024x574.jpg 1024w, https:\/\/www.sisinternational.com\/wp-content\/uploads\/2025\/08\/Environmental-Services-3-768x430.jpg 768w, https:\/\/www.sisinternational.com\/wp-content\/uploads\/2025\/08\/Environmental-Services-3-18x10.jpg 18w\" sizes=\"auto, (max-width: 1456px) 100vw, 1456px\"><\/figure>\n\n\n\n<p><\/p>\n\n\n\n<h3 class=\"wp-block-heading\">Atenci\u00f3n al p\u00fablico<\/h3>\n\n\n\n<p>In rare situations, a building project may harm the wider area even more than other factors such as air or water pollution. It might negatively impact the people and animals that live there. Moreover, ecological systems and local life cycles can be pretty fragile. A minor change in the environment can upset their balance straightaway. Thus, it pays to engage the <a href=\"https:\/\/www.sisinternational.com\/es\/soluciones\/investigacion-de-consultoria-estrategica-fintech\/ingenieria-de-ventas-consultoria-de-servicios-financieros\/\" title=\"Ventas Ingenier\u00eda Servicios Financieros Consultor\u00eda\"  data-wpil-monitor-id=\"7985\">services of an environmental consulting<\/a> firm. Companies should always do so before taking on a large-scale project.<\/p>\n\n\n\n<h3 class=\"wp-block-heading\">Siga las reglas federales actuales, tanto nuevas como antiguas.<\/h3>\n\n\n\n<p>Los mercados, las marcas y las empresas est\u00e1n todos sujetos a regulaciones gubernamentales largas y complejas. Si bien la raz\u00f3n detr\u00e1s de esos criterios puede ser s\u00f3lida, cumplirlos puede parecer dif\u00edcil. De ah\u00ed que sea m\u00e1s f\u00e1cil tener un experto medioambiental a tu lado.<\/p>\n\n\n\n<h3 class=\"wp-block-heading\">Beneficios para su empresa<\/h3>\n\n\n\n<p>Hiring an environmental <a href=\"https:\/\/www.sisinternational.com\/es\/servicios-de-publicidad-multicultural-para-una-reconocida-empresa-ferroviaria\/\" title=\"Servicios de publicidad multicultural para una reconocida empresa ferroviaria\"  data-wpil-monitor-id=\"7987\">service firm is in your company\u2019s<\/a> best interests. If you don\u2019t, you could end up spending loads of money having to move your operation. That\u2019s why it\u2019s essential to know if your project is suitable for its location. You also need to see if it complies with your state\u2019s laws. If it doesn\u2019t, it could result in higher fees and more costly revisions. You may even have to compensate residents affected by the work.<\/p>\n\n\n\n<h3 class=\"wp-block-heading\">Factor de \u00e9xito importante<\/h3>\n\n\n\n<p>Los \u00e1rboles forestales dan aire limpio al mundo. Tambi\u00e9n podr\u00edan servir como \u201csumideros\u201d que ayuden a compensar los duros cambios clim\u00e1ticos actuales de la Tierra. La mala calidad del aire es un efecto de procesos industriales deficientes. Estos malos procesos tambi\u00e9n han provocado la contaminaci\u00f3n del agua, que ha tenido impactos de gran alcance. Reduce los nutrientes del suelo, mata a los peces y es terrible para la salud y el cuerpo humanos.<\/p>\n\n\n\n<h2 class=\"wp-block-heading\">Acerca de la investigaci\u00f3n de mercado de servicios ambientales<\/h2>\n\n\n\n<p>El Departamento de Servicios Ambientales (DES) existe para resolver estos problemas. \u00bfQuieres ofrecer servicios como los que brinda el DES? Por ejemplo, su empresa puede retirar la basura, los residuos reciclables y las hojas secas durante todo el a\u00f1o. El DES tambi\u00e9n cuida nuestro sistema de agua, parques y cementerios. Quitan nieve y hielo, abren \u00e1reas y lotes vac\u00edos, plantan y podan \u00e1rboles y hacen mucho m\u00e1s.<\/p>\n\n\n\n<p>Can you offer programs in cities to protect and clean up the environment? Or can it preserve groundwater and boost solid waste collection? Surveys, focus groups, and interviews are critical parts of knowing what citizens want. You will also need to use quantitative, qualitative, and strategic research. These tools will let you know what features have been lagging and which parts are doing well.<\/p>\n\n\n\n<p><\/p>","protected":false},"excerpt":{"rendered":"<p>Su empresa puede proteger el medio ambiente, preservar las aguas subterr\u00e1neas e impulsar la recolecci\u00f3n de residuos bas\u00e1ndose en los comentarios de los ciudadanos y la investigaci\u00f3n de mercado.<\/p>","protected":false},"author":1,"featured_media":64613,"parent":14514,"menu_order":86,"comment_status":"closed","ping_status":"closed","template":"","meta":{"footnotes":""},"class_list":["post-39515","page","type-page","status-publish","has-post-thumbnail"],"_links":{"self":[{"href":"https:\/\/www.sisinternational.com\/es\/wp-json\/wp\/v2\/pages\/39515","targetHints":{"allow":["GET"]}}],"collection":[{"href":"https:\/\/www.sisinternational.com\/es\/wp-json\/wp\/v2\/pages"}],"about":[{"href":"https:\/\/www.sisinternational.com\/es\/wp-json\/wp\/v2\/types\/page"}],"author":[{"embeddable":true,"href":"https:\/\/www.sisinternational.com\/es\/wp-json\/wp\/v2\/users\/1"}],"replies":[{"embeddable":true,"href":"https:\/\/www.sisinternational.com\/es\/wp-json\/wp\/v2\/comments?post=39515"}],"version-history":[{"count":4,"href":"https:\/\/www.sisinternational.com\/es\/wp-json\/wp\/v2\/pages\/39515\/revisions"}],"predecessor-version":[{"id":81346,"href":"https:\/\/www.sisinternational.com\/es\/wp-json\/wp\/v2\/pages\/39515\/revisions\/81346"}],"up":[{"embeddable":true,"href":"https:\/\/www.sisinternational.com\/es\/wp-json\/wp\/v2\/pages\/14514"}],"wp:featuredmedia":[{"embeddable":true,"href":"https:\/\/www.sisinternational.com\/es\/wp-json\/wp\/v2\/media\/64613"}],"wp:attachment":[{"href":"https:\/\/www.sisinternational.com\/es\/wp-json\/wp\/v2\/media?parent=39515"}],"curies":[{"name":"wp","href":"https:\/\/api.w.org\/{rel}","templated":true}]}}