{"id":39347,"date":"2021-11-22T15:38:29","date_gmt":"2021-11-22T15:38:29","guid":{"rendered":"https:\/\/www.sisinternational.com\/?page_id=39347"},"modified":"2025-09-14T21:39:00","modified_gmt":"2025-09-15T01:39:00","slug":"q-investigacion-de-mercado-comercial","status":"publish","type":"page","link":"https:\/\/www.sisinternational.com\/es\/pericia\/q-investigacion-de-mercado-comercial\/","title":{"rendered":"Investigaci\u00f3n de mercado de Q-Commerce"},"content":{"rendered":"<h1 class=\"wp-block-heading\">Investigaci\u00f3n de mercado de Q-Commerce<\/h1>\n\n\n\n<figure class=\"gb-block-image gb-block-image-46bf74f5\"><img loading=\"lazy\" decoding=\"async\" width=\"1456\" height=\"816\" class=\"gb-image gb-image-46bf74f5\" src=\"https:\/\/www.sisinternational.com\/wp-content\/uploads\/2025\/08\/ecommerce-e-commerce-5.jpg\" alt=\"Investigaci\u00f3n y estrategia de mercado internacional de SIS\" title=\"ecommerce e-commerce (5)\" srcset=\"https:\/\/www.sisinternational.com\/wp-content\/uploads\/2025\/08\/ecommerce-e-commerce-5.jpg 1456w, https:\/\/www.sisinternational.com\/wp-content\/uploads\/2025\/08\/ecommerce-e-commerce-5-300x168.jpg 300w, https:\/\/www.sisinternational.com\/wp-content\/uploads\/2025\/08\/ecommerce-e-commerce-5-1024x574.jpg 1024w, https:\/\/www.sisinternational.com\/wp-content\/uploads\/2025\/08\/ecommerce-e-commerce-5-768x430.jpg 768w, https:\/\/www.sisinternational.com\/wp-content\/uploads\/2025\/08\/ecommerce-e-commerce-5-18x10.jpg 18w\" sizes=\"auto, (max-width: 1456px) 100vw, 1456px\"><\/figure>\n\n\n\n<p><\/p>\n\n\n\n<h2 class=\"wp-block-heading\">\u00bfQu\u00e9 es Q Comercio?<\/h2>\n\n\n\n<p>Q Commerce, donde Q significa &quot;r\u00e1pido&quot;, es un tipo de comercio electr\u00f3nico. Tambi\u00e9n se le conoce como entrega a pedido o e-grocery. La caracter\u00edstica principal de Q Commerce es la entrega de bienes (normalmente comestibles) a los clientes en menos de una hora. Algunas empresas cuentan con un tiempo de entrega de 30 minutos o menos.<\/p>\n\n\n\n<h2 class=\"wp-block-heading\">\u00bfPor qu\u00e9 es importante Q Commerce?<\/h2>\n\n\n\n<p>Q-commerce ahorra en el tiempo de entrega. El comercio electr\u00f3nico o las compras presenciales no lo permiten. Por tanto, el Q-Commerce es una ventaja para las personas ocupadas. Para las personas mayores o discapacitadas, Q-Commerce elimina la mayor parte de las molestias de comprar. Debido al COVID-19, muchas personas se preocupan por el acceso seguro a alimentos y medicamentos. Q-commerce ayuda a esta nueva forma de vida.<\/p>\n\n\n\n<p>Q-commerce permite a las empresas ser m\u00e1s flexibles. Nuevamente, debido al COVID-19, las necesidades del consumidor se han vuelto m\u00e1s dif\u00edciles de satisfacer. Por eso, muchas tiendas se han expandido para incluir Q Commerce en sus negocios.<\/p>\n\n\n\n<h2 class=\"wp-block-heading\">T\u00edtulos de trabajo clave<\/h2>\n\n\n\n<p>Q Commerce tiene trabajos disponibles en muchos campos. Aqu\u00ed hay algunos t\u00edtulos de trabajo clave:<\/p>\n\n\n\n<ul class=\"wp-block-list\">\n<li>Desarrollador web<\/li>\n\n\n\n<li>T\u00e9cnicos Inform\u00e1ticos<\/li>\n\n\n\n<li>Empleado de pedidos<\/li>\n\n\n\n<li>Representante de Servicio al Cliente<\/li>\n\n\n\n<li>Jefe de almac\u00e9n<\/li>\n\n\n\n<li>conductor de entrega<\/li>\n<\/ul>\n\n\n\n<h2 class=\"wp-block-heading\">Por qu\u00e9 las empresas necesitan la investigaci\u00f3n de mercado de Q Commerce<\/h2>\n\n\n\n<p>Q-commerce expands the client base for retailers. Technology allows clients to have access to more retailers. With effective social media advertising and websites, <a href=\"https:\/\/www.sisinternational.com\/es\/soluciones\/investigacion-de-mercado-de-consumo\/\" title=\"Consumer Market Research Services for Smarter Business Decisions\"  data-wpil-monitor-id=\"7906\">consumers can discover Q commerce businesses<\/a>. Q commerce also provides <a href=\"https:\/\/www.sisinternational.com\/es\/soluciones\/investigacion-de-consultoria-estrategica-fintech\/consultoria-de-adquisicion-de-clientes-de-servicios-financieros\/\" title=\"Consultor\u00eda de adquisici\u00f3n de clientes de servicios financieros\"  data-wpil-monitor-id=\"7908\">service<\/a> without needing the square footage for customer interaction. Customer interaction happens online. To upgrade the service, some companies will only need to set up and staff warehouses.<\/p>\n\n\n\n<p>Adem\u00e1s, la pandemia puede desaparecer, pero cambiar\u00e1 la forma en que los clientes eligen comprar. Las \u201ctiendas oscuras\u201d se han vuelto muy populares. Estas son tiendas f\u00edsicas que ahora solo procesan pedidos en l\u00ednea. Esta tendencia muestra que Q Commerce es el siguiente paso para las empresas. El Q-Commerce ha impedido que muchas empresas se paralizaran. Tambi\u00e9n ha creado otra forma de seguridad financiera.<\/p>\n\n\n\n<h2 class=\"wp-block-heading\">Factores claves del \u00e9xito<\/h2>\n\n\n\n<p>While Q-commerce may appear simple, it could fail if not done well. Here are some <a href=\"https:\/\/www.sisinternational.com\/es\/factores-clave-de-exito-en-la-investigacion-del-mercado-automotriz\/\" title=\"Factores clave de \u00e9xito en la investigaci\u00f3n de mercado automotriz\"  data-wpil-monitor-id=\"7901\">key factors for success<\/a>.<\/p>\n\n\n\n<h3 class=\"wp-block-heading\">Necesidad del servicio<\/h3>\n\n\n\n<p>Before starting a Q-commerce business, the entrepreneur should do the necessary groundwork. The research will let them know if it would be profitable. Q commerce would be an <a href=\"https:\/\/www.sisinternational.com\/es\/soluciones\/soluciones-de-investigacion-cualitativa-cuantitativa\/food-taste-testing-in-new-york\/\" title=\"Why New York City is an Excellent Test City for Food Taste Testing\"  data-wpil-monitor-id=\"7905\">excellent investment in a busy city<\/a> or area near the elderly. It may not work in small or remote towns.<\/p>\n\n\n\n<h3 class=\"wp-block-heading\">Presencia en l\u00ednea confiable<\/h3>\n\n\n\n<p>Los consumidores tendr\u00e1n preguntas o consultas sobre los servicios o sus pedidos. La empresa debe tener un representante listo para atenderlos. Existen redes sociales y programas de software que pueden ayudar con eso. Estos programas brindan ayuda a los clientes casi las 24 horas del d\u00eda.<\/p>\n\n\n\n<h3 class=\"wp-block-heading\">Un sitio web f\u00e1cil de usar<\/h3>\n\n\n\n<p>In Q commerce, the brunt of the client\/company interaction may be non-verbal. The customer might have to send messages or use surveys. You should state the <a href=\"https:\/\/www.sisinternational.com\/es\/servicios-de-publicidad-multicultural-para-una-reconocida-empresa-ferroviaria\/\" title=\"Servicios de publicidad multicultural para una reconocida empresa ferroviaria\"  data-wpil-monitor-id=\"7907\">services and the policies of the company<\/a> in a prominent place on the site. Websites with sparse or confusing information will prevent people from interacting with them.<\/p>\n\n\n\n<h3 class=\"wp-block-heading\">Protecci\u00f3n y apoyo jur\u00eddico<\/h3>\n\n\n\n<p>Tambi\u00e9n debe asegurarse de que todo lo relacionado con el sitio sea legal y correcto. La empresa puede tener desaf\u00edos por parte de clientes u otras empresas. Ser\u00eda beneficioso contar con apoyo legal.<\/p>\n\n\n\n<h2 class=\"wp-block-heading\">Acerca de la investigaci\u00f3n de mercado de Q-Commerce<\/h2>\n\n\n\n<p>There are many factors to consider before starting Q commerce. To find out more about it, the <a href=\"https:\/\/www.sisinternational.com\/es\/publicaciones\/investigacion-de-mercado-empresarial-escalable-7-formas-de-construir-un-negocio-escalable\/\" title=\"Investigaci\u00f3n de mercado empresarial escalable: 7 formas de construir un negocio escalable\"  data-wpil-monitor-id=\"7904\">business owner must do thorough research<\/a>. This research can happen in the form of <a href=\"https:\/\/www.sisinternational.com\/es\/soluciones\/investigacion-de-mercado-de-grupo-focal\/\" title=\"Investigaci\u00f3n de mercado con grupos focales\"  data-wpil-monitor-id=\"7903\">Enfocar<\/a> Groups, Surveys, and Interviews. <a href=\"https:\/\/www.sisinternational.com\/es\/how-to-design-effective-surveys-for-quantitative-research\/\" title=\"How to Design Effective Surveys for Quantitative Research\"  data-wpil-monitor-id=\"7902\">Quantitative and Qualitative research<\/a> will give entrepreneurs detailed information. They will be able to please consumers and grow their clientele. The analysis also guides the entrepreneur on which risks they should take. It will also let them know when to hold back on expansions or mergers.<\/p>\n\n\n\n<p><\/p>","protected":false},"excerpt":{"rendered":"<p>Q-commerce ampl\u00eda la base de clientes del minorista a trav\u00e9s de tecnolog\u00eda y publicidad eficaz. Q-Commerce Market Research ayuda a las empresas a crecer.<\/p>","protected":false},"author":1,"featured_media":64701,"parent":14514,"menu_order":85,"comment_status":"closed","ping_status":"closed","template":"","meta":{"footnotes":""},"class_list":["post-39347","page","type-page","status-publish","has-post-thumbnail"],"_links":{"self":[{"href":"https:\/\/www.sisinternational.com\/es\/wp-json\/wp\/v2\/pages\/39347","targetHints":{"allow":["GET"]}}],"collection":[{"href":"https:\/\/www.sisinternational.com\/es\/wp-json\/wp\/v2\/pages"}],"about":[{"href":"https:\/\/www.sisinternational.com\/es\/wp-json\/wp\/v2\/types\/page"}],"author":[{"embeddable":true,"href":"https:\/\/www.sisinternational.com\/es\/wp-json\/wp\/v2\/users\/1"}],"replies":[{"embeddable":true,"href":"https:\/\/www.sisinternational.com\/es\/wp-json\/wp\/v2\/comments?post=39347"}],"version-history":[{"count":4,"href":"https:\/\/www.sisinternational.com\/es\/wp-json\/wp\/v2\/pages\/39347\/revisions"}],"predecessor-version":[{"id":81330,"href":"https:\/\/www.sisinternational.com\/es\/wp-json\/wp\/v2\/pages\/39347\/revisions\/81330"}],"up":[{"embeddable":true,"href":"https:\/\/www.sisinternational.com\/es\/wp-json\/wp\/v2\/pages\/14514"}],"wp:featuredmedia":[{"embeddable":true,"href":"https:\/\/www.sisinternational.com\/es\/wp-json\/wp\/v2\/media\/64701"}],"wp:attachment":[{"href":"https:\/\/www.sisinternational.com\/es\/wp-json\/wp\/v2\/media?parent=39347"}],"curies":[{"name":"wp","href":"https:\/\/api.w.org\/{rel}","templated":true}]}}