{"id":39313,"date":"2021-11-11T14:15:11","date_gmt":"2021-11-11T14:15:11","guid":{"rendered":"https:\/\/www.sisinternational.com\/?page_id=39313"},"modified":"2026-03-05T23:57:12","modified_gmt":"2026-03-06T04:57:12","slug":"encuesta-de-membresia-investigacion-de-mercado","status":"publish","type":"page","link":"https:\/\/www.sisinternational.com\/es\/soluciones\/soluciones-de-investigacion-cualitativa-cuantitativa\/encuesta-de-membresia-investigacion-de-mercado\/","title":{"rendered":"Investigaci\u00f3n de mercado de encuestas de membres\u00eda"},"content":{"rendered":"<h1 class=\"wp-block-heading\">Investigaci\u00f3n de mercado de encuestas de membres\u00eda<\/h1>\n\n\n\n<figure class=\"gb-block-image gb-block-image-20bc9b35\"><img loading=\"lazy\" decoding=\"async\" width=\"1456\" height=\"816\" class=\"gb-image gb-image-20bc9b35\" src=\"https:\/\/www.sisinternational.com\/wp-content\/uploads\/2025\/08\/Survey-5.jpg\" alt=\"Investigaci\u00f3n y estrategia de mercado internacional de SIS\" title=\"Survey (5)\" srcset=\"https:\/\/www.sisinternational.com\/wp-content\/uploads\/2025\/08\/Survey-5.jpg 1456w, https:\/\/www.sisinternational.com\/wp-content\/uploads\/2025\/08\/Survey-5-300x168.jpg 300w, https:\/\/www.sisinternational.com\/wp-content\/uploads\/2025\/08\/Survey-5-1024x574.jpg 1024w, https:\/\/www.sisinternational.com\/wp-content\/uploads\/2025\/08\/Survey-5-768x430.jpg 768w, https:\/\/www.sisinternational.com\/wp-content\/uploads\/2025\/08\/Survey-5-18x10.jpg 18w\" sizes=\"auto, (max-width: 1456px) 100vw, 1456px\"><\/figure>\n\n\n\n<p><\/p>\n\n\n\n<h2 class=\"wp-block-heading\">\u00bfQu\u00e9 es la investigaci\u00f3n de mercado de la encuesta de membres\u00eda?<\/h2>\n\n\n\n<p>Cuando se trata de un club de cualquier tama\u00f1o, los directivos deben equilibrar los intereses de cada miembro. Tambi\u00e9n necesitan recopilar informaci\u00f3n sobre el estado de las cosas. Adem\u00e1s, una encuesta de membres\u00eda busca recopilar datos esenciales. Otra gran ventaja de las encuestas de membres\u00eda es que son la mejor manera de dar cuenta de las inquietudes de los miembros y de cualquier otro negocio.<\/p>\n\n\n\n<p>Al crear una encuesta de membres\u00eda, es primordial tener un objetivo claro y conciso. Adem\u00e1s, reduce la confusi\u00f3n del encuestado. Por ejemplo, un club podr\u00eda estar perdiendo dinero y preguntarse qu\u00e9 servicios no generan tantos ingresos como antes. Podr\u00edan ser muchas cosas: la cancha de tenis, el gimnasio, el spa y el campo de golf. Por lo tanto, est\u00e1 muy abierto a la interpretaci\u00f3n.<\/p>\n\n\n\n<p>Un an\u00e1lisis lo reduce al gimnasio y las operaciones de fitness. Por ejemplo, el club puede realizar una encuesta espec\u00edfica para conocer la satisfacci\u00f3n de los socios. Al menos podr\u00e1 descubrir la importancia que los socios conceden a determinados aspectos del gimnasio. Puede hacer lo mismo para evaluar sus servicios de fitness.<\/p>\n\n\n\n<p>Managers can start brainstorming ideas for questions once the goal is clear. As a matter of fact, a designated committee should do this. Of course, each committee member will have different perspectives. These perspectives will create a more thorough <a href=\"https:\/\/www.sisinternational.com\/es\/how-to-design-effective-surveys-for-quantitative-research\/\" title=\"How to Design Effective Surveys for Quantitative Research\"  data-wpil-monitor-id=\"7789\">survey that should be more effective<\/a>.<\/p>\n\n\n\n<h2 class=\"wp-block-heading\">Maximizar la tasa de respuesta<\/h2>\n\n\n\n<p>es esencial maximizar la tasa de respuesta. La tasa de respuesta es otro problema al que se enfrentan todos los directivos de clubes. Entonces, hay un par de t\u00e9cnicas que pueden usar para aumentar la tasa de respuesta y que sea m\u00e1s precisa:<\/p>\n\n\n\n<ul class=\"wp-block-list\">\n<li>Incluya una carta de presentaci\u00f3n informando a los miembros sobre los objetivos de la encuesta. Del mismo modo, esta carta debe indicar c\u00f3mo el club utilizar\u00e1 la informaci\u00f3n. Adem\u00e1s, debe contener algunas palabras sobre la importancia del aporte del miembro. Otra caracter\u00edstica debe ser la informaci\u00f3n de contacto si el miembro tiene preguntas.<\/li>\n\n\n\n<li>Incluir una devoluci\u00f3n por fecha. Poner una fecha de devoluci\u00f3n aumenta la probabilidad de que los miembros respondan r\u00e1pidamente; las posibilidades de obtener una respuesta oportuna aumentan si tienen una fecha l\u00edmite.<\/li>\n<\/ul>\n\n\n\n<h2 class=\"wp-block-heading\">\u00bfPor qu\u00e9 es importante la investigaci\u00f3n de mercado de encuestas de membres\u00eda?<\/h2>\n\n\n\n<p>Comprender las actitudes de los socios y sobre el club es m\u00e1s que importante: desde obtener algunos datos primarios sobre el estado de cada socio hasta poder hacer planes m\u00e1s complejos. Esos datos importantes pueden significar la diferencia entre ganancias y quiebra.<\/p>\n\n\n\n<h2 class=\"wp-block-heading\">T\u00edtulos de trabajo clave<\/h2>\n\n\n\n<p>Hay una variedad de trabajos que son parte integral de una encuesta de membres\u00eda pr\u00f3spera.<\/p>\n\n\n\n<ul class=\"wp-block-list\">\n<li>Gerente del club<\/li>\n\n\n\n<li>Analista de datos<\/li>\n\n\n\n<li>Analista de Investigaci\u00f3n de Mercado<\/li>\n<\/ul>\n\n\n\n<h2 class=\"wp-block-heading\">Por qu\u00e9 las empresas necesitan una investigaci\u00f3n de mercado de encuestas sobre membres\u00eda<\/h2>\n\n\n\n<figure class=\"gb-block-image gb-block-image-b64e6450\"><img loading=\"lazy\" decoding=\"async\" width=\"1456\" height=\"816\" class=\"gb-image gb-image-b64e6450\" src=\"https:\/\/www.sisinternational.com\/wp-content\/uploads\/2025\/08\/Survey-7.jpg\" alt=\"Investigaci\u00f3n y estrategia de mercado internacional de SIS\" title=\"Survey (7)\" srcset=\"https:\/\/www.sisinternational.com\/wp-content\/uploads\/2025\/08\/Survey-7.jpg 1456w, https:\/\/www.sisinternational.com\/wp-content\/uploads\/2025\/08\/Survey-7-300x168.jpg 300w, https:\/\/www.sisinternational.com\/wp-content\/uploads\/2025\/08\/Survey-7-1024x574.jpg 1024w, https:\/\/www.sisinternational.com\/wp-content\/uploads\/2025\/08\/Survey-7-768x430.jpg 768w, https:\/\/www.sisinternational.com\/wp-content\/uploads\/2025\/08\/Survey-7-18x10.jpg 18w\" sizes=\"auto, (max-width: 1456px) 100vw, 1456px\"><\/figure>\n\n\n\n<p><\/p>\n\n\n\n<p>Como organizaci\u00f3n con fines de lucro, los clubes deben conocer bien a sus patrocinadores. Por ejemplo, deben poder tomar decisiones para maximizar la satisfacci\u00f3n de los miembros. Adem\u00e1s, los clubes que est\u00e9n atentos a las necesidades de sus socios ver\u00e1n c\u00f3mo se les devuelve la lealtad. Adem\u00e1s, una clientela fiel atraer\u00e1 m\u00e1s miembros. Tambi\u00e9n los animar\u00e1n a utilizar las comodidades, aumentando a\u00fan m\u00e1s los m\u00e1rgenes de beneficio.<\/p>\n\n\n\n<h2 class=\"wp-block-heading\">Factores claves del \u00e9xito<\/h2>\n\n\n\n<p>Esta etapa tiene tres errores comunes. Las preguntas pueden ser ambiguas, sesgadas o complejas. Un ejemplo de pregunta ambigua es: &quot;\u00bfCu\u00e1nta carne roja comes normalmente?&quot; Por un lado, no te dice si quieren saberlo. \u00bfA diario? \u00bfSemanalmente? \u00bfQuincenal? Respuestas como \u201cmucho\u201d o \u201cpoco\u201d son muy subjetivas.<\/p>\n\n\n\n<p>Un ejemplo de pregunta sesgada es: \u201cNecesitamos tomar algunas decisiones sobre nuestra \u00e1rea de desayuno. Est\u00e1 en mal estado, es demasiado peque\u00f1o y requiere muchas mejoras. Entonces, \u00bfqu\u00e9 curso de acci\u00f3n prefieres? 1. Remodelar el \u00e1rea de desayuno actual 2. Construir una nueva \u00e1rea de desayuno y convertir la anterior en algo m\u00e1s 3. Dejar el \u00e1rea de desayuno como est\u00e1 actualmente. Es evidente que el autor de la encuesta ya quiere renovar y no tiene mucho inter\u00e9s en cambiar eso. Por lo tanto, esto hace que al demandado le parezca que el club ya ha decidido un curso de acci\u00f3n. Es m\u00e1s, el encuestado puede incluso sentir que su opini\u00f3n no importa.<\/p>\n\n\n\n<p>Finalmente, un ejemplo de complejidad ser\u00eda: \u201cEl a\u00f1o pasado, la operaci\u00f3n de gimnasio y fitness perdi\u00f3 $80,000. \u00bfConsideras que esto es aceptable? Es posible que el miembro que realiza la encuesta no tenga el contexto completo de la situaci\u00f3n. Algunos miembros pueden considerarlo demasiado o demasiado poco. El miembro no lo sabe. No es asunto suyo, por lo que es mejor no confundirlos con ello.<\/p>\n\n\n\n<p>It doesn\u2019t matter how well you word the questions to avoid ambiguity, bias, and complexity. Regardless of the clarity of the survey, it\u2019s still not foolproof. Thus, it\u2019s best to use a practice <a href=\"https:\/\/www.sisinternational.com\/es\/soluciones\/empresa-de-investigacion-de-mercado-de-muestreo-de-encuestas-en-linea\/\" title=\"Empresa de estudios de mercado de muestreo de encuestas en l\u00ednea\"  data-wpil-monitor-id=\"7785\">survey with a small sample<\/a>.<\/p>\n\n\n\n<h2 class=\"wp-block-heading\">Acerca de la investigaci\u00f3n de mercado de la encuesta de membres\u00eda<\/h2>\n\n\n\n<p>How can one get the most practical and accurate info? It is best to use many data-gathering techniques. Making use of <a href=\"https:\/\/www.sisinternational.com\/es\/soluciones\/soluciones-de-investigacion-cualitativa-cuantitativa\/reclutamiento-de-investigacion-cualitativa\/\" title=\"Reclutamiento de investigaci\u00f3n cualitativa\"  data-wpil-monitor-id=\"7780\">Qualitative coupled with Quantitative Research<\/a> is an excellent tool for this. Those tools can help determine what works and what doesn\u2019t. Finding the best course of action is of vital importance for any business.<\/p>\n\n\n\n<p><\/p>","protected":false},"excerpt":{"rendered":"<p>Investigaci\u00f3n de mercado de encuestas de membres\u00eda \u00bfQu\u00e9 es la investigaci\u00f3n de mercado de encuestas de membres\u00eda? Cuando se trata de un club de cualquier tama\u00f1o, los directivos deben equilibrar los intereses de cada miembro. Tambi\u00e9n necesitan recopilar informaci\u00f3n sobre el estado de las cosas. Adem\u00e1s, una encuesta de membres\u00eda busca recopilar datos esenciales. Otra gran ventaja de las encuestas de membres\u00eda es que son... <a title=\"Investigaci\u00f3n de mercado de encuestas de membres\u00eda\" class=\"read-more\" href=\"https:\/\/www.sisinternational.com\/es\/soluciones\/soluciones-de-investigacion-cualitativa-cuantitativa\/encuesta-de-membresia-investigacion-de-mercado\/\" aria-label=\"Leer m\u00e1s sobre Encuesta de membres\u00eda Investigaci\u00f3n de mercado\">Leer m\u00e1s<\/a><\/p>","protected":false},"author":1,"featured_media":62706,"parent":14660,"menu_order":23,"comment_status":"closed","ping_status":"closed","template":"","meta":{"footnotes":""},"class_list":["post-39313","page","type-page","status-publish","has-post-thumbnail"],"_links":{"self":[{"href":"https:\/\/www.sisinternational.com\/es\/wp-json\/wp\/v2\/pages\/39313","targetHints":{"allow":["GET"]}}],"collection":[{"href":"https:\/\/www.sisinternational.com\/es\/wp-json\/wp\/v2\/pages"}],"about":[{"href":"https:\/\/www.sisinternational.com\/es\/wp-json\/wp\/v2\/types\/page"}],"author":[{"embeddable":true,"href":"https:\/\/www.sisinternational.com\/es\/wp-json\/wp\/v2\/users\/1"}],"replies":[{"embeddable":true,"href":"https:\/\/www.sisinternational.com\/es\/wp-json\/wp\/v2\/comments?post=39313"}],"version-history":[{"count":3,"href":"https:\/\/www.sisinternational.com\/es\/wp-json\/wp\/v2\/pages\/39313\/revisions"}],"predecessor-version":[{"id":81314,"href":"https:\/\/www.sisinternational.com\/es\/wp-json\/wp\/v2\/pages\/39313\/revisions\/81314"}],"up":[{"embeddable":true,"href":"https:\/\/www.sisinternational.com\/es\/wp-json\/wp\/v2\/pages\/14660"}],"wp:featuredmedia":[{"embeddable":true,"href":"https:\/\/www.sisinternational.com\/es\/wp-json\/wp\/v2\/media\/62706"}],"wp:attachment":[{"href":"https:\/\/www.sisinternational.com\/es\/wp-json\/wp\/v2\/media?parent=39313"}],"curies":[{"name":"wp","href":"https:\/\/api.w.org\/{rel}","templated":true}]}}