{"id":39257,"date":"2021-11-03T17:54:06","date_gmt":"2021-11-03T17:54:06","guid":{"rendered":"https:\/\/www.sisinternational.com\/?page_id=39257"},"modified":"2025-09-14T22:17:15","modified_gmt":"2025-09-15T02:17:15","slug":"investigacion-de-mercado-en-haiti","status":"publish","type":"page","link":"https:\/\/www.sisinternational.com\/es\/cobertura\/investigacion-de-mercado-en-el-caribe\/investigacion-de-mercado-en-haiti\/","title":{"rendered":"Investigaci\u00f3n de mercado en Hait\u00ed"},"content":{"rendered":"<h1 class=\"wp-block-heading\">Investigaci\u00f3n de mercado en Hait\u00ed<\/h1>\n\n\n\n<p><\/p>\n\n\n\n<figure class=\"gb-block-image gb-block-image-24b59cfb\"><img loading=\"lazy\" decoding=\"async\" width=\"1456\" height=\"816\" class=\"gb-image gb-image-24b59cfb\" src=\"https:\/\/www.sisinternational.com\/wp-content\/uploads\/2025\/09\/Haiti-3.jpg\" alt=\"Investigaci\u00f3n y estrategia de mercado internacional de SIS\" title=\"Haiti (3)\" srcset=\"https:\/\/www.sisinternational.com\/wp-content\/uploads\/2025\/09\/Haiti-3.jpg 1456w, https:\/\/www.sisinternational.com\/wp-content\/uploads\/2025\/09\/Haiti-3-300x168.jpg 300w, https:\/\/www.sisinternational.com\/wp-content\/uploads\/2025\/09\/Haiti-3-1024x574.jpg 1024w, https:\/\/www.sisinternational.com\/wp-content\/uploads\/2025\/09\/Haiti-3-768x430.jpg 768w, https:\/\/www.sisinternational.com\/wp-content\/uploads\/2025\/09\/Haiti-3-18x10.jpg 18w\" sizes=\"auto, (max-width: 1456px) 100vw, 1456px\"><\/figure>\n\n\n\n<p><\/p>\n\n\n\n<p>Hait\u00ed es una naci\u00f3n del Caribe ubicada en una gran isla llamada Hispaniola. Ocupa el tercio occidental de la isla, situ\u00e1ndose la Rep\u00fablica Dominicana en el lado oriental. Es el tercer pa\u00eds m\u00e1s grande del Caribe por superficie y tiene un total de 11,5 millones de habitantes. De esta manera, ha superado a Cuba como el pa\u00eds m\u00e1s poblado del Caribe. Puerto Pr\u00edncipe es la capital. El criollo haitiano es como el franc\u00e9s y es el dialecto m\u00e1s popular del pa\u00eds.<\/p>\n\n\n\n<h2 class=\"wp-block-heading\">Industrias clave<\/h2>\n\n\n\n<p>Hait\u00ed tiene una econom\u00eda de libre mercado con costos laborales baratos. Muchos haitianos dependen de la agricultura para ganarse la vida. El pa\u00eds tambi\u00e9n cuenta con un sector de exportaci\u00f3n agr\u00edcola. La agricultura, la silvicultura y la pesca representan alrededor de una cuarta parte del PIB anual de Hait\u00ed. Estas industrias emplean a m\u00e1s de dos tercios de la fuerza laboral. Hait\u00ed tambi\u00e9n tiene un sector minero robusto. Los mineros excavan en busca de minerales como bauxita, cobre, carbonato de calcio y oro.<\/p>\n\n\n\n<h2 class=\"wp-block-heading\">Barrios<\/h2>\n\n\n\n<p>En Hait\u00ed, la delincuencia es com\u00fan en todas sus formas. Sin embargo, P\u00e9tion-Ville parece ser la opci\u00f3n m\u00e1s segura. P\u00e9tion-Ville es parte de la ciudad de Puerto Pr\u00edncipe, ubicada en las colinas orientales del Macizo de la Selle. El distrito sirve como hogar y lugar tur\u00edstico. En los \u00faltimos veinte a\u00f1os se han instalado all\u00ed casi 100.000 nuevas personas. La poblaci\u00f3n asciende ahora a 377.000 habitantes. Adem\u00e1s, en P\u00e9tion-Ville, muchos enviados, propietarios de empresas extranjeras y gente rica hacen negocios y viven.<\/p>\n\n\n\n<h2 class=\"wp-block-heading\">Tendencias<\/h2>\n\n\n\n<p>El terremoto de 2010 arruin\u00f3 muchas viviendas y edificios de oficinas. Como resultado, los precios de las viviendas y los bienes ra\u00edces se han disparado. En esta \u201ceconom\u00eda de desastre\u201d, existe una tendencia a generar inmensas riquezas cobrando alquileres elevados. Algunos haitianos tienen la suerte de poseer propiedades que todav\u00eda est\u00e1n en buenas condiciones. Ellos, por supuesto, tienen una ventaja.<\/p>\n\n\n\n<h2 class=\"wp-block-heading\">Beneficios y fortalezas en el mercado<\/h2>\n\n\n\n<p>Uno de los activos m\u00e1s valiosos de Hait\u00ed es su mano de obra, a menudo biling\u00fce. La poblaci\u00f3n del pa\u00eds tambi\u00e9n es relativamente joven y tiene una gran necesidad de trabajo. Adem\u00e1s, el suministro el\u00e9ctrico regional y local es uno de los negocios emergentes en Hait\u00ed.<\/p>\n\n\n\n<p>This country has several hoops to get over. Still, there are chances for small-to-medium-sized US <a href=\"https:\/\/www.sisinternational.com\/es\/pericia\/industrias\/investigacion-de-mercado-de-la-empresa-de-diseno\/\" title=\"Investigaci\u00f3n de mercado de empresas de dise\u00f1o\"  data-wpil-monitor-id=\"7836\">firms in the Haitian market<\/a>. The cosmetics, grains, poultry, devices, and transportation <a href=\"https:\/\/www.sisinternational.com\/es\/venezuela-oil-mining-industry-potential-strategic-forecast-2026-2036\/\" title=\"Venezuela Oil &amp; Mining Industry Potential: Strategic Forecast 2026-2036\"  data-wpil-monitor-id=\"7838\">industries have the export potential<\/a> for US companies.<\/p>\n\n\n\n<h2 class=\"wp-block-heading\">Base de consumidores<\/h2>\n\n\n\n<p>A recent study on Haitian buyer preference was in part related to online shopping. The researchers <a href=\"https:\/\/www.sisinternational.com\/es\/soluciones\/empresa-de-investigacion-de-mercado-de-muestreo-de-encuestas-en-linea\/\" title=\"Empresa de estudios de mercado de muestreo de encuestas en l\u00ednea\"  data-wpil-monitor-id=\"7840\">surveyed<\/a> to find out whether Haitians buy online. The <a href=\"https:\/\/www.sisinternational.com\/es\/sampling-techniques-in-qualitative-research-the-complete-guide-to-choosing-the-right-method\/\" title=\"Sampling Techniques in Qualitative Research: The Complete Guide to Choosing the Right Method\"  data-wpil-monitor-id=\"7846\">sample<\/a> consisted of people reached via the \u201csnowball\u201d method. The study showed that Haitians still hold a dim view of online shopping. They still seem to prefer traditional shopping. The study shows that various social metrics have an impact on online buying in Haiti. These metrics include gender, income, and education.<\/p>\n\n\n\n<h2 class=\"wp-block-heading\">Razones para hacer negocios en Hait\u00ed<\/h2>\n\n\n\n<ul class=\"wp-block-list\">\n<li>Haiti has preferential access to the <a href=\"https:\/\/www.sisinternational.com\/es\/pericia\/industrias\/investigacion-de-mercados-de-paises-de-mercados-fronterizos\/\" title=\"Mercado fronterizo Investigaci\u00f3n de mercado nacional\"  data-wpil-monitor-id=\"7835\">markets of 17 developed countries<\/a>.<\/li>\n\n\n\n<li>A trav\u00e9s de las leyes HOPE II y HELP, el sector textil tiene acceso libre de impuestos al mercado estadounidense.<\/li>\n\n\n\n<li>Adem\u00e1s, se encuentran disponibles una amplia cobertura y conectividad celular.<\/li>\n\n\n\n<li>El pa\u00eds tiene una gran fuerza laboral de personas dispuestas a trabajar. M\u00e1s del 50 por ciento de la fuerza laboral tiene menos de 30 a\u00f1os y Hait\u00ed tiene una gran cantidad de personas que hablan ingl\u00e9s, franc\u00e9s y espa\u00f1ol.<\/li>\n\n\n\n<li>Hay vuelos diarios desde Estados Unidos a Puerto Pr\u00edncipe y Cabo Haitiano. Tambi\u00e9n puedes conseguir vuelos nacionales.<\/li>\n<\/ul>\n\n\n\n<h2 class=\"wp-block-heading\">Investigaci\u00f3n de mercado en Hait\u00ed<\/h2>\n\n\n\n<p>Doing quantitative, qualitative, and strategic research is critical. Other <a href=\"https:\/\/www.sisinternational.com\/es\/soluciones\/soluciones-de-investigacion-cualitativa-cuantitativa\/pruebas-de-ubicacion-central-vs-grupos-focales\/\" title=\"Pruebas de ubicaci\u00f3n central vs. grupos focales\"  data-wpil-monitor-id=\"7834\">central needs are focus groups<\/a>, interviews, and surveys. These tools can expose the customer\u2019s true feelings. and thoughts. Also, in Haiti, the step of <a href=\"https:\/\/www.sisinternational.com\/es\/soluciones\/consultoria-estrategica\/investigacion-de-oportunidades-de-entrada-al-mercado\/la-eficacia-de-las-pruebas-de-productos-en-nueva-york-para-ingresar-al-mercado-estadounidense\/\" title=\"La eficacia de las pruebas de productos en Nueva York para entrar en el mercado estadounidense\"  data-wpil-monitor-id=\"7844\">entering the market<\/a> is like that of many other countries. To begin, you must first go to the country. During a visit, your <a href=\"https:\/\/www.sisinternational.com\/es\/pericia\/curriculums-de-experiencia\/curriculum-de-experiencia-en-la-industria-automotriz\/\" title=\"Empresa de investigaci\u00f3n de mercado de la industria automotriz\"  data-wpil-monitor-id=\"7842\">company can create valuable industry<\/a> ties. These relations may be helpful to aid you in succeeding in the market.<\/p>\n\n\n\n<p><\/p>","protected":false},"excerpt":{"rendered":"<p>Investigaci\u00f3n de mercado en Hait\u00ed Hait\u00ed es una naci\u00f3n del Caribe ubicada en una gran isla llamada Hispaniola. Ocupa el tercio occidental de la isla, situ\u00e1ndose la Rep\u00fablica Dominicana en el lado oriental. Es el tercer pa\u00eds m\u00e1s grande del Caribe por superficie y tiene un total de 11,5 millones de habitantes. As\u00ed,\u2026 <a title=\"Investigaci\u00f3n de mercado en Hait\u00ed\" class=\"read-more\" href=\"https:\/\/www.sisinternational.com\/es\/cobertura\/investigacion-de-mercado-en-el-caribe\/investigacion-de-mercado-en-haiti\/\" aria-label=\"Leer m\u00e1s sobre Investigaci\u00f3n de Mercado en Hait\u00ed\">Leer m\u00e1s<\/a><\/p>","protected":false},"author":1,"featured_media":66128,"parent":33287,"menu_order":0,"comment_status":"closed","ping_status":"closed","template":"","meta":{"footnotes":""},"class_list":["post-39257","page","type-page","status-publish","has-post-thumbnail"],"_links":{"self":[{"href":"https:\/\/www.sisinternational.com\/es\/wp-json\/wp\/v2\/pages\/39257","targetHints":{"allow":["GET"]}}],"collection":[{"href":"https:\/\/www.sisinternational.com\/es\/wp-json\/wp\/v2\/pages"}],"about":[{"href":"https:\/\/www.sisinternational.com\/es\/wp-json\/wp\/v2\/types\/page"}],"author":[{"embeddable":true,"href":"https:\/\/www.sisinternational.com\/es\/wp-json\/wp\/v2\/users\/1"}],"replies":[{"embeddable":true,"href":"https:\/\/www.sisinternational.com\/es\/wp-json\/wp\/v2\/comments?post=39257"}],"version-history":[{"count":5,"href":"https:\/\/www.sisinternational.com\/es\/wp-json\/wp\/v2\/pages\/39257\/revisions"}],"predecessor-version":[{"id":81323,"href":"https:\/\/www.sisinternational.com\/es\/wp-json\/wp\/v2\/pages\/39257\/revisions\/81323"}],"up":[{"embeddable":true,"href":"https:\/\/www.sisinternational.com\/es\/wp-json\/wp\/v2\/pages\/33287"}],"wp:featuredmedia":[{"embeddable":true,"href":"https:\/\/www.sisinternational.com\/es\/wp-json\/wp\/v2\/media\/66128"}],"wp:attachment":[{"href":"https:\/\/www.sisinternational.com\/es\/wp-json\/wp\/v2\/media?parent=39257"}],"curies":[{"name":"wp","href":"https:\/\/api.w.org\/{rel}","templated":true}]}}