{"id":39253,"date":"2021-11-03T17:42:58","date_gmt":"2021-11-03T17:42:58","guid":{"rendered":"https:\/\/www.sisinternational.com\/?page_id=39253"},"modified":"2026-01-25T19:05:39","modified_gmt":"2026-01-26T00:05:39","slug":"investigacion-de-mercado-en-andorra","status":"publish","type":"page","link":"https:\/\/www.sisinternational.com\/es\/cobertura\/europa\/investigacion-de-mercado-en-andorra\/","title":{"rendered":"Investigaci\u00f3n de Mercado en Andorra"},"content":{"rendered":"<h1 class=\"gb-headline gb-headline-cbb47c8f gb-headline-text\">Investigaci\u00f3n de Mercado en Andorra<\/h1>\n\n\n\n<figure class=\"gb-block-image gb-block-image-282166ab\"><img loading=\"lazy\" decoding=\"async\" width=\"1456\" height=\"816\" class=\"gb-image gb-image-282166ab\" src=\"https:\/\/www.sisinternational.com\/wp-content\/uploads\/2025\/09\/Andorra-1.jpg\" alt=\"Investigaci\u00f3n y estrategia de mercado internacional de SIS\" title=\"Andorra (1)\" srcset=\"https:\/\/www.sisinternational.com\/wp-content\/uploads\/2025\/09\/Andorra-1.jpg 1456w, https:\/\/www.sisinternational.com\/wp-content\/uploads\/2025\/09\/Andorra-1-300x168.jpg 300w, https:\/\/www.sisinternational.com\/wp-content\/uploads\/2025\/09\/Andorra-1-1024x574.jpg 1024w, https:\/\/www.sisinternational.com\/wp-content\/uploads\/2025\/09\/Andorra-1-768x430.jpg 768w, https:\/\/www.sisinternational.com\/wp-content\/uploads\/2025\/09\/Andorra-1-18x10.jpg 18w\" sizes=\"auto, (max-width: 1456px) 100vw, 1456px\"><\/figure>\n\n\n\n<p><\/p>\n\n\n\n<p>Andorra es un pa\u00eds peque\u00f1o y dif\u00edcil de encontrar en el mapa. Se encuentra entre las fronteras de Espa\u00f1a y Francia en los Pirineos. La naci\u00f3n es un co-principado entre las dos naciones. Ambos comparten un cierto nivel de autoridad sobre el pa\u00eds. Durante muchos a\u00f1os, Andorra ha sido el centro de muchas disputas sobre qui\u00e9n tendr\u00eda el control de las peque\u00f1as tierras. Por tanto, Andorra nunca ha tenido una independencia completa. A\u00fan as\u00ed, es de gran valor para los estados de ambos lados.<\/p>\n\n\n\n<p>Andorra es uno de los pa\u00edses m\u00e1s peque\u00f1os de Europa, con menos de 90.000 habitantes, y el decimosexto pa\u00eds m\u00e1s peque\u00f1o del mundo. El idioma principal del pa\u00eds es el catal\u00e1n, pero los andorranos hablan muchos idiomas, entre ellos el franc\u00e9s, el espa\u00f1ol y el portugu\u00e9s.<\/p>\n\n\n\n<h2 class=\"wp-block-heading\"><strong>\u00bfQu\u00e9 es la investigaci\u00f3n de mercados en Andorra?<\/strong><\/h2>\n\n\n\n<p><span style=\"font-weight: 400;\">La investigaci\u00f3n de mercado en Andorra ayuda a las empresas con inteligencia procesable que respalda la toma de decisiones informadas. Incluye identificar segmentos de mercado objetivo, comprender las necesidades y preferencias de los consumidores y evaluar la eficacia de las estrategias de marketing.&nbsp;<\/span><\/p>\n\n\n\n<h2 class=\"wp-block-heading\"><strong>\u00bfPor qu\u00e9 las empresas necesitan estudios de mercado en Andorra?<\/strong><\/h2>\n\n\n\n<p><\/p>\n\n\n\n<p><span style=\"font-weight: 400;\">La investigaci\u00f3n de mercado en Andorra es crucial para navegar las complejidades del entorno empresarial local y tomar decisiones informadas. Esto incluye obtener informaci\u00f3n sobre las preferencias de los consumidores, los comportamientos de compra y las necesidades insatisfechas. Al comprender qu\u00e9 impulsa las decisiones de los consumidores, las empresas pueden adaptar eficazmente sus productos y servicios para satisfacer las demandas locales.<\/span><\/p>\n\n\n\n<p><span style=\"font-weight: 400;\">Adem\u00e1s, la investigaci\u00f3n de mercado en Andorra proporciona informaci\u00f3n cr\u00edtica sobre el panorama competitivo. Las empresas pueden analizar las fortalezas y debilidades de sus competidores, identificar brechas en el mercado y desarrollar estrategias para diferenciarse.&nbsp;<\/span><\/p>\n\n\n\n<p><span style=\"font-weight: 400;\">Otro aspecto crucial es evaluar el potencial del mercado y pronosticar tendencias futuras. Con datos de mercado precisos, las empresas pueden tomar decisiones estrat\u00e9gicas con respecto al desarrollo de productos, inversiones en marketing y planes de expansi\u00f3n.&nbsp;<\/span><\/p>\n\n\n\n<h2 class=\"wp-block-heading\"><strong>\u00bfQui\u00e9n utiliza la investigaci\u00f3n de mercados en Andorra?<\/strong><\/h2>\n\n\n\n<p><b>Corporaciones multinacionales<\/b><span style=\"font-weight: 400;\"> son usuarios importantes, aprovechando la investigaci\u00f3n de mercado para adaptar sus estrategias globales al contexto local. <\/span><b>Negocio local<\/b><span style=\"font-weight: 400;\"> Tambi\u00e9n dependen en gran medida de la investigaci\u00f3n de mercado para seguir siendo competitivos. Comprender las tendencias del mercado y las preferencias de los consumidores es crucial para que estas empresas mantengan su relevancia e impulsen el crecimiento.&nbsp;<\/span><\/p>\n\n\n\n<p><b>Agencias gubernamentales<\/b><span style=\"font-weight: 400;\"> y <\/span><b>organizaciones no gubernamentales (ONG)<\/b><span style=\"font-weight: 400;\"> Tambi\u00e9n utilizar la investigaci\u00f3n de mercado para informar la formulaci\u00f3n de pol\u00edticas y el desarrollo de programas. Al obtener informaci\u00f3n sobre las condiciones econ\u00f3micas, la opini\u00f3n p\u00fablica y las cuestiones sociales, estas entidades pueden dise\u00f1ar intervenciones m\u00e1s efectivas y apoyar iniciativas que promuevan el desarrollo econ\u00f3mico y el bienestar social en Andorra.<\/span><\/p>\n\n\n\n<h2 class=\"wp-block-heading\"><strong>Resultados esperados de la investigaci\u00f3n de mercado de SIS en Andorra<\/strong><\/h2>\n\n\n\n<p><b>Mayor conocimiento del mercado<\/b><span style=\"font-weight: 400;\">:&nbsp;<\/span><\/p>\n\n\n\n<p><span style=\"font-weight: 400;\">La investigaci\u00f3n de mercado de SIS International proporciona a las empresas un conocimiento profundo del panorama del mercado de Andorra. Este conocimiento permite a las empresas tomar decisiones informadas, alinear sus estrategias con las condiciones del mercado e identificar oportunidades de crecimiento.<\/span><\/p>\n\n\n\n<p><b>Planificaci\u00f3n estrat\u00e9gica mejorada<\/b><span style=\"font-weight: 400;\">:&nbsp;<\/span><\/p>\n\n\n\n<p><span style=\"font-weight: 400;\">Ayudamos a las empresas a desarrollar planes estrat\u00e9gicos s\u00f3lidos, cruciales para lograr el \u00e9xito a largo plazo y un crecimiento sostenible en Andorra.<\/span><\/p>\n\n\n\n<p><b>Gesti\u00f3n de riesgos mejorada<\/b><span style=\"font-weight: 400;\">:&nbsp;<\/span><\/p>\n\n\n\n<p><span style=\"font-weight: 400;\">Comprender los riesgos y desaf\u00edos potenciales es esencial para mitigarlos de manera efectiva. SIS identifica estos factores, lo que permite a las empresas desarrollar con confianza planes de contingencia y sortear incertidumbres.<\/span><\/p>\n\n\n\n<p><b>Campa\u00f1as de marketing optimizadas<\/b><span style=\"font-weight: 400;\">:&nbsp;<\/span><\/p>\n\n\n\n<p><span style=\"font-weight: 400;\">Las empresas pueden crear campa\u00f1as de marketing espec\u00edficas con informaci\u00f3n detallada sobre los consumidores que resuenen en su audiencia. Esto conduce a un mayor compromiso, una mayor lealtad a la marca y un aumento de las ventas.<\/span><\/p>\n\n\n\n<p><b>Mayor retorno de la inversi\u00f3n<\/b><span style=\"font-weight: 400;\">:&nbsp;<\/span><\/p>\n\n\n\n<p><a href=\"https:\/\/twitter.com\/SISIntlResearch\" target=\"_blank\" rel=\"noopener\"><span style=\"font-weight: 400;\">SIS<\/span><\/a><span style=\"font-weight: 400;\">La investigaci\u00f3n de mercado de ayuda a las empresas a maximizar el retorno de su inversi\u00f3n. Al asignar recursos de manera m\u00e1s eficiente, las empresas pueden lograr mejores resultados.<\/span><\/p>\n\n\n\n<h2 class=\"wp-block-heading\">Barrios<\/h2>\n\n\n\n<figure class=\"gb-block-image gb-block-image-cab35ac3\"><img loading=\"lazy\" decoding=\"async\" width=\"1456\" height=\"816\" class=\"gb-image gb-image-cab35ac3\" src=\"https:\/\/www.sisinternational.com\/wp-content\/uploads\/2025\/09\/Andorra-3.jpg\" alt=\"Investigaci\u00f3n y estrategia de mercado internacional de SIS\" title=\"Andorra (3)\" srcset=\"https:\/\/www.sisinternational.com\/wp-content\/uploads\/2025\/09\/Andorra-3.jpg 1456w, https:\/\/www.sisinternational.com\/wp-content\/uploads\/2025\/09\/Andorra-3-300x168.jpg 300w, https:\/\/www.sisinternational.com\/wp-content\/uploads\/2025\/09\/Andorra-3-1024x574.jpg 1024w, https:\/\/www.sisinternational.com\/wp-content\/uploads\/2025\/09\/Andorra-3-768x430.jpg 768w, https:\/\/www.sisinternational.com\/wp-content\/uploads\/2025\/09\/Andorra-3-18x10.jpg 18w\" sizes=\"auto, (max-width: 1456px) 100vw, 1456px\"><\/figure>\n\n\n\n<p><\/p>\n\n\n\n<p>La Vella es la capital del pa\u00eds y la ciudad m\u00e1s poblada. Gran parte de la ciudad est\u00e1 a lo largo de la l\u00ednea espa\u00f1ola, que luego se bifurca hacia la catalana, francesa y portuguesa. La ciudad est\u00e1 muy por encima del nivel del mar, lo que la hace susceptible de nevadas. La Vella es tambi\u00e9n un para\u00edso fiscal y ha atra\u00eddo a muchas empresas en todo el mundo.<\/p>\n\n\n\n<p>Encamp es otra ciudad situada en la Parroquia de Encamp. Esta ciudad urbana tiene una gran poblaci\u00f3n. Se encuentra muy por encima del nivel del mar y est\u00e1 rodeado de monta\u00f1as. La ciudad tiene una central hidroel\u00e9ctrica. Tambi\u00e9n dispone de una emisora de radio, utilizada para emitir para Radio Andorra, una emisora popular durante la Segunda Guerra Mundial.<\/p>\n\n\n\n<h2 class=\"wp-block-heading\"><strong>Industrias clave en Andorra<\/strong><\/h2>\n\n\n\n<p><span style=\"font-weight: 400;\">Andorra alberga una variedad de industrias clave que impulsan su econom\u00eda y ofrecen importantes oportunidades para la investigaci\u00f3n de mercado. <\/span><b>Turismo<\/b><span style=\"font-weight: 400;\"> es una piedra angular de la econom\u00eda de Andorra, con empresas como Grandvalira y Vallnord a la cabeza. Comprender las preferencias de los turistas y la din\u00e1mica del mercado en este sector es crucial para las empresas que buscan ingresar o expandirse en Andorra.<\/span><\/p>\n\n\n\n<p><span style=\"font-weight: 400;\">El <\/span><b>sector minorista<\/b><span style=\"font-weight: 400;\"> tambi\u00e9n es importante, especialmente en las compras libres de impuestos. Empresas como Pyrenees Andorra o Illa Carlemany son actores clave en este sector.&nbsp;<\/span><\/p>\n\n\n\n<p><span style=\"font-weight: 400;\">El <\/span><b>sector de servicios financieros<\/b><span style=\"font-weight: 400;\"> es s\u00f3lido, con bancos como Andbank y MoraBanc desempe\u00f1ando papeles fundamentales. La investigaci\u00f3n de mercado ayuda a estas instituciones a comprender las preferencias de los consumidores, desarrollar nuevos productos financieros y mejorar sus ofertas de servicios.<\/span><\/p>\n\n\n\n<p><span style=\"font-weight: 400;\">El <\/span><b>industria de construccion<\/b><span style=\"font-weight: 400;\"> est\u00e1 creciendo y est\u00e1 impulsado por proyectos de desarrollo de infraestructura. Empresas como Progec y Cevalls son actores importantes. La investigaci\u00f3n de mercado ayuda a estas empresas a comprender las necesidades del mercado y a planificar de forma eficaz.<\/span><\/p>\n\n\n\n<h2 class=\"wp-block-heading\"><strong>Principales Atractivos Tur\u00edsticos de Andorra<\/strong><\/h2>\n\n\n\n<p><\/p>\n\n\n\n<p><span style=\"font-weight: 400;\">Andorra cuenta con numerosos atractivos tur\u00edsticos que atraen a visitantes de todo el mundo. Comprender estos atractivos es fundamental para&nbsp;<span style=\"box-sizing: border-box; margin: 0px; padding: 0px;\"><a href=\"https:\/\/www.sisinternational.com\/es\/investigacion-de-mercado-turistico-de-viajes\/\" target=\"_blank\" rel=\"noopener\">turismo<\/a> negocios<\/span>&nbsp;para adaptar sus servicios y estrategias de marketing.<\/span><\/p>\n\n\n\n<ul class=\"wp-block-list\">\n<li><b>Estaci\u00f3n de esqu\u00ed Grandvalira<\/b><span style=\"font-weight: 400;\">: Grandvalira, una de las estaciones de esqu\u00ed m\u00e1s grandes de los Pirineos, ofrece amplias oportunidades de esqu\u00ed y snowboard, lo que atrae a entusiastas de los deportes de invierno de todo el mundo.<\/span><\/li>\n\n\n\n<li><b>Estaci\u00f3n de esqu\u00ed de Vallnord<\/b><span style=\"font-weight: 400;\">: Vallnord ofrece una variedad de actividades invernales, como esqu\u00ed, snowboard y raquetas de nieve, dirigidas tanto a familias como a buscadores de aventuras.<\/span><\/li>\n\n\n\n<li><b>Balneario Caldea<\/b><span style=\"font-weight: 400;\">:Caldea ofrece una experiencia termal \u00fanica con piscinas cubiertas y al aire libre, saunas y tratamientos de bienestar, lo que lo convierte en un lugar popular para la relajaci\u00f3n.<\/span><\/li>\n\n\n\n<li><b>Andorra la Vieja<\/b><span style=\"font-weight: 400;\">: La ciudad capital es famosa por sus tiendas, restaurantes y atracciones culturales, incluida la hist\u00f3rica Casa de la Vall y la modernista Esgl\u00e9sia de Sant Esteve.<\/span><\/li>\n\n\n\n<li><b>Valle del Madriu-Perafita-Claror<\/b><span style=\"font-weight: 400;\">: declarado Patrimonio de la Humanidad por la UNESCO, este valle glaciar ofrece impresionantes paisajes, rutas de senderismo y conocimientos sobre las tradiciones pastorales de Andorra.<\/span><\/li>\n\n\n\n<li><b>Iglesia de San Juan de Caselles<\/b><span style=\"font-weight: 400;\">: Esta iglesia rom\u00e1nica en Canillo es famosa por sus hermosos frescos y su arquitectura hist\u00f3rica, lo que atrae a amantes de la historia y del arte.<\/span><\/li>\n\n\n\n<li><b>Naturlandia<\/b><span style=\"font-weight: 400;\">: Naturlandia, un parque de aventuras ubicado en el bosque de La Rabassa, ofrece una variedad de actividades al aire libre, incluida la monta\u00f1a rusa alpina m\u00e1s larga del mundo, rutas de senderismo y observaci\u00f3n de vida silvestre.<\/span><\/li>\n<\/ul>\n\n\n\n<h2 class=\"wp-block-heading\">Tendencias<\/h2>\n\n\n\n<p>Andorra tiene un mercado libre y bien desarrollado. Su ingreso per c\u00e1pita ya est\u00e1 por encima del promedio de Europa. El pa\u00eds tambi\u00e9n cuenta con una enorme red de fibra \u00f3ptica. Adem\u00e1s, el sector minorista es popular entre los visitantes de Espa\u00f1a y Francia. Esta popularidad tambi\u00e9n atrae a trabajadores de Portugal, lo que aumenta la poblaci\u00f3n.<\/p>\n\n\n\n<h2 class=\"wp-block-heading\"><strong>Indicadores de mercado<\/strong><\/h2>\n\n\n\n<p><span style=\"font-weight: 400;\">Varios factores clave impulsan el crecimiento de la investigaci\u00f3n de mercado en Andorra. Comprender estos factores es esencial para que las empresas aprovechen sus oportunidades actuales.<\/span><\/p>\n\n\n\n<ul class=\"wp-block-list\">\n<li><b>Estabilidad economica<\/b><span style=\"font-weight: 400;\">: La econom\u00eda estable de Andorra proporciona un entorno propicio para las operaciones comerciales y las inversiones.\u00a0<\/span><\/li>\n\n\n\n<li><b>Avances tecnol\u00f3gicos<\/b><span style=\"font-weight: 400;\">: La creciente adopci\u00f3n de tecnolog\u00edas digitales mejora la eficiencia y eficacia de la investigaci\u00f3n de mercado.\u00a0<\/span><\/li>\n\n\n\n<li><b>Crecimiento del turismo<\/b><span style=\"font-weight: 400;\">: La industria del turismo en expansi\u00f3n impulsa la demanda de investigaciones de mercado para comprender las preferencias de los visitantes y mejorar las experiencias tur\u00edsticas.\u00a0<\/span><\/li>\n<\/ul>\n\n\n\n<h2 class=\"wp-block-heading\"><strong>Restricciones del mercado<\/strong><\/h2>\n\n\n\n<p><span style=\"font-weight: 400;\">A pesar de las numerosas oportunidades, las empresas tambi\u00e9n se enfrentan a retos en Andorra. Identificar estas restricciones a trav\u00e9s de la investigaci\u00f3n de mercado es crucial para desarrollar estrategias efectivas.<\/span><\/p>\n\n\n\n<ul class=\"wp-block-list\">\n<li><b>Tama\u00f1o de mercado peque\u00f1o<\/b><span style=\"font-weight: 400;\">: La poblaci\u00f3n relativamente peque\u00f1a de Andorra limita el tama\u00f1o del mercado, lo que puede restringir el potencial de crecimiento de algunas empresas.\u00a0<\/span><\/li>\n\n\n\n<li><b>Turismo estacional<\/b><span style=\"font-weight: 400;\">: La industria del turismo en Andorra es altamente estacional y alcanza su punto m\u00e1ximo durante la temporada de deportes de invierno.\u00a0<\/span><\/li>\n\n\n\n<li><b>Dependencia econ\u00f3mica del turismo<\/b><span style=\"font-weight: 400;\">: La econom\u00eda de Andorra depende en gran medida del turismo, lo que la hace vulnerable a las fluctuaciones en las llegadas de turistas.\u00a0<\/span><\/li>\n\n\n\n<li><b>Presi\u00f3n competitiva<\/b><span style=\"font-weight: 400;\">: Los actores establecidos dominan sectores clave, lo que dificulta que los nuevos participantes ganen participaci\u00f3n de mercado.\u00a0<\/span><\/li>\n<\/ul>\n\n\n\n<h2 class=\"wp-block-heading\">Base de consumidores<\/h2>\n\n\n\n<p>Andorra depende del sector tur\u00edstico. Millones de turistas la visitan anualmente, lo que brinda a la mayor\u00eda de los empresarios andorranos una buena raz\u00f3n para establecer su empresa en esta zona. Los turistas gastan dinero en hoteles y centros tur\u00edsticos de verano e invierno. A la gente tambi\u00e9n le gusta esquiar en las monta\u00f1as y las estaciones de esqu\u00ed son las mejores durante esta \u00e9poca.<\/p>\n\n\n\n<h2 class=\"wp-block-heading\"><strong>Investigaci\u00f3n de Mercado en Andorra: An\u00e1lisis FODA&nbsp;<\/strong><\/h2>\n\n\n\n<figure class=\"gb-block-image gb-block-image-fd1a8467\"><img loading=\"lazy\" decoding=\"async\" width=\"1456\" height=\"816\" class=\"gb-image gb-image-fd1a8467\" src=\"https:\/\/www.sisinternational.com\/wp-content\/uploads\/2025\/09\/Andorra-2.jpg\" alt=\"Investigaci\u00f3n y estrategia de mercado internacional de SIS\" title=\"Andorra (2)\" srcset=\"https:\/\/www.sisinternational.com\/wp-content\/uploads\/2025\/09\/Andorra-2.jpg 1456w, https:\/\/www.sisinternational.com\/wp-content\/uploads\/2025\/09\/Andorra-2-300x168.jpg 300w, https:\/\/www.sisinternational.com\/wp-content\/uploads\/2025\/09\/Andorra-2-1024x574.jpg 1024w, https:\/\/www.sisinternational.com\/wp-content\/uploads\/2025\/09\/Andorra-2-768x430.jpg 768w, https:\/\/www.sisinternational.com\/wp-content\/uploads\/2025\/09\/Andorra-2-18x10.jpg 18w\" sizes=\"auto, (max-width: 1456px) 100vw, 1456px\"><\/figure>\n\n\n\n<p><\/p>\n\n\n\n<h3 class=\"wp-block-heading\"><b>Fortalezas<\/b><span style=\"font-weight: 400;\">:&nbsp;<\/span><\/h3>\n\n\n\n<p><span style=\"font-weight: 400;\">Andorra tiene una econom\u00eda estable, un alto nivel de vida y una ubicaci\u00f3n estrat\u00e9gica entre Francia y Espa\u00f1a. Sus ventajas fiscales y sus compras libres de impuestos atraen tanto a turistas como a empresas. La s\u00f3lida industria tur\u00edstica del pa\u00eds proporciona un flujo constante de ingresos, especialmente en deportes de invierno.<\/span><\/p>\n\n\n\n<h3 class=\"wp-block-heading\"><b>Debilidades<\/b><span style=\"font-weight: 400;\">:&nbsp;<\/span><\/h3>\n\n\n\n<p><span style=\"font-weight: 400;\">Despite these strengths, Andorra faces challenges such as a small domestic <a href=\"https:\/\/www.sisinternational.com\/es\/pericia\/industrias\/estudio-de-mercado-de-maquinaria-pesada\/\" title=\"Investigaci\u00f3n de mercado de maquinaria pesada\" data-wpil-monitor-id=\"5398\">market and heavy<\/a> reliance on tourism. The seasonal nature of tourism can lead to fluctuations in economic stability. Additionally, limited natural resources and a small labor market can constrain business operations and growth.<\/span><\/p>\n\n\n\n<h3 class=\"wp-block-heading\"><b>Oportunidades<\/b><span style=\"font-weight: 400;\">:&nbsp;<\/span><\/h3>\n\n\n\n<p><span style=\"font-weight: 400;\">Existen numerosas oportunidades de negocio en Andorra. El creciente \u00e9nfasis en la transformaci\u00f3n digital y el desarrollo sostenible abre puertas a la tecnolog\u00eda y los negocios verdes. Diversificar el turismo m\u00e1s all\u00e1 de los deportes de invierno para incluir el turismo de bienestar, aventura y cultural presenta nuevas oportunidades.&nbsp;<\/span><\/p>\n\n\n\n<h3 class=\"wp-block-heading\"><b>Amenazas<\/b><span style=\"font-weight: 400;\">:&nbsp;<\/span><\/h3>\n\n\n\n<p><span style=\"font-weight: 400;\">Las amenazas potenciales incluyen la inestabilidad econ\u00f3mica debido a factores externos, como recesiones econ\u00f3micas globales o cambios en el comportamiento de los turistas. El panorama competitivo, con actores establecidos dominando sectores clave, plantea desaf\u00edos para los nuevos participantes. Adem\u00e1s, los cambios regulatorios y los requisitos de cumplimiento pueden afectar las operaciones comerciales.<\/span><\/p>\n\n\n\n<h2 class=\"wp-block-heading\"><strong>C\u00f3mo ayuda a las empresas la investigaci\u00f3n de mercado de SIS International en Andorra<\/strong><\/h2>\n\n\n\n<p><span style=\"font-weight: 400;\">Al proporcionar informaci\u00f3n integral sobre las condiciones del mercado, los comportamientos de los consumidores y la din\u00e1mica competitiva, SIS International permite a las empresas tomar decisiones informadas que impulsan el crecimiento y la innovaci\u00f3n.<\/span><\/p>\n\n\n\n<p><b>Reducir el riesgo<\/b><span style=\"font-weight: 400;\">:&nbsp;<\/span><\/p>\n\n\n\n<p><span style=\"font-weight: 400;\">Nuestra investigaci\u00f3n de mercado ayuda a las empresas a identificar riesgos potenciales y desarrollar estrategias de mitigaci\u00f3n. Este enfoque proactivo reduce la incertidumbre y mejora los procesos de toma de decisiones.<\/span><\/p>\n\n\n\n<p><b>Aumentar los ingresos<\/b><span style=\"font-weight: 400;\">:&nbsp;<\/span><\/p>\n\n\n\n<p><span style=\"font-weight: 400;\">Al comprender las preferencias de los consumidores y las tendencias del mercado, las empresas pueden adaptar sus ofertas para satisfacer la demanda, aumentando las ventas y los ingresos.<\/span><\/p>\n\n\n\n<p><b>Ahorrar dinero<\/b><span style=\"font-weight: 400;\">:&nbsp;<\/span><\/p>\n\n\n\n<p><span style=\"font-weight: 400;\">SIS permite a las empresas asignar recursos de manera m\u00e1s eficiente, minimizar el desperdicio y optimizar la inversi\u00f3n. Esto conduce a ahorros de costos y una mayor eficiencia operativa.<\/span><\/p>\n\n\n\n<p><b>Acelerar el crecimiento y la innovaci\u00f3n<\/b><span style=\"font-weight: 400;\">:&nbsp;<\/span><\/p>\n\n\n\n<p><a href=\"https:\/\/www.linkedin.com\/company\/sisinternationalresearch\/\" target=\"_blank\" rel=\"noopener\"><span style=\"font-weight: 400;\">SIS Internacional<\/span><\/a><span style=\"font-weight: 400;\"> proporciona informaci\u00f3n que impulsa el desarrollo de productos y la innovaci\u00f3n, ayudando a las empresas a mantenerse competitivas y lograr un crecimiento sostenible.<\/span><\/p>\n\n\n\n<p><b>Impulsar el retorno de la inversi\u00f3n<\/b><span style=\"font-weight: 400;\">:&nbsp;<\/span><\/p>\n\n\n\n<p><span style=\"font-weight: 400;\">Nuestro equipo maximiza el retorno de la inversi\u00f3n identificando los segmentos y oportunidades de mercado m\u00e1s prometedores. Las empresas pueden centrar sus esfuerzos en \u00e1reas de alto potencial y lograr mejores resultados.<\/span><\/p>\n\n\n\n<h2 class=\"wp-block-heading\">Razones para iniciar un negocio en Andorra<\/h2>\n\n\n\n<p>The tiny state has unlimited reasons to open a business there, from low taxes to living options. It has a greater GDP per capita than the US, Japan, Spain, and Germany, and a stable political economy with no record of economic pitfalls.<\/p>\n\n\n\n<p>Andorra tambi\u00e9n tiene una industria bancaria bien regulada. El pa\u00eds no tiene bancos internacionales. En cambio, cinco grupos bancarios controlan la industria y ofrecen conjuntos completos de servicios. Al igual que sus hom\u00f3logos suizos, los bancos andorranos conceden gran importancia a la confidencialidad.<\/p>\n\n\n\n<h2 class=\"wp-block-heading\">Nuestra ubicaci\u00f3n de instalaciones en Nueva York<\/h2>\n\n\n\n<p>  <iframe loading=\"lazy\" src=\"https:\/\/www.google.com\/maps\/embed?pb=!1m18!1m12!1m3!1d3022.976188376966!2d-73.99130312499956!3d40.740549471389315!2m3!1f0!2f0!3f0!3m2!1i1024!2i768!4f13.1!3m3!1m2!1s0x89c259a15798c731%3A0xd695d09bdd495f25!2s11%20E%2022nd%20St%20FL%202%2C%20New%20York%2C%20NY%2010010%2C%20USA!5e0!3m2!1sen!2spe!4v1726171763526!5m2!1sen!2spe\" width=\"600\" height=\"450\" allowfullscreen=\"allowfullscreen\" data-mce-fragment=\"1\"><\/iframe>  <\/p>\n\n\n\n<h3 class=\"wp-block-heading\">11 E 22nd Street, piso 2, Nueva York, NY 10010 T: +1(212) 505-6805<\/h3>\n\n\n\n<hr class=\"wp-block-separator has-alpha-channel-opacity\"\/>\n\n\n\n<h2 class=\"wp-block-heading\"><strong>Acerca de SIS Internacional<\/strong><\/h2>\n\n\n\n<p><a href=\"https:\/\/www.sisinternational.com\/es\/\"><span style=\"font-weight: 400;\">SIS Internacional<\/span><\/a><span style=\"font-weight: 400;\"> ofrece investigaci\u00f3n cuantitativa, cualitativa y estrat\u00e9gica. Proporcionamos datos, herramientas, estrategias, informes y conocimientos para la toma de decisiones. Tambi\u00e9n realizamos entrevistas, encuestas, grupos focales y otros m\u00e9todos y enfoques de investigaci\u00f3n de mercado.<\/span><a href=\"https:\/\/www.sisinternational.com\/es\/sobre-la-investigacion-internacional-de-sis\/contact-sis-international-market-research\/\"><span style=\"font-weight: 400;\"> P\u00f3ngase en contacto con nosotros<\/span><\/a><span style=\"font-weight: 400;\"> para su pr\u00f3ximo proyecto de Investigaci\u00f3n de Mercado.<\/span><\/p>\n\n\n\n<p><\/p>","protected":false},"excerpt":{"rendered":"<p>Investigaci\u00f3n de Mercado en Andorra Andorra es un pa\u00eds peque\u00f1o y dif\u00edcil de encontrar en el mapa. Se encuentra entre las fronteras de Espa\u00f1a y Francia en los Pirineos. La naci\u00f3n es un co-principado entre las dos naciones. Ambos comparten un cierto nivel de autoridad sobre el pa\u00eds. Desde hace muchos a\u00f1os, Andorra ha\u2026 <a title=\"Investigaci\u00f3n de Mercado en Andorra\" class=\"read-more\" href=\"https:\/\/www.sisinternational.com\/es\/cobertura\/europa\/investigacion-de-mercado-en-andorra\/\" aria-label=\"Leer m\u00e1s sobre Investigaci\u00f3n de Mercados en Andorra\">Leer m\u00e1s<\/a><\/p>","protected":false},"author":1,"featured_media":66143,"parent":14510,"menu_order":50,"comment_status":"closed","ping_status":"closed","template":"","meta":{"footnotes":""},"class_list":["post-39253","page","type-page","status-publish","has-post-thumbnail"],"_links":{"self":[{"href":"https:\/\/www.sisinternational.com\/es\/wp-json\/wp\/v2\/pages\/39253","targetHints":{"allow":["GET"]}}],"collection":[{"href":"https:\/\/www.sisinternational.com\/es\/wp-json\/wp\/v2\/pages"}],"about":[{"href":"https:\/\/www.sisinternational.com\/es\/wp-json\/wp\/v2\/types\/page"}],"author":[{"embeddable":true,"href":"https:\/\/www.sisinternational.com\/es\/wp-json\/wp\/v2\/users\/1"}],"replies":[{"embeddable":true,"href":"https:\/\/www.sisinternational.com\/es\/wp-json\/wp\/v2\/comments?post=39253"}],"version-history":[{"count":8,"href":"https:\/\/www.sisinternational.com\/es\/wp-json\/wp\/v2\/pages\/39253\/revisions"}],"predecessor-version":[{"id":79181,"href":"https:\/\/www.sisinternational.com\/es\/wp-json\/wp\/v2\/pages\/39253\/revisions\/79181"}],"up":[{"embeddable":true,"href":"https:\/\/www.sisinternational.com\/es\/wp-json\/wp\/v2\/pages\/14510"}],"wp:featuredmedia":[{"embeddable":true,"href":"https:\/\/www.sisinternational.com\/es\/wp-json\/wp\/v2\/media\/66143"}],"wp:attachment":[{"href":"https:\/\/www.sisinternational.com\/es\/wp-json\/wp\/v2\/media?parent=39253"}],"curies":[{"name":"wp","href":"https:\/\/api.w.org\/{rel}","templated":true}]}}