{"id":39120,"date":"2021-10-21T04:03:03","date_gmt":"2021-10-21T04:03:03","guid":{"rendered":"https:\/\/www.sisinternational.com\/?page_id=39120"},"modified":"2025-09-14T22:34:39","modified_gmt":"2025-09-15T02:34:39","slug":"investigacion-de-mercado-psicografica","status":"publish","type":"page","link":"https:\/\/www.sisinternational.com\/es\/soluciones\/soluciones-de-investigacion-cualitativa-cuantitativa\/investigacion-de-mercado-psicografica\/","title":{"rendered":"Investigaci\u00f3n de mercado de psicograf\u00eda"},"content":{"rendered":"<h1 class=\"wp-block-heading\">Investigaci\u00f3n de mercado de psicograf\u00eda<\/h1>\n\n\n\n<figure class=\"gb-block-image gb-block-image-b944f77d\"><img loading=\"lazy\" decoding=\"async\" width=\"1456\" height=\"816\" class=\"gb-image gb-image-b944f77d\" src=\"https:\/\/www.sisinternational.com\/wp-content\/uploads\/2025\/08\/Non-profit-8-1.jpg\" alt=\"Investigaci\u00f3n y estrategia de mercado internacional de SIS\" title=\"Non profit (8)\" srcset=\"https:\/\/www.sisinternational.com\/wp-content\/uploads\/2025\/08\/Non-profit-8-1.jpg 1456w, https:\/\/www.sisinternational.com\/wp-content\/uploads\/2025\/08\/Non-profit-8-1-300x168.jpg 300w, https:\/\/www.sisinternational.com\/wp-content\/uploads\/2025\/08\/Non-profit-8-1-1024x574.jpg 1024w, https:\/\/www.sisinternational.com\/wp-content\/uploads\/2025\/08\/Non-profit-8-1-768x430.jpg 768w, https:\/\/www.sisinternational.com\/wp-content\/uploads\/2025\/08\/Non-profit-8-1-18x10.jpg 18w\" sizes=\"auto, (max-width: 1456px) 100vw, 1456px\"><\/figure>\n\n\n\n<hr class=\"wp-block-separator has-alpha-channel-opacity is-style-dots\"\/>\n\n\n\n<h2 class=\"wp-block-heading\">Acerca de la psicograf\u00eda<\/h2>\n\n\n\n<p>La psicograf\u00eda es uno de los cuatro tipos de segmentaci\u00f3n. Tambi\u00e9n es el estudio de los consumidores en funci\u00f3n de sus atributos mentales. La psicograf\u00eda explica &quot;por qu\u00e9&quot; los consumidores compran su producto. Hace preguntas basadas en intereses, valores, estilo de vida, ingresos y creencias.<\/p>\n\n\n\n<p><strong>Este tipo de Investigaci\u00f3n de Mercado tiene cinco variables:<\/strong><\/p>\n\n\n\n<ol class=\"wp-block-list\">\n<li>Personalidad<\/li>\n\n\n\n<li>Estilo de vida<\/li>\n\n\n\n<li>Estatus social<\/li>\n\n\n\n<li>AIO (Actividades, Intereses, Opiniones)<\/li>\n\n\n\n<li>Actitud<\/li>\n<\/ol>\n\n\n\n<p>La demograf\u00eda trata sobre &quot;qui\u00e9n&quot; es el cliente. Implica encontrar datos sobre edad, g\u00e9nero, origen \u00e9tnico, carrera y educaci\u00f3n.<\/p>\n\n\n\n<p>Demographics and Psychographics work together to create a perfect consumer profile. The business can now use this profile to format new product ideas. Those ideas are in line with what the consumer desires.<\/p>\n\n\n\n<h2 class=\"wp-block-heading\">\u00bfPor qu\u00e9 es importante?<\/h2>\n\n\n\n<p>The success of a business lies in its ability to provide the best services to customers. You can only offer the <a href=\"https:\/\/www.linkedin.com\/company\/sisinternationalresearch\" target=\"_blank\" rel=\"noopener\">best services<\/a> if you know the customers you are marketing to. It also helps narrow the customer outlook. Doing so makes it easier to target those who are likely to buy your products and services.<\/p>\n\n\n\n<p>Facilita la gesti\u00f3n de recursos. Cuando comprende las necesidades de los consumidores, ahorra recursos. Luego podr\u00e1 desarrollar productos m\u00e1s precisos. Tambi\u00e9n ahorrar\u00e1s dinero en campa\u00f1as de marca si tienes un p\u00fablico objetivo.<\/p>\n\n\n\n<p>La psicograf\u00eda se aplica a muchas empresas. Tambi\u00e9n es \u00fatil para los clientes. Al conocer sus intereses y aversiones, podr\u00e1 rechazar y lanzar productos y generar inter\u00e9s en la empresa. Nadie buscar\u00eda un producto que no estuviera dirigido a ellos.<\/p>\n\n\n\n<p>Psychographic segmentation is qualitative. Yet, because each customer has a broad range of AIOs, the information is better understood. When the company understands its buyers, it can improve its products. Seth Godin once said, \u201cDon\u2019t find customers for your products; find products for your customers.\u201d By increasing the value of your products, you keep customers coming back.<\/p>\n\n\n\n<h2 class=\"wp-block-heading\">T\u00edtulos de trabajo clave<\/h2>\n\n\n\n<h4 class=\"wp-block-heading\">Director de marketing<\/h4>\n\n\n\n<p>The Marketing Director is responsible for developing brands and customer personas. They also test different channels to optimize the customer experience and gather extensive demographic and psychographic data to do so.<\/p>\n\n\n\n<h4 class=\"wp-block-heading\">Gerente de Segmento de Clientes<\/h4>\n\n\n\n<p>This person organizes all customer research groups. They must develop products that match customer profiles and transfer information for promoting goods to the marketing teams.<\/p>\n\n\n\n<h2 class=\"wp-block-heading\">Factores claves del \u00e9xito<\/h2>\n\n\n\n<p>Las redes sociales son un factor cr\u00edtico en la psicograf\u00eda. La mejor manera de saber &quot;por qu\u00e9&quot; es preguntar &quot;por qu\u00e9&quot;. Puede invitar a los clientes a dar sus motivos para comprar sus productos en forma de encuestas en l\u00ednea. Es una excelente manera de mejorar sus servicios.<\/p>\n\n\n\n<p>Un buen marketing tambi\u00e9n es un factor vital de \u00e9xito. La empresa debe tener una forma de reunir todos los datos psicogr\u00e1ficos. Esto le permitir\u00e1 satisfacer las necesidades de sus clientes. Todo esto lo podr\u00e1s hacer a trav\u00e9s de publicidad especializada. Las ventas tambi\u00e9n definen el \u00e9xito de este tipo de investigaciones.<\/p>\n\n\n\n<h2 class=\"wp-block-heading\">Por qu\u00e9 las empresas necesitan la psicograf\u00eda<\/h2>\n\n\n\n<p><\/p>\n\n\n\n<figure class=\"gb-block-image gb-block-image-e1789400\"><img loading=\"lazy\" decoding=\"async\" width=\"1456\" height=\"816\" class=\"gb-image gb-image-e1789400\" src=\"https:\/\/www.sisinternational.com\/wp-content\/uploads\/2025\/08\/Business-17.jpg\" alt=\"Investigaci\u00f3n y estrategia de mercado internacional de SIS\" title=\"Business (17)\" srcset=\"https:\/\/www.sisinternational.com\/wp-content\/uploads\/2025\/08\/Business-17.jpg 1456w, https:\/\/www.sisinternational.com\/wp-content\/uploads\/2025\/08\/Business-17-300x168.jpg 300w, https:\/\/www.sisinternational.com\/wp-content\/uploads\/2025\/08\/Business-17-1024x574.jpg 1024w, https:\/\/www.sisinternational.com\/wp-content\/uploads\/2025\/08\/Business-17-768x430.jpg 768w, https:\/\/www.sisinternational.com\/wp-content\/uploads\/2025\/08\/Business-17-18x10.jpg 18w\" sizes=\"auto, (max-width: 1456px) 100vw, 1456px\"><\/figure>\n\n\n\n<p><\/p>\n\n\n\n<p>El uso de psicograf\u00eda es una forma creativa de comprender mejor a sus consumidores. Los clientes son la ra\u00edz de su negocio. Sin ellos, es probable que se produzca el fracaso. Conocer a su cliente va mucho m\u00e1s all\u00e1 de la demograf\u00eda. Tambi\u00e9n debes entender c\u00f3mo funcionan sus mentes. Debes saber por qu\u00e9 toman las decisiones que toman. Con esto, puede hacer que su negocio y sus productos funcionen para ellos.<\/p>\n\n\n\n<p>Ayuda a dirigirse a consumidores espec\u00edficos: aquellos que probablemente le comprar\u00edan. Un ejemplo de esto es el negocio de fabricaci\u00f3n de velas. Una encuesta demogr\u00e1fica muestra &quot;qui\u00e9nes&quot; son sus clientes. La mayor\u00eda de sus compradores son mujeres de entre 17 y 26 a\u00f1os. Esta informaci\u00f3n es relevante pero no suficiente.<\/p>\n\n\n\n<p>Debes saber por qu\u00e9 te compran, ya sea por precio, producto u ocasi\u00f3n. \u00bfUsar\u00e1n estas velas para decoraci\u00f3n, regalos o para s\u00ed mismos? Todas estas son preguntas que la psicograf\u00eda responde. Ahora tiene una visi\u00f3n e imagen hol\u00edstica de su cliente y su opini\u00f3n. De este modo, podr\u00e1 orientar mejor sus productos a un grupo espec\u00edfico. Incluso puedes crear nuevos productos que, a su vez, generar\u00e1n m\u00e1s ventas.<\/p>\n\n\n\n<p>Hemos visto c\u00f3mo esta herramienta es vital para ayudarle a descubrir por qu\u00e9 los clientes compran sus productos. Tambi\u00e9n ayuda a su empresa a crear una personalidad de usuario s\u00f3lida. Una persona as\u00ed ayuda a enviar el mensaje correcto a personas seleccionadas. La empresa asumir\u00eda ahora el papel de comprador. Ahora pueden preguntar qu\u00e9 les gustar\u00eda de la empresa y sus productos.<\/p>\n\n\n\n<p>Satisfacer las necesidades de los clientes en materia de productos tambi\u00e9n genera lealtad a la marca. Les da a los consumidores la sensaci\u00f3n de que los conoces. Tambi\u00e9n los hace sentir especiales. Al satisfacer sus necesidades de productos, tambi\u00e9n evoca su lealtad \u00fanicamente a su marca.<\/p>\n\n\n\n<h2 class=\"wp-block-heading\">Acerca de la investigaci\u00f3n de mercado psicogr\u00e1fica<\/h2>\n\n\n\n<p>Psychographics is a unique form of <a class=\"wpil_keyword_link\" href=\"https:\/\/www.sisinternational.com\/es\/soluciones\/investigacion-de-mercado-de-consumo\/\" title=\"Consumer Market Research Services for Smarter Business Decisions\" data-wpil-keyword-link=\"linked\" data-wpil-monitor-id=\"418\">investigaci\u00f3n de mercado de consumo<\/a>. Companies gather data through Focus Groups, Interviews, and Surveys. The data collected is a form of Qualitative Research, whereas demographics are Quantitative. Strategy Research is also important in making advertising plans. Thus, psychographics is excellent for consumer research.<\/p>\n\n\n\n<h2 class=\"wp-block-heading\">Nuestra ubicaci\u00f3n de instalaciones en Nueva York<\/h2>\n\n\n\n<p>\n\n\n\n<iframe loading=\"lazy\" src=\"https:\/\/www.google.com\/maps\/embed?pb=!1m18!1m12!1m3!1d3022.976188376966!2d-73.99130312499956!3d40.740549471389315!2m3!1f0!2f0!3f0!3m2!1i1024!2i768!4f13.1!3m3!1m2!1s0x89c259a15798c731%3A0xd695d09bdd495f25!2s11%20E%2022nd%20St%20FL%202%2C%20New%20York%2C%20NY%2010010%2C%20USA!5e0!3m2!1sen!2spe!4v1726171763526!5m2!1sen!2spe\" width=\"600\" height=\"450\" allowfullscreen=\"allowfullscreen\" data-mce-fragment=\"1\"><\/iframe>\n\n\n\n<\/p>\n\n\n\n<h3 class=\"wp-block-heading\">11 E 22nd Street, piso 2, Nueva York, NY 10010 T: +1(212) 505-6805<\/h3>\n\n\n\n<hr class=\"wp-block-separator has-alpha-channel-opacity\"\/>\n\n\n\n<h2 class=\"wp-block-heading\"><span style=\"font-weight: 400;\">Acerca de SIS Internacional<\/span><\/h2>\n\n\n\n<p><a href=\"https:\/\/www.sisinternational.com\/es\/\"><span style=\"font-weight: 400;\">SIS Internacional<\/span><\/a><span style=\"font-weight: 400;\"> ofrece investigaci\u00f3n cuantitativa, cualitativa y estrat\u00e9gica. Proporcionamos datos, herramientas, estrategias, informes y conocimientos para la toma de decisiones. Tambi\u00e9n realizamos entrevistas, encuestas, grupos focales y otros m\u00e9todos y enfoques de investigaci\u00f3n de mercado.<\/span><a href=\"https:\/\/www.sisinternational.com\/es\/sobre-la-investigacion-internacional-de-sis\/contact-sis-international-market-research\/\"><span style=\"font-weight: 400;\"> P\u00f3ngase en contacto con nosotros<\/span><\/a><span style=\"font-weight: 400;\"> para su pr\u00f3ximo proyecto de Investigaci\u00f3n de Mercado.<\/span><\/p>\n\n\n\n<p><\/p>","protected":false},"excerpt":{"rendered":"<p>Haga crecer su negocio con la investigaci\u00f3n de mercado psicogr\u00e1fica.<\/p>","protected":false},"author":1,"featured_media":62999,"parent":14660,"menu_order":22,"comment_status":"closed","ping_status":"closed","template":"","meta":{"footnotes":""},"class_list":["post-39120","page","type-page","status-publish","has-post-thumbnail"],"_links":{"self":[{"href":"https:\/\/www.sisinternational.com\/es\/wp-json\/wp\/v2\/pages\/39120","targetHints":{"allow":["GET"]}}],"collection":[{"href":"https:\/\/www.sisinternational.com\/es\/wp-json\/wp\/v2\/pages"}],"about":[{"href":"https:\/\/www.sisinternational.com\/es\/wp-json\/wp\/v2\/types\/page"}],"author":[{"embeddable":true,"href":"https:\/\/www.sisinternational.com\/es\/wp-json\/wp\/v2\/users\/1"}],"replies":[{"embeddable":true,"href":"https:\/\/www.sisinternational.com\/es\/wp-json\/wp\/v2\/comments?post=39120"}],"version-history":[{"count":10,"href":"https:\/\/www.sisinternational.com\/es\/wp-json\/wp\/v2\/pages\/39120\/revisions"}],"predecessor-version":[{"id":74915,"href":"https:\/\/www.sisinternational.com\/es\/wp-json\/wp\/v2\/pages\/39120\/revisions\/74915"}],"up":[{"embeddable":true,"href":"https:\/\/www.sisinternational.com\/es\/wp-json\/wp\/v2\/pages\/14660"}],"wp:featuredmedia":[{"embeddable":true,"href":"https:\/\/www.sisinternational.com\/es\/wp-json\/wp\/v2\/media\/62999"}],"wp:attachment":[{"href":"https:\/\/www.sisinternational.com\/es\/wp-json\/wp\/v2\/media?parent=39120"}],"curies":[{"name":"wp","href":"https:\/\/api.w.org\/{rel}","templated":true}]}}