{"id":39118,"date":"2021-10-21T03:45:03","date_gmt":"2021-10-21T03:45:03","guid":{"rendered":"https:\/\/www.sisinternational.com\/?page_id=39118"},"modified":"2026-03-12T22:40:13","modified_gmt":"2026-03-13T02:40:13","slug":"investigacion-de-mercado-de-infraestructura","status":"publish","type":"page","link":"https:\/\/www.sisinternational.com\/es\/construction-market-research-solutions\/investigacion-de-mercado-de-infraestructura\/","title":{"rendered":"Investigaci\u00f3n de mercado de infraestructura"},"content":{"rendered":"<h1 class=\"wp-block-heading\">Investigaci\u00f3n de mercado de infraestructura<\/h1>\n\n\n\n<figure class=\"gb-block-image gb-block-image-e50f9464\"><img loading=\"lazy\" decoding=\"async\" width=\"1456\" height=\"816\" class=\"gb-image gb-image-e50f9464\" src=\"https:\/\/www.sisinternational.com\/wp-content\/uploads\/2025\/08\/Communications-Infrastructure-6.jpg\" alt=\"Investigaci\u00f3n y estrategia de mercado internacional de SIS\" title=\"Communications Infrastructure (6)\" srcset=\"https:\/\/www.sisinternational.com\/wp-content\/uploads\/2025\/08\/Communications-Infrastructure-6.jpg 1456w, https:\/\/www.sisinternational.com\/wp-content\/uploads\/2025\/08\/Communications-Infrastructure-6-300x168.jpg 300w, https:\/\/www.sisinternational.com\/wp-content\/uploads\/2025\/08\/Communications-Infrastructure-6-1024x574.jpg 1024w, https:\/\/www.sisinternational.com\/wp-content\/uploads\/2025\/08\/Communications-Infrastructure-6-768x430.jpg 768w, https:\/\/www.sisinternational.com\/wp-content\/uploads\/2025\/08\/Communications-Infrastructure-6-18x10.jpg 18w\" sizes=\"auto, (max-width: 1456px) 100vw, 1456px\"><\/figure>\n\n\n\n<p><\/p>\n\n\n\n<hr class=\"wp-block-separator has-alpha-channel-opacity is-style-dots\"\/>\n\n\n\n<div class=\"wp-block-columns has-global-color-9-color has-text-color has-background has-link-color wp-elements-d441985328312167291664ed367995ea is-layout-flex wp-container-core-columns-is-layout-9d6595d7 wp-block-columns-is-layout-flex\" style=\"background-color:#f7f9fa6e\">\n<div class=\"wp-block-column is-layout-flow wp-block-column-is-layout-flow\" style=\"flex-basis:18%\"><\/div>\n\n\n\n<div class=\"wp-block-column is-vertically-aligned-center is-layout-flow wp-block-column-is-layout-flow\" style=\"flex-basis:71.28%\">\n<div class=\"wp-block-rank-math-toc-block aligncenter has-global-color-9-color has-text-color has-link-color wp-elements-08d98711f08828cccc3d09bdeb1c104a\" style=\"font-size:16px\" id=\"rank-math-toc\"><h2><br><strong>t<\/strong>able of Contents<\/h2><nav><ul><li class=\"\"><a href=\"#what-is-infrastructure\">\u00bfQu\u00e9 es la infraestructura?<\/a><\/li><li class=\"\"><a href=\"#why-is-it-important\">\u00bfPor qu\u00e9 es importante?<\/a><\/li><li class=\"\"><a href=\"#key-job-titles\">T\u00edtulos de trabajo clave<\/a><\/li><li class=\"\"><a href=\"#key-success-factors\">Factores claves del \u00e9xito<\/a><\/li><li class=\"\"><a href=\"#why-businesses-need-infrastructure\">Por qu\u00e9 las empresas necesitan infraestructura<\/a><\/li><li class=\"\"><a href=\"#about-infrastructure-market-research\">Acerca de la investigaci\u00f3n de mercado de infraestructura<\/a><\/li><\/ul><\/nav><\/div>\n<\/div>\n<\/div>\n\n\n\n<p><\/p>\n\n\n\n<h2 class=\"wp-block-heading\" id=\"what-is-infrastructure\">\u00bfQu\u00e9 es la infraestructura?<\/h2>\n\n\n\n<p>Es la estructura b\u00e1sica de un pa\u00eds, por ejemplo, carreteras, transporte y suministro de energ\u00eda. Tambi\u00e9n podemos agruparlo en dos tipos principales.<\/p>\n\n\n\n<p>La infraestructura f\u00edsica es el sistema f\u00edsico que permite al pa\u00eds operar. Estos incluyen transporte, energ\u00eda, suministro de agua y saneamiento.<\/p>\n\n\n\n<p>La infraestructura blanda consiste en centros que mantienen la econom\u00eda. Estos centros son esenciales para la calidad de vida de un pa\u00eds. Los sistemas gubernamentales, sanitarios, financieros y educativos lo garantizan. Tambi\u00e9n incluye sistemas legales.<\/p>\n\n\n\n<h2 class=\"wp-block-heading\" id=\"why-is-it-important\">\u00bfPor qu\u00e9 es importante?<\/h2>\n\n\n\n<figure class=\"gb-block-image gb-block-image-894f201a\"><img loading=\"lazy\" decoding=\"async\" width=\"1456\" height=\"816\" class=\"gb-image gb-image-894f201a\" src=\"https:\/\/www.sisinternational.com\/wp-content\/uploads\/2025\/08\/Communications-Infrastructure-4.jpg\" alt=\"Investigaci\u00f3n y estrategia de mercado internacional de SIS\" title=\"Communications Infrastructure (4)\" srcset=\"https:\/\/www.sisinternational.com\/wp-content\/uploads\/2025\/08\/Communications-Infrastructure-4.jpg 1456w, https:\/\/www.sisinternational.com\/wp-content\/uploads\/2025\/08\/Communications-Infrastructure-4-300x168.jpg 300w, https:\/\/www.sisinternational.com\/wp-content\/uploads\/2025\/08\/Communications-Infrastructure-4-1024x574.jpg 1024w, https:\/\/www.sisinternational.com\/wp-content\/uploads\/2025\/08\/Communications-Infrastructure-4-768x430.jpg 768w, https:\/\/www.sisinternational.com\/wp-content\/uploads\/2025\/08\/Communications-Infrastructure-4-18x10.jpg 18w\" sizes=\"auto, (max-width: 1456px) 100vw, 1456px\"><\/figure>\n\n\n\n<p><\/p>\n\n\n\n<p>La infraestructura proporciona empleo a muchas personas, como ingenieros, camioneros, pilotos, trabajadores de la construcci\u00f3n e instaladores de l\u00edneas el\u00e9ctricas. Es f\u00e1cil entrar en este campo. Los trabajadores no necesitan estudiar durante a\u00f1os y a\u00f1os. Por lo tanto, casi cualquier persona puede ingresar al \u00e1rea, pero debe tener la \u00e9tica de trabajo adecuada.<\/p>\n\n\n\n<p>Apoya el crecimiento de la econom\u00eda. Tambi\u00e9n permite el transporte de bienes y servicios tanto dentro como fuera del pa\u00eds. Los trenes de mercanc\u00edas, los buques de carga, los aviones y los sistemas de carreteras cumplen esta funci\u00f3n. Tambi\u00e9n ayuda a conectar los hogares. Permite que los ni\u00f1os realicen sus estudios en casa, ayudando as\u00ed con la educaci\u00f3n. Las personas tambi\u00e9n pueden comprobar su salud por s\u00ed mismas, sin necesidad de ir corriendo al hospital cada vez.<\/p>\n\n\n\n<p>Con el paso de los a\u00f1os, se ha vuelto m\u00e1s consciente de la salud y m\u00e1s ecol\u00f3gico. Tambi\u00e9n ha sido testigo de muchas empresas para ayudar a la econom\u00eda verde, por ejemplo, los numerosos proyectos nuevos de f\u00e1bricas de energ\u00eda hidroel\u00e9ctrica y e\u00f3lica en todo el mundo. Los veh\u00edculos y sistemas que funcionan con energ\u00eda solar son el futuro. El nuevo transporte p\u00fablico de energ\u00eda limpia tambi\u00e9n reduce los gases de efecto invernadero.<\/p>\n\n\n\n<p>La infraestructura es la base de una vida de calidad. Facilita el parto y aumenta el confort. Mantiene a la gente trabajando, sana y tambi\u00e9n feliz. Sin \u00e9l, todo se paralizar\u00e1. Lo usamos todos los d\u00edas pero no nos damos cuenta. La energ\u00eda el\u00e9ctrica, el agua corriente y el transporte son todos ejemplos.<\/p>\n\n\n\n<p>Adem\u00e1s, permite al gobierno crear empleos. Invierten en determinadas \u00e1reas para atraer empresas. Uno no invertir\u00eda en un lugar al que no se puede conducir. Las buenas carreteras, oleoductos y redes crean una buena imagen. El resultado son lugares de trabajo modernos que atraen tanto a personas como a empresas.<\/p>\n\n\n\n<h2 class=\"wp-block-heading\" id=\"key-job-titles\">T\u00edtulos de trabajo clave<\/h2>\n\n\n\n<h3 class=\"wp-block-heading\">Ingeniero civil<\/h3>\n\n\n\n<p>Los ingenieros civiles dise\u00f1an, construyen y supervisan proyectos y sistemas de infraestructura, incluidos edificios, carreteras y drenajes. Los ingenieros civiles tambi\u00e9n dise\u00f1an y construyen presas, aeropuertos, t\u00faneles, sistemas de suministro de agua y tratamiento de aguas residuales.<\/p>\n\n\n\n<h3 class=\"wp-block-heading\">Operador de Maquinaria Pesada<\/h3>\n\n\n\n<p>Como su nombre lo indica, esta es la persona que usa el hardware. Aunque parezca f\u00e1cil, este trabajo es imprescindible. Estos operadores tienen que transportar suministros desde diferentes puntos; cualquier contratiempo durante este proceso causa grandes problemas al proyecto.<\/p>\n\n\n\n<h3 class=\"wp-block-heading\">Gerente de Proyectos de Infraestructura<\/h3>\n\n\n\n<p>Esta persona supervisa el desarrollo de proyectos dentro de una empresa. Tambi\u00e9n tienen varias subtareas. Estos incluyen la gesti\u00f3n de presupuestos, la comunicaci\u00f3n entre departamentos y el establecimiento de cronogramas para los proyectos.<\/p>\n\n\n\n<h3 class=\"wp-block-heading\">Infraestructura Energ\u00eda Medio Ambiente Capacidad\/Arquitecto de Soluciones<\/h3>\n\n\n\n<figure class=\"gb-block-image gb-block-image-d17a4a8e\"><img loading=\"lazy\" decoding=\"async\" width=\"1456\" height=\"816\" class=\"gb-image gb-image-d17a4a8e\" src=\"https:\/\/www.sisinternational.com\/wp-content\/uploads\/2025\/08\/Communications-Infrastructure-1.jpg\" alt=\"Investigaci\u00f3n y estrategia de mercado internacional de SIS\" title=\"Communications Infrastructure (1)\" srcset=\"https:\/\/www.sisinternational.com\/wp-content\/uploads\/2025\/08\/Communications-Infrastructure-1.jpg 1456w, https:\/\/www.sisinternational.com\/wp-content\/uploads\/2025\/08\/Communications-Infrastructure-1-300x168.jpg 300w, https:\/\/www.sisinternational.com\/wp-content\/uploads\/2025\/08\/Communications-Infrastructure-1-1024x574.jpg 1024w, https:\/\/www.sisinternational.com\/wp-content\/uploads\/2025\/08\/Communications-Infrastructure-1-768x430.jpg 768w, https:\/\/www.sisinternational.com\/wp-content\/uploads\/2025\/08\/Communications-Infrastructure-1-18x10.jpg 18w\" sizes=\"auto, (max-width: 1456px) 100vw, 1456px\"><\/figure>\n\n\n\n<p><\/p>\n\n\n\n<p>Estas personas son el pegamento entre la infraestructura y el medio ambiente. Revisan y proponen proyectos que no da\u00f1an el medio ambiente. Por ejemplo, construir m\u00e1s carreteras y casas siempre es una necesidad. Aun as\u00ed, debemos pensar en el planeta y en las generaciones futuras. Los arquitectos de soluciones analizan los posibles impactos de cada opci\u00f3n y proponen ideas que crear\u00e1n un equilibrio.<\/p>\n\n\n\n<h2 class=\"wp-block-heading\" id=\"key-success-factors\">Factores claves del \u00e9xito<\/h2>\n\n\n\n<p>Small teams lead many mega-projects. These people may also be working together for the first time. Although typical, it may prove to be stressful. Everyone may feel pressure throughout the project. Having excellent management creates a high-performing team. An adaptive team means the success of projects.<\/p>\n\n\n\n<p>Every project should have an input system that allows the team to access the same fact base. It should also have strict guidelines. These guidelines will ensure that everyone is on the same script. Blunders are common in these projects, but this system decreases such errors. The team can then resolve any issues or problems.<\/p>\n\n\n\n<p>Many mega-projects receive the go-ahead despite significant risks. Some believe the contractor will figure it out along the way, but this is never a good idea. Project leaders should be certain about the project before final approval. The risks always come back to haunt in the future.<\/p>\n\n\n\n<h2 class=\"wp-block-heading\" id=\"why-businesses-need-infrastructure\">Por qu\u00e9 las empresas necesitan infraestructura<\/h2>\n\n\n\n<figure class=\"gb-block-image gb-block-image-77e3daee\"><img loading=\"lazy\" decoding=\"async\" width=\"1456\" height=\"816\" class=\"gb-image gb-image-77e3daee\" src=\"https:\/\/www.sisinternational.com\/wp-content\/uploads\/2025\/08\/Building-5.jpg\" alt=\"Investigaci\u00f3n y estrategia de mercado internacional de SIS\" title=\"Building (5)\" srcset=\"https:\/\/www.sisinternational.com\/wp-content\/uploads\/2025\/08\/Building-5.jpg 1456w, https:\/\/www.sisinternational.com\/wp-content\/uploads\/2025\/08\/Building-5-300x168.jpg 300w, https:\/\/www.sisinternational.com\/wp-content\/uploads\/2025\/08\/Building-5-1024x574.jpg 1024w, https:\/\/www.sisinternational.com\/wp-content\/uploads\/2025\/08\/Building-5-768x430.jpg 768w, https:\/\/www.sisinternational.com\/wp-content\/uploads\/2025\/08\/Building-5-18x10.jpg 18w\" sizes=\"auto, (max-width: 1456px) 100vw, 1456px\"><\/figure>\n\n\n\n<p><\/p>\n\n\n\n<p>La infraestructura sustenta las actividades econ\u00f3micas cotidianas. Muchos lo llaman las arterias del confort humano. Sin \u00e9l, la vida es un peaje. He aqu\u00ed por qu\u00e9 las empresas lo necesitan.<\/p>\n\n\n\n<p>Es f\u00e1cil para el personal llegar al trabajo cuando hay una buena red de transporte. El trabajo no puede comenzar si el personal no est\u00e1 presente. Esta red tambi\u00e9n permite el transporte de insumos y salida de productos terminados. Las carreteras pavimentadas lo permiten.<\/p>\n\n\n\n<p>Water supply and sanitation is also a benefit of this. In buildings, running water is essential. No business can operate without water. Clean water is a safety feature: we need it in case of fires. In fact, companies are required always to have water.<\/p>\n\n\n\n<p>IT is a big part of most businesses. Some cannot complete tasks without it. Computers play a vital role. Systems such as mobile phone networks and the internet are also crucial to boost remote working. Many people now work at home. These systems make it easy for them to receive and do work assigned to them. People can now work not only from home but also from anywhere in the world.<\/p>\n\n\n\n<p><\/p>\n\n\n\n<!DOCTYPE html>\n<html lang=\"en\">\n<head>\n    <meta charset=\"UTF-8\">\n    <meta name=\"viewport\" content=\"width=device-width, initial-scale=1.0\">\n    <title>AI Blog Banner<\/title>\n    <style>\n        * {\n            margin: 0;\n            padding: 0;\n            box-sizing: border-box;\n        }\n\n        .banner {\n            position: relative;\n            width: 100%;\n            height: 350px;\n            overflow: hidden;\n            display: flex;\n            align-items: center;\n            justify-content: center;\n            font-family: 'Arial', sans-serif;\n            border-radius: 25px;\n        }\n\n        .animated-background {\n            position: absolute;\n            top: 0;\n            left: 0;\n            width: 100%;\n            height: 100%;\n            background: linear-gradient(45deg, #003f6b, #2d5a7b, #003f6b, #2d5a7b);\n            background-size: 400% 400%;\n            animation: gradientMove 8s ease-in-out infinite;\n        }\n\n        .ai-pattern {\n            position: absolute;\n            top: 0;\n            left: 0;\n            width: 100%;\n            height: 100%;\n            opacity: 0.1;\n            background-image: \n                radial-gradient(circle at 20% 20%, rgba(255,255,255,0.3) 2px, transparent 2px),\n                radial-gradient(circle at 80% 80%, rgba(255,255,255,0.2) 1px, transparent 1px),\n                radial-gradient(circle at 40% 60%, rgba(255,255,255,0.15) 1.5px, transparent 1.5px),\n                radial-gradient(circle at 60% 20%, rgba(255,255,255,0.25) 1px, transparent 1px),\n                radial-gradient(circle at 80% 40%, rgba(255,255,255,0.2) 2px, transparent 2px);\n            background-size: 100px 100px, 150px 150px, 80px 80px, 120px 120px, 90px 90px;\n            animation: patternFloat 12s linear infinite;\n        }\n\n        .neural-network {\n            position: absolute;\n            top: 0;\n            left: 0;\n            width: 100%;\n            height: 100%;\n            opacity: 0.08;\n        }\n\n        .neural-line {\n            position: absolute;\n            height: 1px;\n            background: linear-gradient(90deg, transparent, rgba(255,255,255,0.5), transparent);\n            animation: neuralPulse 6s ease-in-out infinite;\n        }\n\n        .neural-line:nth-child(1) {\n            top: 30%;\n            left: 0;\n            width: 60%;\n            animation-delay: 0s;\n        }\n\n        .neural-line:nth-child(2) {\n            top: 50%;\n            right: 0;\n            width: 70%;\n            animation-delay: 2s;\n        }\n\n        .neural-line:nth-child(3) {\n            top: 70%;\n            left: 20%;\n            width: 50%;\n            animation-delay: 4s;\n        }\n\n        .content {\n            position: relative;\n            z-index: 10;\n            text-align: center;\n            color: white !important;\n            max-width: 800px;\n            padding: 30px;\n        }\n\n        .content * {\n            color: white !important;\n        }\n\n        .cta-text {\n            font-size: 1.9rem;\n            font-weight: 700;\n            margin-bottom: 15px;\n            color: white !important;\n            background: linear-gradient(90deg, rgba(255,255,255,0.6), rgba(255,255,255,1), rgba(230,230,230,1), rgba(255,255,255,1), rgba(240,240,240,0.8), rgba(255,255,255,0.6));\n            background-size: 200% 100%;\n            -webkit-background-clip: text;\n            -webkit-text-fill-color: transparent;\n            background-clip: text;\n            animation: shineEffect 10s ease-in-out infinite;\n            line-height: 1.3;\n        }\n\n        .cta-subheading {\n            font-size: 1rem;\n            font-weight: 400;\n            margin-bottom: 25px;\n            color: white !important;\n            line-height: 1.6;\n            opacity: 0.95;\n        }\n\n        .cta-button {\n            background: linear-gradient(135deg, #8a6b0f, #bd9013, #d4a519);\n            border: 2px solid #8a6b0f;\n            color: white !important;\n            padding: 18px 40px;\n            font-size: 1.2rem;\n            font-weight: 600;\n            border-radius: 50px;\n            cursor: pointer;\n            transition: all 0.3s ease;\n            text-decoration: none;\n            display: inline-block;\n            position: relative;\n            overflow: hidden;\n        }\n\n        .cta-button::before {\n            content: '';\n            position: absolute;\n            top: 0;\n            left: -100%;\n            width: 100%;\n            height: 100%;\n            background: linear-gradient(90deg, \n                transparent 0%, \n                rgba(255, 255, 255, 0.3) 25%,\n                rgba(255, 255, 255, 0.6) 50%,\n                rgba(255, 255, 255, 0.3) 75%,\n                transparent 100%);\n            animation: shine 3s ease-in-out infinite;\n        }\n\n        .cta-button:hover {\n            transform: translateY(-3px);\n            box-shadow: 0 10px 25px rgba(0,0,0,0.2);\n            border-color: #bd9013;\n            background: linear-gradient(135deg, #bd9013, #d4a519, #e6b61f);\n        }\n\n        .floating-elements {\n            position: absolute;\n            top: 0;\n            left: 0;\n            width: 100%;\n            height: 100%;\n            pointer-events: none;\n        }\n\n        .floating-circle {\n            position: absolute;\n            border-radius: 50%;\n            background: rgba(255,255,255,0.1);\n            animation: float 8s ease-in-out infinite;\n        }\n\n        .floating-circle:nth-child(1) {\n            width: 80px;\n            height: 80px;\n            top: 20%;\n            left: 10%;\n            animation-delay: 0s;\n        }\n\n        .floating-circle:nth-child(2) {\n            width: 60px;\n            height: 60px;\n            top: 60%;\n            right: 15%;\n            animation-delay: 3s;\n        }\n\n        .floating-circle:nth-child(3) {\n            width: 40px;\n            height: 40px;\n            top: 80%;\n            left: 80%;\n            animation-delay: 6s;\n        }\n\n        .floating-circle:nth-child(4) {\n            width: 70px;\n            height: 70px;\n            top: 10%;\n            right: 20%;\n            animation-delay: 1.5s;\n        }\n\n        .floating-circle:nth-child(5) {\n            width: 50px;\n            height: 50px;\n            top: 75%;\n            left: 30%;\n            animation-delay: 4.5s;\n        }\n\n        @keyframes gradientMove {\n            0% { background-position: 0% 50%; }\n            25% { background-position: 100% 50%; }\n            50% { background-position: 100% 100%; }\n            75% { background-position: 0% 100%; }\n            100% { background-position: 0% 50%; }\n        }\n\n        @keyframes patternFloat {\n            0% { transform: translateX(0) translateY(0); }\n            33% { transform: translateX(30px) translateY(-20px); }\n            66% { transform: translateX(-20px) translateY(10px); }\n            100% { transform: translateX(0) translateY(0); }\n        }\n\n        @keyframes neuralPulse {\n            0%, 100% { opacity: 0.08; }\n            50% { opacity: 0.2; }\n        }\n\n        @keyframes shineEffect {\n            0% { background-position: 200% 0; }\n            100% { background-position: -200% 0; }\n        }\n\n        @keyframes shine {\n            0% {\n                left: -100%;\n            }\n            20%, 100% {\n                left: 100%;\n            }\n        }\n\n        @keyframes float {\n            0%, 100% { transform: translateY(0px) rotate(0deg); }\n            33% { transform: translateY(-30px) rotate(120deg); }\n            66% { transform: translateY(15px) rotate(240deg); }\n        }\n\n        @media (max-width: 768px) {\n            .banner {\n                height: 320px;\n                padding: 30px 0;\n            }\n            \n            .content {\n                padding: 40px 20px;\n            }\n            \n            .cta-text {\n                font-size: 1.3rem;\n                margin-bottom: 12px;\n            }\n            \n            .cta-subheading {\n                font-size: 0.85rem;\n                margin-bottom: 20px;\n            }\n            \n            .cta-button {\n                padding: 14px 28px;\n                font-size: 0.95rem;\n            }\n        }\n    <\/style>\n<\/head>\n<body>\n    <div class=\"banner\">\n        <div class=\"animated-background\"><\/div>\n        \n        <div class=\"ai-pattern\"><\/div>\n        \n        <div class=\"neural-network\">\n            <div class=\"neural-line\"><\/div>\n            <div class=\"neural-line\"><\/div>\n            <div class=\"neural-line\"><\/div>\n        <\/div>\n        \n        <div class=\"floating-elements\">\n            <div class=\"floating-circle\"><\/div>\n            <div class=\"floating-circle\"><\/div>\n            <div class=\"floating-circle\"><\/div>\n            <div class=\"floating-circle\"><\/div>\n            <div class=\"floating-circle\"><\/div>\n        <\/div>\n        \n        <div class=\"content\">\n            <div class=\"cta-text\">Ready to explore the insights that drive smarter decisions?<\/div>\n            <div class=\"cta-subheading\">Contact our Research experts today.<\/div>\n            <a href=\"mailto:Research@sisinternational.com\" class=\"cta-button\">Contact us now!<\/a>\n        <\/div>\n    <\/div>\n<\/body>\n<\/html>\n\n\n\n<p><\/p>\n\n\n\n<h2 class=\"wp-block-heading\" id=\"about-infrastructure-market-research\">Acerca de la investigaci\u00f3n de mercado de infraestructura<\/h2>\n\n\n\n<p>La investigaci\u00f3n de mercado analiza el estado de la econom\u00eda. A trav\u00e9s de esto, ves lo que tiene que suceder. Lo mejor ser\u00eda que realizaras una investigaci\u00f3n cualitativa y cuantitativa, y tambi\u00e9n una investigaci\u00f3n estrat\u00e9gica. La investigaci\u00f3n de mercado tambi\u00e9n puede implicar grupos focales, encuestas y entrevistas. Cont\u00e1ctenos hoy para encontrar el mejor m\u00e9todo para su negocio.<\/p>\n\n\n<h2>Nuestra ubicaci\u00f3n de instalaciones en Nueva York<\/h2>\n<p><!-- \/wp:post-content --> <!-- wp:html --> <iframe loading=\"lazy\" src=\"https:\/\/www.google.com\/maps\/embed?pb=!1m18!1m12!1m3!1d3022.976188376966!2d-73.99130312499956!3d40.740549471389315!2m3!1f0!2f0!3f0!3m2!1i1024!2i768!4f13.1!3m3!1m2!1s0x89c259a15798c731%3A0xd695d09bdd495f25!2s11%20E%2022nd%20St%20FL%202%2C%20New%20York%2C%20NY%2010010%2C%20USA!5e0!3m2!1sen!2spe!4v1726171763526!5m2!1sen!2spe\" width=\"600\" height=\"450\" allowfullscreen=\"allowfullscreen\" data-mce-fragment=\"1\"><\/iframe> <!-- \/wp:html --> <!-- wp:paragraph --><\/p>\n<h3 class=\"wp-block-heading\">11 E 22nd Street, Piso 2, Nueva York, NY 10010 T: +1(212) 505-6805<\/h3>\n<hr \/>\n<h2><span style=\"font-weight: 400;\">Acerca de SIS Internacional<\/span><\/h2>\n<p><a href=\"https:\/\/www.sisinternational.com\/es\/\"><span style=\"font-weight: 400;\">SIS Internacional<\/span><\/a><span style=\"font-weight: 400;\"> ofrece investigaci\u00f3n cuantitativa, cualitativa y estrat\u00e9gica. Proporcionamos datos, herramientas, estrategias, informes y conocimientos para la toma de decisiones. Tambi\u00e9n realizamos entrevistas, encuestas, grupos focales y otros m\u00e9todos y enfoques de investigaci\u00f3n de mercado.<\/span><a href=\"https:\/\/www.sisinternational.com\/es\/sobre-la-investigacion-internacional-de-sis\/contact-sis-international-market-research\/\"><span style=\"font-weight: 400;\"> P\u00f3ngase en contacto con nosotros<\/span><\/a><span style=\"font-weight: 400;\"> para su pr\u00f3ximo proyecto de Investigaci\u00f3n de Mercado.<\/span><\/p>\n<p><!-- wp:heading --><\/p>\n<p><!-- wp:paragraph --><\/p>\n<p><!-- \/wp:paragraph --><!-- \/wp:heading --><\/p>\n\n<!-- wp:paragraph -->\n<p><\/p>\n<!-- \/wp:paragraph -->","protected":false},"excerpt":{"rendered":"<p>Haga crecer su negocio con la investigaci\u00f3n de mercado de infraestructura.<\/p>","protected":false},"author":1,"featured_media":64241,"parent":84498,"menu_order":82,"comment_status":"closed","ping_status":"closed","template":"","meta":{"footnotes":""},"class_list":["post-39118","page","type-page","status-publish","has-post-thumbnail"],"_links":{"self":[{"href":"https:\/\/www.sisinternational.com\/es\/wp-json\/wp\/v2\/pages\/39118","targetHints":{"allow":["GET"]}}],"collection":[{"href":"https:\/\/www.sisinternational.com\/es\/wp-json\/wp\/v2\/pages"}],"about":[{"href":"https:\/\/www.sisinternational.com\/es\/wp-json\/wp\/v2\/types\/page"}],"author":[{"embeddable":true,"href":"https:\/\/www.sisinternational.com\/es\/wp-json\/wp\/v2\/users\/1"}],"replies":[{"embeddable":true,"href":"https:\/\/www.sisinternational.com\/es\/wp-json\/wp\/v2\/comments?post=39118"}],"version-history":[{"count":10,"href":"https:\/\/www.sisinternational.com\/es\/wp-json\/wp\/v2\/pages\/39118\/revisions"}],"predecessor-version":[{"id":73368,"href":"https:\/\/www.sisinternational.com\/es\/wp-json\/wp\/v2\/pages\/39118\/revisions\/73368"}],"up":[{"embeddable":true,"href":"https:\/\/www.sisinternational.com\/es\/wp-json\/wp\/v2\/pages\/84498"}],"wp:featuredmedia":[{"embeddable":true,"href":"https:\/\/www.sisinternational.com\/es\/wp-json\/wp\/v2\/media\/64241"}],"wp:attachment":[{"href":"https:\/\/www.sisinternational.com\/es\/wp-json\/wp\/v2\/media?parent=39118"}],"curies":[{"name":"wp","href":"https:\/\/api.w.org\/{rel}","templated":true}]}}