{"id":39116,"date":"2021-10-21T03:34:48","date_gmt":"2021-10-21T03:34:48","guid":{"rendered":"https:\/\/www.sisinternational.com\/?page_id=39116"},"modified":"2026-01-25T17:17:30","modified_gmt":"2026-01-25T22:17:30","slug":"investigacion-de-mercado-de-la-industria-pesada","status":"publish","type":"page","link":"https:\/\/www.sisinternational.com\/es\/pericia\/investigacion-de-mercado-de-la-industria-pesada\/","title":{"rendered":"Investigaci\u00f3n de mercado de la industria pesada"},"content":{"rendered":"<h1 class=\"wp-block-heading\">Investigaci\u00f3n de mercado de la industria pesada<\/h1>\n\n\n\n<figure class=\"gb-block-image gb-block-image-405d5ad1\"><img loading=\"lazy\" decoding=\"async\" width=\"1456\" height=\"816\" class=\"gb-image gb-image-405d5ad1\" src=\"https:\/\/www.sisinternational.com\/wp-content\/uploads\/2025\/08\/Heavy-machinery-6.jpg\" alt=\"Investigaci\u00f3n y estrategia de mercado internacional de SIS\" title=\"Heavy machinery (6)\" srcset=\"https:\/\/www.sisinternational.com\/wp-content\/uploads\/2025\/08\/Heavy-machinery-6.jpg 1456w, https:\/\/www.sisinternational.com\/wp-content\/uploads\/2025\/08\/Heavy-machinery-6-300x168.jpg 300w, https:\/\/www.sisinternational.com\/wp-content\/uploads\/2025\/08\/Heavy-machinery-6-1024x574.jpg 1024w, https:\/\/www.sisinternational.com\/wp-content\/uploads\/2025\/08\/Heavy-machinery-6-768x430.jpg 768w, https:\/\/www.sisinternational.com\/wp-content\/uploads\/2025\/08\/Heavy-machinery-6-18x10.jpg 18w\" sizes=\"auto, (max-width: 1456px) 100vw, 1456px\"><\/figure>\n\n\n\n<p><\/p>\n\n\n\n<h2 class=\"wp-block-heading\">\u00bfQu\u00e9 es la investigaci\u00f3n de mercado de la industria pesada?<\/h2>\n\n\n\n<p>La industria pesada se centra menos en el consumidor que el sector de la industria ligera. Pero utiliza mucho m\u00e1s capital. Adem\u00e1s, a menudo implica extraer y utilizar materias primas para producir bienes. Por tanto, la industria pesada tiene un gran impacto en varias industrias.<\/p>\n\n\n\n<p>Ejemplos de industria pesada son:<\/p>\n\n\n\n<ul class=\"wp-block-list\">\n<li>Construcci\u00f3n naval<\/li>\n\n\n\n<li>construcci\u00f3n de m\u00e1quinas herramienta<\/li>\n\n\n\n<li>Producci\u00f3n de acero<\/li>\n\n\n\n<li>Miner\u00eda<\/li>\n\n\n\n<li>Productos qu\u00edmicos<\/li>\n<\/ul>\n\n\n\n<p>La industria pesada tambi\u00e9n incluye la fabricaci\u00f3n de equipos utilizados para la agricultura y la construcci\u00f3n.<\/p>\n\n\n\n<p>Uno de los principales impulsores del mercado en este sector es el aumento del gasto en construcci\u00f3n en todo el mundo. Pero crear nuevos productos en el sector de la industria pesada requiere enormes desembolsos de capital. As\u00ed, las peque\u00f1as empresas de este sector s\u00f3lo pueden producir maquinaria especializada.<\/p>\n\n\n\n<h2 class=\"wp-block-heading\">\u00bfPor qu\u00e9 es importante la investigaci\u00f3n de mercado de la industria pesada?<\/h2>\n\n\n\n<p>In all industries and sectors, Market Research is essential. It is vital in the Heavy Industry industry, where the effects of making misinformed decisions can be severe. At times, such decisions can be nothing short of disastrous. Market Research is vital for entering new markets as well as acquiring other businesses. It\u2019s also needed for major new product launches. Here are four reasons why <a href=\"https:\/\/www.sisinternational.com\/es\/investigacion-de-mercado-de-la-industria-educativa\/\" title=\"Investigaci\u00f3n de mercado de la industria educativa\"  data-wpil-monitor-id=\"1818\">Market Research benefits Heavy Industry<\/a>:<\/p>\n\n\n\n<p>1. Ayuda a los actores de la industria a obtener informaci\u00f3n primaria. De hecho, es raro obtener informaci\u00f3n de este tipo de fuentes secundarias.<\/p>\n\n\n\n<p>2. Ayuda a los fabricantes de productos de la industria pesada a identificar personas compradoras.<\/p>\n\n\n\n<p>3. Les ayuda a identificar contenidos y m\u00e9todos que los mantendr\u00e1n relevantes.<\/p>\n\n\n\n<p>4. Les ayuda a reducir el riesgo.<\/p>\n\n\n\n<h2 class=\"wp-block-heading\">T\u00edtulos de trabajo clave<\/h2>\n\n\n\n<h3 class=\"wp-block-heading\">Los t\u00edtulos de trabajo cr\u00edticos en la industria pesada son los siguientes:<\/h3>\n\n\n\n<ul class=\"wp-block-list\">\n<li><strong>Ensamblador: <\/strong>Un ensamblador ensambla equipos de la industria pesada. \u00c9l o ella ensambla las diferentes partes de un producto para hacerlo funcional.<\/li>\n\n\n\n<li><strong>Operador\/Maquinista: <\/strong>Los operadores y maquinistas son expertos en el uso de m\u00e1quinas. Los operadores\/maquinistas tambi\u00e9n deben ser buenos para resolver fallos de funcionamiento de las m\u00e1quinas. La mayor\u00eda de los operadores saben utilizar casi todo tipo de m\u00e1quinas. Por tanto, la mayor\u00eda de ellos son expertos en el manejo de m\u00e1quinas.<\/li>\n\n\n\n<li><strong>Inspector de calidad: <\/strong>Un inspector de calidad es un especialista en comprobar el buen funcionamiento de la maquinaria. Esa persona tambi\u00e9n puede identificar el valor de una m\u00e1quina en el mercado. Los inspectores de calidad tienden a conocer todo tipo de material utilizado en cualquier equipo pesado.<\/li>\n<\/ul>\n\n\n\n<h2 class=\"wp-block-heading\">Por qu\u00e9 las empresas necesitan una investigaci\u00f3n de mercado de la industria pesada<\/h2>\n\n\n\n<p>La investigaci\u00f3n de mercado proporciona conocimiento del estado actual del mercado. Las empresas tambi\u00e9n pueden utilizarlo para predecir las necesidades futuras de los consumidores. Los ciclos de ventas en este sector suelen ser largos. La investigaci\u00f3n de mercado puede ayudar a determinar las mejores formas de mantener a los clientes potenciales interesados durante todo el proceso.<\/p>\n\n\n\n<p>Las empresas con alcance global deben ajustarse a los est\u00e1ndares locales. Deben mantenerse informados durante todas las etapas de los procesos de producci\u00f3n y ventas. La investigaci\u00f3n de mercado puede ayudarle a identificar y seguir las tendencias emergentes. Por lo tanto, gastar\u00e1 menos dinero en sorpresas de cumplimiento.<\/p>\n\n\n\n<h2 class=\"wp-block-heading\">Factores claves del \u00e9xito<\/h2>\n\n\n\n<p>Los expertos han se\u00f1alado varios factores que pueden ayudar a los actores de esta industria. Estos factores pueden ayudarles a competir en sus respectivos mercados. Incluyen:<\/p>\n\n\n\n<ul class=\"wp-block-list\">\n<li><strong>Productividad:<\/strong> La expansi\u00f3n a menudo significa aumentar la producci\u00f3n sin aumentar el tama\u00f1o de la planta. Por tanto, los actores de la industria deben centrarse en ser m\u00e1s eficientes en sus operaciones.<\/li>\n\n\n\n<li><strong>Conectividad:<\/strong> Miles de millones de m\u00e1quinas y equipos ahora se conectan a Internet gracias al poder de la IA. Para que los fabricantes de equipos de la industria pesada puedan competir, deben ver sus sistemas como parte de un mundo conectado.<\/li>\n\n\n\n<li><strong>Estandarizaci\u00f3n:<\/strong> El proceso de fabricaci\u00f3n de m\u00e1quinas que cumplen con un est\u00e1ndar hace que las operaciones de la industria pesada sean m\u00e1s eficientes. Por un lado, es m\u00e1s r\u00e1pido llevar el producto al mercado. Tambi\u00e9n permite a los actores de la industria mejorar continuamente.<\/li>\n<\/ul>\n\n\n\n<h2 class=\"wp-block-heading\">Acerca de la investigaci\u00f3n de mercado de la industria pesada<\/h2>\n\n\n\n<figure class=\"gb-block-image gb-block-image-5181c579\"><img loading=\"lazy\" decoding=\"async\" width=\"1456\" height=\"816\" class=\"gb-image gb-image-5181c579\" src=\"https:\/\/www.sisinternational.com\/wp-content\/uploads\/2025\/08\/Heavy-machinery-7.jpg\" alt=\"Investigaci\u00f3n y estrategia de mercado internacional de SIS\" title=\"Heavy machinery (7)\" srcset=\"https:\/\/www.sisinternational.com\/wp-content\/uploads\/2025\/08\/Heavy-machinery-7.jpg 1456w, https:\/\/www.sisinternational.com\/wp-content\/uploads\/2025\/08\/Heavy-machinery-7-300x168.jpg 300w, https:\/\/www.sisinternational.com\/wp-content\/uploads\/2025\/08\/Heavy-machinery-7-1024x574.jpg 1024w, https:\/\/www.sisinternational.com\/wp-content\/uploads\/2025\/08\/Heavy-machinery-7-768x430.jpg 768w, https:\/\/www.sisinternational.com\/wp-content\/uploads\/2025\/08\/Heavy-machinery-7-18x10.jpg 18w\" sizes=\"auto, (max-width: 1456px) 100vw, 1456px\"><\/figure>\n\n\n\n<p><\/p>\n\n\n\n<p>Through the years, Heavy <a href=\"https:\/\/www.sisinternational.com\/es\/pericia\/industrias\/investigacion-de-mercado-de-la-industria-de-la-fotografia\/\" title=\"Investigaci\u00f3n de mercado de la industria de la fotograf\u00eda\"  data-wpil-monitor-id=\"3192\">Industry Market Research<\/a> has helped the field of science. It has made room for avant-garde players in technology, manufacturing, and machinery, and it enables them to survive future risks at least.<\/p>\n\n\n\n<p>Realizamos Investigaci\u00f3n Cualitativa, Cuantitativa y Estrat\u00e9gica a trav\u00e9s de entrevistas y encuestas. Tambi\u00e9n organizamos grupos focales para ayudar a evaluar la respuesta del mercado a los productos.<\/p>\n\n\n\n<p>Companies need to see the importance of Heavy <a href=\"https:\/\/www.sisinternational.com\/es\/pericia\/industrias\/investigacion-de-mercado-de-diseno-industrial\/\" title=\"Investigaci\u00f3n de Mercado de Dise\u00f1o Industrial\"  data-wpil-monitor-id=\"4154\">Industry Market Research<\/a>. It takes time, money, and effort, but it builds endless potential. It also enables the makers of heavy equipment to improve their bottom line.<\/p>\n\n\n\n<p><\/p>","protected":false},"excerpt":{"rendered":"<p>La investigaci\u00f3n de mercado de la industria pesada ha ayudado a la ciencia y ha permitido a los actores de vanguardia en tecnolog\u00eda, fabricaci\u00f3n y maquinaria.<\/p>","protected":false},"author":1,"featured_media":63560,"parent":14514,"menu_order":81,"comment_status":"closed","ping_status":"closed","template":"","meta":{"footnotes":""},"class_list":["post-39116","page","type-page","status-publish","has-post-thumbnail"],"_links":{"self":[{"href":"https:\/\/www.sisinternational.com\/es\/wp-json\/wp\/v2\/pages\/39116","targetHints":{"allow":["GET"]}}],"collection":[{"href":"https:\/\/www.sisinternational.com\/es\/wp-json\/wp\/v2\/pages"}],"about":[{"href":"https:\/\/www.sisinternational.com\/es\/wp-json\/wp\/v2\/types\/page"}],"author":[{"embeddable":true,"href":"https:\/\/www.sisinternational.com\/es\/wp-json\/wp\/v2\/users\/1"}],"replies":[{"embeddable":true,"href":"https:\/\/www.sisinternational.com\/es\/wp-json\/wp\/v2\/comments?post=39116"}],"version-history":[{"count":6,"href":"https:\/\/www.sisinternational.com\/es\/wp-json\/wp\/v2\/pages\/39116\/revisions"}],"predecessor-version":[{"id":78263,"href":"https:\/\/www.sisinternational.com\/es\/wp-json\/wp\/v2\/pages\/39116\/revisions\/78263"}],"up":[{"embeddable":true,"href":"https:\/\/www.sisinternational.com\/es\/wp-json\/wp\/v2\/pages\/14514"}],"wp:featuredmedia":[{"embeddable":true,"href":"https:\/\/www.sisinternational.com\/es\/wp-json\/wp\/v2\/media\/63560"}],"wp:attachment":[{"href":"https:\/\/www.sisinternational.com\/es\/wp-json\/wp\/v2\/media?parent=39116"}],"curies":[{"name":"wp","href":"https:\/\/api.w.org\/{rel}","templated":true}]}}