{"id":39114,"date":"2021-10-21T03:25:35","date_gmt":"2021-10-21T03:25:35","guid":{"rendered":"https:\/\/www.sisinternational.com\/?page_id=39114"},"modified":"2025-09-14T23:19:31","modified_gmt":"2025-09-15T03:19:31","slug":"investigacion-de-mercado-genomica","status":"publish","type":"page","link":"https:\/\/www.sisinternational.com\/es\/pericia\/investigacion-de-mercado-genomica\/","title":{"rendered":"Investigaci\u00f3n de mercado gen\u00f3mica"},"content":{"rendered":"<h1 class=\"wp-block-heading\">Investigaci\u00f3n de mercado gen\u00f3mica<\/h1>\n\n\n\n<figure class=\"gb-block-image gb-block-image-29d616c7\"><img loading=\"lazy\" decoding=\"async\" width=\"1456\" height=\"816\" class=\"gb-image gb-image-29d616c7\" src=\"https:\/\/www.sisinternational.com\/wp-content\/uploads\/2025\/08\/DNA-genomics-genetics-5.jpg\" alt=\"Investigaci\u00f3n y estrategia de mercado internacional de SIS\" title=\"DNA genomics genetics (5)\" srcset=\"https:\/\/www.sisinternational.com\/wp-content\/uploads\/2025\/08\/DNA-genomics-genetics-5.jpg 1456w, https:\/\/www.sisinternational.com\/wp-content\/uploads\/2025\/08\/DNA-genomics-genetics-5-300x168.jpg 300w, https:\/\/www.sisinternational.com\/wp-content\/uploads\/2025\/08\/DNA-genomics-genetics-5-1024x574.jpg 1024w, https:\/\/www.sisinternational.com\/wp-content\/uploads\/2025\/08\/DNA-genomics-genetics-5-768x430.jpg 768w, https:\/\/www.sisinternational.com\/wp-content\/uploads\/2025\/08\/DNA-genomics-genetics-5-18x10.jpg 18w\" sizes=\"auto, (max-width: 1456px) 100vw, 1456px\"><\/figure>\n\n\n\n<p><\/p>\n\n\n\n<h2 class=\"wp-block-heading\">\u00bfQu\u00e9 es la gen\u00f3mica?<\/h2>\n\n\n\n<p>Genomics is the study of genes and all DNA. The data genomics can help diagnose an illness. It can also determine the chance of getting a condition in later life. Also,\u00a0genomics can detect the right type of medicine needed for certain illnesses. Another great thing about this field is that it has no limits. As a matter of fact,\u00a0this type of tech can tell you your disease risk. As a result, diseases and outbreaks can be traced and cured.<\/p>\n\n\n\n<h2 class=\"wp-block-heading\">\u00bfPor qu\u00e9 es importante la investigaci\u00f3n de mercado gen\u00f3mico?<\/h2>\n\n\n\n<ul class=\"wp-block-list\">\n<li>Escanea toda tu composici\u00f3n gen\u00e9tica utilizando m\u00e9todos de secuenciaci\u00f3n de ADN y bioinform\u00e1tica.<\/li>\n\n\n\n<li>It will be able to point out where genes have been tampered with. And also, why we have certain kinds of diseases and ways of curing them.<\/li>\n\n\n\n<li>La gen\u00f3mica puede indicarle las probabilidades de tener ciertos genes. Tambi\u00e9n puede predecir el riesgo de cambio en la pr\u00f3xima generaci\u00f3n.<\/li>\n<\/ul>\n\n\n\n<h2 class=\"wp-block-heading\">T\u00edtulos de trabajo clave<\/h2>\n\n\n\n<h3 class=\"wp-block-heading\">Genetista Cl\u00ednico<\/h3>\n\n\n\n<p>A clinical geneticist helps in giving the correct lab tests on genes. In addition, they counsel patients who are at risk of genetic health problems.<\/p>\n\n\n\n<h3 class=\"wp-block-heading\">Asesor Gen\u00e9tico<\/h3>\n\n\n\n<p>Los asesores gen\u00e9ticos asesoran a los pacientes sobre las decisiones que toman sobre su salud gen\u00e9tica. Combinan sus conocimientos de ciencia b\u00e1sica y gen\u00e9tica m\u00e9dica para asesorar a los clientes sobre un conjunto diverso de indicaciones gen\u00e9ticas.<\/p>\n\n\n\n<h3 class=\"wp-block-heading\">cient\u00edfico de datos<\/h3>\n\n\n\n<p>Los cient\u00edficos de datos comparan datos de organismos modelo con datos humanos para obtener informaci\u00f3n biom\u00e9dica. Tambi\u00e9n interpretan secuencias y datos cl\u00ednicos. Adem\u00e1s, utilizan herramientas y m\u00e9todos inform\u00e1ticos para extraer datos de estudios de medicina gen\u00f3mica.<\/p>\n\n\n\n<h3 class=\"wp-block-heading\">Investigadores gen\u00f3micos<\/h3>\n\n\n\n<p>Los investigadores gen\u00f3micos deciden las funciones de los genes y otros datos del genoma. Por ejemplo, definen la secuenciaci\u00f3n del ADN y las diferencias en los humanos y sus efectos.<\/p>\n\n\n\n<h2 class=\"wp-block-heading\">\u00bfPor qu\u00e9 las empresas necesitan investigaciones de mercado sobre gen\u00f3mica?<\/h2>\n\n\n\n<figure class=\"gb-block-image gb-block-image-9abcbf42\"><img loading=\"lazy\" decoding=\"async\" width=\"1456\" height=\"816\" class=\"gb-image gb-image-9abcbf42\" src=\"https:\/\/www.sisinternational.com\/wp-content\/uploads\/2025\/08\/DNA-genomics-genetics-4.jpg\" alt=\"Investigaci\u00f3n y estrategia de mercado internacional de SIS\" title=\"DNA genomics genetics (4)\" srcset=\"https:\/\/www.sisinternational.com\/wp-content\/uploads\/2025\/08\/DNA-genomics-genetics-4.jpg 1456w, https:\/\/www.sisinternational.com\/wp-content\/uploads\/2025\/08\/DNA-genomics-genetics-4-300x168.jpg 300w, https:\/\/www.sisinternational.com\/wp-content\/uploads\/2025\/08\/DNA-genomics-genetics-4-1024x574.jpg 1024w, https:\/\/www.sisinternational.com\/wp-content\/uploads\/2025\/08\/DNA-genomics-genetics-4-768x430.jpg 768w, https:\/\/www.sisinternational.com\/wp-content\/uploads\/2025\/08\/DNA-genomics-genetics-4-18x10.jpg 18w\" sizes=\"auto, (max-width: 1456px) 100vw, 1456px\"><\/figure>\n\n\n\n<p><\/p>\n\n\n\n<p>Genetic <a href=\"https:\/\/www.sisinternational.com\/es\/la-mejor-empresa-de-analisis-de-la-industria-en-nueva-york\/\" title=\"La mejor empresa de an\u00e1lisis de la industria en Nueva York\"  data-wpil-monitor-id=\"7831\">analysis can help companies<\/a> in the health and wellness sector to understand why some people get sick from certain infections. It also helps to unveil why climate factors affect some people and have little or no effect on others. For example,\u00a0some\u00a0eat healthy diets, have regular medical tests, and die of chest pains at age 40. In contrast, some people smoke, eat junk foods, and live to be 100.<\/p>\n\n\n\n<p>Further, in the US, genomics plays an effective role in getting rid of nine of the ten leading causes of death.\u00a0It helps\u00a0people to know their risk factors, and it also enables them to change their environment to suit. It also alters a genome with a unique order. In addition, it gives a high regard for what our DNA means for our health and values.<\/p>\n\n\n\n<h2 class=\"wp-block-heading\">Factores de \u00e9xito importantes<\/h2>\n\n\n\n<p>With genomics, clinicians get enough knowledge of genes and their environment. Moreover, the ability to read the human genome has led to many discoveries on the causes of rare disorders. After all, it is hard to deny the relief that genomics has brought to patients. Clinicians can now break down a tumor and look at it in detail, according to its mutations.&nbsp;What\u2019s more, Genomics helps in&nbsp;finding better ways to prevent disease, like preventing the onset of Type 2 diabetes. In addition, it helps how we study and treat cancer.<\/p>\n\n\n\n<h2 class=\"wp-block-heading\">Investigaci\u00f3n de mercado gen\u00f3mica<\/h2>\n\n\n\n<p>Nuestro <a href=\"https:\/\/www.sisinternational.com\/es\/cobertura\/investigacion-de-mercado-asia\/market-research-in-china-2\/encuesta-empresa-de-investigacion-de-mercado-china\/\" title=\"Empresa de investigaci\u00f3n de mercado de encuestas en China\"  data-wpil-monitor-id=\"7833\">company does live interviews and surveys<\/a>, and we collect data about what your customers think.\u00a0We also organize focus groups, which are one of the most effective and popular <a href=\"https:\/\/www.sisinternational.com\/es\/quantitative-market-research-methods-and-techniques\/\" title=\"Quantitative Market Research Methods and Techniques\"  data-wpil-monitor-id=\"7830\">market research methods<\/a> available to gather in-depth insights. Focus groups also reveal customers\u2019 true points of view and opinions.<\/p>\n\n\n\n<p><a href=\"https:\/\/www.sisinternational.com\/es\/qualitative-research-to-enhance-customer-experience\/\" title=\"Qualitative Research to Enhance Customer Experience\"  data-wpil-monitor-id=\"7829\">Qualitative research helps us to understand customer<\/a> behavior. It also identifies reasons for product rebuying. Quantitative research, on the other hand, gives us objective data about your customers\u2019 buying habits. With strategy research, we help you save money and ensure <a href=\"https:\/\/www.sisinternational.com\/es\/predictive-analytics\/\" title=\"Predictive Analytics: Your Crystal Ball for Business Success\"  data-wpil-monitor-id=\"7832\">success for your business<\/a>.<\/p>\n\n\n\n<p><\/p>","protected":false},"excerpt":{"rendered":"<p>La investigaci\u00f3n gen\u00f3mica ayuda a las empresas del sector de la salud a comprender por qu\u00e9 las personas se enferman a causa de infecciones y c\u00f3mo los factores clim\u00e1ticos afectan a las personas.<\/p>","protected":false},"author":1,"featured_media":63647,"parent":14514,"menu_order":80,"comment_status":"closed","ping_status":"closed","template":"","meta":{"footnotes":""},"class_list":["post-39114","page","type-page","status-publish","has-post-thumbnail"],"_links":{"self":[{"href":"https:\/\/www.sisinternational.com\/es\/wp-json\/wp\/v2\/pages\/39114","targetHints":{"allow":["GET"]}}],"collection":[{"href":"https:\/\/www.sisinternational.com\/es\/wp-json\/wp\/v2\/pages"}],"about":[{"href":"https:\/\/www.sisinternational.com\/es\/wp-json\/wp\/v2\/types\/page"}],"author":[{"embeddable":true,"href":"https:\/\/www.sisinternational.com\/es\/wp-json\/wp\/v2\/users\/1"}],"replies":[{"embeddable":true,"href":"https:\/\/www.sisinternational.com\/es\/wp-json\/wp\/v2\/comments?post=39114"}],"version-history":[{"count":4,"href":"https:\/\/www.sisinternational.com\/es\/wp-json\/wp\/v2\/pages\/39114\/revisions"}],"predecessor-version":[{"id":81322,"href":"https:\/\/www.sisinternational.com\/es\/wp-json\/wp\/v2\/pages\/39114\/revisions\/81322"}],"up":[{"embeddable":true,"href":"https:\/\/www.sisinternational.com\/es\/wp-json\/wp\/v2\/pages\/14514"}],"wp:featuredmedia":[{"embeddable":true,"href":"https:\/\/www.sisinternational.com\/es\/wp-json\/wp\/v2\/media\/63647"}],"wp:attachment":[{"href":"https:\/\/www.sisinternational.com\/es\/wp-json\/wp\/v2\/media?parent=39114"}],"curies":[{"name":"wp","href":"https:\/\/api.w.org\/{rel}","templated":true}]}}