{"id":39111,"date":"2021-10-21T03:17:47","date_gmt":"2021-10-21T03:17:47","guid":{"rendered":"https:\/\/www.sisinternational.com\/?page_id=39111"},"modified":"2025-09-14T23:17:39","modified_gmt":"2025-09-15T03:17:39","slug":"analisis-conjunto-investigacion-de-mercado","status":"publish","type":"page","link":"https:\/\/www.sisinternational.com\/es\/soluciones\/soluciones-de-investigacion-cualitativa-cuantitativa\/analisis-conjunto-investigacion-de-mercado\/","title":{"rendered":"\u00bfQu\u00e9 es la investigaci\u00f3n de mercado de an\u00e1lisis conjunto?"},"content":{"rendered":"<h1 class=\"wp-block-heading\">\u00bfQu\u00e9 es la investigaci\u00f3n de mercado de an\u00e1lisis conjunto?<\/h1>\n\n\n\n<figure class=\"gb-block-image gb-block-image-f83c43bc\"><img loading=\"lazy\" decoding=\"async\" width=\"1456\" height=\"816\" class=\"gb-image gb-image-f83c43bc\" src=\"https:\/\/www.sisinternational.com\/wp-content\/uploads\/2025\/09\/Quantitative-research-23.jpg\" alt=\"Investigaci\u00f3n y estrategia de mercado internacional de SIS\" title=\"Quantitative research (23)\" srcset=\"https:\/\/www.sisinternational.com\/wp-content\/uploads\/2025\/09\/Quantitative-research-23.jpg 1456w, https:\/\/www.sisinternational.com\/wp-content\/uploads\/2025\/09\/Quantitative-research-23-300x168.jpg 300w, https:\/\/www.sisinternational.com\/wp-content\/uploads\/2025\/09\/Quantitative-research-23-1024x574.jpg 1024w, https:\/\/www.sisinternational.com\/wp-content\/uploads\/2025\/09\/Quantitative-research-23-768x430.jpg 768w, https:\/\/www.sisinternational.com\/wp-content\/uploads\/2025\/09\/Quantitative-research-23-18x10.jpg 18w\" sizes=\"auto, (max-width: 1456px) 100vw, 1456px\"><\/figure>\n\n\n\n<p><\/p>\n\n\n\n<h2 class=\"wp-block-heading\">El an\u00e1lisis conjunto determina c\u00f3mo los consumidores valoran los diferentes atributos de un producto o servicio.<\/h2>\n\n\n\n<p>Por ejemplo, lo utilizan las industrias de bienes de consumo y productos el\u00e9ctricos. El objetivo del an\u00e1lisis conjunto es encontrar qu\u00e9 combinaci\u00f3n de un grupo de atributos es la m\u00e1s importante para los consumidores.<\/p>\n\n\n\n<p>A continuaci\u00f3n se explica c\u00f3mo realizar un estudio de dise\u00f1o conjunto. En primer lugar, hay que reconocer el problema empresarial. En segundo lugar, deber\u00e1 crear preguntas de investigaci\u00f3n. En tercer lugar, puede elegir un m\u00e9todo de encuesta. En cuarto lugar, \u00a1es hora de recopilar datos! Luego viene la parte divertida: en este punto, necesitar\u00e1s limpiar los datos, analizarlos, preparar una presentaci\u00f3n y determinar tus acciones comerciales.<\/p>\n\n\n\n<p><strong>Tipos de an\u00e1lisis conjunto:<\/strong><\/p>\n\n\n\n<ul class=\"wp-block-list\">\n<li>An\u00e1lisis conjunto basado en men\u00fas<\/li>\n\n\n\n<li>An\u00e1lisis conjunto de perfil completo<\/li>\n\n\n\n<li>An\u00e1lisis conjunto basado en elecciones<\/li>\n\n\n\n<li>An\u00e1lisis conjunto adaptativo<\/li>\n<\/ul>\n\n\n\n<h2 class=\"wp-block-heading\">\u00bfPor qu\u00e9 es importante la investigaci\u00f3n de mercado de an\u00e1lisis conjunto?<\/h2>\n\n\n\n<p>Para una empresa que intenta &quot;meterse en la cabeza de los clientes&quot;, el an\u00e1lisis conjunto no es una herramienta m\u00e1s. Es la mejor herramienta para eso. El an\u00e1lisis conjunto es m\u00e1s \u00fatil para:<\/p>\n\n\n\n<ul class=\"wp-block-list\">\n<li>Descubrir los sacrificios que hacen los compradores al mirar muchas caracter\u00edsticas juntas<\/li>\n\n\n\n<li>Descubrir c\u00f3mo valoran los compradores cada caracter\u00edstica<\/li>\n\n\n\n<li>Mostrando c\u00f3mo los compradores toman decisiones en el mundo real<\/li>\n<\/ul>\n\n\n\n<p>Por ejemplo, veamos un estudio conjunto de televisores inteligentes. Primero, una empresa de electr\u00f3nica quiere empezar a vender una nueva l\u00ednea de televisores inteligentes. Para obtener el mayor beneficio, quieren saber qu\u00e9 caracter\u00edsticas son m\u00e1s importantes para los compradores.<\/p>\n\n\n\n<p>Se basan en cuatro atributos principales.<\/p>\n\n\n\n<ul class=\"wp-block-list\">\n<li>Longitud<\/li>\n\n\n\n<li>Marca<\/li>\n\n\n\n<li>Tipo de pantalla (OLED, LED, LCD)<\/li>\n\n\n\n<li>Precio<\/li>\n<\/ul>\n\n\n\n<p>Si tuvi\u00e9ramos que utilizar un an\u00e1lisis conjunto basado en elecciones, las opciones ser\u00edan las siguientes:<\/p>\n\n\n\n<h3 class=\"wp-block-heading\">OPCI\u00d3N 1<\/h3>\n\n\n\n<ul class=\"wp-block-list\">\n<li>Tama\u00f1o de pantalla: 50\u2033<\/li>\n\n\n\n<li>Marca: Sony<\/li>\n\n\n\n<li>Tipo de pantalla: LED<\/li>\n\n\n\n<li>Precio: $550.00<\/li>\n<\/ul>\n\n\n\n<h3 class=\"wp-block-heading\">OPCION 2<\/h3>\n\n\n\n<ul class=\"wp-block-list\">\n<li>Tama\u00f1o de pantalla: 40\u2033<\/li>\n\n\n\n<li>Marca: Amazonas<\/li>\n\n\n\n<li>Tipo de pantalla: LED<\/li>\n\n\n\n<li>Precio: $350<\/li>\n<\/ul>\n\n\n\n<h3 class=\"wp-block-heading\">OPCI\u00d3N 3<\/h3>\n\n\n\n<ul class=\"wp-block-list\">\n<li>Tama\u00f1o de pantalla: 65\u2033<\/li>\n\n\n\n<li>Marca: Samsung<\/li>\n\n\n\n<li>Tipo de pantalla: QLED<\/li>\n\n\n\n<li>Precio: $750.00<\/li>\n<\/ul>\n\n\n\n<h3 class=\"wp-block-heading\">OPCI\u00d3N 4<\/h3>\n\n\n\n<ul class=\"wp-block-list\">\n<li>Tama\u00f1o de pantalla: 55\u2033<\/li>\n\n\n\n<li>Marca: LG<\/li>\n\n\n\n<li>Tipo de pantalla: LCD<\/li>\n\n\n\n<li>Precio: $600<\/li>\n<\/ul>\n\n\n\n<p>Besides the data gained from the respondents\u2019 choice, they also give data on what feature was most important to them. In a standard conjoint analysis survey, the respondents answer 8 to 12 questions. Thus, the raw total data from the study becomes a sort of utility score, which the analysts then use to build simulations. Finally, these simulations can forecast <a href=\"https:\/\/www.sisinternational.com\/es\/soluciones\/soluciones-de-branding-e-investigacion-de-clientes\/investigacion-de-mercado-de-pruebas-de-productos\/\" title=\"Investigaci\u00f3n de mercado de pruebas de productos\"  data-wpil-monitor-id=\"8654\">market<\/a> shares for a set of different products.<\/p>\n\n\n\n<h2 class=\"wp-block-heading\">T\u00edtulos de trabajo clave<\/h2>\n\n\n\n<p>Los analistas de investigaci\u00f3n de mercado leen los datos para planificar c\u00f3mo trabajar mejor con el mercado. Por lo tanto, los datos obtenidos del (an\u00e1lisis conjunto) son fundamentales para un analista de investigaci\u00f3n de mercado.<\/p>\n\n\n\n<p>Los analistas de entrada de datos utilizan los datos de las encuestas y los organizan.<\/p>\n\n\n\n<p>Finally, Consumer <a href=\"https:\/\/www.sisinternational.com\/es\/publicaciones\/comportamiento-del-comprador-despues-del-coronavirus-nuevo-consumidor\/\" title=\"Comportamiento del comprador despu\u00e9s del coronavirus \u2013 Investigaci\u00f3n de mercado del consumidor\"  data-wpil-monitor-id=\"8653\">Investigaci\u00f3n<\/a> Analysts are responsible for understanding the data gained from buyers. So, they work with other professionals to make predictions.<\/p>\n\n\n\n<h2 class=\"wp-block-heading\">\u00bfPor qu\u00e9 las empresas necesitan CA Market Research?<\/h2>\n\n\n\n<figure class=\"gb-block-image gb-block-image-32fd6c99\"><img decoding=\"async\" class=\"gb-image gb-image-32fd6c99\" src=\"https:\/\/www.sisinternational.com\/wp-content\/uploads\/2025\/07\/Quantitative-Market-Research-Methods-2.jpg\" alt=\"M\u00e9todos de investigaci\u00f3n de mercado cuantitativa\" title=\"Quantitative Market Research Methods 2\"\/><\/figure>\n\n\n\n<p><\/p>\n\n\n\n<p>Businesses of all kinds can <a href=\"https:\/\/www.sisinternational.com\/es\/soluciones\/investigacion-de-consultoria-estrategica-fintech\/analisis-costo-beneficio-investigacion-de-mercado\/\" title=\"An\u00e1lisis Costo Beneficio Investigaci\u00f3n de Mercado\"  data-wpil-monitor-id=\"8651\">benefit Conjoint Analysis<\/a>, including grocery stores, restaurants, and large corporations. It helps them to understand which products or <a href=\"https:\/\/www.sisinternational.com\/es\/soluciones\/investigacion-de-consultoria-estrategica-fintech\/consultoria-de-adquisicion-de-clientes-de-servicios-financieros\/\" title=\"Consultor\u00eda de adquisici\u00f3n de clientes de servicios financieros\"  data-wpil-monitor-id=\"8652\">services their customers<\/a> value over others. For example, the data gained from a study may show that screen resolution is an essential feature to people. Afterward, a consumer research analyst may decide that making more high-resolution TVs enables the <a href=\"https:\/\/www.sisinternational.com\/es\/pericia\/curriculums-de-experiencia\/investigacion-de-marca\/\" title=\"Empresa de investigaci\u00f3n de marca\"  data-wpil-monitor-id=\"8655\">company<\/a> to make more money.<\/p>\n\n\n\n<h3 class=\"wp-block-heading\">Factores claves del \u00e9xito<\/h3>\n\n\n\n<p>El an\u00e1lisis conjunto deber\u00eda:<\/p>\n\n\n\n<ul class=\"wp-block-list\">\n<li>influir en las preferencias<\/li>\n\n\n\n<li>estar claramente definido y ser comprensible<\/li>\n\n\n\n<li>consta de dos niveles<\/li>\n\n\n\n<li>tienen diferentes niveles en la vida real<\/li>\n<\/ul>\n\n\n\n<p>Los atributos pueden tener diferentes niveles, lo que hace referencia a qu\u00e9 tan espec\u00edficos son. Por tanto, cuando se habla de niveles de atributos, hay que ser claro, mutuamente excluyente y realista. Por ejemplo, cuando hablamos de teclados de ordenador, sabemos que un teclado puede ser mec\u00e1nico o no mec\u00e1nico. Por tanto, est\u00e1n al mismo nivel. Un nivel por encima de un teclado mec\u00e1nico podr\u00eda ser si las teclas son lineales, t\u00e1ctiles o de clic. Del mismo modo, un nivel por encima de lo no mec\u00e1nico podr\u00eda ser si el teclado es enrollable.<\/p>\n\n\n\n<p>Businesses must use conjoint analysis to be <a href=\"https:\/\/www.sisinternational.com\/es\/el-efecto-de-la-cultura-de-mercado-nigeriana-en-los-negocios\/\" title=\"El mercado nigeriano: el efecto de la cultura en los negocios\"  data-wpil-monitor-id=\"8656\">effective<\/a>. But it is essential not to wear out the respondent with too many questions. They must give informative answers. Also, there are some guidelines when constructing surveys to find out the attributes that have the most effect on demand.<\/p>\n\n\n\n<h2 class=\"wp-block-heading\">Acerca de la investigaci\u00f3n de mercado de an\u00e1lisis conjunto<\/h2>\n\n\n\n<p>Conjoint Analysis, at its core, is a quantitative form of analysis. However, the use of other techniques together with Conjoint <a href=\"https:\/\/www.sisinternational.com\/es\/soluciones\/soluciones-de-investigacion-cualitativa-cuantitativa\/mastering-conjoint-analysis-research-strategies-for-market-success\/\" title=\"Conjoint Analysis Research\"  data-wpil-monitor-id=\"1016\">Analysis<\/a> is also helpful for qualitative and strategy research. In conclusion, good Conjoint Analysis uses focus groups, interviews, and surveys to get the best information.<\/p>\n\n\n\n<p><\/p>","protected":false},"excerpt":{"rendered":"<p>Conozca m\u00e1s qu\u00e9 es la investigaci\u00f3n de mercado de an\u00e1lisis conjunto.<\/p>","protected":false},"author":1,"featured_media":66985,"parent":14660,"menu_order":21,"comment_status":"closed","ping_status":"closed","template":"","meta":{"footnotes":""},"class_list":["post-39111","page","type-page","status-publish","has-post-thumbnail"],"_links":{"self":[{"href":"https:\/\/www.sisinternational.com\/es\/wp-json\/wp\/v2\/pages\/39111","targetHints":{"allow":["GET"]}}],"collection":[{"href":"https:\/\/www.sisinternational.com\/es\/wp-json\/wp\/v2\/pages"}],"about":[{"href":"https:\/\/www.sisinternational.com\/es\/wp-json\/wp\/v2\/types\/page"}],"author":[{"embeddable":true,"href":"https:\/\/www.sisinternational.com\/es\/wp-json\/wp\/v2\/users\/1"}],"replies":[{"embeddable":true,"href":"https:\/\/www.sisinternational.com\/es\/wp-json\/wp\/v2\/comments?post=39111"}],"version-history":[{"count":5,"href":"https:\/\/www.sisinternational.com\/es\/wp-json\/wp\/v2\/pages\/39111\/revisions"}],"predecessor-version":[{"id":81452,"href":"https:\/\/www.sisinternational.com\/es\/wp-json\/wp\/v2\/pages\/39111\/revisions\/81452"}],"up":[{"embeddable":true,"href":"https:\/\/www.sisinternational.com\/es\/wp-json\/wp\/v2\/pages\/14660"}],"wp:featuredmedia":[{"embeddable":true,"href":"https:\/\/www.sisinternational.com\/es\/wp-json\/wp\/v2\/media\/66985"}],"wp:attachment":[{"href":"https:\/\/www.sisinternational.com\/es\/wp-json\/wp\/v2\/media?parent=39111"}],"curies":[{"name":"wp","href":"https:\/\/api.w.org\/{rel}","templated":true}]}}