{"id":39109,"date":"2021-10-21T02:28:26","date_gmt":"2021-10-21T02:28:26","guid":{"rendered":"https:\/\/www.sisinternational.com\/?page_id=39109"},"modified":"2025-09-14T23:13:32","modified_gmt":"2025-09-15T03:13:32","slug":"investigacion-de-mercado-de-gestion-del-cambio","status":"publish","type":"page","link":"https:\/\/www.sisinternational.com\/es\/soluciones\/consultoria-estrategica\/investigacion-de-mercado-de-gestion-del-cambio\/","title":{"rendered":"Investigaci\u00f3n de mercado de gesti\u00f3n del cambio"},"content":{"rendered":"<h1 class=\"wp-block-heading\">Investigaci\u00f3n de mercado de gesti\u00f3n del cambio<\/h1>\n\n\n\n<figure class=\"gb-block-image gb-block-image-005341ab\"><img loading=\"lazy\" decoding=\"async\" width=\"1456\" height=\"816\" class=\"gb-image gb-image-005341ab\" src=\"https:\/\/www.sisinternational.com\/wp-content\/uploads\/2025\/08\/Inventory-Management-4.jpg\" alt=\"Investigaci\u00f3n y estrategia de mercado internacional de SIS\" title=\"Inventory Management (4)\" srcset=\"https:\/\/www.sisinternational.com\/wp-content\/uploads\/2025\/08\/Inventory-Management-4.jpg 1456w, https:\/\/www.sisinternational.com\/wp-content\/uploads\/2025\/08\/Inventory-Management-4-300x168.jpg 300w, https:\/\/www.sisinternational.com\/wp-content\/uploads\/2025\/08\/Inventory-Management-4-1024x574.jpg 1024w, https:\/\/www.sisinternational.com\/wp-content\/uploads\/2025\/08\/Inventory-Management-4-768x430.jpg 768w, https:\/\/www.sisinternational.com\/wp-content\/uploads\/2025\/08\/Inventory-Management-4-18x10.jpg 18w\" sizes=\"auto, (max-width: 1456px) 100vw, 1456px\"><\/figure>\n\n\n\n<p><\/p>\n\n\n\n<h2 class=\"wp-block-heading\">\u00bfQu\u00e9 es la Gesti\u00f3n del Cambio?<\/h2>\n\n\n\n<p>El cambio es una parte constante de la vida de una persona y tambi\u00e9n es una caracter\u00edstica de cada negocio. Las empresas pueden gestionar el cambio.<\/p>\n\n\n\n<p>A menudo nos referimos a la Gesti\u00f3n del Cambio como &quot;CM&quot;. Describe modales y m\u00e9todos espec\u00edficos utilizados por una empresa. Estos m\u00e9todos permiten a una empresa lograr cambios tanto internos como externos. Algunos ejemplos incluyen implementar los pasos necesarios para el cambio. Adem\u00e1s, estar atento a las actividades previas y posteriores al cambio garantiza el \u00e9xito cuando el plan se pone en pr\u00e1ctica.<\/p>\n\n\n\n<p>Las interrupciones dentro de una empresa son rutinarias. Como resultado, es esencial utilizar un enfoque estructurado al abordar el cambio. Este enfoque garantiza una buena transici\u00f3n.<\/p>\n\n\n\n<h2 class=\"wp-block-heading\">\u00bfPor qu\u00e9 es importante?<\/h2>\n\n\n\n<p>La Gesti\u00f3n del Cambio permite a las empresas lograr el resultado preferido cuando atraviesan un cambio. Tambi\u00e9n promueve mejores procesos de negocio. La gesti\u00f3n del cambio es vital para las empresas, ya que eval\u00faa, redise\u00f1a e implementa nuevas estrategias.<\/p>\n\n\n\n<p>Change <a href=\"https:\/\/www.sisinternational.com\/es\/soluciones\/si-crecimiento-global\/gestion-de-proyectos-globales\/\" title=\"Consultor\u00eda de gesti\u00f3n de proyectos globales\"  data-wpil-monitor-id=\"11181\">Management also shrinks project<\/a> overheads. Changes in projects which go unmanaged can lead to high costs. These costs may exceed budget constraints.<\/p>\n\n\n\n<p>La Gesti\u00f3n Pr\u00e1ctica del Cambio permite la predicci\u00f3n y prevenci\u00f3n de problemas.<\/p>\n\n\n\n<p>La mitigaci\u00f3n de riesgos tambi\u00e9n es un beneficio. Por lo tanto, es com\u00fan realizar evaluaciones de riesgos y crear planes de mitigaci\u00f3n de riesgos.<\/p>\n\n\n\n<p>La gesti\u00f3n del cambio tambi\u00e9n mejora las experiencias de los empleados y la cultura de la empresa.<\/p>\n\n\n\n<h2 class=\"wp-block-heading\">T\u00edtulos de trabajo clave<\/h2>\n\n\n\n<p>In general, people in <a href=\"https:\/\/www.sisinternational.com\/es\/soluciones\/investigacion-de-mercado-de-ia-y-consultoria-estrategica\/gestion-del-cambio-automatizacion-consultoria-en-inteligencia-artificial\/\" title=\"Automatizaci\u00f3n de la gesti\u00f3n del cambio y consultor\u00eda de IA\"  data-wpil-monitor-id=\"7613\">Change Management jobs may consult<\/a> or have in-house positions. The changes they put in place range from systems design to business practices. There is a wide range of jobs in the field of Change Management. Some examples of critical jobs are:<\/p>\n\n\n\n<ul class=\"wp-block-list\">\n<li>Especialista en Gesti\u00f3n del Cambio<\/li>\n\n\n\n<li>Director del programa<\/li>\n\n\n\n<li>Analista de programa<\/li>\n\n\n\n<li><a href=\"https:\/\/www.sisinternational.com\/es\/soluciones\/investigacion-de-consultoria-estrategica-fintech\/servicios-financieros-gestion-del-cambio-investigacion-de-mercado-consultoria-estrategica\/\" title=\"Servicios financieros Gesti\u00f3n del cambio Investigaci\u00f3n de mercado y consultor\u00eda estrat\u00e9gica\"  data-wpil-monitor-id=\"11178\">Consultor de Gesti\u00f3n del Cambio<\/a><\/li>\n\n\n\n<li>Ingeniero superior<\/li>\n\n\n\n<li>Propietario del producto de gesti\u00f3n de cambios<\/li>\n<\/ul>\n\n\n\n<h2 class=\"wp-block-heading\">Por qu\u00e9 las empresas necesitan la gesti\u00f3n del cambio<\/h2>\n\n\n\n<p>El cambio es un aspecto crucial que permite que las empresas crezcan y evolucionen. Por eso, cuando una empresa cambia, la eficiencia debe ser una prioridad. La gesti\u00f3n del cambio proporciona esta eficiencia de muchas maneras que ayudan al negocio. Ayuda a gestionar la cantidad de cambios que se producen. Tambi\u00e9n ofrece beneficios financieros y las empresas pueden obtener mejores resultados.<\/p>\n\n\n\n<p>Change Management allows a <a href=\"https:\/\/www.sisinternational.com\/es\/predictive-analytics\/\" title=\"Predictive Analytics: Your Crystal Ball for Business Success\"  data-wpil-monitor-id=\"11190\">business to stay successful<\/a> and competitive. This success comes about because it can help companies to prepare for the many changes which lie ahead.<\/p>\n\n\n\n<p>An established Change Management system in a business inspires consistency. A standard approach allows for the <a href=\"https:\/\/www.sisinternational.com\/es\/how-to-design-effective-surveys-for-quantitative-research\/\" title=\"How to Design Effective Surveys for Quantitative Research\"  data-wpil-monitor-id=\"11188\">design of more effective<\/a> estrategias.<\/p>\n\n\n\n<p>Los datos sugieren que la gesti\u00f3n del cambio afecta el retorno de la inversi\u00f3n de una empresa. Los cambios en el ROI se deben a muchos factores. Un ejemplo son los empleados que no cumplen con los cambios. El incumplimiento puede provocar una baja productividad y, por tanto, un peque\u00f1o retorno de la inversi\u00f3n. Sin embargo, la Gesti\u00f3n del Cambio evita esto, ya que planifica y forja la mejor manera de cambiar una empresa.<\/p>\n\n\n\n<h2 class=\"wp-block-heading\">Factores claves del \u00e9xito<\/h2>\n\n\n\n<figure class=\"gb-block-image gb-block-image-9d575b71\"><img loading=\"lazy\" decoding=\"async\" width=\"1456\" height=\"816\" class=\"gb-image gb-image-9d575b71\" src=\"https:\/\/www.sisinternational.com\/wp-content\/uploads\/2025\/08\/Strategy-consulting-19.jpg\" alt=\"Investigaci\u00f3n y estrategia de mercado internacional de SIS\" title=\"Strategy consulting (19)\" srcset=\"https:\/\/www.sisinternational.com\/wp-content\/uploads\/2025\/08\/Strategy-consulting-19.jpg 1456w, https:\/\/www.sisinternational.com\/wp-content\/uploads\/2025\/08\/Strategy-consulting-19-300x168.jpg 300w, https:\/\/www.sisinternational.com\/wp-content\/uploads\/2025\/08\/Strategy-consulting-19-1024x574.jpg 1024w, https:\/\/www.sisinternational.com\/wp-content\/uploads\/2025\/08\/Strategy-consulting-19-768x430.jpg 768w, https:\/\/www.sisinternational.com\/wp-content\/uploads\/2025\/08\/Strategy-consulting-19-18x10.jpg 18w\" sizes=\"auto, (max-width: 1456px) 100vw, 1456px\"><\/figure>\n\n\n\n<p><\/p>\n\n\n\n<p>Muchos factores vitales afectan el \u00e9xito de la Gesti\u00f3n del Cambio dentro de una empresa. Algunos de estos incluyen:<\/p>\n\n\n\n<ul class=\"wp-block-list\">\n<li>Ejemplos activos y visibles de altos funcionarios de la empresa<\/li>\n\n\n\n<li>Un enfoque estructurado de gesti\u00f3n del cambio<\/li>\n\n\n\n<li>Asignar recursos y financiaci\u00f3n a la Gesti\u00f3n del Cambio<\/li>\n\n\n\n<li>Informes frecuentes y abiertos sobre el cambio y la necesidad de cambio.<\/li>\n\n\n\n<li>Compromiso de los empleados<\/li>\n\n\n\n<li>Engagement and <a href=\"https:\/\/www.sisinternational.com\/es\/soluciones\/investigacion-de-mercado-de-ia-y-consultoria-estrategica\/investigacion-de-mercado-de-gestion-de-integracion-de-api\/\" title=\"Investigaci\u00f3n de mercado de gesti\u00f3n de integraci\u00f3n API\"  data-wpil-monitor-id=\"11186\">integration with project management<\/a><\/li>\n\n\n\n<li>Compromiso y apoyo de los mandos intermedios<\/li>\n<\/ul>\n\n\n\n<p>To summarize, proper planning and reporting are the keys to success with Change Management. Also, a business must <a href=\"https:\/\/www.sisinternational.com\/es\/soluciones\/investigacion-de-consultoria-estrategica-fintech\/investigacion-de-mercado-de-gestion-de-inversiones\/\" title=\"Investigaci\u00f3n de mercado de gesti\u00f3n de inversiones\"  data-wpil-monitor-id=\"11185\">invest in Change Management<\/a>. To do this, it has to allot enough resources to Change Management.<\/p>\n\n\n\n<h2 class=\"wp-block-heading\">Acerca de la investigaci\u00f3n de mercado de gesti\u00f3n del cambio<\/h2>\n\n\n\n<p>Quantitative, Qualitative, and <a href=\"https:\/\/www.sisinternational.com\/es\/soluciones\/consultoria-de-hosteleria-y-turismo-en-viajes\/empresa-de-gestion-hotelera-investigacion-de-mercado-consultoria-estrategica\/\" title=\"Empresa de gesti\u00f3n hotelera Investigaci\u00f3n de mercados y consultor\u00eda estrat\u00e9gica\"  data-wpil-monitor-id=\"11180\">Strategy Research help companies<\/a> to achieve their goals. This research may take the form of Interviews, Surveys, or Focus Groups.<\/p>\n\n\n\n<p>For Change Management, businesses should understand its importance. They should also acknowledge its ability to guarantee success. Thus, research into this area is necessary for any growing business. Many transitions occur during the creation and operation of a new business. Adequate <a href=\"https:\/\/www.sisinternational.com\/es\/pericia\/industrias\/investigacion-de-mercado-del-cambio-climatico\/\" title=\"Investigaci\u00f3n de mercado del cambio clim\u00e1tico\"  data-wpil-monitor-id=\"4976\">research into a Change<\/a> Management system and Change Management experts is crucial. <a href=\"https:\/\/www.sisinternational.com\/es\/pericia\/curriculums-de-experiencia\/curriculum-de-experiencia-en-la-industria-automotriz\/\" title=\"Empresa de investigaci\u00f3n de mercado de la industria automotriz\"  data-wpil-monitor-id=\"11183\">Research ensures the company<\/a> puts resources toward Change Management and gets the best guidance.<\/p>\n\n\n\n<p><\/p>","protected":false},"excerpt":{"rendered":"<p>SIS es una firma de consultor\u00eda estrat\u00e9gica e investigaci\u00f3n de mercados globales. Haga crecer su negocio con la investigaci\u00f3n de mercado de gesti\u00f3n del cambio.<\/p>","protected":false},"author":1,"featured_media":64929,"parent":14567,"menu_order":16,"comment_status":"closed","ping_status":"closed","template":"","meta":{"footnotes":""},"class_list":["post-39109","page","type-page","status-publish","has-post-thumbnail"],"_links":{"self":[{"href":"https:\/\/www.sisinternational.com\/es\/wp-json\/wp\/v2\/pages\/39109","targetHints":{"allow":["GET"]}}],"collection":[{"href":"https:\/\/www.sisinternational.com\/es\/wp-json\/wp\/v2\/pages"}],"about":[{"href":"https:\/\/www.sisinternational.com\/es\/wp-json\/wp\/v2\/types\/page"}],"author":[{"embeddable":true,"href":"https:\/\/www.sisinternational.com\/es\/wp-json\/wp\/v2\/users\/1"}],"replies":[{"embeddable":true,"href":"https:\/\/www.sisinternational.com\/es\/wp-json\/wp\/v2\/comments?post=39109"}],"version-history":[{"count":6,"href":"https:\/\/www.sisinternational.com\/es\/wp-json\/wp\/v2\/pages\/39109\/revisions"}],"predecessor-version":[{"id":81825,"href":"https:\/\/www.sisinternational.com\/es\/wp-json\/wp\/v2\/pages\/39109\/revisions\/81825"}],"up":[{"embeddable":true,"href":"https:\/\/www.sisinternational.com\/es\/wp-json\/wp\/v2\/pages\/14567"}],"wp:featuredmedia":[{"embeddable":true,"href":"https:\/\/www.sisinternational.com\/es\/wp-json\/wp\/v2\/media\/64929"}],"wp:attachment":[{"href":"https:\/\/www.sisinternational.com\/es\/wp-json\/wp\/v2\/media?parent=39109"}],"curies":[{"name":"wp","href":"https:\/\/api.w.org\/{rel}","templated":true}]}}