{"id":39103,"date":"2021-10-20T19:57:53","date_gmt":"2021-10-20T19:57:53","guid":{"rendered":"https:\/\/www.sisinternational.com\/?page_id=39103"},"modified":"2026-01-25T16:37:07","modified_gmt":"2026-01-25T21:37:07","slug":"investigacion-de-mercado-de-altavoces-inteligentes","status":"publish","type":"page","link":"https:\/\/www.sisinternational.com\/es\/pericia\/investigacion-de-mercado-de-altavoces-inteligentes\/","title":{"rendered":"Investigaci\u00f3n de mercado de altavoces inteligentes"},"content":{"rendered":"<h1 class=\"wp-block-heading p1\"><span class=\"s1\">Investigaci\u00f3n de mercado de altavoces inteligentes<\/span><\/h1>\n\n\n\n<figure class=\"gb-block-image gb-block-image-c474ca16\"><img loading=\"lazy\" decoding=\"async\" width=\"1456\" height=\"816\" class=\"gb-image gb-image-c474ca16\" src=\"https:\/\/www.sisinternational.com\/wp-content\/uploads\/2025\/08\/Smart-speaker-8.jpg\" alt=\"Investigaci\u00f3n y estrategia de mercado internacional de SIS\" title=\"Smart speaker (8)\" srcset=\"https:\/\/www.sisinternational.com\/wp-content\/uploads\/2025\/08\/Smart-speaker-8.jpg 1456w, https:\/\/www.sisinternational.com\/wp-content\/uploads\/2025\/08\/Smart-speaker-8-300x168.jpg 300w, https:\/\/www.sisinternational.com\/wp-content\/uploads\/2025\/08\/Smart-speaker-8-1024x574.jpg 1024w, https:\/\/www.sisinternational.com\/wp-content\/uploads\/2025\/08\/Smart-speaker-8-768x430.jpg 768w, https:\/\/www.sisinternational.com\/wp-content\/uploads\/2025\/08\/Smart-speaker-8-18x10.jpg 18w\" sizes=\"auto, (max-width: 1456px) 100vw, 1456px\"><\/figure>\n\n\n\n<p><\/p>\n\n\n\n<h2 class=\"wp-block-heading\">\u00bfQu\u00e9 es la investigaci\u00f3n de mercado de altavoces inteligentes?<\/h2>\n\n\n\n<p class=\"p2\">Los altavoces inteligentes son un nuevo tipo de dispositivo con muchas funciones. Su uso principal es como altavoz y para comandos de voz. Un asistente virtual integrado es tambi\u00e9n una de las principales caracter\u00edsticas de estos dispositivos. Este asistente puede interactuar con el usuario. Es f\u00e1cil de activar una vez que el usuario le da \u00f3rdenes verbales espec\u00edficas.<\/p>\n\n\n\n<p class=\"p2\">Estos parlantes tambi\u00e9n pueden actuar como &quot;dispositivos inteligentes&quot;. De esta forma, pueden utilizar Wi-Fi y Bluetooth como otros dispositivos inteligentes como los tel\u00e9fonos.<\/p>\n\n\n\n<h2 class=\"wp-block-heading\">\u00bfPor qu\u00e9 es importante?<\/h2>\n\n\n\n<p class=\"p2\">The field of smart speaker tech has made notable progress over the last few years. These speakers have many features that aid day-to-day life for many people. As a result, these devices have become essential.<\/p>\n\n\n\n<p class=\"p2\">Por ejemplo, un uso es para la dom\u00f3tica. Los usuarios controlan cosas como la iluminaci\u00f3n y los electrodom\u00e9sticos dentro de sus hogares. Para hacer esto, le dicen a su altavoz inteligente comandos simples.<\/p>\n\n\n\n<p class=\"p2\">Tambi\u00e9n es \u00fatil para los sistemas de seguridad del hogar. Por ejemplo, el altavoz inteligente puede conectarse a c\u00e1maras de seguridad. Tambi\u00e9n puede proporcionar control de acceso. Si alguien llama a tu puerta, esta funci\u00f3n es \u00fatil. Mediante un comando, el usuario puede ver los sistemas de c\u00e1maras. Por lo tanto, pueden proporcionar acceso de entrada a la persona que espera mientras se encuentra en una ubicaci\u00f3n remota.<\/p>\n\n\n\n<h2 class=\"wp-block-heading\">T\u00edtulos de trabajo clave<\/h2>\n\n\n\n<p class=\"p2\">La nueva tecnolog\u00eda en el mercado puede suponer un riesgo al principio. Las personas que puedan operar, actualizar y solucionar posibles problemas del dispositivo son cruciales. La industria de los altavoces inteligentes necesita ingenieros de software y personas con conocimientos de IA. Adem\u00e1s, para vender estos dispositivos, la industria necesita personas con habilidades t\u00e9cnicas y un conocimiento firme del mercado.<\/p>\n\n\n\n<h2 class=\"wp-block-heading\">Por qu\u00e9 las empresas necesitan altavoces inteligentes<\/h2>\n\n\n\n<figure class=\"gb-block-image gb-block-image-1acbf889\"><img loading=\"lazy\" decoding=\"async\" width=\"1456\" height=\"816\" class=\"gb-image gb-image-1acbf889\" src=\"https:\/\/www.sisinternational.com\/wp-content\/uploads\/2025\/08\/Smart-speaker-5.jpg\" alt=\"Investigaci\u00f3n y estrategia de mercado internacional de SIS\" title=\"Smart speaker (5)\" srcset=\"https:\/\/www.sisinternational.com\/wp-content\/uploads\/2025\/08\/Smart-speaker-5.jpg 1456w, https:\/\/www.sisinternational.com\/wp-content\/uploads\/2025\/08\/Smart-speaker-5-300x168.jpg 300w, https:\/\/www.sisinternational.com\/wp-content\/uploads\/2025\/08\/Smart-speaker-5-1024x574.jpg 1024w, https:\/\/www.sisinternational.com\/wp-content\/uploads\/2025\/08\/Smart-speaker-5-768x430.jpg 768w, https:\/\/www.sisinternational.com\/wp-content\/uploads\/2025\/08\/Smart-speaker-5-18x10.jpg 18w\" sizes=\"auto, (max-width: 1456px) 100vw, 1456px\"><\/figure>\n\n\n\n<p><\/p>\n\n\n\n<p class=\"p2\">Los altavoces inteligentes pueden ayudar a mejorar la eficiencia de una empresa. Pueden ayudar a los empleados con tareas sencillas e incluso actuar como asistentes personales virtuales. Leer correos electr\u00f3nicos o investigar mientras intentas preparar caf\u00e9 es mucho m\u00e1s f\u00e1cil. Por tanto, estos dispositivos fomentan la multitarea. El usuario puede realizar tareas con ambas manos y con comandos de voz. Estas funciones son \u00fatiles para propietarios de peque\u00f1as empresas y aut\u00f3nomos. Estas personas ocupadas valoran mucho la capacidad de realizar m\u00faltiples tareas. De ah\u00ed que un altavoz inteligente sea muy \u00fatil.<\/p>\n\n\n\n<p class=\"p2\">Estos dispositivos pueden funcionar como despertadores para ayudar a los usuarios a gestionar su tiempo. Por ejemplo, un altavoz inteligente puede indicarle cu\u00e1ndo completar tareas espec\u00edficas a lo largo del d\u00eda.<\/p>\n\n\n\n<p class=\"p2\">Otro beneficio es que pueden ayudar a hacer planes de viaje. Por ejemplo, se pueden solicitar y reservar vuelos disponibles con estos dispositivos. Los comandos de voz simples ayudan con esto.<\/p>\n\n\n\n<p class=\"p2\">Las empresas tambi\u00e9n utilizan estos dispositivos para ayudar en el servicio al cliente automatizado. Sin embargo, todav\u00eda hay margen de mejora en este \u00e1mbito. Las empresas deben tener cuidado al utilizarlos para este fin.<\/p>\n\n\n\n<p>Factores claves del \u00e9xito<\/p>\n\n\n\n<p class=\"p2\">Many factors drive the <a href=\"https:\/\/www.sisinternational.com\/es\/salud-inteligente\/\" title=\"Investigaci\u00f3n de mercado de salud inteligente\"  data-wpil-monitor-id=\"1965\">smart speaker market<\/a>. One example is the advancement of audio technology. As innovations continue to increase, consumers continue to buy new tech. The number of smart homes is also growing. This fact, plus the growth in wireless tech, creates an ideal space for smart speakers. The influx of smartphones and <a href=\"https:\/\/www.sisinternational.com\/es\/pericia\/industrias\/investigacion-de-mercado-de-ciudades-inteligentes\/\" title=\"Investigaci\u00f3n de mercado de ciudades inteligentes\"  data-wpil-monitor-id=\"3414\">smart devices in the market<\/a> also aids the success of smart speakers.<\/p>\n\n\n\n<h2 class=\"wp-block-heading\">Acerca de la investigaci\u00f3n de mercado de altavoces inteligentes<\/h2>\n\n\n\n<p class=\"p2\">Quantitative, Qualitative, and Strategy Research are helpful for firms seeking to enter the <a href=\"https:\/\/www.sisinternational.com\/es\/estudio-de-mercado-de-movilidad-inteligente\/\" title=\"Investigaci\u00f3n de mercado de movilidad inteligente\"  data-wpil-monitor-id=\"1920\">Smart Speaker<\/a> market. This research may take the form of Interviews, Surveys, or Focus Groups.<\/p>\n\n\n\n<p class=\"p2\">MR into smart speakers provides insight into its drawbacks and benefits. For now, this technology comes at a high cost. Companies must consider these factors and assess the related risks. Factors to research include privacy and compatibility. It can help determine the ideal and cost-effective device on the market.<\/p>\n\n\n\n<p class=\"p3\">We\u2019re here to help you gather information on the <a href=\"https:\/\/www.sisinternational.com\/es\/investigacion-de-mercado-de-fabricacion-inteligente\/\" title=\"Investigaci\u00f3n de mercado de fabricaci\u00f3n inteligente\"  data-wpil-monitor-id=\"3625\">Smart Speaker market<\/a>. Contact us today!<\/p>\n\n\n\n<p><\/p>","protected":false},"excerpt":{"rendered":"<p>Los altavoces inteligentes pueden ayudar a mejorar la eficiencia de una empresa. Pueden ayudar a los empleados con tareas sencillas e incluso actuar como asistentes personales virtuales.<\/p>","protected":false},"author":1,"featured_media":64585,"parent":14514,"menu_order":79,"comment_status":"closed","ping_status":"closed","template":"","meta":{"footnotes":""},"class_list":["post-39103","page","type-page","status-publish","has-post-thumbnail"],"_links":{"self":[{"href":"https:\/\/www.sisinternational.com\/es\/wp-json\/wp\/v2\/pages\/39103","targetHints":{"allow":["GET"]}}],"collection":[{"href":"https:\/\/www.sisinternational.com\/es\/wp-json\/wp\/v2\/pages"}],"about":[{"href":"https:\/\/www.sisinternational.com\/es\/wp-json\/wp\/v2\/types\/page"}],"author":[{"embeddable":true,"href":"https:\/\/www.sisinternational.com\/es\/wp-json\/wp\/v2\/users\/1"}],"replies":[{"embeddable":true,"href":"https:\/\/www.sisinternational.com\/es\/wp-json\/wp\/v2\/comments?post=39103"}],"version-history":[{"count":7,"href":"https:\/\/www.sisinternational.com\/es\/wp-json\/wp\/v2\/pages\/39103\/revisions"}],"predecessor-version":[{"id":77832,"href":"https:\/\/www.sisinternational.com\/es\/wp-json\/wp\/v2\/pages\/39103\/revisions\/77832"}],"up":[{"embeddable":true,"href":"https:\/\/www.sisinternational.com\/es\/wp-json\/wp\/v2\/pages\/14514"}],"wp:featuredmedia":[{"embeddable":true,"href":"https:\/\/www.sisinternational.com\/es\/wp-json\/wp\/v2\/media\/64585"}],"wp:attachment":[{"href":"https:\/\/www.sisinternational.com\/es\/wp-json\/wp\/v2\/media?parent=39103"}],"curies":[{"name":"wp","href":"https:\/\/api.w.org\/{rel}","templated":true}]}}