{"id":39093,"date":"2021-10-20T19:27:37","date_gmt":"2021-10-20T19:27:37","guid":{"rendered":"https:\/\/www.sisinternational.com\/?page_id=39093"},"modified":"2026-01-27T16:48:54","modified_gmt":"2026-01-27T21:48:54","slug":"investigacion-de-mercado-de-semiconductores","status":"publish","type":"page","link":"https:\/\/www.sisinternational.com\/es\/pericia\/investigacion-de-mercado-de-semiconductores\/","title":{"rendered":"Investigaci\u00f3n de mercado de semiconductores"},"content":{"rendered":"<h1 class=\"wp-block-heading p1\"><span class=\"s1\">Investigaci\u00f3n de mercado de semiconductores<\/span><\/h1>\n\n\n\n<figure class=\"gb-block-image gb-block-image-92194432\"><img loading=\"lazy\" decoding=\"async\" width=\"1456\" height=\"816\" class=\"gb-image gb-image-92194432\" src=\"https:\/\/www.sisinternational.com\/wp-content\/uploads\/2025\/08\/Semiconductor-6.jpg\" alt=\"Investigaci\u00f3n y estrategia de mercado internacional de SIS\" title=\"Semiconductor (6)\" srcset=\"https:\/\/www.sisinternational.com\/wp-content\/uploads\/2025\/08\/Semiconductor-6.jpg 1456w, https:\/\/www.sisinternational.com\/wp-content\/uploads\/2025\/08\/Semiconductor-6-300x168.jpg 300w, https:\/\/www.sisinternational.com\/wp-content\/uploads\/2025\/08\/Semiconductor-6-1024x574.jpg 1024w, https:\/\/www.sisinternational.com\/wp-content\/uploads\/2025\/08\/Semiconductor-6-768x430.jpg 768w, https:\/\/www.sisinternational.com\/wp-content\/uploads\/2025\/08\/Semiconductor-6-18x10.jpg 18w\" sizes=\"auto, (max-width: 1456px) 100vw, 1456px\"><\/figure>\n\n\n\n<p><\/p>\n\n\n\n<h2 class=\"wp-block-heading p1\">Dado que la industria de los semiconductores sufre cambios constantes, la investigaci\u00f3n del mercado de semiconductores es un elemento esencial para el \u00e9xito en el negocio mundial de la electr\u00f3nica.<\/h2>\n\n\n\n<p class=\"p1\">Por esta raz\u00f3n, las empresas deben mantenerse al tanto de las tendencias y avances emergentes para seguir siendo competitivas.<\/p>\n\n\n\n<p class=\"p1\">Al aprovechar la investigaci\u00f3n de mercado de semiconductores, las empresas obtienen an\u00e1lisis respaldados por datos que les brindan informaci\u00f3n valiosa para tomar decisiones informadas sobre sus productos, planes e inversiones.<\/p>\n\n\n\n<h2 class=\"wp-block-heading\">\u00bfQu\u00e9 es la investigaci\u00f3n de mercado de semiconductores?<\/h2>\n\n\n\n<p class=\"p2\">La investigaci\u00f3n de mercado de semiconductores es la investigaci\u00f3n de cu\u00e1n demandadas y seguras son estas sustancias. Las empresas compiten despiadadamente en esta industria y los semiconductores ahora tienen una gran demanda. Adem\u00e1s, son escasos y pocas empresas los fabrican. Estas son algunas razones m\u00e1s por las que podr\u00eda ser una buena inversi\u00f3n de su dinero y tiempo.<\/p>\n\n\n\n<p class=\"p1\">La industria de los semiconductores es un componente clave del espacio de la electr\u00f3nica, y los semiconductores sirven como piedra angular de numerosos dispositivos y componentes electr\u00f3nicos, desde computadoras hasta tel\u00e9fonos inteligentes.<\/p>\n\n\n\n<p class=\"p1\">In addition, the ever-rising demand for electronics and technology has caused the global <a href=\"https:\/\/www.sisinternational.com\/es\/pericia\/industrias\/investigacion-de-mercado-de-circuitos-electronicos\/\" title=\"Investigaci\u00f3n de mercado de circuitos electr\u00f3nicos\"  data-wpil-monitor-id=\"6917\">semiconductor<\/a> market to flourish in recent years. To remain competitive, it is vital to conduct <a href=\"https:\/\/www.sisinternational.com\/es\/cuales-son-las-tendencias-en-el-sector-de-los-estudios-de-mercado\/\" title=\"\u00bfCu\u00e1les son algunas tendencias en la industria de la investigaci\u00f3n de mercado?\"  data-wpil-monitor-id=\"11182\">research within this industry on current trends<\/a>, customer preferences, and competitors&#8217; strategies.<\/p>\n\n\n\n<p class=\"p1\">Today, semiconductor market research is essential in this industry as it provides market sizing, segmentation, competitive analysis, and customer insights. It also keeps stakeholders informed of the latest trends that affect their decisions about product development, investments, and <a href=\"https:\/\/www.sisinternational.com\/es\/estrategias-de-entrada-al-mercado-b2b\/\" title=\"Estrategias de ingreso al mercado B2B\"  data-wpil-monitor-id=\"11177\">entry strategies into new markets<\/a>.<\/p>\n\n\n\n<h2 class=\"wp-block-heading\">\u00bfPor qu\u00e9 es importante la investigaci\u00f3n de mercado de semiconductores?<\/h2>\n\n\n\n<h3 class=\"wp-block-heading p2\">La investigaci\u00f3n de mercado es importante. Como inversionista que desea ofrecer este producto, deber\u00e1 investigar su potencial de ganancias.<\/h3>\n\n\n\n<p class=\"p1\">La industria de los semiconductores est\u00e1 a la vanguardia de la innovaci\u00f3n tecnol\u00f3gica y proporciona componentes cr\u00edticos para una variedad de productos electr\u00f3nicos. Por lo tanto, al emplear la investigaci\u00f3n de mercado de semiconductores para descubrir tendencias, tecnolog\u00edas y din\u00e1micas emergentes de esta industria, las empresas pueden tomar decisiones informadas que las impulsar\u00e1n por delante de sus rivales y asegurar\u00e1n el \u00e9xito en el entorno actual.<\/p>\n\n\n\n<p class=\"p2\"><strong>Algunas preguntas que usted como inversor deber\u00e1 tener respondidas son:<\/strong><\/p>\n\n\n\n<p class=\"p2\">1. The scarcity of <a href=\"https:\/\/www.sisinternational.com\/es\/pericia\/curriculums-de-experiencia\/estudio-de-mercado-de-productos-de-cuidado-personal\/\" title=\"Investigaci\u00f3n de mercado de productos de cuidado personal\"  data-wpil-monitor-id=\"11184\">products on the market<\/a> currently<\/p>\n\n\n\n<p class=\"p2\">2. \u00bfQu\u00e9 demanda tiene el producto?<\/p>\n\n\n\n<p class=\"p2\">3. \u00bfExiste alguna opci\u00f3n m\u00e1s econ\u00f3mica para el producto que deseas comprar?<\/p>\n\n\n\n<p class=\"p2\">4. \u00bfEs mejor que una opci\u00f3n m\u00e1s econ\u00f3mica?<\/p>\n\n\n\n<p class=\"p2\">5. \u00bfPuede permit\u00edrselo su mercado objetivo?<\/p>\n\n\n\n<p class=\"p2\">6. \u00bfQui\u00e9n es su mercado objetivo?<\/p>\n\n\n\n<h2 class=\"wp-block-heading\">\u00bfEl producto tiene demanda?<\/h2>\n\n\n\n<figure class=\"gb-block-image gb-block-image-986632f7\"><img loading=\"lazy\" decoding=\"async\" width=\"1456\" height=\"816\" class=\"gb-image gb-image-986632f7\" src=\"https:\/\/www.sisinternational.com\/wp-content\/uploads\/2025\/08\/Semiconductor-1.jpg\" alt=\"Investigaci\u00f3n y estrategia de mercado internacional de SIS\" title=\"Semiconductor (1)\" srcset=\"https:\/\/www.sisinternational.com\/wp-content\/uploads\/2025\/08\/Semiconductor-1.jpg 1456w, https:\/\/www.sisinternational.com\/wp-content\/uploads\/2025\/08\/Semiconductor-1-300x168.jpg 300w, https:\/\/www.sisinternational.com\/wp-content\/uploads\/2025\/08\/Semiconductor-1-1024x574.jpg 1024w, https:\/\/www.sisinternational.com\/wp-content\/uploads\/2025\/08\/Semiconductor-1-768x430.jpg 768w, https:\/\/www.sisinternational.com\/wp-content\/uploads\/2025\/08\/Semiconductor-1-18x10.jpg 18w\" sizes=\"auto, (max-width: 1456px) 100vw, 1456px\"><\/figure>\n\n\n\n<p><\/p>\n\n\n\n<p class=\"p2\">Al realizar una investigaci\u00f3n de mercado sobre este producto, descubrir\u00e1 muchas cosas. Por ejemplo, ver\u00e1s que ha habido escasez en los \u00faltimos a\u00f1os. Otro punto clave es que esta escasez ha provocado un aumento de los precios de los veh\u00edculos. Entonces, s\u00ed, afecta el uso del veh\u00edculo, lo que responder\u00eda a la pregunta &quot;\u00bfHay demanda del producto?&quot;. Los veh\u00edculos tienen una gran demanda.<\/p>\n\n\n\n<p class=\"p2\">La industria automotriz utiliza semiconductores porque ayudan en el control de engranajes y combustible. Tambi\u00e9n son cruciales para que funcionen las conexiones a Internet y los sensores de las c\u00e1maras de los veh\u00edculos.<\/p>\n\n\n\n<p class=\"p2\">La energ\u00eda el\u00e9ctrica tambi\u00e9n tiene una gran demanda. Por lo tanto, los semiconductores ser\u00e1n muy \u00fatiles en casi todos los hogares y lugares comerciales. De hecho, tienen la propiedad \u00fanica de conducir energ\u00eda el\u00e9ctrica.<\/p>\n\n\n\n<p class=\"p2\">La conductividad de un semiconductor cambia seg\u00fan su entorno. Esta capacidad \u00fanica lo convierte en el cerebro de los dispositivos tecnol\u00f3gicos y conduce a avances en la atenci\u00f3n m\u00e9dica y en las comunicaciones. Otro uso de estos materiales es en transistores. Un transistor es un circuito de peque\u00f1os interruptores semiconductores en el coraz\u00f3n de un chip de computadora. Permiten que los chips realicen c\u00e1lculos y ejecuten programas. As\u00ed es, en pocas palabras, c\u00f3mo utilizamos estos materiales para la comunicaci\u00f3n.<\/p>\n\n\n\n<p class=\"p2\">Este tipo de recurso es \u00fatil para los proveedores de atenci\u00f3n m\u00e9dica. Por ejemplo, les permite escanear datos y observar enfermedades en \u00e1reas remotas. Por tanto, es f\u00e1cil ver que los semiconductores son \u00fatiles. Sin embargo, sus alternativas duran m\u00e1s y funcionan mejor a temperaturas m\u00e1s altas. El grafeno y el silicio son grandes conductores que pueden sustituir a los semiconductores.<\/p>\n\n\n\n<p class=\"p2\">Imag\u00ednese invertir sin conocer al menos los detalles esenciales. Eso ser\u00eda un riesgo real para un inversor. Entonces, desde ese punto de vista, es f\u00e1cil ver por qu\u00e9 es crucial realizar una investigaci\u00f3n de mercado.<\/p>\n\n\n\n<h2 class=\"wp-block-heading\">T\u00edtulos de trabajo clave<\/h2>\n\n\n\n<h3 class=\"wp-block-heading p2\">Algunos t\u00edtulos de trabajo que encontrar\u00e1 en esta industria son los siguientes:<\/h3>\n\n\n\n<p class=\"p2\">1. Ensamblador de placa de circuito<\/p>\n\n\n\n<p class=\"p2\">2. T\u00e9cnico de Procesos<\/p>\n\n\n\n<p class=\"p2\">3. T\u00e9cnico de equipos<\/p>\n\n\n\n<p class=\"p2\">4. Ingeniero de servicio de campo<\/p>\n\n\n\n<p class=\"p2\">5. T\u00e9cnico de pruebas<\/p>\n\n\n\n<h2 class=\"wp-block-heading\">\u00bfPor qu\u00e9 las empresas necesitan investigaciones de mercado de semiconductores?<\/h2>\n\n\n\n<p class=\"p2\">Las empresas necesitan una investigaci\u00f3n de mercado de semiconductores. Por ejemplo, les ayuda a determinar a qu\u00e9 clientes dirigirse. Adem\u00e1s, conocer su mercado objetivo es un aspecto crucial para un negocio exitoso. Del mismo modo, realizar una investigaci\u00f3n de mercado le ayudar\u00e1 a descubrir el mercado objetivo de su empresa. As\u00ed, al conocer su mercado objetivo, sabr\u00e1 qu\u00e9 plataforma utilizar para anunciarse. Tambi\u00e9n aprendes sobre tus rivales con la Investigaci\u00f3n de Mercado. Reduce su riesgo de mercado.<\/p>\n\n\n\n<p class=\"p1\">Beneficios de la investigaci\u00f3n de mercado de semiconductores<\/p>\n\n\n\n<p class=\"p2\">Las empresas que operan en la industria de los semiconductores pueden obtener numerosas ventajas como:<\/p>\n\n\n\n<ul class=\"wp-block-list ul1\">\n<li><b>Mantenerse a la vanguardia<\/b>: La investigaci\u00f3n de mercado de semiconductores proporciona a las organizaciones informaci\u00f3n invaluable sobre las condiciones del mercado en constante evoluci\u00f3n, desde los avances tecnol\u00f3gicos hasta las preferencias de los clientes. Estos puntos de datos se pueden utilizar para dar forma a la creaci\u00f3n de productos, estrategias de precios y esfuerzos de marketing para lograr la m\u00e1xima eficiencia.<\/li>\n\n\n\n<li><b>Reconocer las perspectivas de desarrollo<\/b>: Semiconductor market <a href=\"https:\/\/www.sisinternational.com\/es\/mercado-de-fmcg-en-vietnam\/\" title=\"Mercado de bienes de consumo en Vietnam\"  data-wpil-monitor-id=\"7601\">investigaci\u00f3n<\/a> can be beneficial to businesses by providing them with the opportunity to identify growth opportunities in existing and emerging markets. With a comprehensive examination of <a href=\"https:\/\/www.sisinternational.com\/es\/pericia\/industrias\/alimentos-bebidas-voz-del-cliente-investigacion-de-mercado\/\" title=\"Investigaci\u00f3n de Mercado de la Voz del Cliente de Alimentos y Bebidas\"  data-wpil-monitor-id=\"11187\">customer requirements and market<\/a> trends, companies can create new products and services that satisfy the ever-changing needs of their target audience.<\/li>\n\n\n\n<li><b>Mitigaci\u00f3n de riesgos<\/b>: By leveraging semiconductor market research, organizations can reduce the risks of entering a new <a href=\"https:\/\/www.sisinternational.com\/es\/soluciones\/consultoria-estrategica\/investigacion-de-mercado-de-producto-minimo-viable\/\" title=\"Investigaci\u00f3n de mercado de producto m\u00ednimo viable\"  data-wpil-monitor-id=\"11189\">market or launching new products<\/a>.<\/li>\n\n\n\n<li><b>Aumentar la satisfacci\u00f3n del cliente<\/b>: La utilizaci\u00f3n de la investigaci\u00f3n de mercado de semiconductores ayuda a las organizaciones a obtener un mayor conocimiento de las necesidades y deseos de sus clientes. Al aprovechar este conocimiento, est\u00e1n en mejores condiciones de crear l\u00edneas de productos y servicios que satisfagan mejor las expectativas de los clientes.<\/li>\n\n\n\n<li><b>Mejor toma de decisiones<\/b>: La investigaci\u00f3n de mercado de semiconductores permite a las empresas tomar decisiones informadas sobre el dise\u00f1o y desarrollo de productos, estrategias de marketing y pol\u00edticas de precios, entre otros. Con este conocimiento, las empresas est\u00e1n mejor posicionadas para aprovechar todas las oportunidades disponibles en su acelerada industria.<\/li>\n<\/ul>\n\n\n\n<p class=\"p1\"><strong>Limitaciones de la investigaci\u00f3n de mercado de semiconductores<\/strong><\/p>\n\n\n\n<ul class=\"wp-block-list ul1\">\n<li>Las empresas de la industria de los semiconductores dudan en revelar datos precisos sobre sus productos y procesos debido a preocupaciones competitivas. Esto puede presentar algunas limitaciones cuando llega el momento de realizar una investigaci\u00f3n de mercado exhaustiva.<\/li>\n\n\n\n<li>Obtener acceso a los conocimientos t\u00e9cnicos especializados y a los recursos necesarios para una investigaci\u00f3n de mercado exhaustiva en la industria de los semiconductores puede resultar costoso, ya que normalmente requiere el uso de herramientas y fuentes de datos espec\u00edficas.<\/li>\n\n\n\n<li>La pol\u00edtica global influye fuertemente en el mercado de semiconductores. Como estos factores son notoriamente impredecibles, pueden provocar cambios dram\u00e1ticos tanto en el crecimiento como en la rentabilidad dentro de la industria.<\/li>\n<\/ul>\n\n\n\n<h2 class=\"wp-block-heading\">Factores claves del \u00e9xito<\/h2>\n\n\n\n<figure class=\"gb-block-image gb-block-image-c25db120\"><img loading=\"lazy\" decoding=\"async\" width=\"1456\" height=\"816\" class=\"gb-image gb-image-c25db120\" src=\"https:\/\/www.sisinternational.com\/wp-content\/uploads\/2025\/08\/Semiconductor-5.jpg\" alt=\"Investigaci\u00f3n y estrategia de mercado internacional de SIS\" title=\"Semiconductor (5)\" srcset=\"https:\/\/www.sisinternational.com\/wp-content\/uploads\/2025\/08\/Semiconductor-5.jpg 1456w, https:\/\/www.sisinternational.com\/wp-content\/uploads\/2025\/08\/Semiconductor-5-300x168.jpg 300w, https:\/\/www.sisinternational.com\/wp-content\/uploads\/2025\/08\/Semiconductor-5-1024x574.jpg 1024w, https:\/\/www.sisinternational.com\/wp-content\/uploads\/2025\/08\/Semiconductor-5-768x430.jpg 768w, https:\/\/www.sisinternational.com\/wp-content\/uploads\/2025\/08\/Semiconductor-5-18x10.jpg 18w\" sizes=\"auto, (max-width: 1456px) 100vw, 1456px\"><\/figure>\n\n\n\n<p><\/p>\n\n\n\n<p class=\"p2\">We\u2019ve outlined some key factors to succeed and make a profit in this area. For example, there must be high hopes for the future of the business. Also, by doing research, you will know the risks. Thus, <a href=\"https:\/\/www.sisinternational.com\/es\/factores-clave-de-exito-en-la-investigacion-del-mercado-automotriz\/\" title=\"Factores clave de \u00e9xito en la investigaci\u00f3n de mercado automotriz\"  data-wpil-monitor-id=\"11179\">research is another success factor<\/a> to keep in mind.<\/p>\n\n\n\n<h3 class=\"wp-block-heading p2\">Algunos otros factores cr\u00edticos de \u00e9xito incluyen:<\/h3>\n\n\n\n<p>1. Conseguir financiaci\u00f3n<\/p>\n\n\n\n<p>2. Mejorar y crecer<\/p>\n\n\n\n<p>3. Mantenerse dentro del presupuesto<\/p>\n\n\n\n<p>4. Tener un ingeniero de dise\u00f1o<\/p>\n\n\n\n<p>5. Generar confianza en el cliente<\/p>\n\n\n\n<h2 class=\"wp-block-heading p1\">Perspectivas futuras de la investigaci\u00f3n de mercado de semiconductores<\/h2>\n\n\n\n<p class=\"p3\">La industria de los semiconductores est\u00e1 experimentando un enorme cambio en la demanda de dispositivos IoT. Para aprovechar esta tendencia, las empresas est\u00e1n desarrollando chips m\u00e1s peque\u00f1os, m\u00e1s r\u00e1pidos y con mayor eficiencia energ\u00e9tica que pueden alimentar estos dispositivos futuristas. Este desarrollo promete impulsar el crecimiento del sector en los pr\u00f3ximos a\u00f1os.<\/p>\n\n\n\n<p class=\"p3\">Adem\u00e1s, el uso acelerado de la inteligencia artificial y el aprendizaje autom\u00e1tico abrir\u00e1 un mundo de posibilidades para la industria de los semiconductores. Para procesar enormes conjuntos de datos en tiempo real con gran precisi\u00f3n, estas tecnolog\u00edas se basan en semiconductores de \u00faltima generaci\u00f3n. Adem\u00e1s, se prev\u00e9 que los materiales de vanguardia como el nitruro de galio y el carburo de silicio impulsen un mayor crecimiento dentro de este sector, ya que ofrecen un rendimiento y una eficiencia energ\u00e9tica superiores a los componentes tradicionales.<\/p>\n\n\n\n<h2 class=\"wp-block-heading\">Acerca de la investigaci\u00f3n de mercado de semiconductores<\/h2>\n\n\n\n<p class=\"p2\">Are you looking to invest in Semiconductors but don\u2019t know how to go about doing Market Research? We can help with your first step of investing in this sector. <a href=\"https:\/\/www.sisinternational.com\/es\/contacto-sis-investigacion-de-mercado-internacional\/\" title=\"Cont\u00e1ctenos\"  data-wpil-monitor-id=\"11175\">SIS International Research<\/a> offers Quantitative and Qualitative Research coupled with Strategy Research. We <a href=\"https:\/\/www.sisinternational.com\/es\/soluciones\/grupos-de-enfoque\/reclutamiento-de-grupos-focales-en-linea\/\" title=\"Reclutamiento de grupos focales en l\u00ednea\"  data-wpil-monitor-id=\"11176\">recruit Focus Groups<\/a> to gain public opinion and worries about a product. We also do Interviews and Surveys. Contact us today!<\/p>\n\n\n\n<p><\/p>","protected":false},"excerpt":{"rendered":"<p>SIS es una empresa de consultor\u00eda estrat\u00e9gica e investigaci\u00f3n de mercados globales. Haga crecer su negocio con la investigaci\u00f3n de mercado de semiconductores. <\/p>","protected":false},"author":1,"featured_media":64529,"parent":14514,"menu_order":78,"comment_status":"closed","ping_status":"closed","template":"","meta":{"footnotes":""},"class_list":["post-39093","page","type-page","status-publish","has-post-thumbnail"],"_links":{"self":[{"href":"https:\/\/www.sisinternational.com\/es\/wp-json\/wp\/v2\/pages\/39093","targetHints":{"allow":["GET"]}}],"collection":[{"href":"https:\/\/www.sisinternational.com\/es\/wp-json\/wp\/v2\/pages"}],"about":[{"href":"https:\/\/www.sisinternational.com\/es\/wp-json\/wp\/v2\/types\/page"}],"author":[{"embeddable":true,"href":"https:\/\/www.sisinternational.com\/es\/wp-json\/wp\/v2\/users\/1"}],"replies":[{"embeddable":true,"href":"https:\/\/www.sisinternational.com\/es\/wp-json\/wp\/v2\/comments?post=39093"}],"version-history":[{"count":6,"href":"https:\/\/www.sisinternational.com\/es\/wp-json\/wp\/v2\/pages\/39093\/revisions"}],"predecessor-version":[{"id":81826,"href":"https:\/\/www.sisinternational.com\/es\/wp-json\/wp\/v2\/pages\/39093\/revisions\/81826"}],"up":[{"embeddable":true,"href":"https:\/\/www.sisinternational.com\/es\/wp-json\/wp\/v2\/pages\/14514"}],"wp:featuredmedia":[{"embeddable":true,"href":"https:\/\/www.sisinternational.com\/es\/wp-json\/wp\/v2\/media\/64529"}],"wp:attachment":[{"href":"https:\/\/www.sisinternational.com\/es\/wp-json\/wp\/v2\/media?parent=39093"}],"curies":[{"name":"wp","href":"https:\/\/api.w.org\/{rel}","templated":true}]}}