{"id":39077,"date":"2021-10-20T18:59:39","date_gmt":"2021-10-20T18:59:39","guid":{"rendered":"https:\/\/www.sisinternational.com\/?page_id=39077"},"modified":"2025-10-22T19:40:18","modified_gmt":"2025-10-22T23:40:18","slug":"analisis-maxdiff","status":"publish","type":"page","link":"https:\/\/www.sisinternational.com\/es\/soluciones\/soluciones-de-investigacion-cualitativa-cuantitativa\/analisis-maxdiff\/","title":{"rendered":"An\u00e1lisis Maxdiff"},"content":{"rendered":"<h1 class=\"wp-block-heading\">An\u00e1lisis Maxdiff<\/h1>\n\n\n\n<figure class=\"gb-block-image gb-block-image-fa50b16a\"><img loading=\"lazy\" decoding=\"async\" width=\"1456\" height=\"816\" class=\"gb-image gb-image-fa50b16a\" src=\"https:\/\/www.sisinternational.com\/wp-content\/uploads\/2025\/10\/analysis-analytics-research-10.jpg\" alt=\"Investigaci\u00f3n y estrategia de mercado internacional de SIS\" title=\"analysis analytics research (10)\" srcset=\"https:\/\/www.sisinternational.com\/wp-content\/uploads\/2025\/10\/analysis-analytics-research-10.jpg 1456w, https:\/\/www.sisinternational.com\/wp-content\/uploads\/2025\/10\/analysis-analytics-research-10-300x168.jpg 300w, https:\/\/www.sisinternational.com\/wp-content\/uploads\/2025\/10\/analysis-analytics-research-10-1024x574.jpg 1024w, https:\/\/www.sisinternational.com\/wp-content\/uploads\/2025\/10\/analysis-analytics-research-10-768x430.jpg 768w, https:\/\/www.sisinternational.com\/wp-content\/uploads\/2025\/10\/analysis-analytics-research-10-18x10.jpg 18w\" sizes=\"auto, (max-width: 1456px) 100vw, 1456px\"><\/figure>\n\n\n\n<p><\/p>\n\n\n\n<h2 class=\"wp-block-heading p1\">El an\u00e1lisis Maxdiff es un m\u00e9todo de escala que se utiliza para contar los comentarios de las encuestas.<\/h2>\n\n\n\n<p class=\"p1\">It also measures preference scores and values that customers put on a list of items. The Maxdiff Analysis is very much like the Conjoint Analysis. But it is much easier to use. It\u2019s also more precise than Conjoint when it comes to analyzing essential information. This method shows participants the best and worst options in a list of items. Companies use it to see the traits that customers find most important. They can then adjust their <a href=\"https:\/\/www.sisinternational.com\/es\/soluciones\/prueba-de-sabor\/servicios-de-prueba-de-productos-en-nueva-york\/\" title=\"Servicios de prueba de productos en Nueva York\"  data-wpil-monitor-id=\"7827\">products or services<\/a> to suit.<\/p>\n\n\n\n<h2 class=\"wp-block-heading\">\u00bfPor qu\u00e9 es importante el an\u00e1lisis Maxdiff?<\/h2>\n\n\n\n<p class=\"p1\">Maxdiff analysis is a tremendous aid to researchers. They use this method to find features that suit customers\u2019 choices. <a href=\"https:\/\/www.sisinternational.com\/es\/soluciones\/empresa-de-investigacion-de-mercado-de-muestreo-de-encuestas-en-linea\/\" title=\"Empresa de estudios de mercado de muestreo de encuestas en l\u00ednea\"  data-wpil-monitor-id=\"7826\">Companies create surveys<\/a> to see the most chosen things by customers. Also, to know the things that will make a difference in their business.<\/p>\n\n\n\n<p class=\"p1\">Los departamentos de marketing, por ejemplo, en el sector tur\u00edstico, utilizan mucho Maxdiff. Este m\u00e9todo puede ayudar a comparar las peculiaridades de dos lugares. Luego puede limitar la toma de decisiones en funci\u00f3n del presupuesto asignado. Por ejemplo, puede ofrecer opciones seg\u00fan el nivel de lujo, la gastronom\u00eda y si el visitante quiere ver la vida silvestre local. Tambi\u00e9n pueden decidir sobre vida nocturna, playas y actividades culturales para su viaje. A partir de ah\u00ed, pueden comparar las opciones y elegir una.<\/p>\n\n\n\n<h2 class=\"wp-block-heading\">T\u00edtulos de trabajo clave<\/h2>\n\n\n\n<p class=\"p2\">En marketing, este an\u00e1lisis desempe\u00f1a el papel de palanca. Ayuda a los investigadores de mercado a obtener una clasificaci\u00f3n de las diferentes opciones presentadas. Estos puntajes ayudan con la gesti\u00f3n del presupuesto. Tambi\u00e9n ayuda a determinar qu\u00e9 es lo que m\u00e1s y lo que menos les gusta a los clientes.<span class=\"Apple-converted-space\">&nbsp;<\/span><\/p>\n\n\n\n<p class=\"p2\">The Maxdiff analysis makes specific hunches about how people make their choices, which is very useful for the marketing industry. By using this method, businesses can make profits. Why? Because they spend time focusing on the things the customers want and need instead of stocking up on items people do not want. After gaining this type of information, it\u2019s easier to <a href=\"https:\/\/www.sisinternational.com\/es\/soluciones\/legal-market-research\/despacho-de-abogados-gestion-de-gastos-investigacion-de-mercado\/\" title=\"Investigaci\u00f3n de mercado de gesti\u00f3n de gastos de bufetes de abogados\"  data-wpil-monitor-id=\"7825\">manage their spending<\/a>. Profits will rise, and market researchers can then move to find new bestsellers.<\/p>\n\n\n\n<h2 class=\"wp-block-heading\">Por qu\u00e9 las empresas necesitan el an\u00e1lisis Maxdiff<\/h2>\n\n\n\n<p class=\"p2\">The Maxdiff analysis shows preferences. Likewise, businesses can use it to make final choices in different areas. It also helps to focus on essential areas. Also, it makes the most of the budget by evaluating the answers collected from the surveys. This process then allows the company to make the best choices for itself. Other survey types like rank order, matrix, and rating scales lack this ability. That\u2019s why this <a href=\"https:\/\/www.sisinternational.com\/es\/quantitative-market-research-methods-and-techniques\/\" title=\"Quantitative Market Research Methods and Techniques\"  data-wpil-monitor-id=\"7823\">method is an excellent research<\/a> tool.<\/p>\n\n\n\n<p class=\"p2\">Este m\u00e9todo es m\u00e1s \u00fatil en datos de preferencias de un solo nivel. Es conveniente cuando las empresas tienen que tomar decisiones importantes, como el tipo de refresco m\u00e1s popular. De este modo, Maxdiff da voz a los clientes sobre qu\u00e9 productos permanecen en el lineal y cu\u00e1les se cortan.<\/p>\n\n\n\n<p class=\"p2\">Conjoint analysis is the opposite of this data collection method. For instance, it comes in handy when collecting many different levels of choices.<\/p>\n\n\n\n<h2 class=\"wp-block-heading\">Factores claves del \u00e9xito<\/h2>\n\n\n\n<p class=\"p2\">El uso de este m\u00e9todo proporciona calificaciones importantes para cada elemento. Tambi\u00e9n puede mostrar cu\u00e1n vitales son estos productos entre s\u00ed. Los principales beneficios de utilizar Maxdiff son:<\/p>\n\n\n\n<p class=\"p2\">1. Juicio fuerte<\/p>\n\n\n\n<p class=\"p2\">2. Es f\u00e1cil obtener respuestas<\/p>\n\n\n\n<p class=\"p2\">3. Allows the <a href=\"https:\/\/www.sisinternational.com\/es\/soluciones\/soluciones-de-branding-e-investigacion-de-clientes\/investigacion-de-mercado-de-pruebas-de-productos\/new-product-concept-testing-methods\/\" title=\"New Product Concept Testing Methods\"  data-wpil-monitor-id=\"7828\">pruebas<\/a> of more items than with other methods<\/p>\n\n\n\n<p class=\"p2\">4. Proporciona datos de proporciones y mide todas las diferencias.<\/p>\n\n\n\n<p class=\"p2\">5. Sin l\u00edmites<\/p>\n\n\n\n<p class=\"p2\">No s\u00f3lo puede hacer todas estas cosas y gestionar puntuaciones, sino que tambi\u00e9n tiene otras ventajas como TURF (Alcance y frecuencia total no duplicados). TURF puede indicar cu\u00e1les de los datos probablemente cubrir\u00e1n una parte importante de su objetivo.<\/p>\n\n\n\n<h2 class=\"wp-block-heading\">Acerca de la investigaci\u00f3n de mercado de Maxdiff<\/h2>\n\n\n\n<p class=\"p2\">If your company is thinking of using this method of analysis, then you\u2019ve come to the right place. We have created focus groups to help in this area, and also in survey making and interviews. This company also does strategic, quantitative, and <a href=\"https:\/\/www.sisinternational.com\/es\/empresa-lider-mundial-en-investigacion-cualitativa\/\" title=\"Empresa l\u00edder mundial en investigaci\u00f3n cualitativa\"  data-wpil-monitor-id=\"7820\">qualitative research for companies<\/a> we support. We can give you the tools to make the best decisions to improve your company. We are always willing to assist in growing new companies. So please feel free to contact us.<\/p>\n\n\n\n<p><\/p>","protected":false},"excerpt":{"rendered":"<p>El an\u00e1lisis Maxdiff es un m\u00e9todo de escala que se utiliza para contar los comentarios de las encuestas. Tambi\u00e9n mide las puntuaciones de preferencia y los valores que los clientes ponen en una lista de art\u00edculos.<\/p>","protected":false},"author":1,"featured_media":71908,"parent":14660,"menu_order":20,"comment_status":"closed","ping_status":"closed","template":"","meta":{"footnotes":""},"class_list":["post-39077","page","type-page","status-publish","has-post-thumbnail"],"_links":{"self":[{"href":"https:\/\/www.sisinternational.com\/es\/wp-json\/wp\/v2\/pages\/39077","targetHints":{"allow":["GET"]}}],"collection":[{"href":"https:\/\/www.sisinternational.com\/es\/wp-json\/wp\/v2\/pages"}],"about":[{"href":"https:\/\/www.sisinternational.com\/es\/wp-json\/wp\/v2\/types\/page"}],"author":[{"embeddable":true,"href":"https:\/\/www.sisinternational.com\/es\/wp-json\/wp\/v2\/users\/1"}],"replies":[{"embeddable":true,"href":"https:\/\/www.sisinternational.com\/es\/wp-json\/wp\/v2\/comments?post=39077"}],"version-history":[{"count":5,"href":"https:\/\/www.sisinternational.com\/es\/wp-json\/wp\/v2\/pages\/39077\/revisions"}],"predecessor-version":[{"id":81320,"href":"https:\/\/www.sisinternational.com\/es\/wp-json\/wp\/v2\/pages\/39077\/revisions\/81320"}],"up":[{"embeddable":true,"href":"https:\/\/www.sisinternational.com\/es\/wp-json\/wp\/v2\/pages\/14660"}],"wp:featuredmedia":[{"embeddable":true,"href":"https:\/\/www.sisinternational.com\/es\/wp-json\/wp\/v2\/media\/71908"}],"wp:attachment":[{"href":"https:\/\/www.sisinternational.com\/es\/wp-json\/wp\/v2\/media?parent=39077"}],"curies":[{"name":"wp","href":"https:\/\/api.w.org\/{rel}","templated":true}]}}