{"id":39071,"date":"2021-10-20T18:58:32","date_gmt":"2021-10-20T18:58:32","guid":{"rendered":"https:\/\/www.sisinternational.com\/?page_id=39071"},"modified":"2026-01-25T18:22:02","modified_gmt":"2026-01-25T23:22:02","slug":"investigacion-de-mercado-de-prevision-de-la-demanda","status":"publish","type":"page","link":"https:\/\/www.sisinternational.com\/es\/soluciones\/consultoria-estrategica\/investigacion-de-mercado-de-prevision-de-la-demanda\/","title":{"rendered":"Demand Forecasting Market Consulting"},"content":{"rendered":"<h1 class=\"wp-block-heading\">Demand Forecasting Market Consulting<\/h1>\n\n\n\n<p><\/p>\n\n\n\n<figure class=\"gb-block-image gb-block-image-4b7ab4e9\"><img loading=\"lazy\" decoding=\"async\" width=\"1456\" height=\"816\" class=\"gb-image gb-image-4b7ab4e9\" src=\"https:\/\/www.sisinternational.com\/wp-content\/uploads\/2025\/08\/Creativity-5.jpg\" alt=\"Investigaci\u00f3n y estrategia de mercado internacional de SIS\" title=\"Creativity (5)\" srcset=\"https:\/\/www.sisinternational.com\/wp-content\/uploads\/2025\/08\/Creativity-5.jpg 1456w, https:\/\/www.sisinternational.com\/wp-content\/uploads\/2025\/08\/Creativity-5-300x168.jpg 300w, https:\/\/www.sisinternational.com\/wp-content\/uploads\/2025\/08\/Creativity-5-1024x574.jpg 1024w, https:\/\/www.sisinternational.com\/wp-content\/uploads\/2025\/08\/Creativity-5-768x430.jpg 768w, https:\/\/www.sisinternational.com\/wp-content\/uploads\/2025\/08\/Creativity-5-18x10.jpg 18w\" sizes=\"auto, (max-width: 1456px) 100vw, 1456px\"><\/figure>\n\n\n\n<p><\/p>\n\n\n\n<p class=\"p1\">Demand Forecasting is the process of analyzing data in detail. The forecaster then uses it to predict customers\u2019 future wants for a product or service. This method has many different areas. Each varies from the other. Thus, the forecaster has to choose which one is best. The <a href=\"https:\/\/www.sisinternational.com\/es\/soluciones\/soluciones-de-investigacion-cualitativa-cuantitativa\/demand-forecasting-best-practices\/\" title=\"Demand Forecasting Best Practices\"  data-wpil-monitor-id=\"1638\">forecasting of customers\u2019 demands<\/a> helps companies make good decisions. These types of decisions will grow future sales and revenues.<\/p>\n\n\n\n<p class=\"p1\">Demand refers to what goods or services customers want. In other words, it shows how willing customers are to buy things at a given price. <a href=\"https:\/\/www.sisinternational.com\/es\/soluciones\/investigacion-de-mercado-de-ventas-empresariales-b2b\/\" title=\"Estudio de mercado de ventas a empresas B2B\"  data-wpil-monitor-id=\"11169\">Sales and marketing<\/a> departments usually do the forecasting. Product managers may also do it. These <a href=\"https:\/\/www.sisinternational.com\/es\/pericia\/industrias\/investigacion-de-mercado-de-pueblos-indigenas\/\" title=\"Investigaci\u00f3n de Mercado de Pueblos Ind\u00edgenas\"  data-wpil-monitor-id=\"11167\">people have the best understanding of marketing<\/a> demands and customer behavior. Hence the company trusts them to make choices that will <a href=\"https:\/\/www.sisinternational.com\/es\/publicaciones\/investigacion-de-mercado-empresarial-escalable-7-formas-de-construir-un-negocio-escalable\/\" title=\"Investigaci\u00f3n de mercado empresarial escalable: 7 formas de construir un negocio escalable\"  data-wpil-monitor-id=\"11173\">build the business<\/a> in the end. If they fail and make a wrong decision, the company\u2019s revenues will drop, causing losses.<\/p>\n\n\n\n<h2 class=\"wp-block-heading\">\u00bfPor qu\u00e9 es importante la previsi\u00f3n de la demanda?<\/h2>\n\n\n\n<p class=\"p1\">Pronosticar la demanda es fundamental en las ventas. Permite a la empresa fijar los precios y niveles de stock correctos. Tambi\u00e9n ayuda a la empresa a comprender c\u00f3mo ampliar proyectos futuros. Una mala previsi\u00f3n puede provocar p\u00e9rdidas de ventas y ca\u00eddas de existencias, sin mencionar clientes descontentos y p\u00e9rdidas de ingresos.<\/p>\n\n\n\n<p class=\"p1\">Demand has a very valued bond with supply. Together they both determine prices and the bulk of goods and <a href=\"https:\/\/www.sisinternational.com\/es\/soluciones\/investigacion-de-consultoria-estrategica-fintech\/investigacion-de-mercado-de-servicios-financieros\/\" title=\"Investigaci\u00f3n de mercado de servicios financieros\"  data-wpil-monitor-id=\"11168\">services in a market<\/a> base. This bond with demand and supply keeps a balance between goods and services. It is the basis of marketing.<\/p>\n\n\n\n<h2 class=\"wp-block-heading\">T\u00edtulos de trabajo clave<\/h2>\n\n\n\n<p class=\"p1\"><a href=\"https:\/\/www.sisinternational.com\/es\/pericia\/curriculums-de-experiencia\/estudio-de-mercado-de-productos-de-cuidado-personal\/\" title=\"Investigaci\u00f3n de mercado de productos de cuidado personal\"  data-wpil-monitor-id=\"11171\">Persons working in marketing<\/a> rely on demand forecasting. This metric shows many things, such as what sales can achieve. So, to clarify, the sales department makes decisions based on <a href=\"https:\/\/www.sisinternational.com\/es\/soluciones\/consultoria-estrategica\/analisis-de-datos\/\" title=\"Empresa de an\u00e1lisis de datos\"  data-wpil-monitor-id=\"11174\">data<\/a> they have for the better of the company. These decisions set a new base for the company, to say nothing of drawing in new customers.<\/p>\n\n\n\n<p class=\"p1\">Las predicciones hechas por estos departamentos aseguran que el futuro seguir\u00e1 siendo tranquilo. Estas previsiones tambi\u00e9n deber\u00edan ser rentables para el negocio. Adem\u00e1s, saber lo que nos depara el futuro hace que sea m\u00e1s f\u00e1cil afrontar los problemas con tranquilidad.<\/p>\n\n\n\n<h2 class=\"wp-block-heading\">Por qu\u00e9 las empresas necesitan la previsi\u00f3n de la demanda<\/h2>\n\n\n\n<figure class=\"gb-block-image gb-block-image-2ba65b91\"><img loading=\"lazy\" decoding=\"async\" width=\"1456\" height=\"816\" class=\"gb-image gb-image-2ba65b91\" src=\"https:\/\/www.sisinternational.com\/wp-content\/uploads\/2025\/08\/Business-24.jpg\" alt=\"Investigaci\u00f3n y estrategia de mercado internacional de SIS\" title=\"Business (24)\" srcset=\"https:\/\/www.sisinternational.com\/wp-content\/uploads\/2025\/08\/Business-24.jpg 1456w, https:\/\/www.sisinternational.com\/wp-content\/uploads\/2025\/08\/Business-24-300x168.jpg 300w, https:\/\/www.sisinternational.com\/wp-content\/uploads\/2025\/08\/Business-24-1024x574.jpg 1024w, https:\/\/www.sisinternational.com\/wp-content\/uploads\/2025\/08\/Business-24-768x430.jpg 768w, https:\/\/www.sisinternational.com\/wp-content\/uploads\/2025\/08\/Business-24-18x10.jpg 18w\" sizes=\"auto, (max-width: 1456px) 100vw, 1456px\"><\/figure>\n\n\n\n<p><\/p>\n\n\n\n<p class=\"p1\"><a href=\"https:\/\/www.sisinternational.com\/es\/libro-blanco-que-viene-primero-la-demanda-o-la-oferta\/\" title=\"Libro blanco: \u00bfQu\u00e9 viene primero: la oferta o la demanda?\"  data-wpil-monitor-id=\"4789\">Demand Forecasting<\/a> helps companies make decisions from stock to supply. Expectations from customers change by the minute. Thus, businesses need a way to forecast demand. When <a href=\"https:\/\/www.sisinternational.com\/es\/la-principal-empresa-de-prevision-de-tendencias-de-la-industria-b2b\/\" title=\"Principal empresa de previsi\u00f3n de tendencias de la industria B2B\"  data-wpil-monitor-id=\"11170\">companies use forecasting<\/a>, managers can make choices for growth, which will increase their value in their current markets and others.<\/p>\n\n\n\n<p class=\"p1\">Primero, las empresas deben pronosticar las ventas. Luego podr\u00e1n utilizar los datos reci\u00e9n descubiertos para ayudar en la planificaci\u00f3n futura. Una buena comprensi\u00f3n de los datos puede ayudar a los gerentes a ver cu\u00e1les ser\u00e1n las ventas pronto. Luego pueden elaborar un plan para satisfacer los deseos de sus clientes.<\/p>\n\n\n\n<p class=\"p1\">En todo negocio existe un capital fijo. Si no gestiona las \u00e1reas financieras, puede sufrir un exceso o una financiaci\u00f3n insuficiente. Pero cuando todo va bien, la empresa saldr\u00e1 ganando.<\/p>\n\n\n\n<h3 class=\"wp-block-heading\">Factores claves del \u00e9xito<\/h3>\n\n\n\n<p class=\"p1\">El beneficio m\u00e1s com\u00fan de la previsi\u00f3n de la demanda son los clientes satisfechos. Otro beneficio es un aumento de las ganancias. Otros ser\u00edan:<\/p>\n\n\n\n<p class=\"p1\">1. Reducci\u00f3n del stock disponible<\/p>\n\n\n\n<p class=\"p1\">2. Mejorar los presupuestos<\/p>\n\n\n\n<p class=\"p1\">3. Servicio al cliente mejorado<\/p>\n\n\n\n<p class=\"p1\">4. Mejorar los planes<\/p>\n\n\n\n<p class=\"p1\">5. Abrir el camino a las asociaciones<\/p>\n\n\n\n<p class=\"p1\">6. Estimaci\u00f3n de las necesidades financieras<\/p>\n\n\n\n<p class=\"p1\">Con todos estos factores juntos, las empresas pueden sentar las bases para la planificaci\u00f3n. Este tipo de planificaci\u00f3n asegura el futuro del negocio. Sigue el concepto de que cuantos m\u00e1s datos se recopilen, mejor ser\u00e1 la toma de decisiones.<\/p>\n\n\n\n<h2 class=\"wp-block-heading\">Acerca de la investigaci\u00f3n de previsi\u00f3n de la demanda<\/h2>\n\n\n\n<p class=\"p1\">Using a forecasting method has many benefits. It gains both profits and happy customers. If your company is willing to use this method, our business is here to help. We arrange focus groups to help with this and other areas as well. We also conduct Strategic, Quantitative, and Qualitative Research. Our team can help improve the choices you make in the company to increase profits. We are always ready and willing to help. So contact us today. Let\u2019s get started on <a href=\"https:\/\/www.sisinternational.com\/es\/publicaciones\/exportacion-del-mercado-medio-japones\/\" title=\"Hacer crecer su negocio en Jap\u00f3n\"  data-wpil-monitor-id=\"11172\">growing your business<\/a>.<\/p>\n\n\n\n<p><\/p>","protected":false},"excerpt":{"rendered":"<p>La previsi\u00f3n de la demanda es el proceso de analizar datos en detalle. Los pronosticadores lo utilizan para predecir los deseos futuros de los clientes sobre un producto o servicio. SIS proporciona una investigaci\u00f3n exhaustiva para ayudar a aumentar las ganancias de su empresa.<\/p>","protected":false},"author":1,"featured_media":62645,"parent":14567,"menu_order":15,"comment_status":"closed","ping_status":"closed","template":"","meta":{"footnotes":""},"class_list":["post-39071","page","type-page","status-publish","has-post-thumbnail"],"_links":{"self":[{"href":"https:\/\/www.sisinternational.com\/es\/wp-json\/wp\/v2\/pages\/39071","targetHints":{"allow":["GET"]}}],"collection":[{"href":"https:\/\/www.sisinternational.com\/es\/wp-json\/wp\/v2\/pages"}],"about":[{"href":"https:\/\/www.sisinternational.com\/es\/wp-json\/wp\/v2\/types\/page"}],"author":[{"embeddable":true,"href":"https:\/\/www.sisinternational.com\/es\/wp-json\/wp\/v2\/users\/1"}],"replies":[{"embeddable":true,"href":"https:\/\/www.sisinternational.com\/es\/wp-json\/wp\/v2\/comments?post=39071"}],"version-history":[{"count":6,"href":"https:\/\/www.sisinternational.com\/es\/wp-json\/wp\/v2\/pages\/39071\/revisions"}],"predecessor-version":[{"id":81824,"href":"https:\/\/www.sisinternational.com\/es\/wp-json\/wp\/v2\/pages\/39071\/revisions\/81824"}],"up":[{"embeddable":true,"href":"https:\/\/www.sisinternational.com\/es\/wp-json\/wp\/v2\/pages\/14567"}],"wp:featuredmedia":[{"embeddable":true,"href":"https:\/\/www.sisinternational.com\/es\/wp-json\/wp\/v2\/media\/62645"}],"wp:attachment":[{"href":"https:\/\/www.sisinternational.com\/es\/wp-json\/wp\/v2\/media?parent=39071"}],"curies":[{"name":"wp","href":"https:\/\/api.w.org\/{rel}","templated":true}]}}