{"id":38919,"date":"2021-09-25T02:39:15","date_gmt":"2021-09-25T02:39:15","guid":{"rendered":"https:\/\/www.sisinternational.com\/?page_id=38919"},"modified":"2026-04-01T17:25:12","modified_gmt":"2026-04-01T21:25:12","slug":"investigacion-de-mercado-bulgaria","status":"publish","type":"page","link":"https:\/\/www.sisinternational.com\/es\/cobertura\/europa\/investigacion-de-mercado-bulgaria\/","title":{"rendered":"Investigaci\u00f3n de mercado en Bulgaria"},"content":{"rendered":"<h1 class=\"gb-headline gb-headline-bd43b33e gb-headline-text\">Investigaci\u00f3n de mercado en Bulgaria<\/h1>\n\n\n\n<figure class=\"gb-block-image gb-block-image-744902c4\"><img loading=\"lazy\" decoding=\"async\" width=\"1408\" height=\"768\" class=\"gb-image gb-image-744902c4\" src=\"https:\/\/www.sisinternational.com\/wp-content\/uploads\/2026\/04\/Bulgaria-1.jpg\" alt=\"Investigaci\u00f3n y estrategia de mercado internacional de SIS\" title=\"Bulgaria (1)\" srcset=\"https:\/\/www.sisinternational.com\/wp-content\/uploads\/2026\/04\/Bulgaria-1.jpg 1408w, https:\/\/www.sisinternational.com\/wp-content\/uploads\/2026\/04\/Bulgaria-1-300x164.jpg 300w, https:\/\/www.sisinternational.com\/wp-content\/uploads\/2026\/04\/Bulgaria-1-1024x559.jpg 1024w, https:\/\/www.sisinternational.com\/wp-content\/uploads\/2026\/04\/Bulgaria-1-768x419.jpg 768w, https:\/\/www.sisinternational.com\/wp-content\/uploads\/2026\/04\/Bulgaria-1-18x10.jpg 18w\" sizes=\"auto, (max-width: 1408px) 100vw, 1408px\"><\/figure>\n\n\n\n<h1 class=\"wp-block-heading\">&nbsp;<\/h1>\n\n\n\n<hr class=\"wp-block-separator has-alpha-channel-opacity is-style-dots\"\/>\n\n\n\n<p><span style=\"font-weight: 400;\">Comprehensive market research in Bulgaria can unveil critical insights that drive strategic business decisions. This diverse market, characterized by its distinct challenges and abundant opportunities, requires a deep understanding of business success.<\/span><\/p>\n\n\n\n<h2 class=\"wp-block-heading\"><strong>\u00bfQu\u00e9 es la investigaci\u00f3n de mercado en Bulgaria?<\/strong><\/h2>\n\n\n\n<p><span style=\"font-weight: 400;\">La investigaci\u00f3n de mercado en Bulgaria proporciona a las empresas una comprensi\u00f3n integral del panorama econ\u00f3mico, los comportamientos de los consumidores y la din\u00e1mica competitiva espec\u00edfica de Bulgaria.&nbsp;<\/span><\/p>\n\n\n\n<h2 class=\"wp-block-heading\"><strong>\u00bfPor qu\u00e9 las empresas necesitan estudios de mercado en Bulgaria?<\/strong><\/h2>\n\n\n\n<p><span style=\"font-weight: 400;\">La investigaci\u00f3n de mercado en Bulgaria ayuda a las empresas a navegar las complejidades del entorno empresarial local y a tomar decisiones informadas. Esto es particularmente importante en Bulgaria, donde las condiciones econ\u00f3micas y los comportamientos de los consumidores pueden diferir significativamente de otras regiones.<\/span><\/p>\n\n\n\n<p><span style=\"font-weight: 400;\">Las empresas necesitan estudios de mercado en Bulgaria para identificar y comprender a su p\u00fablico objetivo. Al comprender qu\u00e9 impulsa las decisiones de los consumidores, las empresas pueden adaptar sus productos y servicios para satisfacer eficazmente las demandas locales.<\/span><\/p>\n\n\n\n<p><span style=\"font-weight: 400;\">Adem\u00e1s, la investigaci\u00f3n de mercado en Bulgaria proporciona informaci\u00f3n cr\u00edtica sobre el panorama competitivo. Las empresas pueden analizar las fortalezas y debilidades de sus competidores, identificar brechas en el mercado y desarrollar estrategias para diferenciarse. Este conocimiento es invaluable para crear una propuesta de valor \u00fanica y obtener una ventaja competitiva.<\/span><\/p>\n\n\n\n<h2 class=\"wp-block-heading\"><strong>Resultados esperados de la investigaci\u00f3n de mercado de SIS en Bulgaria<\/strong><\/h2>\n\n\n\n<figure class=\"gb-block-image gb-block-image-0c82cda1\"><img loading=\"lazy\" decoding=\"async\" width=\"1456\" height=\"816\" class=\"gb-image gb-image-0c82cda1\" src=\"https:\/\/www.sisinternational.com\/wp-content\/uploads\/2025\/09\/Bulgaria-3.jpg\" alt=\"Investigaci\u00f3n y estrategia de mercado internacional de SIS\" title=\"Bulgaria (3)\" srcset=\"https:\/\/www.sisinternational.com\/wp-content\/uploads\/2025\/09\/Bulgaria-3.jpg 1456w, https:\/\/www.sisinternational.com\/wp-content\/uploads\/2025\/09\/Bulgaria-3-300x168.jpg 300w, https:\/\/www.sisinternational.com\/wp-content\/uploads\/2025\/09\/Bulgaria-3-1024x574.jpg 1024w, https:\/\/www.sisinternational.com\/wp-content\/uploads\/2025\/09\/Bulgaria-3-768x430.jpg 768w, https:\/\/www.sisinternational.com\/wp-content\/uploads\/2025\/09\/Bulgaria-3-18x10.jpg 18w\" sizes=\"auto, (max-width: 1456px) 100vw, 1456px\"><\/figure>\n\n\n\n<p><\/p>\n\n\n\n<p><b>Mayor conocimiento del mercado<\/b><span style=\"font-weight: 400;\">:&nbsp;<\/span><\/p>\n\n\n\n<p><span style=\"font-weight: 400;\">SIS International proporciona a las empresas un profundo conocimiento del panorama del mercado b\u00falgaro. Este conocimiento permite a las empresas tomar decisiones informadas, alinear sus estrategias con las condiciones del mercado e identificar oportunidades de crecimiento.<\/span><\/p>\n\n\n\n<p><b>Planificaci\u00f3n estrat\u00e9gica mejorada<\/b><span style=\"font-weight: 400;\">:&nbsp;<\/span><\/p>\n\n\n\n<p><span style=\"font-weight: 400;\">We help businesses develop robust strategic plans crucial for achieving long-term success and sustainable growth in Bulgaria.<\/span><\/p>\n\n\n\n<p><b>Campa\u00f1as de marketing optimizadas<\/b><span style=\"font-weight: 400;\">:&nbsp;<\/span><\/p>\n\n\n\n<p><span style=\"font-weight: 400;\">Las empresas pueden crear campa\u00f1as de marketing espec\u00edficas con informaci\u00f3n detallada sobre los consumidores que resuenen en su audiencia. Esto conduce a un mayor compromiso, una mayor lealtad a la marca y un aumento de las ventas.<\/span><\/p>\n\n\n\n<p><b>Mayor retorno de la inversi\u00f3n<\/b><span style=\"font-weight: 400;\">:&nbsp;<\/span><\/p>\n\n\n\n<p><span style=\"font-weight: 400;\">La investigaci\u00f3n de mercado de SIS ayuda a las empresas a maximizar el retorno de su inversi\u00f3n identificando los segmentos y oportunidades de mercado m\u00e1s prometedores. Al hacerlo, las empresas pueden asignar recursos de manera m\u00e1s eficiente y lograr mejores resultados.<\/span><\/p>\n\n\n\n<h2 class=\"wp-block-heading p3\">Barrios<\/h2>\n\n\n\n<p class=\"p2\">Sofia is the biggest and capital city in the world. It has some of the country\u2019s best attractions, such as the Saint Sofia Church and underground museum. Sofia is also home to the National History Museum, which displays famous gold treasures worldwide.<\/p>\n\n\n\n<p class=\"p2\">Otro punto clave de esta ciudad es que se encuentra al pie de la monta\u00f1a Vitosha. Vitosha es un lugar de moda para los amantes del senderismo y el esqu\u00ed.<\/p>\n\n\n\n<p class=\"p2\">Plovdiv es otra ciudad antigua y muy conocida del sur. Siempre ha atra\u00eddo visitantes debido a su amplia gama de actividades.<\/p>\n\n\n\n<h2 class=\"wp-block-heading\"><strong>Principales atracciones tur\u00edsticas de Bulgaria<\/strong><\/h2>\n\n\n\n<p><span style=\"font-weight: 400;\">Bulgaria has many tourist attractions that draw visitors from around the world. Understanding these attractions is crucial for tourism businesses to tailor their services and marketing strategies.<\/span><\/p>\n\n\n\n<ul class=\"wp-block-list\">\n<li><b>Sof\u00eda<\/b><span style=\"font-weight: 400;\">: La ciudad capital ofrece una combinaci\u00f3n de atracciones modernas e hist\u00f3ricas, incluida la Catedral Alexander Nevsky, el bulevar Vitosha y el Palacio Nacional de Cultura.<\/span><\/li>\n\n\n\n<li><b>Plovdiv<\/b><span style=\"font-weight: 400;\">: Plovdiv es un centro cultural que atrae a turistas con su rica historia y su vibrante escena art\u00edstica.<\/span><\/li>\n\n\n\n<li><b>Varna<\/b><span style=\"font-weight: 400;\">: Varna es un popular destino de verano con atracciones como el Jard\u00edn Marino, el Museo Arqueol\u00f3gico de Varna y el Delfinario.<\/span><\/li>\n\n\n\n<li><b>Monasterio de Rila<\/b><span style=\"font-weight: 400;\">: Este sitio declarado Patrimonio de la Humanidad por la UNESCO es un importante hito cultural y religioso, famoso por su impresionante arquitectura y su importancia hist\u00f3rica.<\/span><\/li>\n\n\n\n<li><b>Bansko<\/b><span style=\"font-weight: 400;\">: Bansko, una importante estaci\u00f3n de esqu\u00ed en las monta\u00f1as Pirin, ofrece excelentes oportunidades para esquiar y hacer snowboard, lo que atrae a entusiastas de los deportes de invierno de todo el mundo.<\/span><\/li>\n\n\n\n<li><b>Veliko Tarnovo<\/b><span style=\"font-weight: 400;\">: Veliko Tarnovo cuenta con atracciones como la fortaleza de Tsarevets y el pintoresco pueblo de Arbanasi.<\/span><\/li>\n\n\n\n<li><b>Nesebar<\/b><span style=\"font-weight: 400;\">: Esta antigua ciudad en la costa del Mar Negro es otro sitio declarado Patrimonio de la Humanidad por la UNESCO, famosa por sus edificios medievales bien conservados y sus hermosas playas.<\/span><\/li>\n<\/ul>\n\n\n\n<h2 class=\"wp-block-heading\"><strong>Industrias clave en Bulgaria<\/strong><\/h2>\n\n\n\n<p><span style=\"font-weight: 400;\">Bulgaria is home to several key industries that drive its economy and offer substantial opportunities for <a href=\"https:\/\/www.sisinternational.com\/es\/pericia\/industrias\/estudio-de-mercado-de-electrodomesticos\/\" title=\"Investigaci\u00f3n de mercado de electrodom\u00e9sticos\" data-wpil-monitor-id=\"6608\">market<\/a> research. <\/span><b>Agricultura<\/b><span style=\"font-weight: 400;\"> sigue siendo un sector importante, con empresas como Vinprom Peshtera y Agria Group Holding liderando la producci\u00f3n de productos agr\u00edcolas, incluidos vino y cereales.&nbsp;<\/span><\/p>\n\n\n\n<p><span style=\"font-weight: 400;\">El <\/span><b>industria manufacturera<\/b><span style=\"font-weight: 400;\"> Tambi\u00e9n es vital, particularmente en piezas de autom\u00f3viles, maquinaria y electr\u00f3nica. Empresas como Sensata Technologies y Melexis son actores clave en este sector. La investigaci\u00f3n de mercado ayuda a estas empresas a optimizar los procesos de producci\u00f3n, reducir costos e innovar para seguir siendo competitivas.<\/span><\/p>\n\n\n\n<p><span style=\"font-weight: 400;\">El <\/span><b>sector de tecnolog\u00eda de la informaci\u00f3n<\/b><span style=\"font-weight: 400;\"> est\u00e1 creciendo r\u00e1pidamente, impulsado por empresas como Telerik y Musala Soft. Este sector se beneficia enormemente de la investigaci\u00f3n de mercado que identifica tendencias tecnol\u00f3gicas, necesidades de los consumidores y \u00e1reas potenciales de innovaci\u00f3n.<\/span><\/p>\n\n\n\n<p><b>Turismo <\/b><span style=\"font-weight: 400;\">Es otro sector importante, ya que el rico patrimonio cultural y la belleza natural de Bulgaria atraen a visitantes de todo el mundo. Empresas como Albena AD y Solvex utilizan estudios de mercado para mejorar sus servicios y atraer m\u00e1s turistas.<\/span><\/p>\n\n\n\n<p><span style=\"font-weight: 400;\">El <\/span><b>sector energ\u00e9tico<\/b><span style=\"font-weight: 400;\"> also plays a crucial role in Bulgaria\u2019s economy. Companies such as Bulgargaz and CEZ Group are prominent players. <a href=\"https:\/\/www.sisinternational.com\/es\/perspectivas-sobre-los-vehiculos-electricos-2013\/\" title=\"Investigaci\u00f3n de mercado de veh\u00edculos h\u00edbridos y el\u00e9ctricos\" data-wpil-monitor-id=\"6631\">Market research helps understand energy<\/a> consumption patterns, regulatory changes, and opportunities for renewable energy development.<\/span><\/p>\n\n\n\n<h2 class=\"wp-block-heading p3\">Tendencias<\/h2>\n\n\n\n<p class=\"p2\">El pa\u00eds pone mucho esfuerzo en los sectores de la construcci\u00f3n, la miner\u00eda, los servicios y la agricultura. La reciente desaceleraci\u00f3n de la econom\u00eda mundial puso fin a un per\u00edodo de tremendo crecimiento econ\u00f3mico para Bulgaria.<\/p>\n\n\n\n<p class=\"p2\">El pa\u00eds tiene una fuerza laboral bien educada. A pesar de sus cifras, sigue siendo uno de los pa\u00edses m\u00e1s pobres de la UE. Aunque el pa\u00eds es pobre, tiene bastantes millonarios. As\u00ed pues, la econom\u00eda no es tan deprimente como podr\u00eda parecer. Tiene un excelente potencial de crecimiento. Aun as\u00ed, Bulgaria tiene el salario medio m\u00e1s bajo de la UE, y muchas personas ganan tan solo $2 por hora.<\/p>\n\n\n\n<h2 class=\"wp-block-heading\"><strong>Oportunidades&nbsp;<\/strong><\/h2>\n\n\n\n<figure class=\"gb-block-image gb-block-image-4cbf26d6\"><img loading=\"lazy\" decoding=\"async\" width=\"1456\" height=\"816\" class=\"gb-image gb-image-4cbf26d6\" src=\"https:\/\/www.sisinternational.com\/wp-content\/uploads\/2025\/09\/Bulgaria-4.jpg\" alt=\"Investigaci\u00f3n y estrategia de mercado internacional de SIS\" title=\"Bulgaria (4)\" srcset=\"https:\/\/www.sisinternational.com\/wp-content\/uploads\/2025\/09\/Bulgaria-4.jpg 1456w, https:\/\/www.sisinternational.com\/wp-content\/uploads\/2025\/09\/Bulgaria-4-300x168.jpg 300w, https:\/\/www.sisinternational.com\/wp-content\/uploads\/2025\/09\/Bulgaria-4-1024x574.jpg 1024w, https:\/\/www.sisinternational.com\/wp-content\/uploads\/2025\/09\/Bulgaria-4-768x430.jpg 768w, https:\/\/www.sisinternational.com\/wp-content\/uploads\/2025\/09\/Bulgaria-4-18x10.jpg 18w\" sizes=\"auto, (max-width: 1456px) 100vw, 1456px\"><\/figure>\n\n\n\n<p><\/p>\n\n\n\n<p><span style=\"font-weight: 400;\">Los estudios de mercado en Bulgaria revelan numerosas oportunidades para empresas de diversos sectores.<\/span><\/p>\n\n\n\n<ul class=\"wp-block-list\">\n<li><b>Transformaci\u00f3n Digital<\/b><span style=\"font-weight: 400;\">: La creciente adopci\u00f3n de tecnolog\u00edas digitales presenta oportunidades para que las empresas de TI y las nuevas empresas ofrezcan soluciones innovadoras.<\/span><\/li>\n\n\n\n<li><b>Demanda de calidad del consumidor<\/b><span style=\"font-weight: 400;\">: La creciente demanda de productos de alta calidad permite a las empresas diferenciarse ofreciendo bienes y servicios superiores.<\/span><\/li>\n\n\n\n<li><b>Crecimiento del turismo<\/b><span style=\"font-weight: 400;\">: La industria del turismo en expansi\u00f3n ofrece a las empresas oportunidades para desarrollar nuevas atracciones tur\u00edsticas, mejorar los servicios existentes y promover el patrimonio cultural.<\/span><\/li>\n\n\n\n<li><b>Innovaci\u00f3n Agr\u00edcola<\/b><span style=\"font-weight: 400;\">: El sector agr\u00edcola presenta oportunidades para que las empresas introduzcan t\u00e9cnicas agr\u00edcolas modernas, mejoren la calidad de los productos y exploren nuevos mercados.<\/span><\/li>\n<\/ul>\n\n\n\n<h2 class=\"wp-block-heading\"><strong>Desaf\u00edos&nbsp;<\/strong><\/h2>\n\n\n\n<p><span style=\"font-weight: 400;\">Si bien existen numerosas oportunidades, las empresas tambi\u00e9n deben afrontar diversos desaf\u00edos al realizar estudios de mercado en Bulgaria.<\/span><\/p>\n\n\n\n<ul class=\"wp-block-list\">\n<li><b>Complejidades regulatorias<\/b><span style=\"font-weight: 400;\">: Navegar por el entorno regulatorio de Bulgaria puede ser un desaf\u00edo. La investigaci\u00f3n de mercado aclara los requisitos de cumplimiento y ayuda a las empresas a desarrollar estrategias para abordar los obst\u00e1culos regulatorios.<\/span><\/li>\n\n\n\n<li><b>Diferencias culturales<\/b><span style=\"font-weight: 400;\">: Comprender los matices culturales locales es esencial para el \u00e9xito. La investigaci\u00f3n de mercado proporciona informaci\u00f3n sobre preferencias y comportamientos culturales, ayudando a las empresas a adaptar sus ofertas en consecuencia.<\/span><\/li>\n\n\n\n<li><b>Limitaciones de infraestructura<\/b><span style=\"font-weight: 400;\">: Si bien est\u00e1 mejorando, la infraestructura de Bulgaria todav\u00eda presenta desaf\u00edos en ciertas \u00e1reas, lo que afecta la log\u00edstica y la distribuci\u00f3n. La investigaci\u00f3n de mercado ayuda a las empresas a planificar eficazmente para superar estos obst\u00e1culos.<\/span><\/li>\n<\/ul>\n\n\n\n<h2 class=\"wp-block-heading\"><strong>Perspectiva del futuro&nbsp;<\/strong><\/h2>\n\n\n\n<p><span style=\"font-weight: 400;\">La investigaci\u00f3n de mercado en Bulgaria ofrece un futuro prometedor para las empresas que deseen invertir en la comprensi\u00f3n de la din\u00e1mica del mercado.<\/span><\/p>\n\n\n\n<ul class=\"wp-block-list\">\n<li><b>Avances tecnol\u00f3gicos<\/b><span style=\"font-weight: 400;\">: El crecimiento continuo en el sector tecnol\u00f3gico impulsar\u00e1 la demanda de m\u00e9todos innovadores de investigaci\u00f3n de mercado, incluida la inteligencia artificial y el an\u00e1lisis de big data.<\/span><\/li>\n\n\n\n<li><b>Crecimiento econ\u00f3mico<\/b><span style=\"font-weight: 400;\">: El constante crecimiento econ\u00f3mico de Bulgaria proporcionar\u00e1 un entorno estable para que las empresas se expandan e inviertan.<\/span><\/li>\n\n\n\n<li><b>Sofisticaci\u00f3n del consumidor<\/b><span style=\"font-weight: 400;\">: A medida que los consumidores se vuelven m\u00e1s sofisticados, las empresas deben realizar investigaciones de mercado en profundidad para comprender sus necesidades y preferencias en evoluci\u00f3n.<\/span><\/li>\n\n\n\n<li><b>Tendencias de sostenibilidad<\/b><span style=\"font-weight: 400;\">: El creciente enfoque en la sostenibilidad crear\u00e1 oportunidades para que las empresas desarrollen productos y servicios ecol\u00f3gicos, respaldados por conocimientos de investigaci\u00f3n de mercado.<\/span><\/li>\n\n\n\n<li><b>Integraci\u00f3n regional<\/b><span style=\"font-weight: 400;\">: La integraci\u00f3n de Bulgaria en la Uni\u00f3n Europea seguir\u00e1 influyendo en las condiciones del mercado, por lo que es esencial que las empresas se mantengan informadas mediante estudios de mercado.<\/span><\/li>\n<\/ul>\n\n\n\n<h2 class=\"wp-block-heading\"><strong>C\u00f3mo ayuda a las empresas la investigaci\u00f3n de mercado de SIS International en Bulgaria<\/strong><\/h2>\n\n\n\n<p><span style=\"font-weight: 400;\">SIS International lleva a cabo investigaciones de mercado que son fundamentales para ayudar a las empresas a navegar por las complejidades del mercado b\u00falgaro. Al proporcionar informaci\u00f3n integral sobre las condiciones del mercado, los comportamientos de los consumidores y la din\u00e1mica competitiva, SIS permite a las empresas tomar decisiones informadas que impulsan el crecimiento y la innovaci\u00f3n.<\/span><\/p>\n\n\n\n<p><b>Reducir el riesgo<\/b><span style=\"font-weight: 400;\">:&nbsp;<\/span><\/p>\n\n\n\n<p><a href=\"https:\/\/www.linkedin.com\/company\/sisinternationalresearch\/\" target=\"_blank\" rel=\"noopener\"><span style=\"font-weight: 400;\">SIS Internacional<\/span><\/a><span style=\"font-weight: 400;\"> ayuda a las empresas a identificar riesgos potenciales y desarrollar estrategias para mitigarlos. Este enfoque proactivo reduce la incertidumbre y mejora los procesos de toma de decisiones.<\/span><\/p>\n\n\n\n<p><b>Aumentar los ingresos<\/b><span style=\"font-weight: 400;\">:&nbsp;<\/span><\/p>\n\n\n\n<p><span style=\"font-weight: 400;\">Por comprensi\u00f3n <a href=\"https:\/\/www.sisinternational.com\/es\/soluciones\/investigacion-de-mercado-de-consumo\/\">preferencias del consumidor<\/a> y las tendencias del mercado, las empresas pueden adaptar sus ofertas para satisfacer la demanda, aumentando las ventas y los ingresos.<\/span><\/p>\n\n\n\n<p><b>Ahorrar dinero<\/b><span style=\"font-weight: 400;\">:&nbsp;<\/span><\/p>\n\n\n\n<p><a href=\"https:\/\/twitter.com\/SISIntlResearch\" target=\"_blank\" rel=\"noopener\"><span style=\"font-weight: 400;\">SIS<\/span><\/a><span style=\"font-weight: 400;\"> allows companies to allocate resources more efficiently, minimize waste, and optimize investment. This leads to cost savings and improved operational efficiency.<\/span><\/p>\n\n\n\n<p><b>Ahorrando tiempo<\/b><span style=\"font-weight: 400;\">:&nbsp;<\/span><\/p>\n\n\n\n<p><span style=\"font-weight: 400;\">El acceso a informaci\u00f3n de mercado precisa y oportuna acelera la toma de decisiones, lo que permite a las empresas responder r\u00e1pidamente a los cambios del mercado y aprovechar las oportunidades.<\/span><\/p>\n\n\n\n<p><b>Acelerar el crecimiento y la innovaci\u00f3n<\/b><span style=\"font-weight: 400;\">:&nbsp;<\/span><\/p>\n\n\n\n<p><span style=\"font-weight: 400;\">Una investigaci\u00f3n de mercado exhaustiva en Bulgaria proporciona informaci\u00f3n que impulsa el desarrollo de productos y la innovaci\u00f3n. Esto ayuda a las empresas a seguir siendo competitivas y lograr un crecimiento sostenible.<\/span><\/p>\n\n\n\n<p><b>Impulsar el retorno de la inversi\u00f3n<\/b><span style=\"font-weight: 400;\">:&nbsp;<\/span><\/p>\n\n\n\n<p><span style=\"font-weight: 400;\">La investigaci\u00f3n de mercado maximiza el retorno de la inversi\u00f3n al identificar los segmentos y oportunidades de mercado m\u00e1s prometedores. Las empresas pueden centrar sus esfuerzos en \u00e1reas de alto potencial y lograr mejores resultados.<\/span><\/p>\n\n\n\n<h2 class=\"wp-block-heading\">Nuestra ubicaci\u00f3n de instalaciones en Nueva York<\/h2>\n\n\n\n<p>\n\n\n\n<iframe loading=\"lazy\" src=\"https:\/\/www.google.com\/maps\/embed?pb=!1m18!1m12!1m3!1d3022.976188376966!2d-73.99130312499956!3d40.740549471389315!2m3!1f0!2f0!3f0!3m2!1i1024!2i768!4f13.1!3m3!1m2!1s0x89c259a15798c731%3A0xd695d09bdd495f25!2s11%20E%2022nd%20St%20FL%202%2C%20New%20York%2C%20NY%2010010%2C%20USA!5e0!3m2!1sen!2spe!4v1726171763526!5m2!1sen!2spe\" width=\"600\" height=\"450\" allowfullscreen=\"allowfullscreen\" data-mce-fragment=\"1\"><\/iframe>\n\n\n\n<\/p>\n\n\n\n<h3 class=\"wp-block-heading\">11 E 22nd Street, piso 2, Nueva York, NY 10010 T: +1(212) 505-6805<\/h3>\n\n\n\n<hr class=\"wp-block-separator has-alpha-channel-opacity\"\/>\n\n\n\n<h2 class=\"wp-block-heading\"><span style=\"font-weight: 400;\">Acerca de SIS Internacional<\/span><\/h2>\n\n\n\n<p><a href=\"https:\/\/www.sisinternational.com\/es\/\"><span style=\"font-weight: 400;\">SIS Internacional<\/span><\/a><span style=\"font-weight: 400;\"> ofrece investigaci\u00f3n cuantitativa, cualitativa y estrat\u00e9gica. Proporcionamos datos, herramientas, estrategias, informes y conocimientos para la toma de decisiones. Tambi\u00e9n realizamos entrevistas, encuestas, grupos focales y otros m\u00e9todos y enfoques de investigaci\u00f3n de mercado.<\/span><a href=\"https:\/\/www.sisinternational.com\/es\/sobre-la-investigacion-internacional-de-sis\/contact-sis-international-market-research\/\"><span style=\"font-weight: 400;\"> P\u00f3ngase en contacto con nosotros<\/span><\/a><span style=\"font-weight: 400;\"> para su pr\u00f3ximo proyecto de Investigaci\u00f3n de Mercado.<\/span><\/p>\n\n\n\n<p><\/p>\n\n\n\n<h2 class=\"wp-block-heading\">&nbsp;<\/h2>","protected":false},"excerpt":{"rendered":"<p>Haga crecer su negocio con investigaci\u00f3n de mercado en Bulgaria.<\/p>","protected":false},"author":1,"featured_media":85249,"parent":14510,"menu_order":44,"comment_status":"closed","ping_status":"closed","template":"","meta":{"footnotes":""},"class_list":["post-38919","page","type-page","status-publish","has-post-thumbnail"],"_links":{"self":[{"href":"https:\/\/www.sisinternational.com\/es\/wp-json\/wp\/v2\/pages\/38919","targetHints":{"allow":["GET"]}}],"collection":[{"href":"https:\/\/www.sisinternational.com\/es\/wp-json\/wp\/v2\/pages"}],"about":[{"href":"https:\/\/www.sisinternational.com\/es\/wp-json\/wp\/v2\/types\/page"}],"author":[{"embeddable":true,"href":"https:\/\/www.sisinternational.com\/es\/wp-json\/wp\/v2\/users\/1"}],"replies":[{"embeddable":true,"href":"https:\/\/www.sisinternational.com\/es\/wp-json\/wp\/v2\/comments?post=38919"}],"version-history":[{"count":8,"href":"https:\/\/www.sisinternational.com\/es\/wp-json\/wp\/v2\/pages\/38919\/revisions"}],"predecessor-version":[{"id":85252,"href":"https:\/\/www.sisinternational.com\/es\/wp-json\/wp\/v2\/pages\/38919\/revisions\/85252"}],"up":[{"embeddable":true,"href":"https:\/\/www.sisinternational.com\/es\/wp-json\/wp\/v2\/pages\/14510"}],"wp:featuredmedia":[{"embeddable":true,"href":"https:\/\/www.sisinternational.com\/es\/wp-json\/wp\/v2\/media\/85249"}],"wp:attachment":[{"href":"https:\/\/www.sisinternational.com\/es\/wp-json\/wp\/v2\/media?parent=38919"}],"curies":[{"name":"wp","href":"https:\/\/api.w.org\/{rel}","templated":true}]}}