{"id":38914,"date":"2021-09-25T02:28:00","date_gmt":"2021-09-25T02:28:00","guid":{"rendered":"https:\/\/www.sisinternational.com\/?page_id=38914"},"modified":"2025-09-15T00:27:31","modified_gmt":"2025-09-15T04:27:31","slug":"esg-investigacion-de-mercado-de-inversion","status":"publish","type":"page","link":"https:\/\/www.sisinternational.com\/es\/pericia\/esg-investigacion-de-mercado-de-inversion\/","title":{"rendered":"Investigaci\u00f3n de mercado de inversi\u00f3n ESG"},"content":{"rendered":"<h1 class=\"wp-block-heading p1\">Investigaci\u00f3n de mercado de inversi\u00f3n ESG<\/h1>\n\n\n\n<figure class=\"gb-block-image gb-block-image-7c51963a\"><img loading=\"lazy\" decoding=\"async\" width=\"1456\" height=\"816\" class=\"gb-image gb-image-7c51963a\" src=\"https:\/\/www.sisinternational.com\/wp-content\/uploads\/2025\/08\/Environmental-Services-3.jpg\" alt=\"Investigaci\u00f3n y estrategia de mercado internacional de SIS\" title=\"Environmental Services (3)\" srcset=\"https:\/\/www.sisinternational.com\/wp-content\/uploads\/2025\/08\/Environmental-Services-3.jpg 1456w, https:\/\/www.sisinternational.com\/wp-content\/uploads\/2025\/08\/Environmental-Services-3-300x168.jpg 300w, https:\/\/www.sisinternational.com\/wp-content\/uploads\/2025\/08\/Environmental-Services-3-1024x574.jpg 1024w, https:\/\/www.sisinternational.com\/wp-content\/uploads\/2025\/08\/Environmental-Services-3-768x430.jpg 768w, https:\/\/www.sisinternational.com\/wp-content\/uploads\/2025\/08\/Environmental-Services-3-18x10.jpg 18w\" sizes=\"auto, (max-width: 1456px) 100vw, 1456px\"><\/figure>\n\n\n\n<p><\/p>\n\n\n\n<h2 class=\"wp-block-heading p2\">\u00bfQu\u00e9 es la inversi\u00f3n ESG?<\/h2>\n\n\n\n<p class=\"p3\">La inversi\u00f3n ESG (ambiental, social y de gobernanza) es un modelo que establece factores ambientales, sociales y de gobernanza (ESG). En la inversi\u00f3n ESG, los propietarios de empresas realizan sus inversiones teniendo en cuenta el medio ambiente. Tambi\u00e9n consideran el bienestar humano y la econom\u00eda.<\/p>\n\n\n\n<p class=\"p3\">Ambiental (E) determina c\u00f3mo act\u00faa una empresa como administradora de la naturaleza. Relata c\u00f3mo la actividad de la empresa impacta en el medio ambiente. Tambi\u00e9n gestiona el riesgo involucrado. Adem\u00e1s, sirve para gestionar y conservar el mundo natural.<\/p>\n\n\n\n<p class=\"p3\">Social (S) muestra la conexi\u00f3n con personas dentro y fuera de la empresa. Estos pueden incluir empleados, proveedores y el \u00e1rea donde opera.<\/p>\n\n\n\n<p class=\"p3\">Gobernanza (G) muestra c\u00f3mo opera la empresa. Los inversores se esfuerzan por saber c\u00f3mo y qu\u00e9 decisiones pueden tomar a puerta cerrada.<\/p>\n\n\n\n<h2 class=\"wp-block-heading p2\">\u00bfPor qu\u00e9 es importante la inversi\u00f3n ESG?<\/h2>\n\n\n\n<p class=\"p3\">The European Green Deal is an example of planning with the climate in mind. This Deal is a set of policies that aims to make Europe climate-neutral by 2050. The goal is for member states to have circular economies, which put an end to waste. Such economies also circulate <a href=\"https:\/\/www.sisinternational.com\/es\/pericia\/industrias\/investigacion-de-mercado-de-recursos-naturales\/\" title=\"Investigaci\u00f3n de Mercado de Recursos Naturales\"  data-wpil-monitor-id=\"7869\">resources and regenerate nature<\/a>. Another critical point about circular economies is that they aim for net-zero emissions.<\/p>\n\n\n\n<p class=\"p3\">The European Union is already advanced in this quest. The United States also teases a decarbonized economy. Our country plans to have net-zero emissions by 2050.<\/p>\n\n\n\n<p class=\"p3\">ESG investing has held the interest of private investors and millennial businesspeople. Investing in <a href=\"https:\/\/www.sisinternational.com\/es\/la-mejor-empresa-con-estrategia-de-salida-al-mercado-b2b\/\" title=\"La mejor empresa de estrategia de salida al mercado B2B\"  data-wpil-monitor-id=\"7870\">companies with good ESG strategies<\/a> can result in high ROI. Also, fewer lending and revenue risks would come to the surface. Another great thing about ESG investing is that it is excellent for the planet. It results in clean air and water and a healthy environment.<\/p>\n\n\n\n<h2 class=\"wp-block-heading p2\">T\u00edtulos de trabajo clave<\/h2>\n\n\n\n<figure class=\"gb-block-image gb-block-image-597643f0\"><img loading=\"lazy\" decoding=\"async\" width=\"1456\" height=\"816\" class=\"gb-image gb-image-597643f0\" src=\"https:\/\/www.sisinternational.com\/wp-content\/uploads\/2025\/08\/Environmental-Services-2.jpg\" alt=\"Investigaci\u00f3n y estrategia de mercado internacional de SIS\" title=\"Environmental Services (2)\" srcset=\"https:\/\/www.sisinternational.com\/wp-content\/uploads\/2025\/08\/Environmental-Services-2.jpg 1456w, https:\/\/www.sisinternational.com\/wp-content\/uploads\/2025\/08\/Environmental-Services-2-300x168.jpg 300w, https:\/\/www.sisinternational.com\/wp-content\/uploads\/2025\/08\/Environmental-Services-2-1024x574.jpg 1024w, https:\/\/www.sisinternational.com\/wp-content\/uploads\/2025\/08\/Environmental-Services-2-768x430.jpg 768w, https:\/\/www.sisinternational.com\/wp-content\/uploads\/2025\/08\/Environmental-Services-2-18x10.jpg 18w\" sizes=\"auto, (max-width: 1456px) 100vw, 1456px\"><\/figure>\n\n\n\n<p><\/p>\n\n\n\n<h3 class=\"wp-block-heading p3\">Hay muchos trabajos diferentes para una persona interesada en ESG. Algunos de estos incluyen t\u00edtulos como:<\/h3>\n\n\n\n<ul class=\"wp-block-list ul1\">\n<li><b>Planificador urbano<\/b>: un trabajo b\u00e1sico en la comunidad ESG. El objetivo principal de los planificadores urbanos es ayudar a planificar la mejor manera de utilizar el terreno en beneficio del proyecto. Los planificadores tambi\u00e9n idean formas de disminuir el impacto negativo que puede tener en el medio ambiente. Su tarea es elaborar el modelo para todos los proyectos.<\/li>\n\n\n\n<li><b>Gerente de Energ\u00eda ESG<\/b> Es otro trabajo importante. Esta persona disminuye los recursos ambientales y financieros utilizados. Tambi\u00e9n tienen que dise\u00f1ar ideas para controlar el uso del agua y la energ\u00eda.<\/li>\n\n\n\n<li><b>Ecologista: <\/b>La gente se refiere a los ecologistas como las madres de la inversi\u00f3n ESG. Tambi\u00e9n es su trabajo mostrar c\u00f3mo las personas y sus actividades afectan el medio ambiente. Este papel tiene como objetivo revertir el impacto negativo de las personas en el medio ambiente.<\/li>\n\n\n\n<li><b>Ingeniero de Calidad del Aire ESG<\/b>; This person helps with smog, emissions, and fires in the area. They are tasked with tracking pollution to the exact source and setting fines. They may also enforce legal action onto those caught breaking their rules. These rules serve to protect the environment.<\/li>\n<\/ul>\n\n\n\n<h2 class=\"wp-block-heading p2\">Why Businesses Need ESG Investing<\/h2>\n\n\n\n<p class=\"p3\">Ha habido rumores de que los criterios ESG podr\u00edan ser obligatorios pronto. Las empresas deben seguir las directrices ESG. Es una excelente manera de dominar la competencia y asegurar el \u00e9xito.<\/p>\n\n\n\n<p class=\"p3\">Any start-up business should include an ESG investing component. Studies show that companies that use ESG practices have better outcomes. ESG has many rewards. For example, it leads to financial growth and high employee productivity.<\/p>\n\n\n\n<p class=\"p3\">Companies without any ESG policies tend to have high costs of capital and sudden changes. All these are due to events such as labor strikes and fraudulent accounting. Reasons such as these should prompt companies to involve ESG policies before it is too late.<\/p>\n\n\n\n<p class=\"p3\">Las empresas deben hacer todo lo posible para seguir los factores ambientales y sociales de ESG. No hacerlo podr\u00eda significar tener que lidiar con cuestiones regulatorias y legales en el futuro.<\/p>\n\n\n\n<h2 class=\"wp-block-heading p2\">Factores claves del \u00e9xito<\/h2>\n\n\n\n<p class=\"p3\">Las empresas de \u00e9xito siempre cuentan con grandes equipos detr\u00e1s. En el caso de la inversi\u00f3n ESG, las empresas tienen mucho en juego en cada persona.<\/p>\n\n\n\n<p class=\"p3\">El mundo est\u00e1 cambiando r\u00e1pido. A medida que el cambio clim\u00e1tico se convierte en una amenaza cada vez m\u00e1s grave, las empresas est\u00e1n recurriendo a ESG. Para garantizar el \u00e9xito, la huella de carbono de dichas empresas debe disminuir. Las energ\u00edas renovables tienen que tomar las riendas.<\/p>\n\n\n\n<p class=\"p3\">Bad press and ratings stem from environmental neglect. <a href=\"https:\/\/www.sisinternational.com\/es\/soluciones\/consultoria-estrategica\/esg-inversor-investigacion-de-mercado-estrategia-consultoria\/\" title=\"ESG Investor Strategy Consulting\"  data-wpil-monitor-id=\"7871\">Investors now look at a company\u2019s ESG<\/a> rating before all. A low rating also means higher interest rates on loans. At the same time, a high ESG rating invites rewards such as better lending terms.<\/p>\n\n\n\n<p class=\"p3\">La inversi\u00f3n ESG es un incentivo empresarial \u00e9tico. Aunque el objetivo principal es obtener beneficios, no podemos da\u00f1ar el medio ambiente en el proceso. Es por eso que existen leyes severas y multas para desalentarlo.<\/p>\n\n\n\n<h2 class=\"wp-block-heading p2\">Acerca de la inversi\u00f3n ESG<\/h2>\n\n\n\n<p class=\"p3\">ESG Investing is the future of investing. Climate change is happening, and this is a measure to combat it. <a href=\"https:\/\/www.sisinternational.com\/es\/cobertura\/las-americas\/cobertura-de-estados-unidos\/empresa-de-investigacion-de-mercado-atlanta\/\" title=\"Empresa de investigaci\u00f3n de mercado en Atlanta\"  data-wpil-monitor-id=\"7868\">Estudios de mercado<\/a> into this also proves that many companies have adopted ESG practices. ESG Investing is growing, and it is working. In the end, \u201cWho Cares Wins.\u201d<\/p>\n\n\n\n<p class=\"p4\">Many use <a href=\"https:\/\/www.sisinternational.com\/es\/cobertura\/las-americas\/cobertura-de-estados-unidos\/investigacion-de-mercado-del-estado-de-nueva-york\/\" title=\"Investigaci\u00f3n de mercado del estado de Nueva York\"  data-wpil-monitor-id=\"7866\">Market Research to look at the state<\/a> of the business. We\u2019ve used it to examine ESG investing in this case. It would help if you carried out Qualitative, Quantitative, and Strategy <a href=\"https:\/\/www.sisinternational.com\/es\/soluciones\/investigacion-de-mercado-de-grupo-focal\/\" title=\"Investigaci\u00f3n de mercado con grupos focales\"  data-wpil-monitor-id=\"7867\">Research and used our Focus Groups<\/a> and Interviews. You can also use Surveys. Do all this, and the quality of your work will get much praise.<\/p>\n\n\n\n<p><\/p>","protected":false},"excerpt":{"rendered":"<p>SIS es una firma de consultor\u00eda estrat\u00e9gica e investigaci\u00f3n de mercados globales. Haga crecer su negocio con la investigaci\u00f3n de mercado de inversi\u00f3n ESG.<\/p>","protected":false},"author":1,"featured_media":64611,"parent":14514,"menu_order":77,"comment_status":"closed","ping_status":"closed","template":"","meta":{"footnotes":""},"class_list":["post-38914","page","type-page","status-publish","has-post-thumbnail"],"_links":{"self":[{"href":"https:\/\/www.sisinternational.com\/es\/wp-json\/wp\/v2\/pages\/38914","targetHints":{"allow":["GET"]}}],"collection":[{"href":"https:\/\/www.sisinternational.com\/es\/wp-json\/wp\/v2\/pages"}],"about":[{"href":"https:\/\/www.sisinternational.com\/es\/wp-json\/wp\/v2\/types\/page"}],"author":[{"embeddable":true,"href":"https:\/\/www.sisinternational.com\/es\/wp-json\/wp\/v2\/users\/1"}],"replies":[{"embeddable":true,"href":"https:\/\/www.sisinternational.com\/es\/wp-json\/wp\/v2\/comments?post=38914"}],"version-history":[{"count":4,"href":"https:\/\/www.sisinternational.com\/es\/wp-json\/wp\/v2\/pages\/38914\/revisions"}],"predecessor-version":[{"id":81327,"href":"https:\/\/www.sisinternational.com\/es\/wp-json\/wp\/v2\/pages\/38914\/revisions\/81327"}],"up":[{"embeddable":true,"href":"https:\/\/www.sisinternational.com\/es\/wp-json\/wp\/v2\/pages\/14514"}],"wp:featuredmedia":[{"embeddable":true,"href":"https:\/\/www.sisinternational.com\/es\/wp-json\/wp\/v2\/media\/64611"}],"wp:attachment":[{"href":"https:\/\/www.sisinternational.com\/es\/wp-json\/wp\/v2\/media?parent=38914"}],"curies":[{"name":"wp","href":"https:\/\/api.w.org\/{rel}","templated":true}]}}