{"id":38897,"date":"2021-09-25T00:55:47","date_gmt":"2021-09-25T00:55:47","guid":{"rendered":"https:\/\/www.sisinternational.com\/?page_id=38897"},"modified":"2026-01-25T16:52:33","modified_gmt":"2026-01-25T21:52:33","slug":"investigacion-de-mercado-de-elite-politica","status":"publish","type":"page","link":"https:\/\/www.sisinternational.com\/es\/pericia\/investigacion-de-mercado-de-elite-politica\/","title":{"rendered":"Investigaci\u00f3n de mercado de \u00e9lite pol\u00edtica\u00a0"},"content":{"rendered":"<h1 class=\"wp-block-heading\">Investigaci\u00f3n de mercado de \u00e9lite pol\u00edtica<\/h1>\n\n\n\n<figure class=\"gb-block-image gb-block-image-15e0dce4\"><img loading=\"lazy\" decoding=\"async\" width=\"1456\" height=\"816\" class=\"gb-image gb-image-15e0dce4\" src=\"https:\/\/www.sisinternational.com\/wp-content\/uploads\/2025\/08\/Government-federal-municipal-2.jpg\" alt=\"Investigaci\u00f3n y estrategia de mercado internacional de SIS\" title=\"Government federal municipal (2)\" srcset=\"https:\/\/www.sisinternational.com\/wp-content\/uploads\/2025\/08\/Government-federal-municipal-2.jpg 1456w, https:\/\/www.sisinternational.com\/wp-content\/uploads\/2025\/08\/Government-federal-municipal-2-300x168.jpg 300w, https:\/\/www.sisinternational.com\/wp-content\/uploads\/2025\/08\/Government-federal-municipal-2-1024x574.jpg 1024w, https:\/\/www.sisinternational.com\/wp-content\/uploads\/2025\/08\/Government-federal-municipal-2-768x430.jpg 768w, https:\/\/www.sisinternational.com\/wp-content\/uploads\/2025\/08\/Government-federal-municipal-2-18x10.jpg 18w\" sizes=\"auto, (max-width: 1456px) 100vw, 1456px\"><\/figure>\n\n\n\n<p><\/p>\n\n\n\n<h2 class=\"wp-block-heading p2\">\u00bfQu\u00e9 es la investigaci\u00f3n de mercado de Policy Elite?<\/h2>\n\n\n\n<p class=\"p3\">Las \u201c\u00e9lites pol\u00edticas\u201d son los actores estatales que dan forma al proceso de formulaci\u00f3n de pol\u00edticas de un pa\u00eds. El t\u00e9rmino proviene de la &quot;teor\u00eda de la \u00e9lite&quot;. Esta teor\u00eda sugiere que las pol\u00edticas p\u00fablicas reflejan los intereses de las elites gobernantes. La teor\u00eda de la \u00e9lite divide la sociedad en dos partes principales. Hay unos pocos que tienen poder y muchos que no.<\/p>\n\n\n\n<p class=\"p3\">El poder tiene poco que ver con lo que sucede el d\u00eda de las elecciones. M\u00e1s bien, recae en un peque\u00f1o grupo de personas conocidas como las \u00e9lites. Este grupo incluye personas adineradas. Tambi\u00e9n incluye a los pensadores y a aquellos con otras habilidades. Ellos son los que tienen el poder y forman la clase alta. La riqueza que poseen les permite obtener posiciones clave. Por su rol, son quienes toman decisiones y reparten recursos. Utilizan este papel para su beneficio.<\/p>\n\n\n\n<h2 class=\"wp-block-heading p2\">\u00bfPor qu\u00e9 es importante?<\/h2>\n\n\n\n<p class=\"p3\">Las elites pol\u00edticas desempe\u00f1an un papel crucial. Ellos crean las pol\u00edticas y toman decisiones. Tambi\u00e9n ayudan a ense\u00f1ar\/lavar el cerebro a las masas en pol\u00edtica. Adem\u00e1s, ayudan a establecer est\u00e1ndares modelo espec\u00edficos en la sociedad.<\/p>\n\n\n\n<p class=\"p3\">Many authors claim that elites are the <a href=\"https:\/\/www.sisinternational.com\/es\/factores-clave-de-exito-en-la-investigacion-del-mercado-automotriz\/\" title=\"Factores clave de \u00e9xito en la investigaci\u00f3n de mercado automotriz\"  data-wpil-monitor-id=\"8736\">key to the success<\/a> of major shifts in society. They can influence both the economy and civil society. We need these factors for the government and other organs of society to function.<\/p>\n\n\n\n<p class=\"p3\">Civil society calls for a stable democratic state. The elites create the space for civil society to thrive outside of the state. Thus, they control this space while allowing civil society to be self-governing.<\/p>\n\n\n\n<p class=\"p3\">Las \u00e9lites tambi\u00e9n pueden utilizar su poder para forzar un cambio pol\u00edtico. Primero, la elite necesita movilizar al pueblo. Una vez que esto ocurre, las \u00e9lites pueden doblegar a las masas para que se adapten a su voluntad.<\/p>\n\n\n\n<h2 class=\"wp-block-heading p2\">T\u00edtulos de trabajo clave<\/h2>\n\n\n\n<p class=\"p3\">En general, las \u00e9lites ocupan algunos de los puestos m\u00e1s altos del sistema pol\u00edtico. Estos incluyen economistas, presidentes y ministros. Los altos bur\u00f3cratas, los miembros del Congreso y los diplom\u00e1ticos son otros roles vitales. Los l\u00edderes de los partidos tambi\u00e9n pertenecen a este grupo. Las \u00e9lites pueden provenir de empleos de alto estatus, incluidos abogados, profesores y gerentes. Trabajan tanto en el sector p\u00fablico como en el privado. Los propietarios de empresas que han creado sus propios negocios son otro ejemplo.<\/p>\n\n\n\n<h2 class=\"wp-block-heading p2\">Por qu\u00e9 las empresas necesitan \u00e9lites pol\u00edticas<\/h2>\n\n\n\n<p class=\"p3\">When an elite makes policy choices, these choices usually benefit that elite. This rule includes any business owned, managed, or linked to a policy elite. Such companies stand to gain from decisions made. Elites can suggest policies that will have a positive <a href=\"https:\/\/www.sisinternational.com\/es\/el-efecto-de-la-cultura-de-mercado-nigeriana-en-los-negocios\/\" title=\"El mercado nigeriano: el efecto de la cultura en los negocios\"  data-wpil-monitor-id=\"8737\">effect on a business<\/a>.<\/p>\n\n\n\n<p class=\"p3\">Businesses can count on elites to share their interests. Since the level of wealth contributes to elite status, elites can invest in many companies. These investments help them stay rich and preserve their elite status. Thus, one can link a business\u2019s success to an elite\u2019s wealth and vice versa. As a result, elites will be sure to reap benefits from decisions made.<\/p>\n\n\n\n<h2 class=\"wp-block-heading p2\">Factores claves del \u00e9xito<\/h2>\n\n\n\n<figure class=\"gb-block-image gb-block-image-3d648d44\"><img loading=\"lazy\" decoding=\"async\" width=\"1456\" height=\"816\" class=\"gb-image gb-image-3d648d44\" src=\"https:\/\/www.sisinternational.com\/wp-content\/uploads\/2025\/08\/Government-federal-municipal-4.jpg\" alt=\"Investigaci\u00f3n y estrategia de mercado internacional de SIS\" title=\"Government federal municipal (4)\" srcset=\"https:\/\/www.sisinternational.com\/wp-content\/uploads\/2025\/08\/Government-federal-municipal-4.jpg 1456w, https:\/\/www.sisinternational.com\/wp-content\/uploads\/2025\/08\/Government-federal-municipal-4-300x168.jpg 300w, https:\/\/www.sisinternational.com\/wp-content\/uploads\/2025\/08\/Government-federal-municipal-4-1024x574.jpg 1024w, https:\/\/www.sisinternational.com\/wp-content\/uploads\/2025\/08\/Government-federal-municipal-4-768x430.jpg 768w, https:\/\/www.sisinternational.com\/wp-content\/uploads\/2025\/08\/Government-federal-municipal-4-18x10.jpg 18w\" sizes=\"auto, (max-width: 1456px) 100vw, 1456px\"><\/figure>\n\n\n\n<p><\/p>\n\n\n\n<p class=\"p3\">El an\u00e1lisis de estudios de casos ha ayudado a deducir algunos de los factores cr\u00edticos de \u00e9xito de las \u00e9lites. Algunos de estos son los siguientes:<\/p>\n\n\n\n<p class=\"p3\">1. Las \u00e9lites deben hablar abierta y honestamente durante el proceso de formulaci\u00f3n de pol\u00edticas.<\/p>\n\n\n\n<p class=\"p3\">2. Las personas tambi\u00e9n deben estar dispuestas a negociar.<\/p>\n\n\n\n<p class=\"p3\">3. Las \u00e9lites internas deber\u00edan iniciar las negociaciones. Las fuerzas externas no deber\u00edan influir en ellos.<\/p>\n\n\n\n<p class=\"p3\">4. Las \u00e9lites deben ser excluyentes. Este factor previene una posible reacci\u00f3n de grupos extremistas alienados.<\/p>\n\n\n\n<p class=\"p3\">5. Las \u00e9lites deben mantener el poder durante todo el proceso para garantizar la adopci\u00f3n de pol\u00edticas. Adem\u00e1s, garantiza que las personas dentro de sus partidos las respeten.<\/p>\n\n\n\n<p class=\"p3\">Una vez seguidas, las \u00e9lites pueden lograr el \u00e9xito con estos factores de \u00e9xito.<\/p>\n\n\n\n<h2 class=\"wp-block-heading p2\">Acerca de Policy Elite Market Research<\/h2>\n\n\n\n<p class=\"p4\">Knowing the elite theory is key to analyzing policy elites. Quantitative, Qualitative, and strategy <a href=\"https:\/\/www.sisinternational.com\/es\/cobertura\/europa\/investigacion-de-mercado-el-vaticano\/\" title=\"Investigaci\u00f3n de mercado en el Vaticano\"  data-wpil-monitor-id=\"3786\">research are also helpful when doing market<\/a> research on these elites. Our <a href=\"https:\/\/www.sisinternational.com\/es\/la-mejor-empresa-del-grupo-de-enfoque-global\/\" title=\"Principal empresa del grupo de enfoque global\"  data-wpil-monitor-id=\"8735\">company also offers Focus Groups<\/a>, Interviews, and Surveys.<\/p>\n\n\n\n<p><\/p>","protected":false},"excerpt":{"rendered":"<p>Las \u00e9lites pol\u00edticas tienden a tomar decisiones que benefician a sus empresas. Haga crecer su negocio e impacte con Policy Elite Market Research.<\/p>","protected":false},"author":1,"featured_media":64505,"parent":14514,"menu_order":76,"comment_status":"closed","ping_status":"closed","template":"","meta":{"footnotes":""},"class_list":["post-38897","page","type-page","status-publish","has-post-thumbnail"],"_links":{"self":[{"href":"https:\/\/www.sisinternational.com\/es\/wp-json\/wp\/v2\/pages\/38897","targetHints":{"allow":["GET"]}}],"collection":[{"href":"https:\/\/www.sisinternational.com\/es\/wp-json\/wp\/v2\/pages"}],"about":[{"href":"https:\/\/www.sisinternational.com\/es\/wp-json\/wp\/v2\/types\/page"}],"author":[{"embeddable":true,"href":"https:\/\/www.sisinternational.com\/es\/wp-json\/wp\/v2\/users\/1"}],"replies":[{"embeddable":true,"href":"https:\/\/www.sisinternational.com\/es\/wp-json\/wp\/v2\/comments?post=38897"}],"version-history":[{"count":5,"href":"https:\/\/www.sisinternational.com\/es\/wp-json\/wp\/v2\/pages\/38897\/revisions"}],"predecessor-version":[{"id":81466,"href":"https:\/\/www.sisinternational.com\/es\/wp-json\/wp\/v2\/pages\/38897\/revisions\/81466"}],"up":[{"embeddable":true,"href":"https:\/\/www.sisinternational.com\/es\/wp-json\/wp\/v2\/pages\/14514"}],"wp:featuredmedia":[{"embeddable":true,"href":"https:\/\/www.sisinternational.com\/es\/wp-json\/wp\/v2\/media\/64505"}],"wp:attachment":[{"href":"https:\/\/www.sisinternational.com\/es\/wp-json\/wp\/v2\/media?parent=38897"}],"curies":[{"name":"wp","href":"https:\/\/api.w.org\/{rel}","templated":true}]}}