{"id":38806,"date":"2021-09-14T03:12:38","date_gmt":"2021-09-14T03:12:38","guid":{"rendered":"https:\/\/www.sisinternational.com\/?page_id=38806"},"modified":"2026-01-27T16:45:49","modified_gmt":"2026-01-27T21:45:49","slug":"investigacion-de-mercado-croacia","status":"publish","type":"page","link":"https:\/\/www.sisinternational.com\/es\/cobertura\/europa\/investigacion-de-mercado-croacia\/","title":{"rendered":"Investigaci\u00f3n de mercado en Croacia"},"content":{"rendered":"<h1 class=\"wp-block-heading\">Investigaci\u00f3n de mercado en Croacia<\/h1>\n\n\n\n<figure class=\"gb-block-image gb-block-image-f33a9387\"><img loading=\"lazy\" decoding=\"async\" width=\"1456\" height=\"816\" class=\"gb-image gb-image-f33a9387\" src=\"https:\/\/www.sisinternational.com\/wp-content\/uploads\/2025\/09\/Croatia-2.jpg\" alt=\"Investigaci\u00f3n y estrategia de mercado internacional de SIS\" title=\"Croatia (2)\" srcset=\"https:\/\/www.sisinternational.com\/wp-content\/uploads\/2025\/09\/Croatia-2.jpg 1456w, https:\/\/www.sisinternational.com\/wp-content\/uploads\/2025\/09\/Croatia-2-300x168.jpg 300w, https:\/\/www.sisinternational.com\/wp-content\/uploads\/2025\/09\/Croatia-2-1024x574.jpg 1024w, https:\/\/www.sisinternational.com\/wp-content\/uploads\/2025\/09\/Croatia-2-768x430.jpg 768w, https:\/\/www.sisinternational.com\/wp-content\/uploads\/2025\/09\/Croatia-2-18x10.jpg 18w\" sizes=\"auto, (max-width: 1456px) 100vw, 1456px\"><\/figure>\n\n\n\n<hr class=\"wp-block-separator has-alpha-channel-opacity is-style-dots\"\/>\n\n\n\n<h3 class=\"wp-block-heading\">Las empresas necesitan estudios de mercado en Croacia para navegar por las complejidades de este mercado en evoluci\u00f3n y aprovechar las oportunidades emergentes. Deben comprender el comportamiento del consumidor local, las condiciones econ\u00f3micas y la din\u00e1mica competitiva.<\/h3>\n\n\n\n<p>\u00bfEst\u00e1 buscando expandir su negocio en el din\u00e1mico mercado de Croacia? La investigaci\u00f3n de mercado en Croacia es una herramienta vital para las empresas que buscan prosperar en este mercado emergente y competitivo. A medida que Croacia contin\u00faa integr\u00e1ndose en la Uni\u00f3n Europea, comprender la din\u00e1mica del mercado local y el comportamiento de los consumidores es crucial para el \u00e9xito.<\/p>\n\n\n\n<h2 class=\"wp-block-heading\">\u00bfQu\u00e9 es la investigaci\u00f3n de mercado en Croacia?<\/h2>\n\n\n\n<p>La investigaci\u00f3n de mercado en Croacia proporciona a las empresas informaci\u00f3n cr\u00edtica sobre el entorno econ\u00f3mico local, las preferencias de los consumidores y las tendencias del mercado. Al aprovechar estos conocimientos, las empresas pueden tomar decisiones informadas que mejoren su posicionamiento en el mercado y sus perspectivas de crecimiento. Adem\u00e1s, la investigaci\u00f3n de mercado proporciona informaci\u00f3n valiosa sobre las necesidades de los consumidores, la demanda del mercado y la din\u00e1mica competitiva para las empresas que buscan ingresar o expandirse en Croacia.<\/p>\n\n\n\n<h2 class=\"wp-block-heading\">\u00bfPor qu\u00e9 las empresas necesitan estudios de mercado en Croacia?<\/h2>\n\n\n\n<p>La investigaci\u00f3n de mercado en Croacia ayuda a las empresas a comprender las preferencias de los consumidores locales y es crucial para adaptar los productos y servicios a las necesidades y expectativas de los clientes croatas. La investigaci\u00f3n de mercado proporciona informaci\u00f3n sobre h\u00e1bitos de compra, tendencias de estilo de vida y diferencias regionales, lo que permite a las empresas desarrollar estrategias de marketing espec\u00edficas y optimizar sus ofertas de productos.<\/p>\n\n\n\n<p>Adem\u00e1s, la investigaci\u00f3n de mercado ayuda a las empresas a mantenerse informadas sobre las tendencias econ\u00f3micas y los riesgos potenciales. Con datos precisos sobre las condiciones del mercado, las empresas pueden anticipar los cambios y adaptar sus estrategias en consecuencia. Este enfoque proactivo minimiza los riesgos y maximiza las oportunidades, contribuyendo al \u00e9xito a largo plazo en el mercado croata.<\/p>\n\n\n\n<h2 class=\"wp-block-heading\">Cu\u00e1ndo realizar una investigaci\u00f3n de mercado en Croacia<\/h2>\n\n\n\n<figure class=\"gb-block-image gb-block-image-ad453148\"><img loading=\"lazy\" decoding=\"async\" width=\"1456\" height=\"816\" class=\"gb-image gb-image-ad453148\" src=\"https:\/\/www.sisinternational.com\/wp-content\/uploads\/2025\/09\/Croatia-3.jpg\" alt=\"Investigaci\u00f3n y estrategia de mercado internacional de SIS\" title=\"Croatia (3)\" srcset=\"https:\/\/www.sisinternational.com\/wp-content\/uploads\/2025\/09\/Croatia-3.jpg 1456w, https:\/\/www.sisinternational.com\/wp-content\/uploads\/2025\/09\/Croatia-3-300x168.jpg 300w, https:\/\/www.sisinternational.com\/wp-content\/uploads\/2025\/09\/Croatia-3-1024x574.jpg 1024w, https:\/\/www.sisinternational.com\/wp-content\/uploads\/2025\/09\/Croatia-3-768x430.jpg 768w, https:\/\/www.sisinternational.com\/wp-content\/uploads\/2025\/09\/Croatia-3-18x10.jpg 18w\" sizes=\"auto, (max-width: 1456px) 100vw, 1456px\"><\/figure>\n\n\n\n<p><\/p>\n\n\n\n<p>Businesses should engage in <a href=\"https:\/\/www.sisinternational.com\/es\/ingresando-al-mercado-latinoamericano\/\" title=\"Ingresando al mercado latinoamericano\"  data-wpil-monitor-id=\"7562\">investigaci\u00f3n de mercado<\/a> during the planning phase of entering the Croatian market to understand the local landscape, consumer preferences, and potential barriers to entry. This initial <a href=\"https:\/\/www.sisinternational.com\/es\/pericia\/industrias\/investigacion-de-mercado-de-tabulacion-cruzada\/\" title=\"Investigaci\u00f3n de mercado de tabulaci\u00f3n cruzada\"  data-wpil-monitor-id=\"4924\">investigaci\u00f3n<\/a> helps companies tailor their products and marketing strategies to meet the needs of Croatian consumers.<\/p>\n\n\n\n<p><a href=\"https:\/\/www.sisinternational.com\/es\/soluciones\/investigacion-de-mercado-de-consumo\/\">Investigaci\u00f3n de mercado<\/a> Tambi\u00e9n es crucial a la hora de lanzar nuevos productos o servicios en Croacia. Al recopilar informaci\u00f3n sobre las reacciones de los consumidores, la demanda del mercado y el posicionamiento competitivo, las empresas pueden perfeccionar sus ofertas y maximizar sus posibilidades de \u00e9xito. La investigaci\u00f3n continua a lo largo del ciclo de vida del producto permite a las empresas mantenerse en sinton\u00eda con las tendencias del mercado y adaptarse a los comportamientos cambiantes de los consumidores.<\/p>\n\n\n\n<p>Adem\u00e1s, las empresas deben realizar estudios de mercado al evaluar el desempe\u00f1o de sus productos o servicios en Croacia. Comprender los comentarios de los clientes y la din\u00e1mica del mercado ayuda a identificar \u00e1reas de mejora e innovaci\u00f3n. Esta evaluaci\u00f3n continua asegura que las empresas sigan siendo competitivas y alineadas con las demandas del mercado.<\/p>\n\n\n\n<h2 class=\"wp-block-heading\">Nuestra revisi\u00f3n del mercado actual y recomendaciones<\/h2>\n\n\n\n<p>Notamos que Croacia ha experimentado un crecimiento significativo en los sectores del turismo, la tecnolog\u00eda y las energ\u00edas renovables. La industria del turismo contin\u00faa expandi\u00e9ndose, impulsada por la impresionante costa, los sitios hist\u00f3ricos y las atracciones culturales del pa\u00eds. Adem\u00e1s, el sector tecnol\u00f3gico est\u00e1 floreciendo, con un n\u00famero cada vez mayor de nuevas empresas y empresas tecnol\u00f3gicas surgiendo, particularmente en centros urbanos como Zagreb. Las iniciativas de energ\u00eda renovable tambi\u00e9n est\u00e1n ganando terreno a medida que Croacia busca reducir su dependencia de los combustibles f\u00f3siles y promover el desarrollo sostenible.<\/p>\n\n\n\n<p>Se espera que el mercado croata contin\u00fae su trayectoria de crecimiento, respaldado por la actual integraci\u00f3n de la UE y las inversiones en infraestructura. La fuerza laboral joven y educada del pa\u00eds est\u00e1 bien posicionada para impulsar la innovaci\u00f3n y el desarrollo econ\u00f3mico.<\/p>\n\n\n\n<p><em><strong>Retorno de la inversi\u00f3n potencial:<\/strong> <\/em><\/p>\n\n\n\n<p>Invertir en Croacia ofrece retornos prometedores, particularmente en sectores de alto crecimiento como el turismo, la tecnolog\u00eda y las energ\u00edas renovables. Sin embargo, lograr un retorno de la inversi\u00f3n \u00f3ptimo requiere un enfoque bien investigado, que considere las condiciones del mercado local, las preferencias de los consumidores y los requisitos regulatorios. Las inversiones estrat\u00e9gicas en investigaci\u00f3n de mercado pueden mejorar significativamente el potencial de \u00e9xito y rentabilidad.<\/p>\n\n\n\n<h2 class=\"wp-block-heading p2\">Croacia es un hermoso pa\u00eds ubicado en el cruce de Europa central y sudoriental.<\/h2>\n\n\n\n<figure class=\"gb-block-image gb-block-image-921dfbb4\"><img loading=\"lazy\" decoding=\"async\" width=\"1456\" height=\"816\" class=\"gb-image gb-image-921dfbb4\" src=\"https:\/\/www.sisinternational.com\/wp-content\/uploads\/2025\/09\/Croatia-5.jpg\" alt=\"Investigaci\u00f3n y estrategia de mercado internacional de SIS\" title=\"Croatia (5)\" srcset=\"https:\/\/www.sisinternational.com\/wp-content\/uploads\/2025\/09\/Croatia-5.jpg 1456w, https:\/\/www.sisinternational.com\/wp-content\/uploads\/2025\/09\/Croatia-5-300x168.jpg 300w, https:\/\/www.sisinternational.com\/wp-content\/uploads\/2025\/09\/Croatia-5-1024x574.jpg 1024w, https:\/\/www.sisinternational.com\/wp-content\/uploads\/2025\/09\/Croatia-5-768x430.jpg 768w, https:\/\/www.sisinternational.com\/wp-content\/uploads\/2025\/09\/Croatia-5-18x10.jpg 18w\" sizes=\"auto, (max-width: 1456px) 100vw, 1456px\"><\/figure>\n\n\n\n<p><\/p>\n\n\n\n<p class=\"p2\">Este pa\u00eds en forma de media luna tiene monta\u00f1as bajas y tierras altas cerca de la costa. Tambi\u00e9n tiene muchas llanuras y una gran cantidad de islas.<\/p>\n\n\n\n<p class=\"p2\">El primer asentamiento moderno de Croacia se produjo a principios del siglo VII. Los refugiados tambi\u00e9n llegaron durante la Primera y la Segunda Guerra Mundial. Croacia es ahora una rep\u00fablica gobernada por un parlamento.<\/p>\n\n\n\n<p class=\"p2\">La rica historia y el hermoso paisaje lo convirtieron en el lugar elegido para filmar partes de la serie de HBO. <i>Game of Thrones<\/i>. En este pa\u00eds tienes muchas oportunidades para explorar y descubrir cosas nuevas.<\/p>\n\n\n\n<h2 class=\"wp-block-heading p3\">Atracciones tur\u00edsticas y barrios<\/h2>\n\n\n\n<p class=\"p2\">Recientemente, Croacia se ha convertido en un destino vacacional reconocido y cada vez m\u00e1s turistas lo incluyen en sus itinerarios de viaje. Todo el pa\u00eds es impresionante, con barrios mundialmente famosos como Split, Zagreb y Hvar.<\/p>\n\n\n\n<p><strong>\u2022 Dubrovnik:<\/strong> Dubrovnik es famosa por su impresionante casco antiguo, rodeado por enormes muros de piedra. Este sitio declarado Patrimonio de la Humanidad por la UNESCO ofrece a los visitantes una visi\u00f3n de la historia medieval de la ciudad, con su arquitectura bien conservada, iglesias hist\u00f3ricas y calles estrechas y adoquinadas. La ubicaci\u00f3n de la ciudad a lo largo del mar Adri\u00e1tico ofrece vistas pintorescas y oportunidades para realizar excursiones costeras.<\/p>\n\n\n\n<p><strong>\u2022 Parque Nacional de los Lagos de Plitvice:<\/strong> El Parque Nacional de los Lagos de Plitvice es una de las maravillas naturales m\u00e1s espectaculares de Croacia, conocida por sus lagos, cascadas y bosques frondosos. Este sitio declarado Patrimonio de la Humanidad por la UNESCO es un para\u00edso para los amantes de la naturaleza y ofrece extensas rutas de senderismo que permiten a los visitantes explorar su paisaje \u00fanico. Las aguas cristalinas del parque y su diversa vida silvestre lo convierten en un destino de visita obligada.<\/p>\n\n\n\n<p><strong>\u2022 Dividir:<\/strong> Split, la segunda ciudad m\u00e1s grande de Croacia, es un centro urbano vibrante con una rica historia. La pieza central de la ciudad es el Palacio de Diocleciano, un enorme complejo palaciego romano que ahora forma el coraz\u00f3n del casco antiguo. El paseo mar\u00edtimo de Split, los bulliciosos mercados y las playas cercanas atraen a entusiastas de la historia y viajeros de placer.<\/p>\n\n\n\n<p><strong>\u2022 Isla de Hvar:<\/strong> La isla de Hvar es famosa por sus impresionantes paisajes, hermosas playas y su animada vida nocturna. La hist\u00f3rica ciudad de Hvar, en la isla, cuenta con calles encantadoras, fortalezas hist\u00f3ricas y un vibrante puerto deportivo lleno de yates de lujo. El clima mediterr\u00e1neo y las aguas cristalinas de Hvar la convierten en un destino popular para los amantes del sol y la aventura.<\/p>\n\n\n\n<p><strong>\u2022 Zagreb:<\/strong> Zagreb, la capital de Croacia, ofrece una combinaci\u00f3n de encanto hist\u00f3rico y comodidades modernas. La Ciudad Alta de la ciudad presenta arquitectura medieval, calles adoquinadas y lugares hist\u00f3ricos como la Iglesia de San Marcos y la Catedral de Zagreb. La Ciudad Baja de Zagreb es conocida por su vibrante escena cultural, con numerosos museos, galer\u00edas y teatros.<\/p>\n\n\n\n<h2 class=\"wp-block-heading p3\">Industrias clave<\/h2>\n\n\n\n<p class=\"p2\">Croatia\u2019s main income products are food, drinks, tobacco, and chemical oil. The Croat people are also very skilled in agriculture, one of their key industries. Croatia is doing so well in agriculture that the World Bank has classed it as a high-income economy.<\/p>\n\n\n\n<p class=\"p2\">Croatia has many small farmers\u2019 markets scattered throughout the country. The vendors sell local fruits, vegetables, cheese, wine, and meat. Most are in the city centers, but others are in small villages.<\/p>\n\n\n\n<p>En cualquier caso, la econom\u00eda de Croacia est\u00e1 impulsada por varias industrias clave que brindan oportunidades sustanciales para empresas e inversores. Comprender estas industrias y sus principales actores es crucial para cualquier empresa que ingrese al mercado croata.<\/p>\n\n\n\n<ul class=\"wp-block-list\">\n<li><strong>Turismo:<\/strong> El turismo es una piedra angular de la econom\u00eda de Croacia y contribuye significativamente al PIB y al empleo. La impresionante costa adri\u00e1tica del pa\u00eds, las ciudades hist\u00f3ricas como Dubrovnik y Split y numerosas islas atraen a millones de turistas cada a\u00f1o. Los actores clave en este sector incluyen agencias de viajes como Atlas y Uniline y cadenas hoteleras internacionales como Hilton y Marriott. El desarrollo continuo de complejos tur\u00edsticos de lujo y proyectos de ecoturismo contin\u00faa impulsando esta industria.<\/li>\n\n\n\n<li><strong>Tecnolog\u00eda y Startups:<\/strong> El sector tecnol\u00f3gico de Croacia est\u00e1 creciendo r\u00e1pidamente y Zagreb emerge como un centro tecnol\u00f3gico. Empresas como Infobip, Rimac Automobili y Nanobit muestran el potencial del pa\u00eds en comunicaciones m\u00f3viles, innovaci\u00f3n automotriz y juegos. El ecosistema de apoyo a las startups, impulsado por iniciativas gubernamentales e inversiones de capital de riesgo, impulsa la innovaci\u00f3n y el avance tecnol\u00f3gico.<\/li>\n\n\n\n<li><strong>Fabricaci\u00f3n:<\/strong> La manufactura es otra industria cr\u00edtica, ya que Croacia produce de todo, desde piezas de autom\u00f3viles hasta productos farmac\u00e9uticos. La presencia de empresas consolidadas como Pliva (farmac\u00e9utica) y AD Plastik (repuestos de automoci\u00f3n) pone de relieve la diversidad y la capacidad de innovaci\u00f3n del sector. La ubicaci\u00f3n estrat\u00e9gica del pa\u00eds y su fuerza laboral calificada mejoran a\u00fan m\u00e1s su atractivo como centro manufacturero.<\/li>\n<\/ul>\n\n\n\n<h2 class=\"wp-block-heading\">Actores l\u00edderes en el mercado croata<\/h2>\n\n\n\n<figure class=\"gb-block-image gb-block-image-88fdee43\"><img loading=\"lazy\" decoding=\"async\" width=\"1456\" height=\"816\" class=\"gb-image gb-image-88fdee43\" src=\"https:\/\/www.sisinternational.com\/wp-content\/uploads\/2025\/09\/Croatia-4.jpg\" alt=\"Investigaci\u00f3n y estrategia de mercado internacional de SIS\" title=\"Croatia (4)\" srcset=\"https:\/\/www.sisinternational.com\/wp-content\/uploads\/2025\/09\/Croatia-4.jpg 1456w, https:\/\/www.sisinternational.com\/wp-content\/uploads\/2025\/09\/Croatia-4-300x168.jpg 300w, https:\/\/www.sisinternational.com\/wp-content\/uploads\/2025\/09\/Croatia-4-1024x574.jpg 1024w, https:\/\/www.sisinternational.com\/wp-content\/uploads\/2025\/09\/Croatia-4-768x430.jpg 768w, https:\/\/www.sisinternational.com\/wp-content\/uploads\/2025\/09\/Croatia-4-18x10.jpg 18w\" sizes=\"auto, (max-width: 1456px) 100vw, 1456px\"><\/figure>\n\n\n\n<p><\/p>\n\n\n\n<p>El mercado croata est\u00e1 representado por destacadas empresas locales y influyentes actores internacionales, cada uno de los cuales contribuye al panorama econ\u00f3mico diverso y din\u00e1mico del pa\u00eds. Esto incluye:<\/p>\n\n\n\n<ul class=\"wp-block-list\">\n<li><strong>Infobip:<\/strong> Como l\u00edder mundial en comunicaciones en la nube, Infobip es una de las empresas tecnol\u00f3gicas m\u00e1s exitosas de Croacia. Ofrece un conjunto completo de soluciones de mensajer\u00eda que permite a las empresas comunicarse con sus clientes a trav\u00e9s de aplicaciones de SMS, correo electr\u00f3nico, voz y chat.<\/li>\n\n\n\n<li><strong>R\u00edmac Automobili:<\/strong> Rimac Automobili es un reconocido fabricante de veh\u00edculos el\u00e9ctricos y sistemas de bater\u00edas de alto rendimiento. Conocida por su tecnolog\u00eda de punta y excelencia en ingenier\u00eda, Rimac se ha posicionado como l\u00edder en la industria automotriz.<\/li>\n\n\n\n<li><strong>Podravka:<\/strong> Podravka es una empresa l\u00edder en procesamiento de alimentos en Croacia, conocida por su amplia gama de productos alimenticios, incluido el ic\u00f3nico condimento Vegeta. El compromiso de la empresa con la calidad y la innovaci\u00f3n le ha ayudado a mantener una fuerte presencia nacional e internacional.<\/li>\n\n\n\n<li><strong>HEP (Compa\u00f1\u00eda Croata de Energ\u00eda El\u00e9ctrica):<\/strong> HEP es el actor dominante en el sector energ\u00e9tico de Croacia, responsable de la generaci\u00f3n, transmisi\u00f3n y distribuci\u00f3n de electricidad. Las importantes inversiones de la compa\u00f1\u00eda en proyectos de energ\u00eda renovable subrayan su compromiso con la sostenibilidad y la eficiencia energ\u00e9tica.<\/li>\n\n\n\n<li><strong>pliva:<\/strong> Pliva es una importante empresa farmac\u00e9utica de Croacia con una larga reputaci\u00f3n en la producci\u00f3n de medicamentos de alta calidad. Como parte del grupo Teva Pharmaceutical Industries, Pliva se beneficia de amplios recursos de investigaci\u00f3n y desarrollo, lo que le permite innovar y ampliar su oferta de productos.<\/li>\n<\/ul>\n\n\n\n<h2 class=\"wp-block-heading p3\">Tendencias<\/h2>\n\n\n\n<p class=\"p2\">Croacia tiene una econom\u00eda en desarrollo, de altos ingresos y basada en servicios. El pa\u00eds sufri\u00f3 durante las guerras yugoslavas de los a\u00f1os 1990. S\u00f3lo despu\u00e9s del final de las guerras la econom\u00eda empez\u00f3 a mejorar. Despu\u00e9s de las guerras, el pa\u00eds se convirti\u00f3 en una econom\u00eda de mercado. As\u00ed, la econom\u00eda croata es ahora una de las m\u00e1s fuertes del sudeste de Europa.<\/p>\n\n\n\n<h2 class=\"wp-block-heading p3\">Razones para iniciar un negocio en Croacia<\/h2>\n\n\n\n<p class=\"p2\">Croatia\u2019s location is the main reason it is a great place to run a business. Moreover, Croatia has travel connections to Europe and the rest of the world by sea, road, and air, attracting many tourists. Other reasons are its modern infrastructure, stability overall, and educated workforce. The country also continues to develop its transport, telecommunications, and energy equipment.<\/p>\n\n\n\n<h2 class=\"wp-block-heading\">Resultados esperados de la investigaci\u00f3n de mercado de SIS en Croacia<\/h2>\n\n\n\n<p><strong>Comprensi\u00f3n mejorada del mercado:<\/strong><\/p>\n\n\n\n<p><a href=\"https:\/\/www.linkedin.com\/company\/sisinternationalresearch\/\" target=\"_blank\" rel=\"noopener\"><span style=\"font-weight: 400;\">SIS Internacional<\/span><\/a>La investigaci\u00f3n de mercado de ofrece a las empresas una comprensi\u00f3n profunda del mercado croata. Esto incluye informaci\u00f3n sobre el comportamiento del consumidor, la demanda del mercado y la din\u00e1mica competitiva. Con este conocimiento, las empresas pueden adaptar sus estrategias para alinearlas con las preferencias locales y las condiciones del mercado.<\/p>\n\n\n\n<p><strong>Toma de decisiones informada:<\/strong><\/p>\n\n\n\n<p>La investigaci\u00f3n de mercado proporciona a las empresas los datos necesarios para tomar decisiones informadas. Las empresas pueden identificar oportunidades y desaf\u00edos potenciales analizando las tendencias del mercado y los comentarios de los consumidores, lo que lleva a una planificaci\u00f3n m\u00e1s estrat\u00e9gica y una ejecuci\u00f3n efectiva.<\/p>\n\n\n\n<p><strong>Mitigaci\u00f3n de riesgos:<\/strong><\/p>\n\n\n\n<p>Uno de los principales beneficios de la investigaci\u00f3n de mercado es su capacidad para mitigar riesgos. Al comprender el panorama del mercado y los posibles obst\u00e1culos, las empresas pueden desarrollar planes de contingencia y estrategias proactivas para afrontar las incertidumbres. Esto reduce la probabilidad de errores costosos y mejora la resiliencia empresarial general.<\/p>\n\n\n\n<p><strong>Retorno de la inversi\u00f3n mejorado:<\/strong><\/p>\n\n\n\n<p>Invertir en investigaci\u00f3n de mercado a menudo conduce a un mejor retorno de la inversi\u00f3n. Las empresas pueden optimizar sus esfuerzos de marketing, desarrollo de productos y estrategias operativas tomando decisiones basadas en datos. Esto mejora la rentabilidad y garantiza un crecimiento sostenible en el mercado croata.<\/p>\n\n\n\n<p><strong>Ventaja estrat\u00e9gica:<\/strong><\/p>\n\n\n\n<p><a href=\"https:\/\/twitter.com\/SISIntlResearch\" target=\"_blank\" rel=\"noopener\"><span style=\"font-weight: 400;\">SIS<\/span><\/a> Da a las empresas una ventaja estrat\u00e9gica sobre sus competidores. Las empresas pueden innovar y adaptarse m\u00e1s eficazmente si se mantienen a la vanguardia de las tendencias del mercado y las preferencias de los consumidores. Esta ventaja competitiva es crucial para mantener y ampliar la cuota de mercado.<\/p>\n\n\n\n<h2 class=\"wp-block-heading\">Nuestra ubicaci\u00f3n de instalaciones en Nueva York<\/h2>\n\n\n\n<p>  <iframe loading=\"lazy\" src=\"https:\/\/www.google.com\/maps\/embed?pb=!1m18!1m12!1m3!1d3022.976188376966!2d-73.99130312499956!3d40.740549471389315!2m3!1f0!2f0!3f0!3m2!1i1024!2i768!4f13.1!3m3!1m2!1s0x89c259a15798c731%3A0xd695d09bdd495f25!2s11%20E%2022nd%20St%20FL%202%2C%20New%20York%2C%20NY%2010010%2C%20USA!5e0!3m2!1sen!2spe!4v1726171763526!5m2!1sen!2spe\" width=\"600\" height=\"450\" allowfullscreen=\"allowfullscreen\" data-mce-fragment=\"1\"><\/iframe>  <\/p>\n\n\n\n<h3 class=\"wp-block-heading\">11 E 22nd Street, piso 2, Nueva York, NY 10010 T: +1(212) 505-6805<\/h3>\n\n\n\n<hr class=\"wp-block-separator has-alpha-channel-opacity\"\/>\n\n\n\n<h2 class=\"wp-block-heading\"><span style=\"font-weight: 400;\">Acerca de SIS Internacional<\/span><\/h2>\n\n\n\n<p><a href=\"https:\/\/www.sisinternational.com\/es\/\"><span style=\"font-weight: 400;\">SIS Internacional<\/span><\/a><span style=\"font-weight: 400;\"> ofrece investigaci\u00f3n cuantitativa, cualitativa y estrat\u00e9gica. Proporcionamos datos, herramientas, estrategias, informes y conocimientos para la toma de decisiones. Tambi\u00e9n realizamos entrevistas, encuestas, grupos focales y otros m\u00e9todos y enfoques de investigaci\u00f3n de mercado.<\/span><a href=\"https:\/\/www.sisinternational.com\/es\/sobre-la-investigacion-internacional-de-sis\/contact-sis-international-market-research\/\"><span style=\"font-weight: 400;\"> P\u00f3ngase en contacto con nosotros<\/span><\/a><span style=\"font-weight: 400;\"> para su pr\u00f3ximo proyecto de Investigaci\u00f3n de Mercado.<\/span><\/p>\n\n\n\n<p><\/p>","protected":false},"excerpt":{"rendered":"<p>Haga crecer su negocio con investigaci\u00f3n de mercado en Croacia.<\/p>","protected":false},"author":1,"featured_media":65946,"parent":14510,"menu_order":42,"comment_status":"closed","ping_status":"closed","template":"","meta":{"footnotes":""},"class_list":["post-38806","page","type-page","status-publish","has-post-thumbnail"],"_links":{"self":[{"href":"https:\/\/www.sisinternational.com\/es\/wp-json\/wp\/v2\/pages\/38806","targetHints":{"allow":["GET"]}}],"collection":[{"href":"https:\/\/www.sisinternational.com\/es\/wp-json\/wp\/v2\/pages"}],"about":[{"href":"https:\/\/www.sisinternational.com\/es\/wp-json\/wp\/v2\/types\/page"}],"author":[{"embeddable":true,"href":"https:\/\/www.sisinternational.com\/es\/wp-json\/wp\/v2\/users\/1"}],"replies":[{"embeddable":true,"href":"https:\/\/www.sisinternational.com\/es\/wp-json\/wp\/v2\/comments?post=38806"}],"version-history":[{"count":10,"href":"https:\/\/www.sisinternational.com\/es\/wp-json\/wp\/v2\/pages\/38806\/revisions"}],"predecessor-version":[{"id":81185,"href":"https:\/\/www.sisinternational.com\/es\/wp-json\/wp\/v2\/pages\/38806\/revisions\/81185"}],"up":[{"embeddable":true,"href":"https:\/\/www.sisinternational.com\/es\/wp-json\/wp\/v2\/pages\/14510"}],"wp:featuredmedia":[{"embeddable":true,"href":"https:\/\/www.sisinternational.com\/es\/wp-json\/wp\/v2\/media\/65946"}],"wp:attachment":[{"href":"https:\/\/www.sisinternational.com\/es\/wp-json\/wp\/v2\/media?parent=38806"}],"curies":[{"name":"wp","href":"https:\/\/api.w.org\/{rel}","templated":true}]}}