{"id":38800,"date":"2021-09-14T02:58:29","date_gmt":"2021-09-14T02:58:29","guid":{"rendered":"https:\/\/www.sisinternational.com\/?page_id=38800"},"modified":"2026-01-24T20:38:35","modified_gmt":"2026-01-25T01:38:35","slug":"investigacion-de-mercado-bosnia-herzegovina","status":"publish","type":"page","link":"https:\/\/www.sisinternational.com\/es\/cobertura\/europa\/investigacion-de-mercado-bosnia-herzegovina\/","title":{"rendered":"Investigaci\u00f3n de mercado en Bosnia y Herzegovina"},"content":{"rendered":"<h1 class=\"wp-block-heading\">Investigaci\u00f3n de mercado en Bosnia y Herzegovina<\/h1>\n\n\n\n<figure class=\"gb-block-image gb-block-image-c6e007f8\"><img loading=\"lazy\" decoding=\"async\" width=\"1456\" height=\"816\" class=\"gb-image gb-image-c6e007f8\" src=\"https:\/\/www.sisinternational.com\/wp-content\/uploads\/2025\/09\/Bosnia-and-Herzegovina-2.jpg\" alt=\"Investigaci\u00f3n y estrategia de mercado internacional de SIS\" title=\"Bosnia and Herzegovina (2)\" srcset=\"https:\/\/www.sisinternational.com\/wp-content\/uploads\/2025\/09\/Bosnia-and-Herzegovina-2.jpg 1456w, https:\/\/www.sisinternational.com\/wp-content\/uploads\/2025\/09\/Bosnia-and-Herzegovina-2-300x168.jpg 300w, https:\/\/www.sisinternational.com\/wp-content\/uploads\/2025\/09\/Bosnia-and-Herzegovina-2-1024x574.jpg 1024w, https:\/\/www.sisinternational.com\/wp-content\/uploads\/2025\/09\/Bosnia-and-Herzegovina-2-768x430.jpg 768w, https:\/\/www.sisinternational.com\/wp-content\/uploads\/2025\/09\/Bosnia-and-Herzegovina-2-18x10.jpg 18w\" sizes=\"auto, (max-width: 1456px) 100vw, 1456px\"><\/figure>\n\n\n\n<p><\/p>\n\n\n\n<hr class=\"wp-block-separator has-alpha-channel-opacity is-style-dots\"\/>\n\n\n\n<h3 class=\"wp-block-heading\"><span style=\"font-weight: 400;\">Bosnia y Herzegovina ofrece importantes oportunidades para las empresas que deseen invertir en an\u00e1lisis de mercado exhaustivos, y la investigaci\u00f3n de mercado en Bosnia y Herzegovina puede revelar conocimientos cr\u00edticos que impulsan decisiones comerciales estrat\u00e9gicas.&nbsp;<\/span><\/h3>\n\n\n\n<h2 class=\"wp-block-heading\"><strong>\u00bfQu\u00e9 es la investigaci\u00f3n de mercado en Bosnia y Herzegovina?<\/strong><\/h2>\n\n\n\n<p><span style=\"font-weight: 400;\">La investigaci\u00f3n de mercado en Bosnia y Herzegovina proporciona a las empresas una comprensi\u00f3n integral del panorama econ\u00f3mico, los comportamientos de los consumidores y la din\u00e1mica competitiva espec\u00edfica de Bosnia y Herzegovina. Dota a las empresas de inteligencia procesable que respalda la toma de decisiones informada. Esto incluye identificar segmentos de mercado objetivo, comprender las necesidades y preferencias de los consumidores y evaluar la eficacia de las estrategias de marketing.&nbsp;<\/span><\/p>\n\n\n\n<h2 class=\"wp-block-heading\"><strong>Importancia de la investigaci\u00f3n de mercado en Bosnia y Herzegovina<\/strong><\/h2>\n\n\n\n<p><span style=\"font-weight: 400;\">La investigaci\u00f3n de mercado en Bosnia y Herzegovina es esencial para comprender las condiciones econ\u00f3micas locales y los comportamientos de los consumidores, que pueden variar mucho de otras regiones. Esto incluye obtener informaci\u00f3n sobre las preferencias de los consumidores, los patrones de compra y las necesidades insatisfechas. Al comprender estos factores, las empresas pueden adaptar sus productos y servicios para satisfacer las demandas locales y mejorar la satisfacci\u00f3n del cliente.<\/span><\/p>\n\n\n\n<p><span style=\"font-weight: 400;\">Adem\u00e1s, la investigaci\u00f3n de mercado proporciona informaci\u00f3n valiosa sobre el panorama competitivo en Bosnia y Herzegovina. Analizar las fortalezas y debilidades de los competidores, identificar las brechas del mercado y desarrollar estrategias para diferenciarse de los competidores son cruciales para obtener una ventaja competitiva.&nbsp;<\/span><\/p>\n\n\n\n<h2 class=\"wp-block-heading\"><strong>\u00bfQui\u00e9n utiliza la investigaci\u00f3n de mercado en Bosnia y Herzegovina?<\/strong><\/h2>\n\n\n\n<figure class=\"gb-block-image gb-block-image-d2fddbe9\"><img loading=\"lazy\" decoding=\"async\" width=\"1456\" height=\"816\" class=\"gb-image gb-image-d2fddbe9\" src=\"https:\/\/www.sisinternational.com\/wp-content\/uploads\/2025\/09\/Bosnia-and-Herzegovina-1.jpg\" alt=\"Investigaci\u00f3n y estrategia de mercado internacional de SIS\" title=\"Bosnia and Herzegovina (1)\" srcset=\"https:\/\/www.sisinternational.com\/wp-content\/uploads\/2025\/09\/Bosnia-and-Herzegovina-1.jpg 1456w, https:\/\/www.sisinternational.com\/wp-content\/uploads\/2025\/09\/Bosnia-and-Herzegovina-1-300x168.jpg 300w, https:\/\/www.sisinternational.com\/wp-content\/uploads\/2025\/09\/Bosnia-and-Herzegovina-1-1024x574.jpg 1024w, https:\/\/www.sisinternational.com\/wp-content\/uploads\/2025\/09\/Bosnia-and-Herzegovina-1-768x430.jpg 768w, https:\/\/www.sisinternational.com\/wp-content\/uploads\/2025\/09\/Bosnia-and-Herzegovina-1-18x10.jpg 18w\" sizes=\"auto, (max-width: 1456px) 100vw, 1456px\"><\/figure>\n\n\n\n<p><\/p>\n\n\n\n<p><span style=\"font-weight: 400;\">Market research in Bosnia and Herzegovina is utilized by diverse stakeholders, each benefitting from its insights to enhance their operations and strategic planning. <\/span><b>Corporaciones multinacionales<\/b><span style=\"font-weight: 400;\"> se encuentran entre los principales usuarios, aprovechando la investigaci\u00f3n de mercado para adaptar sus estrategias globales al contexto local.&nbsp;<\/span><\/p>\n\n\n\n<p><b>Negocio local<\/b><span style=\"font-weight: 400;\"> Tambi\u00e9n dependen en gran medida de la investigaci\u00f3n de mercado para mantener la competitividad. Comprender las tendencias del mercado y las preferencias de los consumidores es fundamental para que estas empresas sigan siendo relevantes e impulsen el crecimiento. La investigaci\u00f3n de mercado en Bosnia y Herzegovina les ayuda a identificar oportunidades de innovaci\u00f3n y mejora, garantizando que puedan satisfacer las necesidades cambiantes de sus clientes.<\/span><\/p>\n\n\n\n<p><span style=\"font-weight: 400;\">Adem\u00e1s, <\/span><b>agencias gubernamentales<\/b><span style=\"font-weight: 400;\"> y <\/span><b>organizaciones no gubernamentales (ONG)<\/b><span style=\"font-weight: 400;\"> utilizar la investigaci\u00f3n de mercado para informar la formulaci\u00f3n de pol\u00edticas y el desarrollo de programas. Al obtener informaci\u00f3n sobre las condiciones econ\u00f3micas, la opini\u00f3n p\u00fablica y las cuestiones sociales, estas entidades pueden dise\u00f1ar intervenciones m\u00e1s efectivas y apoyar iniciativas que promuevan el desarrollo econ\u00f3mico y el bienestar social en Bosnia y Herzegovina.<\/span><\/p>\n\n\n\n<h2 class=\"wp-block-heading\"><strong>Cu\u00e1ndo realizar una investigaci\u00f3n de mercado en Bosnia y Herzegovina<\/strong><\/h2>\n\n\n\n<p><span style=\"font-weight: 400;\">Market research in Bosnia and Herzegovina is essential at various business planning and development stages. Businesses should undertake market research when considering <\/span><b>entrada al mercado<\/b><span style=\"font-weight: 400;\">. Esto ayuda a evaluar la viabilidad de ingresar al mercado bosnio, comprender los requisitos regulatorios e identificar posibles barreras de entrada.<\/span><\/p>\n\n\n\n<p><span style=\"font-weight: 400;\">La investigaci\u00f3n de mercado tambi\u00e9n es cr\u00edtica durante el <\/span><b>desarrollo de productos<\/b><span style=\"font-weight: 400;\"> phase. By gathering feedback from potential customers and analyzing market needs, businesses can design products and services that align with local preferences and expectations.<\/span><\/p>\n\n\n\n<h2 class=\"wp-block-heading\"><strong>Industrias clave en Bosnia y Herzegovina<\/strong><\/h2>\n\n\n\n<figure class=\"gb-block-image gb-block-image-d1790076\"><img loading=\"lazy\" decoding=\"async\" width=\"1456\" height=\"816\" class=\"gb-image gb-image-d1790076\" src=\"https:\/\/www.sisinternational.com\/wp-content\/uploads\/2025\/09\/Bosnia-and-Herzegovina-3.jpg\" alt=\"Investigaci\u00f3n y estrategia de mercado internacional de SIS\" title=\"Bosnia and Herzegovina (3)\" srcset=\"https:\/\/www.sisinternational.com\/wp-content\/uploads\/2025\/09\/Bosnia-and-Herzegovina-3.jpg 1456w, https:\/\/www.sisinternational.com\/wp-content\/uploads\/2025\/09\/Bosnia-and-Herzegovina-3-300x168.jpg 300w, https:\/\/www.sisinternational.com\/wp-content\/uploads\/2025\/09\/Bosnia-and-Herzegovina-3-1024x574.jpg 1024w, https:\/\/www.sisinternational.com\/wp-content\/uploads\/2025\/09\/Bosnia-and-Herzegovina-3-768x430.jpg 768w, https:\/\/www.sisinternational.com\/wp-content\/uploads\/2025\/09\/Bosnia-and-Herzegovina-3-18x10.jpg 18w\" sizes=\"auto, (max-width: 1456px) 100vw, 1456px\"><\/figure>\n\n\n\n<p><\/p>\n\n\n\n<p><span style=\"font-weight: 400;\">Bosnia y Herzegovina alberga una variedad de industrias clave que impulsan su econom\u00eda y ofrecen importantes oportunidades para la investigaci\u00f3n de mercados. <\/span><b>Agricultura<\/b><span style=\"font-weight: 400;\"> sigue siendo un sector fundamental, con empresas como Mlijekoprodukt y Vispak liderando la producci\u00f3n de productos l\u00e1cteos y caf\u00e9. Comprender las preferencias de los consumidores y la din\u00e1mica del mercado en este sector es crucial para las empresas que buscan ingresar o expandirse en Bosnia y Herzegovina.<\/span><\/p>\n\n\n\n<p><b>Fabricaci\u00f3n<\/b><span style=\"font-weight: 400;\"> Tambi\u00e9n es importante, sobre todo en la producci\u00f3n de piezas de autom\u00f3viles, textiles y muebles. Empresas como Prevent Group y Standard Furniture Factory son actores clave. La investigaci\u00f3n de mercado ayuda a estas empresas a optimizar los procesos de producci\u00f3n, reducir costos e innovar para seguir siendo competitivas.<\/span><\/p>\n\n\n\n<p><span style=\"font-weight: 400;\">El <\/span><b>sector de tecnolog\u00eda de la informaci\u00f3n<\/b><span style=\"font-weight: 400;\"> est\u00e1 creciendo r\u00e1pidamente y est\u00e1 impulsado por empresas como Authority Partners y Atlantbh. Este sector se beneficia enormemente de la investigaci\u00f3n de mercado que identifica tendencias tecnol\u00f3gicas, necesidades de los consumidores y \u00e1reas potenciales de innovaci\u00f3n.<\/span><\/p>\n\n\n\n<p><b>Turismo<\/b><span style=\"font-weight: 400;\"> is another vital sector, with Bosnia and Herzegovina&#8217;s rich cultural heritage and natural beauty attracting visitors worldwide. Businesses like Visit Sarajevo and Green <a href=\"https:\/\/www.sisinternational.com\/es\/soluciones\/investigacion-de-mercado-de-ia-y-consultoria-estrategica\/investigacion-de-mercado-de-vision-por-computadora-ai\/\" title=\"Investigaci\u00f3n de mercado de IA de visi\u00f3n por computadora\"  data-wpil-monitor-id=\"2782\">Visions utilize market research<\/a> to enhance their services and attract more tourists.<\/span><\/p>\n\n\n\n<h2 class=\"wp-block-heading p3\">Barrios<\/h2>\n\n\n\n<p class=\"p2\">Sarajevo es la capital y ciudad m\u00e1s grande. Tambi\u00e9n se la conoce como la \u201cJerusal\u00e9n de Europa\u201d debido a su rica historia y museos. Esta ciudad es un centro pol\u00edtico, social y cultural con una influencia notable en las escenas de entretenimiento, medios, moda y arte de la regi\u00f3n en general. Tiene diversas religiones y culturas, y muchas religiones coexisten en los mismos lugares. La ciudad tambi\u00e9n es conocida por sus numerosos miradores. Estas vistas son populares entre los turistas.<\/p>\n\n\n\n<p class=\"p2\">Otra ciudad importante es Tuzla. La industria es tambi\u00e9n su sector principal y tiene un aspecto sovi\u00e9tico. Por lo tanto, no es el lugar m\u00e1s bonito aqu\u00ed. A pesar de esto, tiene una rica historia. Hay evidencias que sugieren que fue un pr\u00f3spero asentamiento neol\u00edtico. La producci\u00f3n de sal dentro de la ciudad es una importante fuente de ingresos. Hay extensos dep\u00f3sitos de sal debajo de la ciudad. El nombre Tuzla proviene de la palabra &quot;tuzia&quot;. Esta es una palabra turca otomana para mina de sal.<\/p>\n\n\n\n<h2 class=\"wp-block-heading\"><strong>Principales atracciones tur\u00edsticas en Bosnia y Herzegovina<\/strong><\/h2>\n\n\n\n<p><span style=\"font-weight: 400;\">Bosnia y Herzegovina cuenta con numerosas atracciones tur\u00edsticas que atraen a visitantes de todo el mundo. Comprender estas atracciones es crucial para que las empresas tur\u00edsticas adapten sus servicios y estrategias de marketing.<\/span><\/p>\n\n\n\n<ul class=\"wp-block-list\">\n<li><b>Sarajevo<\/b><span style=\"font-weight: 400;\">: The capital city, known for its historical significance and cultural diversity, offers attractions such as the Latin Bridge, the site of Archduke Franz Ferdinand&#8217;s assassination, and Ba\u0161\u010dar\u0161ija, the old bazaar filled with traditional crafts and food.<\/span><\/li>\n\n\n\n<li><b>Mostar<\/b><span style=\"font-weight: 400;\">: Famosa por su ic\u00f3nico Stari Most (Puente Viejo), Mostar es un s\u00edmbolo de reconciliaci\u00f3n y patrimonio cultural. La ciudad atrae a los turistas con su impresionante arquitectura y sus vibrantes mercados callejeros.<\/span><\/li>\n\n\n\n<li><b>Medjugorje<\/b><span style=\"font-weight: 400;\">: Esta ciudad se ha convertido en un importante lugar de peregrinaci\u00f3n cat\u00f3lica desde las apariciones de la Virgen Mar\u00eda en 1981. Atrae a miles de peregrinos y turistas anualmente.<\/span><\/li>\n\n\n\n<li><b>Blagaj<\/b><span style=\"font-weight: 400;\">: Conocido por Blagaj Tekke, un monasterio derviche situado en el nacimiento del r\u00edo Buna, Blagaj es un sitio de importancia espiritual e hist\u00f3rica, que ofrece vistas panor\u00e1micas y tranquilidad.<\/span><\/li>\n\n\n\n<li><b>jajce<\/b><span style=\"font-weight: 400;\">: Esta ciudad hist\u00f3rica es famosa por su hermosa cascada en el centro de la ciudad y su fortaleza medieval, que permite a los visitantes vislumbrar la rica historia de Bosnia y Herzegovina.<\/span><\/li>\n\n\n\n<li><b>Trebinje<\/b><span style=\"font-weight: 400;\">: Trebinje, una ciudad pintoresca en la parte sur del pa\u00eds, es conocida por su clima mediterr\u00e1neo, su casco hist\u00f3rico y el puente Arslanagi\u0107a del siglo XVI.<\/span><\/li>\n<\/ul>\n\n\n\n<h2 class=\"wp-block-heading p3\">Beneficios y Fortalezas en el Mercado<\/h2>\n\n\n\n<p class=\"p2\">Este pa\u00eds est\u00e1 abierto a la inversi\u00f3n extranjera y ofrece un r\u00e9gimen comercial muy liberal. Sus ricos recursos naturales lo hacen ideal para diversos negocios y existen muchas oportunidades en m\u00faltiples sectores.<\/p>\n\n\n\n<p class=\"p2\">Por ejemplo, tiene cabida para proveedores de la industria metal\u00fargica. Otro ejemplo es el de la industria energ\u00e9tica. El pa\u00eds tambi\u00e9n puede emprender proyectos como la construcci\u00f3n y mejora de centrales el\u00e9ctricas. Hay muchas perspectivas de negocio en otros sectores.<\/p>\n\n\n\n<h2 class=\"wp-block-heading\"><strong>Investigaci\u00f3n de mercado en Bosnia y Herzegovina: an\u00e1lisis FODA&nbsp;<\/strong><\/h2>\n\n\n\n<p><span style=\"font-weight: 400;\">Comprender las fortalezas, debilidades, oportunidades y amenazas del mercado bosnio es esencial para las empresas que planean ingresar o expandirse dentro de esta regi\u00f3n.<\/span><\/p>\n\n\n\n<h3 class=\"wp-block-heading\"><b>Fortalezas<\/b><span style=\"font-weight: 400;\">:&nbsp;<\/span><\/h3>\n\n\n\n<p><span style=\"font-weight: 400;\">Bosnia y Herzegovina cuenta con una ubicaci\u00f3n estrat\u00e9gica en el sudeste de Europa, lo que brinda acceso a varios mercados regionales. El pa\u00eds tiene una fuerza laboral calificada y costos laborales competitivos, lo que lo convierte en un destino atractivo para la inversi\u00f3n. Adem\u00e1s, el rico patrimonio cultural y los diversos paisajes naturales de Bosnia y Herzegovina la convierten en un destino popular para el turismo.<\/span><\/p>\n\n\n\n<h3 class=\"wp-block-heading\"><b>Debilidades<\/b><span style=\"font-weight: 400;\">:&nbsp;<\/span><\/h3>\n\n\n\n<p><span style=\"font-weight: 400;\">A pesar de estas fortalezas, el mercado enfrenta volatilidad econ\u00f3mica y una base de consumidores relativamente peque\u00f1a. El acceso limitado a tecnolog\u00edas avanzadas y niveles m\u00e1s bajos de innovaci\u00f3n tambi\u00e9n pueden obstaculizar el crecimiento empresarial. Adem\u00e1s, los procesos burocr\u00e1ticos y las complejidades regulatorias pueden plantear dificultades para la entrada de nuevas empresas al mercado.<\/span><\/p>\n\n\n\n<h3 class=\"wp-block-heading\"><b>Oportunidades<\/b><span style=\"font-weight: 400;\">:&nbsp;<\/span><\/h3>\n\n\n\n<p><span style=\"font-weight: 400;\">Existen numerosas oportunidades para las empresas en Bosnia y Herzegovina. La creciente econom\u00eda digital presenta oportunidades para las empresas tecnol\u00f3gicas y las nuevas empresas. El enfoque del pa\u00eds en el desarrollo sostenible abre puertas para negocios verdes y proyectos de energ\u00eda renovable. Adem\u00e1s, la creciente demanda de los consumidores de productos y servicios de calidad brinda oportunidades para la diferenciaci\u00f3n del mercado.<\/span><\/p>\n\n\n\n<h3 class=\"wp-block-heading\"><b>Amenazas<\/b><span style=\"font-weight: 400;\">:&nbsp;<\/span><\/h3>\n\n\n\n<p><span style=\"font-weight: 400;\">Las amenazas potenciales incluyen inestabilidad econ\u00f3mica y cambios en las pol\u00edticas gubernamentales que podr\u00edan afectar las operaciones comerciales. El panorama competitivo tambi\u00e9n puede ser desafiante, ya que actores establecidos dominan sectores clave. Adem\u00e1s, las condiciones econ\u00f3micas mundiales y las tensiones geopol\u00edticas pueden afectar la din\u00e1mica del mercado de Bosnia y Herzegovina.<\/span><\/p>\n\n\n\n<h2 class=\"wp-block-heading\"><strong>C\u00f3mo la investigaci\u00f3n de mercado de SIS International en Bosnia y Herzegovina ayuda a las empresas<\/strong><\/h2>\n\n\n\n<p><a href=\"https:\/\/twitter.com\/SISIntlResearch\" target=\"_blank\" rel=\"noopener\"><span style=\"font-weight: 400;\">SIS<\/span><\/a><span style=\"font-weight: 400;\"> ayuda a las empresas a navegar las complejidades del mercado bosnio. Al proporcionar informaci\u00f3n integral sobre las condiciones del mercado, los comportamientos de los consumidores y la din\u00e1mica competitiva, SIS International permite a las empresas tomar decisiones informadas que impulsan el crecimiento y la innovaci\u00f3n.<\/span><\/p>\n\n\n\n<p><b>Reducir el riesgo<\/b><span style=\"font-weight: 400;\">:&nbsp;<\/span><\/p>\n\n\n\n<p><span style=\"font-weight: 400;\">Nuestro equipo ayuda a las empresas a identificar riesgos potenciales y desarrollar estrategias para mitigarlos. Este enfoque proactivo reduce la incertidumbre y mejora los procesos de toma de decisiones.<\/span><\/p>\n\n\n\n<p><b>Aumentar los ingresos<\/b><span style=\"font-weight: 400;\">:&nbsp;<\/span><\/p>\n\n\n\n<p><span style=\"font-weight: 400;\">Al comprender las preferencias de los consumidores y las tendencias del mercado, las empresas pueden adaptar sus ofertas para satisfacer la demanda, aumentando las ventas y los ingresos.<\/span><\/p>\n\n\n\n<p><b>Ahorrar dinero<\/b><span style=\"font-weight: 400;\">:&nbsp;<\/span><\/p>\n\n\n\n<p><a href=\"https:\/\/www.linkedin.com\/company\/sisinternationalresearch\/\" target=\"_blank\" rel=\"noopener\"><span style=\"font-weight: 400;\">SIS Internacional<\/span><\/a><span style=\"font-weight: 400;\">Los expertos de permiten a las empresas asignar recursos de forma m\u00e1s eficiente, minimizando el desperdicio y optimizando la inversi\u00f3n. Esto conduce a ahorros de costos y una mayor eficiencia operativa.<\/span><\/p>\n\n\n\n<p><b>Ahorrando tiempo<\/b><span style=\"font-weight: 400;\">:&nbsp;<\/span><\/p>\n\n\n\n<p><span style=\"font-weight: 400;\">El acceso a informaci\u00f3n de mercado precisa y oportuna acelera la toma de decisiones, lo que permite a las empresas responder r\u00e1pidamente a los cambios del mercado y aprovechar las oportunidades.<\/span><\/p>\n\n\n\n<p><b>Acelerar el crecimiento y la innovaci\u00f3n<\/b><span style=\"font-weight: 400;\">:&nbsp;<\/span><\/p>\n\n\n\n<p><span style=\"font-weight: 400;\">La investigaci\u00f3n de mercado integral proporciona informaci\u00f3n que impulsa el desarrollo y la innovaci\u00f3n de productos. Esto ayuda a las empresas a seguir siendo competitivas y lograr un crecimiento sostenible.<\/span><\/p>\n\n\n\n<p><b>Impulsar el retorno de la inversi\u00f3n<\/b><span style=\"font-weight: 400;\">:&nbsp;<\/span><\/p>\n\n\n\n<p><span style=\"font-weight: 400;\">SIS maximiza el retorno de la inversi\u00f3n identificando los segmentos y oportunidades de mercado m\u00e1s prometedores. Las empresas pueden centrar sus esfuerzos en \u00e1reas de alto potencial y lograr mejores resultados.<\/span><\/p>\n\n\n\n<h2 class=\"wp-block-heading p3\">Razones para hacer crecer su negocio en el mercado bosnio<\/h2>\n\n\n\n<p class=\"p2\">Los exportadores e inversores bien preparados tienen muchas perspectivas comerciales. Los inversores extranjeros disfrutan de los mismos derechos que los ciudadanos. Pagan impuestos a tasas m\u00e1s bajas y se benefician de un sistema legal s\u00f3lido. El pa\u00eds tambi\u00e9n cuenta con una fuerza laboral bien educada y altamente calificada.<\/p>\n\n\n\n<div class=\"is-root-container is-desktop-preview is-layout-flow wp-block-post-content block-editor-block-list__layout\" spellcheck=\"false\">\n<div id=\"block-384c2a08-a270-48c9-9b10-b335265edad1\" class=\"block-editor-block-list__block wp-block is-selected wp-block-freeform is-hovered\" tabindex=\"0\" role=\"document\" aria-label=\"Bloque: Cl\u00e1sico\" data-block=\"384c2a08-a270-48c9-9b10-b335265edad1\" data-type=\"core\/freeform\" data-title=\"Classic\">\n<div id=\"editor-384c2a08-a270-48c9-9b10-b335265edad1\" class=\"wp-block-freeform block-library-rich-text__tinymce mce-content-body html5-captions mce-edit-focus\" style=\"position: relative;\" contenteditable=\"true\">\n<h2>Nuestra ubicaci\u00f3n de instalaciones en Nueva York<\/h2>\n<p>  <iframe loading=\"lazy\" src=\"https:\/\/www.google.com\/maps\/embed?pb=!1m18!1m12!1m3!1d3022.976188376966!2d-73.99130312499956!3d40.740549471389315!2m3!1f0!2f0!3f0!3m2!1i1024!2i768!4f13.1!3m3!1m2!1s0x89c259a15798c731%3A0xd695d09bdd495f25!2s11%20E%2022nd%20St%20FL%202%2C%20New%20York%2C%20NY%2010010%2C%20USA!5e0!3m2!1sen!2spe!4v1726171763526!5m2!1sen!2spe\" width=\"600\" height=\"450\" allowfullscreen=\"allowfullscreen\" data-mce-fragment=\"1\"><\/iframe>  <\/p>\n<h3 class=\"wp-block-heading\">11 E 22nd Street, piso 2, Nueva York, NY 10010 T: +1(212) 505-6805<\/h3>\n<hr>\n<h2><span style=\"font-weight: 400;\">Acerca de SIS Internacional<\/span><\/h2>\n<p><a href=\"https:\/\/www.sisinternational.com\/es\/\"><span style=\"font-weight: 400;\">SIS Internacional<\/span><\/a><span style=\"font-weight: 400;\"> ofrece investigaci\u00f3n cuantitativa, cualitativa y estrat\u00e9gica. Proporcionamos datos, herramientas, estrategias, informes y conocimientos para la toma de decisiones. Tambi\u00e9n realizamos entrevistas, encuestas, grupos focales y otros m\u00e9todos y enfoques de investigaci\u00f3n de mercado.<\/span><a href=\"https:\/\/www.sisinternational.com\/es\/sobre-la-investigacion-internacional-de-sis\/contact-sis-international-market-research\/\"><span style=\"font-weight: 400;\"> P\u00f3ngase en contacto con nosotros<\/span><\/a><span style=\"font-weight: 400;\"> para su pr\u00f3ximo proyecto de Investigaci\u00f3n de Mercado.<\/span><\/p>\n<hr><\/div>\n<\/div>\n<p id=\"block-13718977-774f-4eb6-9307-bdda3647fbca\" class=\"block-editor-rich-text__editable block-editor-block-list__block wp-block wp-block-paragraph rich-text\" style=\"white-space: pre-wrap; min-width: 1px;\" role=\"document\" contenteditable=\"true\" aria-multiline=\"true\" aria-label=\"Bloque vac\u00edo; comience a escribir o escriba una barra diagonal para elegir un bloque\" data-block=\"13718977-774f-4eb6-9307-bdda3647fbca\" data-type=\"core\/paragraph\" data-title=\"Paragraph\" data-empty=\"true\" data-wp-block-attribute-key=\"content\">&nbsp;<\/p>\n<\/div>\n\n\n\n<p><\/p>\n\n\n\n<p><\/p>","protected":false},"excerpt":{"rendered":"<p>Haga crecer su negocio con investigaci\u00f3n de mercado en Bosnia y Herzegovina.<\/p>","protected":false},"author":1,"featured_media":65925,"parent":14510,"menu_order":41,"comment_status":"closed","ping_status":"closed","template":"","meta":{"footnotes":""},"class_list":["post-38800","page","type-page","status-publish","has-post-thumbnail"],"_links":{"self":[{"href":"https:\/\/www.sisinternational.com\/es\/wp-json\/wp\/v2\/pages\/38800","targetHints":{"allow":["GET"]}}],"collection":[{"href":"https:\/\/www.sisinternational.com\/es\/wp-json\/wp\/v2\/pages"}],"about":[{"href":"https:\/\/www.sisinternational.com\/es\/wp-json\/wp\/v2\/types\/page"}],"author":[{"embeddable":true,"href":"https:\/\/www.sisinternational.com\/es\/wp-json\/wp\/v2\/users\/1"}],"replies":[{"embeddable":true,"href":"https:\/\/www.sisinternational.com\/es\/wp-json\/wp\/v2\/comments?post=38800"}],"version-history":[{"count":8,"href":"https:\/\/www.sisinternational.com\/es\/wp-json\/wp\/v2\/pages\/38800\/revisions"}],"predecessor-version":[{"id":77120,"href":"https:\/\/www.sisinternational.com\/es\/wp-json\/wp\/v2\/pages\/38800\/revisions\/77120"}],"up":[{"embeddable":true,"href":"https:\/\/www.sisinternational.com\/es\/wp-json\/wp\/v2\/pages\/14510"}],"wp:featuredmedia":[{"embeddable":true,"href":"https:\/\/www.sisinternational.com\/es\/wp-json\/wp\/v2\/media\/65925"}],"wp:attachment":[{"href":"https:\/\/www.sisinternational.com\/es\/wp-json\/wp\/v2\/media?parent=38800"}],"curies":[{"name":"wp","href":"https:\/\/api.w.org\/{rel}","templated":true}]}}