{"id":38696,"date":"2021-09-06T04:08:23","date_gmt":"2021-09-06T04:08:23","guid":{"rendered":"https:\/\/www.sisinternational.com\/?page_id=38696"},"modified":"2026-03-12T12:39:44","modified_gmt":"2026-03-12T16:39:44","slug":"investigacion-de-mercado-de-laboratorio","status":"publish","type":"page","link":"https:\/\/www.sisinternational.com\/es\/soluciones\/investigacion-de-mercado-biotecnologico-y-farmaceutico-de-atencion-medica\/investigacion-de-mercado-de-laboratorio\/","title":{"rendered":"Investigaci\u00f3n de mercado de laboratorio"},"content":{"rendered":"<h1 class=\"wp-block-heading\">Investigaci\u00f3n de mercado de laboratorio<\/h1>\n\n\n\n<figure class=\"gb-block-image gb-block-image-e46af518\"><img loading=\"lazy\" decoding=\"async\" width=\"1456\" height=\"816\" class=\"gb-image gb-image-e46af518\" src=\"https:\/\/www.sisinternational.com\/wp-content\/uploads\/2025\/08\/Laboratory-2.jpg\" alt=\"Investigaci\u00f3n y estrategia de mercado internacional de SIS\" title=\"Laboratory (2)\" srcset=\"https:\/\/www.sisinternational.com\/wp-content\/uploads\/2025\/08\/Laboratory-2.jpg 1456w, https:\/\/www.sisinternational.com\/wp-content\/uploads\/2025\/08\/Laboratory-2-300x168.jpg 300w, https:\/\/www.sisinternational.com\/wp-content\/uploads\/2025\/08\/Laboratory-2-1024x574.jpg 1024w, https:\/\/www.sisinternational.com\/wp-content\/uploads\/2025\/08\/Laboratory-2-768x430.jpg 768w, https:\/\/www.sisinternational.com\/wp-content\/uploads\/2025\/08\/Laboratory-2-18x10.jpg 18w\" sizes=\"auto, (max-width: 1456px) 100vw, 1456px\"><\/figure>\n\n\n\n<hr class=\"wp-block-separator has-alpha-channel-opacity is-style-dots\"\/>\n\n\n\n<p><\/p>\n\n\n\n<div class=\"wp-block-columns has-global-color-9-color has-text-color has-background has-link-color wp-elements-f54a1508e066a41dca15d4acf7602df2 is-layout-flex wp-container-core-columns-is-layout-9d6595d7 wp-block-columns-is-layout-flex\" style=\"background-color:#f7f9fa6e\">\n<div class=\"wp-block-column is-layout-flow wp-block-column-is-layout-flow\" style=\"flex-basis:18%\"><\/div>\n\n\n\n<div class=\"wp-block-column is-vertically-aligned-center is-layout-flow wp-block-column-is-layout-flow\" style=\"flex-basis:71.28%\">\n<div class=\"wp-block-rank-math-toc-block aligncenter has-global-color-9-color has-text-color has-link-color wp-elements-d0faee3e07a387f6597a37dc20aa7e41\" style=\"font-size:16px\" id=\"rank-math-toc\"><h2><br><strong>t<\/strong>able of Contents<\/h2><nav><ul><li class=\"\"><a href=\"#labs-and-laboratory-market-research-play-a-vital-role-in-the-progress-of-science\">Los laboratorios y la investigaci\u00f3n de mercado de laboratorios desempe\u00f1an un papel vital en el progreso de la ciencia.<\/a><\/li><li class=\"\"><a href=\"#who-are-laboratory-professionals\">\u00bfQui\u00e9nes son los profesionales de laboratorio?<\/a><\/li><li class=\"\"><a href=\"#why-laboratory-market-research-is-important\">Por qu\u00e9 es importante la investigaci\u00f3n de mercado de laboratorio<\/a><\/li><li class=\"\"><a href=\"#new-technologies\">Nuevas tecnolog\u00edas<\/a><\/li><li class=\"\"><a href=\"#opportunities-and-challenges\">Oportunidades y desaf\u00edos<\/a><\/li><li class=\"\"><a href=\"#how-market-research-helps\">C\u00f3mo ayuda la investigaci\u00f3n de mercado<\/a><\/li><li class=\"\"><a href=\"#what-types-of-insights-can-laboratory-market-research-uncover\">\u00bfQu\u00e9 tipos de conocimientos puede descubrir la investigaci\u00f3n de mercado de laboratorio?<\/a><\/li><\/ul><\/nav><\/div>\n<\/div>\n<\/div>\n\n\n\n<p><\/p>\n\n\n\n<h2 class=\"wp-block-heading p2\" id=\"labs-and-laboratory-market-research-play-a-vital-role-in-the-progress-of-science\">Los laboratorios y la investigaci\u00f3n de mercado de laboratorios desempe\u00f1an un papel vital en el progreso de la ciencia.<\/h2>\n\n\n\n<p class=\"p2\">La mayor parte de la investigaci\u00f3n utilizada para crear nuevos productos se produce aqu\u00ed. Primero, echemos un vistazo a las personas que administran y trabajan en estos laboratorios.<\/p>\n\n\n\n<h2 class=\"wp-block-heading p3\" id=\"who-are-laboratory-professionals\">\u00bfQui\u00e9nes son los profesionales de laboratorio?<\/h2>\n\n\n\n<p class=\"p2\">Los profesionales de laboratorio abarcan una amplia gama de trabajos en muchos sectores. Estas personas desempe\u00f1an un papel crucial en la atenci\u00f3n sanitaria. Hay muchos trabajos disponibles en este campo, que incluyen:<\/p>\n\n\n\n<ul class=\"wp-block-list ul1\">\n<li>Tecn\u00f3logos y t\u00e9cnicos de laboratorio,<\/li>\n\n\n\n<li>T\u00e9cnicos y tecn\u00f3logos de laboratorios m\u00e9dicos,<\/li>\n\n\n\n<li>histot\u00e9cnicos,<\/li>\n\n\n\n<li>asistentes de laboratorio,<\/li>\n\n\n\n<li>Cient\u00edficos del laboratorio cl\u00ednico,<\/li>\n\n\n\n<li>analistas de laboratorio,<\/li>\n\n\n\n<li>Qu\u00edmico,<\/li>\n\n\n\n<li>directores de laboratorio,<\/li>\n\n\n\n<li>Microbi\u00f3logo.<\/li>\n<\/ul>\n\n\n\n<p class=\"p2\">La mayor\u00eda de los trabajos de laboratorio son iguales en varios sectores. Por lo tanto, los trabajadores de laboratorio suelen tener muchas habilidades que pueden transferir.<\/p>\n\n\n\n<h2 class=\"wp-block-heading p3\" id=\"why-laboratory-market-research-is-important\">Por qu\u00e9 es importante la investigaci\u00f3n de mercado de laboratorio<\/h2>\n\n\n\n<figure class=\"gb-block-image gb-block-image-9b37da9d\"><img loading=\"lazy\" decoding=\"async\" width=\"1456\" height=\"816\" class=\"gb-image gb-image-9b37da9d\" src=\"https:\/\/www.sisinternational.com\/wp-content\/uploads\/2025\/08\/Laboratory-4.jpg\" alt=\"Investigaci\u00f3n y estrategia de mercado internacional de SIS\" title=\"Laboratory (4)\" srcset=\"https:\/\/www.sisinternational.com\/wp-content\/uploads\/2025\/08\/Laboratory-4.jpg 1456w, https:\/\/www.sisinternational.com\/wp-content\/uploads\/2025\/08\/Laboratory-4-300x168.jpg 300w, https:\/\/www.sisinternational.com\/wp-content\/uploads\/2025\/08\/Laboratory-4-1024x574.jpg 1024w, https:\/\/www.sisinternational.com\/wp-content\/uploads\/2025\/08\/Laboratory-4-768x430.jpg 768w, https:\/\/www.sisinternational.com\/wp-content\/uploads\/2025\/08\/Laboratory-4-18x10.jpg 18w\" sizes=\"auto, (max-width: 1456px) 100vw, 1456px\"><\/figure>\n\n\n\n<p class=\"p2\">La investigaci\u00f3n de mercado de laboratorio es \u00fatil para las empresas emergentes de biotecnolog\u00eda y tecnolog\u00eda m\u00e9dica. Les brinda informaci\u00f3n sobre los numerosos impulsores del mercado que les ayudan a ampliar su l\u00ednea de productos. De esta forma, los trabajadores del laboratorio pueden garantizar el \u00e9xito de nuevos productos a medida que ingresan al mercado.<\/p>\n\n\n\n<p class=\"p2\">Lack of laboratory market research can slow the process of developing products. The Covid-19 <a href=\"https:\/\/www.sisinternational.com\/es\/pericia\/industrias\/investigacion-de-mercado-de-vacunacion\/\" title=\"Investigaci\u00f3n de mercado de vacunaci\u00f3n\"  data-wpil-monitor-id=\"3728\">vaccine succeeded due to market research<\/a>. This research helped provide a constant flow of data. For example, it showed the number of infected persons per country. Along with other stats, this data aided rapid vaccine deployment. Labs were able to scale up the production of the vaccine. Thus, they were able to start giving out vaccines around the world.<\/p>\n\n\n\n<p class=\"p2\">La investigaci\u00f3n de mercado permite a las empresas conocer su mercado objetivo. Este conocimiento les ayuda a decidir si este mercado puede ayudarles a obtener ganancias.<\/p>\n\n\n\n<p class=\"p2\">This research can also give details about their rivals. Data on the products made is one example of this. It can also help companies to see the marketing strategies used by their rivals. This <a href=\"https:\/\/www.sisinternational.com\/es\/cobertura\/las-americas\/investigacion-de-mercado-de-america-latina\/investigacion-de-mercado-costa-rica\/\" title=\"Investigaci\u00f3n de Mercado en Costa Rica\"  data-wpil-monitor-id=\"4941\">investigaci\u00f3n<\/a> also helps find gaps in the market. Lab Market Research may even provide an entry point for a startup.<\/p>\n\n\n\n<h2 class=\"wp-block-heading p3\" id=\"new-technologies\">Nuevas tecnolog\u00edas<\/h2>\n\n\n\n<p class=\"p2\">La tecnolog\u00eda de laboratorio ha experimentado un r\u00e1pido crecimiento y cambios desde la d\u00e9cada de 1980 y contribuye a los avances m\u00e9dicos. Covid-19 aceler\u00f3 la tecnolog\u00eda m\u00e9dica.<\/p>\n\n\n\n<ul class=\"wp-block-list\">\n<li>La telemedicina es un ejemplo de tecnolog\u00eda que dio un gran salto debido al COVID-19. Esta creaci\u00f3n brinda servicios de atenci\u00f3n m\u00e9dica desde una ubicaci\u00f3n remota.<\/li>\n\n\n\n<li>En menos de un a\u00f1o, las empresas farmac\u00e9uticas entregaron muchas vacunas contra el Covid-19 seguras y eficaces. El uso de ensayos cl\u00ednicos virtuales tambi\u00e9n ayud\u00f3 a acelerar este proceso.<\/li>\n\n\n\n<li>El uso de TI en la atenci\u00f3n sanitaria tambi\u00e9n ha avanzado mucho. La recopilaci\u00f3n de datos sanitarios sigue creciendo.<\/li>\n\n\n\n<li>La nanomedicina tambi\u00e9n es un campo popular entre los trabajadores de laboratorio. Este tipo de medicina utiliza nanotecnolog\u00eda para obtener im\u00e1genes, sensores y diagn\u00f3sticos. Cuando se utiliza, apunta a la administraci\u00f3n de f\u00e1rmacos a tumores en pacientes con c\u00e1ncer.<\/li>\n<\/ul>\n\n\n\n<h2 class=\"wp-block-heading p3\" id=\"opportunities-and-challenges\">Oportunidades y desaf\u00edos<\/h2>\n\n\n\n<figure class=\"gb-block-image gb-block-image-04d4fb0a\"><img loading=\"lazy\" decoding=\"async\" width=\"1456\" height=\"816\" class=\"gb-image gb-image-04d4fb0a\" src=\"https:\/\/www.sisinternational.com\/wp-content\/uploads\/2025\/08\/Laboratory-1.jpg\" alt=\"Investigaci\u00f3n y estrategia de mercado internacional de SIS\" title=\"Laboratory (1)\" srcset=\"https:\/\/www.sisinternational.com\/wp-content\/uploads\/2025\/08\/Laboratory-1.jpg 1456w, https:\/\/www.sisinternational.com\/wp-content\/uploads\/2025\/08\/Laboratory-1-300x168.jpg 300w, https:\/\/www.sisinternational.com\/wp-content\/uploads\/2025\/08\/Laboratory-1-1024x574.jpg 1024w, https:\/\/www.sisinternational.com\/wp-content\/uploads\/2025\/08\/Laboratory-1-768x430.jpg 768w, https:\/\/www.sisinternational.com\/wp-content\/uploads\/2025\/08\/Laboratory-1-18x10.jpg 18w\" sizes=\"auto, (max-width: 1456px) 100vw, 1456px\"><\/figure>\n\n\n\n<p><\/p>\n\n\n\n<p class=\"p2\">Existe una demanda creciente de trabajadores de laboratorio y nueva tecnolog\u00eda debido al aumento de los servicios de atenci\u00f3n m\u00e9dica. Proporciona una oportunidad \u00fanica para las empresas que se aventuran en este campo. La financiaci\u00f3n es siempre un problema para las grandes empresas. En general, los laboratorios tienen altos costos de puesta en marcha y costos. Comprar y mantener equipos t\u00e9cnicos de laboratorio tambi\u00e9n es costoso. La investigaci\u00f3n de mercado de laboratorio tiene una gran competencia debido al r\u00e1pido crecimiento de la industria.<\/p>\n\n\n\n<h2 class=\"wp-block-heading p3\" id=\"how-market-research-helps\">C\u00f3mo ayuda la investigaci\u00f3n de mercado<\/h2>\n\n\n\n<p class=\"p2\">La investigaci\u00f3n de mercado proporciona la mejor estrategia de entrada al mercado, que es informaci\u00f3n invaluable para empresas e inversores. Les impide desperdiciar grandes cantidades de dinero. Este dinero financia la investigaci\u00f3n sobre la demanda del producto. Tambi\u00e9n determina cu\u00e1n saturados est\u00e1n los diferentes sectores.<\/p>\n\n\n\n<p><\/p>\n\n\n\n<!DOCTYPE html>\n<html lang=\"en\">\n<head>\n    <meta charset=\"UTF-8\">\n    <meta name=\"viewport\" content=\"width=device-width, initial-scale=1.0\">\n    <title>AI Blog Banner<\/title>\n    <style>\n        * {\n            margin: 0;\n            padding: 0;\n            box-sizing: border-box;\n        }\n\n        .banner {\n            position: relative;\n            width: 100%;\n            height: 350px;\n            overflow: hidden;\n            display: flex;\n            align-items: center;\n            justify-content: center;\n            font-family: 'Arial', sans-serif;\n            border-radius: 25px;\n        }\n\n        .animated-background {\n            position: absolute;\n            top: 0;\n            left: 0;\n            width: 100%;\n            height: 100%;\n            background: linear-gradient(45deg, #003f6b, #2d5a7b, #003f6b, #2d5a7b);\n            background-size: 400% 400%;\n            animation: gradientMove 8s ease-in-out infinite;\n        }\n\n        .ai-pattern {\n            position: absolute;\n            top: 0;\n            left: 0;\n            width: 100%;\n            height: 100%;\n            opacity: 0.1;\n            background-image: \n                radial-gradient(circle at 20% 20%, rgba(255,255,255,0.3) 2px, transparent 2px),\n                radial-gradient(circle at 80% 80%, rgba(255,255,255,0.2) 1px, transparent 1px),\n                radial-gradient(circle at 40% 60%, rgba(255,255,255,0.15) 1.5px, transparent 1.5px),\n                radial-gradient(circle at 60% 20%, rgba(255,255,255,0.25) 1px, transparent 1px),\n                radial-gradient(circle at 80% 40%, rgba(255,255,255,0.2) 2px, transparent 2px);\n            background-size: 100px 100px, 150px 150px, 80px 80px, 120px 120px, 90px 90px;\n            animation: patternFloat 12s linear infinite;\n        }\n\n        .neural-network {\n            position: absolute;\n            top: 0;\n            left: 0;\n            width: 100%;\n            height: 100%;\n            opacity: 0.08;\n        }\n\n        .neural-line {\n            position: absolute;\n            height: 1px;\n            background: linear-gradient(90deg, transparent, rgba(255,255,255,0.5), transparent);\n            animation: neuralPulse 6s ease-in-out infinite;\n        }\n\n        .neural-line:nth-child(1) {\n            top: 30%;\n            left: 0;\n            width: 60%;\n            animation-delay: 0s;\n        }\n\n        .neural-line:nth-child(2) {\n            top: 50%;\n            right: 0;\n            width: 70%;\n            animation-delay: 2s;\n        }\n\n        .neural-line:nth-child(3) {\n            top: 70%;\n            left: 20%;\n            width: 50%;\n            animation-delay: 4s;\n        }\n\n        .content {\n            position: relative;\n            z-index: 10;\n            text-align: center;\n            color: white !important;\n            max-width: 800px;\n            padding: 30px;\n        }\n\n        .content * {\n            color: white !important;\n        }\n\n        .cta-text {\n            font-size: 1.9rem;\n            font-weight: 700;\n            margin-bottom: 15px;\n            color: white !important;\n            background: linear-gradient(90deg, rgba(255,255,255,0.6), rgba(255,255,255,1), rgba(230,230,230,1), rgba(255,255,255,1), rgba(240,240,240,0.8), rgba(255,255,255,0.6));\n            background-size: 200% 100%;\n            -webkit-background-clip: text;\n            -webkit-text-fill-color: transparent;\n            background-clip: text;\n            animation: shineEffect 10s ease-in-out infinite;\n            line-height: 1.3;\n        }\n\n        .cta-subheading {\n            font-size: 1rem;\n            font-weight: 400;\n            margin-bottom: 25px;\n            color: white !important;\n            line-height: 1.6;\n            opacity: 0.95;\n        }\n\n        .cta-button {\n            background: linear-gradient(135deg, #8a6b0f, #bd9013, #d4a519);\n            border: 2px solid #8a6b0f;\n            color: white !important;\n            padding: 18px 40px;\n            font-size: 1.2rem;\n            font-weight: 600;\n            border-radius: 50px;\n            cursor: pointer;\n            transition: all 0.3s ease;\n            text-decoration: none;\n            display: inline-block;\n            position: relative;\n            overflow: hidden;\n        }\n\n        .cta-button::before {\n            content: '';\n            position: absolute;\n            top: 0;\n            left: -100%;\n            width: 100%;\n            height: 100%;\n            background: linear-gradient(90deg, \n                transparent 0%, \n                rgba(255, 255, 255, 0.3) 25%,\n                rgba(255, 255, 255, 0.6) 50%,\n                rgba(255, 255, 255, 0.3) 75%,\n                transparent 100%);\n            animation: shine 3s ease-in-out infinite;\n        }\n\n        .cta-button:hover {\n            transform: translateY(-3px);\n            box-shadow: 0 10px 25px rgba(0,0,0,0.2);\n            border-color: #bd9013;\n            background: linear-gradient(135deg, #bd9013, #d4a519, #e6b61f);\n        }\n\n        .floating-elements {\n            position: absolute;\n            top: 0;\n            left: 0;\n            width: 100%;\n            height: 100%;\n            pointer-events: none;\n        }\n\n        .floating-circle {\n            position: absolute;\n            border-radius: 50%;\n            background: rgba(255,255,255,0.1);\n            animation: float 8s ease-in-out infinite;\n        }\n\n        .floating-circle:nth-child(1) {\n            width: 80px;\n            height: 80px;\n            top: 20%;\n            left: 10%;\n            animation-delay: 0s;\n        }\n\n        .floating-circle:nth-child(2) {\n            width: 60px;\n            height: 60px;\n            top: 60%;\n            right: 15%;\n            animation-delay: 3s;\n        }\n\n        .floating-circle:nth-child(3) {\n            width: 40px;\n            height: 40px;\n            top: 80%;\n            left: 80%;\n            animation-delay: 6s;\n        }\n\n        .floating-circle:nth-child(4) {\n            width: 70px;\n            height: 70px;\n            top: 10%;\n            right: 20%;\n            animation-delay: 1.5s;\n        }\n\n        .floating-circle:nth-child(5) {\n            width: 50px;\n            height: 50px;\n            top: 75%;\n            left: 30%;\n            animation-delay: 4.5s;\n        }\n\n        @keyframes gradientMove {\n            0% { background-position: 0% 50%; }\n            25% { background-position: 100% 50%; }\n            50% { background-position: 100% 100%; }\n            75% { background-position: 0% 100%; }\n            100% { background-position: 0% 50%; }\n        }\n\n        @keyframes patternFloat {\n            0% { transform: translateX(0) translateY(0); }\n            33% { transform: translateX(30px) translateY(-20px); }\n            66% { transform: translateX(-20px) translateY(10px); }\n            100% { transform: translateX(0) translateY(0); }\n        }\n\n        @keyframes neuralPulse {\n            0%, 100% { opacity: 0.08; }\n            50% { opacity: 0.2; }\n        }\n\n        @keyframes shineEffect {\n            0% { background-position: 200% 0; }\n            100% { background-position: -200% 0; }\n        }\n\n        @keyframes shine {\n            0% {\n                left: -100%;\n            }\n            20%, 100% {\n                left: 100%;\n            }\n        }\n\n        @keyframes float {\n            0%, 100% { transform: translateY(0px) rotate(0deg); }\n            33% { transform: translateY(-30px) rotate(120deg); }\n            66% { transform: translateY(15px) rotate(240deg); }\n        }\n\n        @media (max-width: 768px) {\n            .banner {\n                height: 320px;\n                padding: 30px 0;\n            }\n            \n            .content {\n                padding: 40px 20px;\n            }\n            \n            .cta-text {\n                font-size: 1.3rem;\n                margin-bottom: 12px;\n            }\n            \n            .cta-subheading {\n                font-size: 0.85rem;\n                margin-bottom: 20px;\n            }\n            \n            .cta-button {\n                padding: 14px 28px;\n                font-size: 0.95rem;\n            }\n        }\n    <\/style>\n<\/head>\n<body>\n    <div class=\"banner\">\n        <div class=\"animated-background\"><\/div>\n        \n        <div class=\"ai-pattern\"><\/div>\n        \n        <div class=\"neural-network\">\n            <div class=\"neural-line\"><\/div>\n            <div class=\"neural-line\"><\/div>\n            <div class=\"neural-line\"><\/div>\n        <\/div>\n        \n        <div class=\"floating-elements\">\n            <div class=\"floating-circle\"><\/div>\n            <div class=\"floating-circle\"><\/div>\n            <div class=\"floating-circle\"><\/div>\n            <div class=\"floating-circle\"><\/div>\n            <div class=\"floating-circle\"><\/div>\n        <\/div>\n        \n        <div class=\"content\">\n            <div class=\"cta-text\">Ready to explore the insights that drive smarter decisions?<\/div>\n            <div class=\"cta-subheading\">Contact our Research experts today.<\/div>\n            <a href=\"mailto:Research@sisinternational.com\" class=\"cta-button\">Contact us now!<\/a>\n        <\/div>\n    <\/div>\n<\/body>\n<\/html>\n\n\n\n<p><\/p>\n\n\n\n<h2 class=\"wp-block-heading p3\" id=\"what-types-of-insights-can-laboratory-market-research-uncover\">\u00bfQu\u00e9 tipos de conocimientos puede descubrir la investigaci\u00f3n de mercado de laboratorio?<\/h2>\n\n\n\n<p class=\"p2\">La investigaci\u00f3n de mercado ayuda a proporcionar datos sobre la investigaci\u00f3n realizada sobre nuevos productos. De esta forma, una empresa sabr\u00e1 qu\u00e9 productos cuentan con mayor financiaci\u00f3n para I+D. Tambi\u00e9n pueden obtener informaci\u00f3n sobre tecnolog\u00edas populares utilizadas por los profesionales de laboratorio. Los avances en temas de investigaci\u00f3n espec\u00edficos en este campo tambi\u00e9n proporcionan una base para futuras investigaciones.<\/p>\n\n\n\n<p class=\"p4\">SIS proporciona conocimientos t\u00e9cnicos de laboratorio, con investigaci\u00f3n cuantitativa, cualitativa y estrat\u00e9gica. Tambi\u00e9n proporciona grupos focales y realiza entrevistas y encuestas. Esta investigaci\u00f3n es de gran ayuda para las empresas de este sector. Analiza el mercado, ayudando a estas empresas a encontrar puntos de entrada. Tambi\u00e9n ayuda a las empresas a idear estrategias que les permitan obtener beneficios en este sector.<\/p>\n\n\n<h2>Nuestra ubicaci\u00f3n de instalaciones en Nueva York<\/h2>\n<p><!-- \/wp:post-content --> <!-- wp:html --> <iframe loading=\"lazy\" src=\"https:\/\/www.google.com\/maps\/embed?pb=!1m18!1m12!1m3!1d3022.976188376966!2d-73.99130312499956!3d40.740549471389315!2m3!1f0!2f0!3f0!3m2!1i1024!2i768!4f13.1!3m3!1m2!1s0x89c259a15798c731%3A0xd695d09bdd495f25!2s11%20E%2022nd%20St%20FL%202%2C%20New%20York%2C%20NY%2010010%2C%20USA!5e0!3m2!1sen!2spe!4v1726171763526!5m2!1sen!2spe\" width=\"600\" height=\"450\" allowfullscreen=\"allowfullscreen\" data-mce-fragment=\"1\"><\/iframe> <!-- \/wp:html --> <!-- wp:paragraph --><\/p>\n<h3 class=\"wp-block-heading\">11 E 22nd Street, Piso 2, Nueva York, NY 10010 T: +1(212) 505-6805<\/h3>\n<hr \/>\n<h2><span style=\"font-weight: 400;\">Acerca de SIS Internacional<\/span><\/h2>\n<p><a href=\"https:\/\/www.sisinternational.com\/es\/\"><span style=\"font-weight: 400;\">SIS Internacional<\/span><\/a><span style=\"font-weight: 400;\"> ofrece investigaci\u00f3n cuantitativa, cualitativa y estrat\u00e9gica. Proporcionamos datos, herramientas, estrategias, informes y conocimientos para la toma de decisiones. Tambi\u00e9n realizamos entrevistas, encuestas, grupos focales y otros m\u00e9todos y enfoques de investigaci\u00f3n de mercado.<\/span><a href=\"https:\/\/www.sisinternational.com\/es\/sobre-la-investigacion-internacional-de-sis\/contact-sis-international-market-research\/\"><span style=\"font-weight: 400;\"> P\u00f3ngase en contacto con nosotros<\/span><\/a><span style=\"font-weight: 400;\"> para su pr\u00f3ximo proyecto de Investigaci\u00f3n de Mercado.<\/span><\/p>\n<p><!-- wp:heading --><\/p>\n<h2 id=\"about-sis-international\" class=\"wp-block-heading\">\u00a0<\/h2>\n\n<!-- wp:paragraph -->\n<p><\/p>\n<!-- \/wp:paragraph --><!-- \/wp:heading -->","protected":false},"excerpt":{"rendered":"<p>La investigaci\u00f3n de mercado de laboratorio ayuda a crecer a las nuevas empresas de tecnolog\u00eda biol\u00f3gica y m\u00e9dica al proporcionar informaci\u00f3n sobre los impulsores del mercado y garantizar el \u00e9xito de nuevos productos.<\/p>","protected":false},"author":1,"featured_media":64813,"parent":11294,"menu_order":75,"comment_status":"closed","ping_status":"closed","template":"","meta":{"footnotes":""},"class_list":["post-38696","page","type-page","status-publish","has-post-thumbnail"],"_links":{"self":[{"href":"https:\/\/www.sisinternational.com\/es\/wp-json\/wp\/v2\/pages\/38696","targetHints":{"allow":["GET"]}}],"collection":[{"href":"https:\/\/www.sisinternational.com\/es\/wp-json\/wp\/v2\/pages"}],"about":[{"href":"https:\/\/www.sisinternational.com\/es\/wp-json\/wp\/v2\/types\/page"}],"author":[{"embeddable":true,"href":"https:\/\/www.sisinternational.com\/es\/wp-json\/wp\/v2\/users\/1"}],"replies":[{"embeddable":true,"href":"https:\/\/www.sisinternational.com\/es\/wp-json\/wp\/v2\/comments?post=38696"}],"version-history":[{"count":9,"href":"https:\/\/www.sisinternational.com\/es\/wp-json\/wp\/v2\/pages\/38696\/revisions"}],"predecessor-version":[{"id":78858,"href":"https:\/\/www.sisinternational.com\/es\/wp-json\/wp\/v2\/pages\/38696\/revisions\/78858"}],"up":[{"embeddable":true,"href":"https:\/\/www.sisinternational.com\/es\/wp-json\/wp\/v2\/pages\/11294"}],"wp:featuredmedia":[{"embeddable":true,"href":"https:\/\/www.sisinternational.com\/es\/wp-json\/wp\/v2\/media\/64813"}],"wp:attachment":[{"href":"https:\/\/www.sisinternational.com\/es\/wp-json\/wp\/v2\/media?parent=38696"}],"curies":[{"name":"wp","href":"https:\/\/api.w.org\/{rel}","templated":true}]}}