{"id":38686,"date":"2021-09-06T03:38:41","date_gmt":"2021-09-06T03:38:41","guid":{"rendered":"https:\/\/www.sisinternational.com\/?page_id=38686"},"modified":"2025-09-15T00:32:35","modified_gmt":"2025-09-15T04:32:35","slug":"investigacion-de-mercado-de-metales-de-tierras-raras","status":"publish","type":"page","link":"https:\/\/www.sisinternational.com\/es\/pericia\/investigacion-de-mercado-de-metales-de-tierras-raras\/","title":{"rendered":"Investigaci\u00f3n de mercado de metales de tierras raras"},"content":{"rendered":"<h1 class=\"wp-block-heading\">Investigaci\u00f3n de mercado de metales de tierras raras<\/h1>\n\n\n\n<figure class=\"gb-block-image gb-block-image-aade0851\"><img loading=\"lazy\" decoding=\"async\" width=\"1456\" height=\"816\" class=\"gb-image gb-image-aade0851\" src=\"https:\/\/www.sisinternational.com\/wp-content\/uploads\/2025\/09\/Rare-earth-metal-5.jpg\" alt=\"Investigaci\u00f3n y estrategia de mercado internacional de SIS\" title=\"Rare earth metal 5\" srcset=\"https:\/\/www.sisinternational.com\/wp-content\/uploads\/2025\/09\/Rare-earth-metal-5.jpg 1456w, https:\/\/www.sisinternational.com\/wp-content\/uploads\/2025\/09\/Rare-earth-metal-5-300x168.jpg 300w, https:\/\/www.sisinternational.com\/wp-content\/uploads\/2025\/09\/Rare-earth-metal-5-1024x574.jpg 1024w, https:\/\/www.sisinternational.com\/wp-content\/uploads\/2025\/09\/Rare-earth-metal-5-768x430.jpg 768w, https:\/\/www.sisinternational.com\/wp-content\/uploads\/2025\/09\/Rare-earth-metal-5-18x10.jpg 18w\" sizes=\"auto, (max-width: 1456px) 100vw, 1456px\"><\/figure>\n\n\n\n<p><\/p>\n\n\n\n<h2 class=\"wp-block-heading p2\">\u00bfQu\u00e9 son los metales de tierras raras?<\/h2>\n\n\n\n<p class=\"p3\">Los metales de tierras raras forman parte de la tabla peri\u00f3dica de elementos. Las tierras raras son un metal plateado que se encuentra en peque\u00f1as bolsas incrustadas en rocas duras. Hay diecisiete elementos diferentes:<\/p>\n\n\n\n<ul class=\"wp-block-list\">\n<li>Neodimio<\/li>\n\n\n\n<li>Samario<\/li>\n\n\n\n<li>Cerio<\/li>\n\n\n\n<li>Erbio<\/li>\n\n\n\n<li>disprosio<\/li>\n\n\n\n<li>Holmio<\/li>\n\n\n\n<li>Praseodimio<\/li>\n\n\n\n<li>lutecio<\/li>\n\n\n\n<li>Gadolinio<\/li>\n\n\n\n<li>Lantano<\/li>\n\n\n\n<li>europio<\/li>\n\n\n\n<li>Terbio<\/li>\n\n\n\n<li>Iterbio<\/li>\n\n\n\n<li>Tulio<\/li>\n\n\n\n<li>Itrio<\/li>\n\n\n\n<li>Prometeo<\/li>\n\n\n\n<li>Escandio<\/li>\n<\/ul>\n\n\n\n<p class=\"p3\">El m\u00e1s conocido de todos es el neodimio porque es un elemento magn\u00e9tico fuerte. El neodimio tiene muchos usos, desde generadores de turbinas e\u00f3licas hasta motores el\u00e9ctricos. La industria musical lo combina con el samario para fabricar parlantes y auriculares.<\/p>\n\n\n\n<p class=\"p3\">Los otros diecis\u00e9is elementos son \u00fatiles para discos duros y l\u00e1seres. Los fabricantes tambi\u00e9n los utilizan para transductores y equipos de monitoreo de desastres naturales.<\/p>\n\n\n\n<h2 class=\"wp-block-heading p2\">\u00bfPor qu\u00e9 son importantes los metales y minerales raros?<\/h2>\n\n\n\n<p class=\"p3\">Los metales y minerales raros son esenciales porque toda la vida humana depende de ellos. Los minerales de tierras raras se encuentran en todo lo que necesitamos en nuestra vida diaria, como tel\u00e9fonos y televisores. Tambi\u00e9n se encuentran en bater\u00edas de coches el\u00e9ctricos y paneles solares.<\/p>\n\n\n\n<p class=\"p3\">From wind power to medical imaging tools, these rare earth metals are helpful so we cannot afford to run out of them because the lack of these minerals can put the <a href=\"https:\/\/www.sisinternational.com\/es\/soluciones\/investigacion-de-mercado-de-ia-y-consultoria-estrategica\/salud-bienestar-automatizacion-inteligencia-artificial-consultoria\/\" title=\"Consultor\u00eda en IA y automatizaci\u00f3n de salud y bienestar\"  data-wpil-monitor-id=\"7688\">health and wellness<\/a> of our people at risk.<\/p>\n\n\n\n<p class=\"p3\"><a href=\"https:\/\/www.sisinternational.com\/es\/pericia\/industrias\/pruebas-de-investigacion-sobre-el-cuidado-de-la-piel\/\" title=\"Investigaci\u00f3n y pruebas sobre el cuidado de la piel\"  data-wpil-monitor-id=\"7685\">Skin cancer care<\/a> medication and lighters all need this type of metal to be effective. Altogether, they make up crucial bits of our LCD screens, smartphones, and laptops. Many of our devices need rare earth metals to operate.<\/p>\n\n\n\n<p class=\"p3\">Also known as Rare Earth Minerals, these metals are essential for technological growth. Yet, they are running out. Therefore, we must sparingly use these metals as means of saving our tech future.<\/p>\n\n\n\n<h2 class=\"wp-block-heading p2\">Tomadores de decisiones en la industria<\/h2>\n\n\n\n<p class=\"p3\">China es el pa\u00eds que toma decisiones m\u00e1s prominentes en la industria de los metales de tierras raras porque m\u00e1s del 80 por ciento de todos los metales raros del planeta se encuentran en China. Ese pa\u00eds ha almacenado tierras raras que tienen poca demanda. Otros grandes productores son Estados Unidos, Myanmar, Australia, Madagascar, India, Rusia y Tailandia.<\/p>\n\n\n\n<h2 class=\"wp-block-heading p2\">Oportunidades y desaf\u00edos<\/h2>\n\n\n\n<p class=\"p3\">Los metales de tierras raras se encuentran en la zona roja. Pronto, es posible que dejen de existir porque habr\u00e1 una mayor demanda de ellos. Al a\u00f1o se utilizan m\u00e1s de 130.000 toneladas de metales de tierras raras, una cantidad considerable. Estamos quemando el suministro. Extraer metales tan r\u00e1pido como los necesitamos est\u00e1 destruyendo el medio ambiente de China.<\/p>\n\n\n\n<p class=\"p3\">Fixing this problem is not as easy as mining elsewhere, which is another story. For example, experts recently come into contact with rare earth minerals on their seabed. It is up to 30 times more concentrated than China\u2019s supply. Japan has a store that will last up to 230 years.<\/p>\n\n\n\n<p class=\"p3\">El problema de este descubrimiento es recuperarlo de donde est\u00e1. Este suministro se encuentra en el oc\u00e9ano, a unos 5800 metros de profundidad. No ha habido ninguna operaci\u00f3n minera exitosa a m\u00e1s de 5.000 metros bajo el mar. Ah\u00ed es donde entran las nuevas tecnolog\u00edas en miner\u00eda.<\/p>\n\n\n\n<h2 class=\"wp-block-heading p2\">Nuevas tecnolog\u00edas en la miner\u00eda de metales de tierras raras<\/h2>\n\n\n\n<figure class=\"gb-block-image gb-block-image-dd59637f\"><img loading=\"lazy\" decoding=\"async\" width=\"1456\" height=\"816\" class=\"gb-image gb-image-dd59637f\" src=\"https:\/\/www.sisinternational.com\/wp-content\/uploads\/2025\/09\/rare-earth-metal-2.jpg\" alt=\"Investigaci\u00f3n y estrategia de mercado internacional de SIS\" title=\"rare earth metal (2)\" srcset=\"https:\/\/www.sisinternational.com\/wp-content\/uploads\/2025\/09\/rare-earth-metal-2.jpg 1456w, https:\/\/www.sisinternational.com\/wp-content\/uploads\/2025\/09\/rare-earth-metal-2-300x168.jpg 300w, https:\/\/www.sisinternational.com\/wp-content\/uploads\/2025\/09\/rare-earth-metal-2-1024x574.jpg 1024w, https:\/\/www.sisinternational.com\/wp-content\/uploads\/2025\/09\/rare-earth-metal-2-768x430.jpg 768w, https:\/\/www.sisinternational.com\/wp-content\/uploads\/2025\/09\/rare-earth-metal-2-18x10.jpg 18w\" sizes=\"auto, (max-width: 1456px) 100vw, 1456px\"><\/figure>\n\n\n\n<p><\/p>\n\n\n\n<p class=\"p3\">China uses the conventional open-pit method in the mining of rare-earth metals. Some other countries also use this method of blowing up the large rocks to get the minerals within. There is a demand for a new way of retrieving these minerals, mainly due to the Japanese underwater crisis.<\/p>\n\n\n\n<h2 class=\"wp-block-heading p2\">Importancia de la investigaci\u00f3n de mercado de metales de tierras raras<\/h2>\n\n\n\n<p class=\"p3\"><a href=\"https:\/\/www.sisinternational.com\/es\/pericia\/industrias\/investigacion-de-mercado-de-enfermedades-raras\/\" title=\"Investigaci\u00f3n de mercado de enfermedades raras\"  data-wpil-monitor-id=\"7687\">Research on Rare<\/a> Earth Metals is a smart move for companies that want to invest in this area. We organize Quantitative, Qualitative, and Strategy Research. We also bring in <a href=\"https:\/\/www.sisinternational.com\/es\/soluciones\/grupos-de-enfoque\/focus-group-on-personal-care-products\/\" title=\"Focus Group on Personal Care Products\"  data-wpil-monitor-id=\"7684\">Grupos de discusi\u00f3n<\/a> to help us know the public\u2019s opinion and concerns about the product. It also helps us get an idea of the things we can improve. We <a href=\"https:\/\/www.sisinternational.com\/es\/how-to-conduct-in-depth-interviews-for-market-insights\/\" title=\"C\u00f3mo realizar entrevistas exhaustivas para obtener informaci\u00f3n sobre el mercado\"  data-wpil-monitor-id=\"7689\">conduct Surveys and Interviews<\/a> as well.<\/p>\n\n\n\n<p class=\"p4\">Connecting to decision-makers in the Rare Earth Metal industry is a huge <a href=\"https:\/\/www.sisinternational.com\/es\/cobertura\/investigacion-de-mercado-oriente-medio\/investment-opportunities-in-neom-real-estate\/\" title=\"Investment Opportunities in NEOM Real Estate\"  data-wpil-monitor-id=\"7686\">opportunity because companies can profit by investing<\/a> money (for example, into the Japan mineral rescue development). The resources of this project can be a worldwide win while being profitable to your company.<\/p>\n\n\n\n<p><\/p>","protected":false},"excerpt":{"rendered":"<p>La investigaci\u00f3n de mercado de metales de tierras raras es una inversi\u00f3n inteligente. SIS utiliza varios m\u00e9todos de investigaci\u00f3n, incluidos grupos focales, encuestas y entrevistas.<\/p>","protected":false},"author":1,"featured_media":68824,"parent":14514,"menu_order":74,"comment_status":"closed","ping_status":"closed","template":"","meta":{"footnotes":""},"class_list":["post-38686","page","type-page","status-publish","has-post-thumbnail"],"_links":{"self":[{"href":"https:\/\/www.sisinternational.com\/es\/wp-json\/wp\/v2\/pages\/38686","targetHints":{"allow":["GET"]}}],"collection":[{"href":"https:\/\/www.sisinternational.com\/es\/wp-json\/wp\/v2\/pages"}],"about":[{"href":"https:\/\/www.sisinternational.com\/es\/wp-json\/wp\/v2\/types\/page"}],"author":[{"embeddable":true,"href":"https:\/\/www.sisinternational.com\/es\/wp-json\/wp\/v2\/users\/1"}],"replies":[{"embeddable":true,"href":"https:\/\/www.sisinternational.com\/es\/wp-json\/wp\/v2\/comments?post=38686"}],"version-history":[{"count":4,"href":"https:\/\/www.sisinternational.com\/es\/wp-json\/wp\/v2\/pages\/38686\/revisions"}],"predecessor-version":[{"id":81296,"href":"https:\/\/www.sisinternational.com\/es\/wp-json\/wp\/v2\/pages\/38686\/revisions\/81296"}],"up":[{"embeddable":true,"href":"https:\/\/www.sisinternational.com\/es\/wp-json\/wp\/v2\/pages\/14514"}],"wp:featuredmedia":[{"embeddable":true,"href":"https:\/\/www.sisinternational.com\/es\/wp-json\/wp\/v2\/media\/68824"}],"wp:attachment":[{"href":"https:\/\/www.sisinternational.com\/es\/wp-json\/wp\/v2\/media?parent=38686"}],"curies":[{"name":"wp","href":"https:\/\/api.w.org\/{rel}","templated":true}]}}