{"id":38495,"date":"2021-08-20T17:55:35","date_gmt":"2021-08-20T17:55:35","guid":{"rendered":"https:\/\/www.sisinternational.com\/?page_id=38495"},"modified":"2026-01-26T16:47:55","modified_gmt":"2026-01-26T21:47:55","slug":"investigacion-de-mercado-de-venezuela","status":"publish","type":"page","link":"https:\/\/www.sisinternational.com\/es\/cobertura\/latin-america\/investigacion-de-mercado-de-america-latina\/investigacion-de-mercado-de-venezuela\/","title":{"rendered":"Investigaci\u00f3n de Mercado Venezuela"},"content":{"rendered":"<h1 class=\"wp-block-heading\">Investigaci\u00f3n de Mercado Venezuela<\/h1>\n\n\n\n<figure class=\"gb-block-image gb-block-image-8d7b827f\"><img loading=\"lazy\" decoding=\"async\" width=\"1456\" height=\"816\" class=\"gb-image gb-image-8d7b827f\" src=\"https:\/\/www.sisinternational.com\/wp-content\/uploads\/2025\/09\/Venezuela-5.jpg\" alt=\"Investigaci\u00f3n y estrategia de mercado internacional de SIS\" title=\"Venezuela (5)\" srcset=\"https:\/\/www.sisinternational.com\/wp-content\/uploads\/2025\/09\/Venezuela-5.jpg 1456w, https:\/\/www.sisinternational.com\/wp-content\/uploads\/2025\/09\/Venezuela-5-300x168.jpg 300w, https:\/\/www.sisinternational.com\/wp-content\/uploads\/2025\/09\/Venezuela-5-1024x574.jpg 1024w, https:\/\/www.sisinternational.com\/wp-content\/uploads\/2025\/09\/Venezuela-5-768x430.jpg 768w, https:\/\/www.sisinternational.com\/wp-content\/uploads\/2025\/09\/Venezuela-5-18x10.jpg 18w\" sizes=\"auto, (max-width: 1456px) 100vw, 1456px\"><\/figure>\n\n\n\n<p><\/p>\n\n\n\n<h2 class=\"wp-block-heading\">Venezuela es un atractivo puerto de escala.<\/h2>\n\n\n\n<p>Es uno de los pa\u00edses m\u00e1s grandes del mundo, con alrededor de 32 millones de habitantes. Tiene una superficie de 350.000 millas cuadradas y es l\u00edder en cuanto a paisajes y riqueza cultural. Cuenta con impresionantes cascadas, pastizales, densos bosques tropicales y playas v\u00edrgenes.<\/p>\n\n\n\n<p>To this day, the culture of the land still reflects the customs of the past. There\u2019s also a hint of the old Spanish along with it. It borders countries such as <a class=\"wpil_keyword_link\" href=\"https:\/\/www.sisinternational.com\/es\/cobertura\/las-americas\/investigacion-de-mercado-de-america-latina\/investigacion-de-mercado-en-guyana\/\"   title=\"Investigaci\u00f3n de mercado en Guyana\" data-wpil-keyword-link=\"linked\"  data-wpil-monitor-id=\"420\">Guayana<\/a>, Colombia, and Brazil. <a href=\"https:\/\/www.sisinternational.com\/es\/cobertura\/las-americas\/investigacion-de-mercado-en-el-caribe\/investigacion-de-mercado-trinidad-tabago\/\" title=\"Investigaci\u00f3n de Mercado en Trinidad y Tobago\"  data-wpil-monitor-id=\"6204\">Trinidad &amp; Tobago<\/a> is also close by. Other island neighbors include Grenada, Curacao, and Aruba.<\/p>\n\n\n\n<p>Venezuela alberga las mayores reservas de petr\u00f3leo del planeta. Es el principal exportador de petr\u00f3leo del mundo. Tambi\u00e9n se encuentra entre los ocho principales proveedores de gas natural a nivel mundial. Su sociedad depende en gran medida de las exportaciones de petr\u00f3leo, lo que le da la posici\u00f3n que tiene en el mercado mundial. Las exportaciones de petr\u00f3leo constituyen la mayor parte de los ingresos por exportaciones del pa\u00eds. La tierra tambi\u00e9n contiene otros recursos naturales como hierro, oro, diamantes y otros minerales. A pesar de contar con estos recursos, el pa\u00eds todav\u00eda tiene muchos problemas.<\/p>\n\n\n\n<h2 class=\"wp-block-heading\">Barrios<\/h2>\n\n\n\n<p>Caracas es la capital y ciudad m\u00e1s grande con m\u00e1s de 4 millones de habitantes. Tambi\u00e9n es el centro de salud, educaci\u00f3n, gobierno y manufactura. Caracas tambi\u00e9n tiene una gran industria de servicios.<\/p>\n\n\n\n<p>Maracaibo es la segunda ciudad m\u00e1s grande con alrededor de 3 millones de habitantes y el puerto mar\u00edtimo m\u00e1s grande. Esta ciudad es el n\u00facleo de la industria petrolera y lo ha sido durante varios a\u00f1os.<\/p>\n\n\n\n<p>Valencia City is the primary link between the west terrain and the rest of the country.&nbsp;It also&nbsp;has&nbsp;some of the most fertile lands. It is well known for cattle breeding and growing several crops.<\/p>\n\n\n\n<h2 class=\"wp-block-heading\">Industrias clave<\/h2>\n\n\n\n<p>La agricultura es una industria clave. Los principales cultivos producidos son ca\u00f1a de az\u00facar, arroz, ma\u00edz y sorgo. El sector petroqu\u00edmico tambi\u00e9n est\u00e1 creciendo r\u00e1pidamente.<\/p>\n\n\n\n<p>In addition, there are the gold mining, oil, manufacturing, plastics, and pharmaceuticals industries. The country also produces steel, tobacco products, paper, and textiles.&nbsp;Still other products include cement, food, woven goods, rope, drinks, and soaps.<\/p>\n\n\n\n<p>There are large tracts of untouched arable land and vast bodies of water.&nbsp;Moreover, the country has rich sources of iron ore, gold, natural gas, and various minerals.<\/p>\n\n\n\n<p>There are also plans to revive the production of coffee and cocoa for export. Currently, exports include corn, soybeans, wheat, cotton, and cooking oils.&nbsp;Furthermore, rice, fish, fruits, pork, beef, and coffee are also in demand. The country\u2019s main export partners&nbsp;are China, Brazil, Colombia, Mexico, and the United States.<\/p>\n\n\n\n<h2 class=\"wp-block-heading\">Tendencias<\/h2>\n\n\n\n<p>Los venezolanos est\u00e1n muy alfabetizados. Como resultado, el pa\u00eds cuenta con una fuerza laboral calificada. A\u00fan as\u00ed, existe una amplia brecha de ingresos entre sus ciudadanos. Esta brecha deja a casi todos los locales por debajo del umbral de pobreza. Los lugare\u00f1os no pueden permitirse el lujo de comprar suministros b\u00e1sicos. El pa\u00eds tiene barrios elegantes. Pero tambi\u00e9n tiene decenas de chabolas para las personas que viven en la pobreza.<\/p>\n\n\n\n<p>A pesar de estos desaf\u00edos sociales, este pa\u00eds es muy prometedor. Por ejemplo, los inversores pueden considerar invertir su dinero en la producci\u00f3n de petr\u00f3leo, que es una industria en crecimiento. Las exportaciones tambi\u00e9n siguen creciendo.<\/p>\n\n\n\n<h2 class=\"wp-block-heading\">Base de consumidores<\/h2>\n\n\n\n<p>Un porcentaje muy elevado de ciudadanos vive en ciudades. M\u00e1s de una cuarta parte de la poblaci\u00f3n tiene menos de 15 a\u00f1os. M\u00e1s de la mitad tiene entre 15 y 65 a\u00f1os. El ciudadano medio carece de art\u00edculos esenciales como art\u00edculos de tocador, harina y leche. Muchos ciudadanos tampoco tienen acceso al agua potable. Los precios se han disparado y se espera que aumenten a\u00fan m\u00e1s.<\/p>\n\n\n\n<p>A\u00fan as\u00ed, este pa\u00eds tiene un mercado de casi 30 millones. Existe un gran potencial para formar empresas conjuntas locales. Aunque existe potencial, tenga en cuenta que la gente no puede permitirse los precios fijados por los propietarios de empresas locales. La mayor\u00eda de las tiendas de comestibles tienen estantes vac\u00edos debido a la escasez de alimentos y suministros b\u00e1sicos.<\/p>\n\n\n\n<h2 class=\"wp-block-heading\">Razones para hacer crecer su negocio en Venezuela<\/h2>\n\n\n\n<p>Hay varias razones para hacer crecer su negocio en este estado. Por un lado, est\u00e1 su ubicaci\u00f3n. Venezuela es de f\u00e1cil acceso a trav\u00e9s del Caribe. Tambi\u00e9n tiene muchas otras puertas de entrada.<\/p>\n\n\n\n<p>Adem\u00e1s, los costos de hacer negocios son bajos. La fuerza laboral es otro incentivo, ya que la gente est\u00e1 dispuesta a trabajar para poder cubrir sus necesidades b\u00e1sicas. Por tanto, la mano de obra es barata.<\/p>\n\n\n\n<p>Adem\u00e1s, las exportaciones de petr\u00f3leo siguen mejorando a pesar de algunos reveses menores. Las reservas de arenas bituminosas, bitumen y petr\u00f3leo crudo son buenas opciones para explorar. El mercado de la energ\u00eda est\u00e1 creciendo, pero es necesario mejorar el sector de productos no petroleros. A pesar de los desaf\u00edos, los viajes, el turismo, la agricultura, el suministro de alimentos y la tecnolog\u00eda de la informaci\u00f3n son apuestas excelentes para los inversores.<\/p>\n\n\n\n<h2 class=\"wp-block-heading\">Acerca de la Investigaci\u00f3n de Mercados en Venezuela<\/h2>\n\n\n\n<p>\u00bfEst\u00e1 interesado en hacer negocios en Venezuela? La investigaci\u00f3n muestra varios<br>Los sectores son excelentes para la inversi\u00f3n. Ofrecemos investigaci\u00f3n cuantitativa y cualitativa sobre industrias en ascenso. Tambi\u00e9n proporcionamos investigaci\u00f3n estrat\u00e9gica. Adem\u00e1s, podemos implementar Focus Groups para probar su mercado. Tambi\u00e9n podemos ayudarlo a mejorar su juego realizando encuestas y entrevistas.<\/p>\n\n\n\n<p><a href=\"https:\/\/www.sisinternational.com\/es\/sobre-la-investigacion-internacional-de-sis\/contact-sis-international-market-research\/\">Cont\u00e1ctenos hoy para ver c\u00f3mo podemos ayudarlo.<\/a><\/p>\n\n\n\n<p><\/p>\n\n\n\n<h2 class=\"wp-block-heading\">&nbsp;<\/h2>","protected":false},"excerpt":{"rendered":"<p>Descubra c\u00f3mo hacer crecer su negocio con Venezuela Market Research.<\/p>","protected":false},"author":1,"featured_media":66384,"parent":14351,"menu_order":18,"comment_status":"closed","ping_status":"closed","template":"","meta":{"footnotes":""},"class_list":["post-38495","page","type-page","status-publish","has-post-thumbnail"],"_links":{"self":[{"href":"https:\/\/www.sisinternational.com\/es\/wp-json\/wp\/v2\/pages\/38495","targetHints":{"allow":["GET"]}}],"collection":[{"href":"https:\/\/www.sisinternational.com\/es\/wp-json\/wp\/v2\/pages"}],"about":[{"href":"https:\/\/www.sisinternational.com\/es\/wp-json\/wp\/v2\/types\/page"}],"author":[{"embeddable":true,"href":"https:\/\/www.sisinternational.com\/es\/wp-json\/wp\/v2\/users\/1"}],"replies":[{"embeddable":true,"href":"https:\/\/www.sisinternational.com\/es\/wp-json\/wp\/v2\/comments?post=38495"}],"version-history":[{"count":7,"href":"https:\/\/www.sisinternational.com\/es\/wp-json\/wp\/v2\/pages\/38495\/revisions"}],"predecessor-version":[{"id":79791,"href":"https:\/\/www.sisinternational.com\/es\/wp-json\/wp\/v2\/pages\/38495\/revisions\/79791"}],"up":[{"embeddable":true,"href":"https:\/\/www.sisinternational.com\/es\/wp-json\/wp\/v2\/pages\/14351"}],"wp:featuredmedia":[{"embeddable":true,"href":"https:\/\/www.sisinternational.com\/es\/wp-json\/wp\/v2\/media\/66384"}],"wp:attachment":[{"href":"https:\/\/www.sisinternational.com\/es\/wp-json\/wp\/v2\/media?parent=38495"}],"curies":[{"name":"wp","href":"https:\/\/api.w.org\/{rel}","templated":true}]}}