{"id":38487,"date":"2021-08-20T16:35:39","date_gmt":"2021-08-20T16:35:39","guid":{"rendered":"https:\/\/www.sisinternational.com\/?page_id=38487"},"modified":"2025-09-15T01:27:24","modified_gmt":"2025-09-15T05:27:24","slug":"investigacion-de-mercado-uruguay","status":"publish","type":"page","link":"https:\/\/www.sisinternational.com\/es\/cobertura\/latin-america\/investigacion-de-mercado-de-america-latina\/investigacion-de-mercado-uruguay\/","title":{"rendered":"Investigaci\u00f3n de Mercado en Uruguay"},"content":{"rendered":"<h1 class=\"wp-block-heading\">Investigaci\u00f3n de Mercado en Uruguay<\/h1>\n\n\n\n<figure class=\"gb-block-image gb-block-image-4afdc781\"><img loading=\"lazy\" decoding=\"async\" width=\"1456\" height=\"816\" class=\"gb-image gb-image-4afdc781\" src=\"https:\/\/www.sisinternational.com\/wp-content\/uploads\/2025\/09\/Uruguay-1.jpg\" alt=\"Investigaci\u00f3n y estrategia de mercado internacional de SIS\" title=\"Uruguay (1)\" srcset=\"https:\/\/www.sisinternational.com\/wp-content\/uploads\/2025\/09\/Uruguay-1.jpg 1456w, https:\/\/www.sisinternational.com\/wp-content\/uploads\/2025\/09\/Uruguay-1-300x168.jpg 300w, https:\/\/www.sisinternational.com\/wp-content\/uploads\/2025\/09\/Uruguay-1-1024x574.jpg 1024w, https:\/\/www.sisinternational.com\/wp-content\/uploads\/2025\/09\/Uruguay-1-768x430.jpg 768w, https:\/\/www.sisinternational.com\/wp-content\/uploads\/2025\/09\/Uruguay-1-18x10.jpg 18w\" sizes=\"auto, (max-width: 1456px) 100vw, 1456px\"><\/figure>\n\n\n\n<p><\/p>\n\n\n\n<h2 class=\"wp-block-heading\">Uruguay es peque\u00f1o. De hecho, es uno de los pa\u00edses m\u00e1s peque\u00f1os de Latinoam\u00e9rica.<\/h2>\n\n\n\n<p>El \u00e1rea es de 68.000 millas cuadradas y s\u00f3lo viven all\u00ed cuatro millones de personas. El pa\u00eds se encuentra entre Brasil y Argentina. Hay colinas bajas y hermosas zonas costeras. La regi\u00f3n central alberga grandes estancias ganaderas. Los pastos verdes proporcionan buenos pastos para la cr\u00eda de ganado vacuno y ovino.<\/p>\n\n\n\n<h2 class=\"wp-block-heading\">Barrios<\/h2>\n\n\n\n<p>Uruguay has three main cities. The capital, Montevideo, is an active, colorful coastal area. An old-world charm blends with the modern. In addition, the <a href=\"https:\/\/www.sisinternational.com\/es\/soluciones\/soluciones-de-investigacion-cualitativa-cuantitativa\/pruebas-en-ubicaciones-centrales-de-la-ciudad-de-nueva-york\/\" title=\"Pruebas en ubicaciones centrales de la ciudad de Nueva York: beneficios para las pruebas de productos\"  data-wpil-monitor-id=\"7811\">city is the central<\/a> cultural hub. It has several museums and old churches, which are popular with tourists. Several plazas, piers, restaurants, and green spaces offer shopping, dining, and other fun options.<\/p>\n\n\n\n<p>Salto es m\u00e1s peque\u00f1o que la capital. Es una zona tur\u00edstica con mucho que ver. Salto cuenta con balnearios, campamentos, restaurantes, tiendas y puestos de vendedores. Tambi\u00e9n cuenta con varios vi\u00f1edos, campos de tomates, c\u00edtricos, ma\u00edz, trigo y lino. Adem\u00e1s, los agricultores locales cultivan fresas, semillas de girasol, ma\u00edz y trigo.<\/p>\n\n\n\n<p>Otra ciudad importante es Paysand\u00fa, que es una zona industrial muy transitada. Esta ciudad cuenta con molinos harineros y textiles, cervecer\u00edas, curtidur\u00edas y plantas procesadoras de carne.<\/p>\n\n\n\n<h2 class=\"wp-block-heading\">Tendencias<\/h2>\n\n\n\n<figure class=\"gb-block-image gb-block-image-c7e350aa\"><img loading=\"lazy\" decoding=\"async\" width=\"1456\" height=\"816\" class=\"gb-image gb-image-c7e350aa\" src=\"https:\/\/www.sisinternational.com\/wp-content\/uploads\/2025\/09\/Uruguay-2.jpg\" alt=\"Investigaci\u00f3n y estrategia de mercado internacional de SIS\" title=\"Uruguay (2)\" srcset=\"https:\/\/www.sisinternational.com\/wp-content\/uploads\/2025\/09\/Uruguay-2.jpg 1456w, https:\/\/www.sisinternational.com\/wp-content\/uploads\/2025\/09\/Uruguay-2-300x168.jpg 300w, https:\/\/www.sisinternational.com\/wp-content\/uploads\/2025\/09\/Uruguay-2-1024x574.jpg 1024w, https:\/\/www.sisinternational.com\/wp-content\/uploads\/2025\/09\/Uruguay-2-768x430.jpg 768w, https:\/\/www.sisinternational.com\/wp-content\/uploads\/2025\/09\/Uruguay-2-18x10.jpg 18w\" sizes=\"auto, (max-width: 1456px) 100vw, 1456px\"><\/figure>\n\n\n\n<p><\/p>\n\n\n\n<p>Uruguay tiene una fuerza laboral bien educada y un buen sistema de salud. Aproximadamente dos tercios de la fuerza laboral est\u00e1n en el sector de servicios. A\u00fan as\u00ed, muchas personas est\u00e1n sin trabajo debido a la baja llegada de turistas y la ca\u00edda de las exportaciones. Otra tendencia preocupante es que los ciudadanos abandonan el pa\u00eds en masa.<\/p>\n\n\n\n<p>Adem\u00e1s, la baja tasa de natalidad significa que la poblaci\u00f3n est\u00e1 envejeciendo. La edad media es de 35,8 a\u00f1os y una cuarta parte de la poblaci\u00f3n tiene entre 15 y 29 a\u00f1os. Adem\u00e1s, se demanda mano de obra joven y cualificada. A pesar de estos problemas, el gasto personal est\u00e1 aumentando, lo cual es una buena noticia para cualquiera que quiera hacer negocios all\u00ed.<\/p>\n\n\n\n<h2 class=\"wp-block-heading\">Industrias clave<\/h2>\n\n\n\n<p>Uruguay se encuentra entre los principales productores de vino de Latinoam\u00e9rica. Tambi\u00e9n destacan las exportaciones de carne vacuna alimentada con pasto, que siguen aumentando. Asimismo, est\u00e1n prosperando las exportaciones de pesca, silvicultura, procesamiento de carne, topacio y amatista.<\/p>\n\n\n\n<p>Las industrias de art\u00edculos de cuero de lujo y curtidos est\u00e1n maduras para la inversi\u00f3n. Tambi\u00e9n son viables la cr\u00eda de ganado vacuno y ovino, los cultivos de frutas, c\u00edtricos, ma\u00edz y arroz. Adem\u00e1s, la soja, la carne enlatada, los productos l\u00e1cteos, el pescado, la celulosa, el arroz y el trigo son exportaciones clave.<\/p>\n\n\n\n<p>Los principales socios exportadores de Uruguay son:<\/p>\n\n\n\n<ul class=\"wp-block-list\">\n<li>Los Estados unidos<\/li>\n\n\n\n<li>Argentina<\/li>\n\n\n\n<li>Los Estados Unidos<\/li>\n\n\n\n<li>Brasil<\/li>\n<\/ul>\n\n\n\n<h2 class=\"wp-block-heading\">Base de consumidores<\/h2>\n\n\n\n<p>Uruguay tiene un alto nivel de vida y libertades sociales. La mayor\u00eda de la gente vive en zonas urbanas. Hay espacio para desarrollar negocios en las zonas centrales y rurales.<\/p>\n\n\n\n<p>Los art\u00edculos locales populares son bocadillos, puros, tabaco, dulces, vino, sidra y cerveza. El gasto personal sigue aumentando despu\u00e9s de una ca\u00edda inicial. As\u00ed, las cosas est\u00e1n mejorando en varias \u00e1reas de negocio.<\/p>\n\n\n\n<p>Las principales importaciones incluyen piezas de veh\u00edculos, petr\u00f3leo crudo y refinado y veh\u00edculos de pasajeros. Los tel\u00e9fonos m\u00f3viles y los insecticidas tambi\u00e9n ocupan un lugar destacado en la lista.<\/p>\n\n\n\n<p>En la actualidad, existe la necesidad de ampliar las aguas residuales y gestionar el medio ambiente. El pa\u00eds tambi\u00e9n necesita ayuda con sus industrias de construcci\u00f3n, forestal y energ\u00e9tica.<\/p>\n\n\n\n<h2 class=\"wp-block-heading\">Razones para hacer crecer su negocio en Uruguay<\/h2>\n\n\n\n<p>Uruguay has a thriving wine <a href=\"https:\/\/www.sisinternational.com\/es\/la-mejor-empresa-de-analisis-de-la-industria-en-nueva-york\/\" title=\"La mejor empresa de an\u00e1lisis de la industria en Nueva York\"  data-wpil-monitor-id=\"7810\">industry and is among the top<\/a> five Latam wine producers. Also, the country is among the best places to do business. It is one of the top three emerging Latam giants. In addition, the country ranks very low on the corruption scale.<\/p>\n\n\n\n<p>Uruguay tiene un clima c\u00e1lido con inviernos suaves. Ofrece un buen equilibrio entre vida personal y laboral. Adem\u00e1s, el pa\u00eds es seguro y tiene un gobierno estable. Tiene buen transporte por carretera, servicios de ferry y atenci\u00f3n sanitaria barata.<\/p>\n\n\n\n<h2 class=\"wp-block-heading\">Investigaci\u00f3n de Mercado en Uruguay<\/h2>\n\n\n\n<p>Uruguay is one of the <a href=\"https:\/\/www.sisinternational.com\/es\/top-5-benefits-of-qualitative-market-research-for-businesses\/\" title=\"Top 5 Benefits of Qualitative Market Research for Businesses\"  data-wpil-monitor-id=\"7812\">top<\/a> places in Latin America to do business. We offer Qualitative, Quantitative, and Strategy <a href=\"https:\/\/www.sisinternational.com\/es\/estudios-de-caso\/\" title=\"Casos pr\u00e1cticos\"  data-wpil-monitor-id=\"7809\">market research studies<\/a> of Uruguay and other countries. We hope that this article will help you to make sound investment decisions.<\/p>\n\n\n\n<h2 class=\"wp-block-heading\">&nbsp;<\/h2>","protected":false},"excerpt":{"rendered":"<p>Descubra c\u00f3mo hacer crecer su organizaci\u00f3n con Investigaci\u00f3n de Mercados en Uruguay.<\/p>","protected":false},"author":1,"featured_media":66374,"parent":14351,"menu_order":17,"comment_status":"closed","ping_status":"closed","template":"","meta":{"footnotes":""},"class_list":["post-38487","page","type-page","status-publish","has-post-thumbnail"],"_links":{"self":[{"href":"https:\/\/www.sisinternational.com\/es\/wp-json\/wp\/v2\/pages\/38487","targetHints":{"allow":["GET"]}}],"collection":[{"href":"https:\/\/www.sisinternational.com\/es\/wp-json\/wp\/v2\/pages"}],"about":[{"href":"https:\/\/www.sisinternational.com\/es\/wp-json\/wp\/v2\/types\/page"}],"author":[{"embeddable":true,"href":"https:\/\/www.sisinternational.com\/es\/wp-json\/wp\/v2\/users\/1"}],"replies":[{"embeddable":true,"href":"https:\/\/www.sisinternational.com\/es\/wp-json\/wp\/v2\/comments?post=38487"}],"version-history":[{"count":4,"href":"https:\/\/www.sisinternational.com\/es\/wp-json\/wp\/v2\/pages\/38487\/revisions"}],"predecessor-version":[{"id":81318,"href":"https:\/\/www.sisinternational.com\/es\/wp-json\/wp\/v2\/pages\/38487\/revisions\/81318"}],"up":[{"embeddable":true,"href":"https:\/\/www.sisinternational.com\/es\/wp-json\/wp\/v2\/pages\/14351"}],"wp:featuredmedia":[{"embeddable":true,"href":"https:\/\/www.sisinternational.com\/es\/wp-json\/wp\/v2\/media\/66374"}],"wp:attachment":[{"href":"https:\/\/www.sisinternational.com\/es\/wp-json\/wp\/v2\/media?parent=38487"}],"curies":[{"name":"wp","href":"https:\/\/api.w.org\/{rel}","templated":true}]}}