{"id":38482,"date":"2021-08-20T16:33:18","date_gmt":"2021-08-20T16:33:18","guid":{"rendered":"https:\/\/www.sisinternational.com\/?page_id=38482"},"modified":"2026-01-25T16:55:40","modified_gmt":"2026-01-25T21:55:40","slug":"investigacion-de-mercado-republica-dominicana","status":"publish","type":"page","link":"https:\/\/www.sisinternational.com\/es\/cobertura\/latin-america\/investigacion-de-mercado-de-america-latina\/investigacion-de-mercado-republica-dominicana\/","title":{"rendered":"Investigaci\u00f3n de Mercado en Rep\u00fablica Dominicana"},"content":{"rendered":"<h1 class=\"wp-block-heading\">Investigaci\u00f3n de Mercado en Rep\u00fablica Dominicana<\/h1>\n\n\n\n<figure class=\"gb-block-image gb-block-image-cb40ad49\"><img loading=\"lazy\" decoding=\"async\" width=\"1456\" height=\"816\" class=\"gb-image gb-image-cb40ad49\" src=\"https:\/\/www.sisinternational.com\/wp-content\/uploads\/2025\/09\/Dominican-Republic-3.jpg\" alt=\"Investigaci\u00f3n y estrategia de mercado internacional de SIS\" title=\"Dominican Republic (3)\" srcset=\"https:\/\/www.sisinternational.com\/wp-content\/uploads\/2025\/09\/Dominican-Republic-3.jpg 1456w, https:\/\/www.sisinternational.com\/wp-content\/uploads\/2025\/09\/Dominican-Republic-3-300x168.jpg 300w, https:\/\/www.sisinternational.com\/wp-content\/uploads\/2025\/09\/Dominican-Republic-3-1024x574.jpg 1024w, https:\/\/www.sisinternational.com\/wp-content\/uploads\/2025\/09\/Dominican-Republic-3-768x430.jpg 768w, https:\/\/www.sisinternational.com\/wp-content\/uploads\/2025\/09\/Dominican-Republic-3-18x10.jpg 18w\" sizes=\"auto, (max-width: 1456px) 100vw, 1456px\"><\/figure>\n\n\n\n<p><\/p>\n\n\n\n<h2 class=\"wp-block-heading\">La Rep\u00fablica Dominicana, o RD, est\u00e1 en el lado este de la isla Hispaniola.<\/h2>\n\n\n\n<p>La naci\u00f3n franc\u00f3fona, Hait\u00ed, est\u00e1 al oeste.<\/p>\n\n\n\n<h2 class=\"wp-block-heading\">Industrias clave<\/h2>\n\n\n\n<p>Sectores como el turismo, la manufactura, la construcci\u00f3n y la miner\u00eda impulsan el mercado.<\/p>\n\n\n\n<p>La Rep\u00fablica Dominicana exporta metales, minerales, az\u00facar y tabaco. Produce y exporta la segunda mayor cantidad de ca\u00f1a de az\u00facar de la regi\u00f3n.<\/p>\n\n\n\n<p>Most exports are to the United States, but other major trade partners are <a href=\"https:\/\/www.sisinternational.com\/es\/pericia\/investigacion-de-mercado-de-bric\/\" title=\"Investigaci\u00f3n de Mercado BRIC (Brasil, Rusia, India y China)\"  data-wpil-monitor-id=\"11149\">China and India<\/a>.<\/p>\n\n\n\n<p>El clima tropical del pa\u00eds lo convierte en un lugar tur\u00edstico popular, junto con sus playas de arena blanca y hermosas monta\u00f1as. Tambi\u00e9n tiene una rica historia.<\/p>\n\n\n\n<p>La Rep\u00fablica Dominicana gana mucho dinero con la miner\u00eda, lo que ayuda a impulsar su PIB. Tiene la mina de oro m\u00e1s grande de la regi\u00f3n Latam.<\/p>\n\n\n\n<p>The country also has a growing \u201cFree-trade zone.\u201d This area allows the import, production, export, and transport of goods. Custom duties are low here. Within this zone, the <a href=\"https:\/\/www.sisinternational.com\/es\/soluciones\/soluciones-de-branding-e-investigacion-de-clientes\/investigacion-de-mercado-de-pruebas-de-productos\/product-testing-for-consumer-products\/medical-device-product-testing-in-nyc\/\" title=\"Medical Device Product Testing in NYC\"  data-wpil-monitor-id=\"11151\">production of medical<\/a> equipment for export is fast-growing.<\/p>\n\n\n\n<h2 class=\"wp-block-heading\">Barrios<\/h2>\n\n\n\n<p>Santo Domingo es la capital y ciudad m\u00e1s grande. Es el hogar de muchos monumentos religiosos. Los peque\u00f1os pueblos urbanos tambi\u00e9n son una caracter\u00edstica. Grandes parques y espacios verdes llenan la ciudad.<\/p>\n\n\n\n<p>Otra ciudad central es Santiago, rodeada de altas monta\u00f1as con densos bosques tropicales. Estas caracter\u00edsticas ayudan a proteger la ciudad de los huracanes.<\/p>\n\n\n\n<h2 class=\"wp-block-heading\">Tendencias<\/h2>\n\n\n\n<figure class=\"gb-block-image gb-block-image-d851b78f\"><img loading=\"lazy\" decoding=\"async\" width=\"1456\" height=\"816\" class=\"gb-image gb-image-d851b78f\" src=\"https:\/\/www.sisinternational.com\/wp-content\/uploads\/2025\/09\/Dominican-Republic-2.jpg\" alt=\"Investigaci\u00f3n y estrategia de mercado internacional de SIS\" title=\"Dominican Republic (2)\" srcset=\"https:\/\/www.sisinternational.com\/wp-content\/uploads\/2025\/09\/Dominican-Republic-2.jpg 1456w, https:\/\/www.sisinternational.com\/wp-content\/uploads\/2025\/09\/Dominican-Republic-2-300x168.jpg 300w, https:\/\/www.sisinternational.com\/wp-content\/uploads\/2025\/09\/Dominican-Republic-2-1024x574.jpg 1024w, https:\/\/www.sisinternational.com\/wp-content\/uploads\/2025\/09\/Dominican-Republic-2-768x430.jpg 768w, https:\/\/www.sisinternational.com\/wp-content\/uploads\/2025\/09\/Dominican-Republic-2-18x10.jpg 18w\" sizes=\"auto, (max-width: 1456px) 100vw, 1456px\"><\/figure>\n\n\n\n<p>S<\/p>\n\n\n\n<p>ectors within the nation continue to grow due to an increase in external demand. As a result, there are more exports of goods and services and all-round growth.<\/p>\n\n\n\n<p>Este crecimiento tiene muchos efectos positivos, como aumentos de los salarios del sector p\u00fablico y privado. Tambi\u00e9n crea m\u00e1s puestos de trabajo. Las tasas de pobreza caen y la clase media crece, todo como resultado del crecimiento econ\u00f3mico.<\/p>\n\n\n\n<p>Todas estas son razones por las que las inversiones privadas dentro del pa\u00eds deber\u00edan aumentar. Beneficia tanto al inversionista como al pueblo de la Rep\u00fablica Dominicana.<\/p>\n\n\n\n<h2 class=\"wp-block-heading\">Beneficios y Fortalezas en el Mercado<\/h2>\n\n\n\n<p>Las tasas de inflaci\u00f3n dentro del pa\u00eds son bajas y estables, lo que atrae grandes sumas de inversi\u00f3n extranjera.<\/p>\n\n\n\n<p>Adem\u00e1s, la distancia entre RD y Estados Unidos tiene beneficios. Est\u00e1 cerca; por tanto, las empresas pueden establecer sucursales extranjeras all\u00ed.<\/p>\n\n\n\n<p>El pa\u00eds es estable. El PIB est\u00e1 creciendo y los niveles de pobreza est\u00e1n disminuyendo, lo que puede ayudar a los inversores. La RD tambi\u00e9n tiene acuerdos comerciales con muchos pa\u00edses, que le permiten exportar m\u00e1s.<\/p>\n\n\n\n<p>The people in the DR treat foreign and local investors as equals, which is an added benefit.&nbsp;Furthermore, they use tax incentives and other measures to attract foreign investors. They give these incentives when the investment made can help the country.<\/p>\n\n\n\n<h2 class=\"wp-block-heading\">Base de consumidores<\/h2>\n\n\n\n<p>En la actualidad, la mayor\u00eda de los ciudadanos se encuentran por debajo del nivel de pobreza.<\/p>\n\n\n\n<p>Debido a la pandemia de Covid-19, los consumidores son m\u00e1s cuidadosos con el gasto. Su objetivo es la buena vida familiar, la seguridad y la salud p\u00fablica.<\/p>\n\n\n\n<h2 class=\"wp-block-heading\">Razones para hacer crecer su negocio en el mercado dominicano<\/h2>\n\n\n\n<p>The DR is an excellent place for foreign investments. It is a central place for <a href=\"https:\/\/www.sisinternational.com\/es\/soluciones\/investigacion-de-consultoria-estrategica-fintech\/investigacion-de-mercado-de-comercio-algoritmico\/\" title=\"Investigaci\u00f3n de mercado de comercio algor\u00edtmico\"  data-wpil-monitor-id=\"11146\">trade and transport between many large markets<\/a>, including Central, South, and North America.<\/p>\n\n\n\n<p>Los inversores tambi\u00e9n pueden disfrutar de un gran mercado laboral. La educaci\u00f3n es gratuita y obligatoria, por lo que los ciudadanos pueden aprender habilidades y a\u00f1adir valor al inversor. Esto beneficia a los inversores que pueden generar puestos de trabajo.<\/p>\n\n\n\n<p>Adem\u00e1s, el pa\u00eds es bueno para emprender negocios debido a su gran tama\u00f1o.<\/p>\n\n\n\n<p>The thriving export <a href=\"https:\/\/www.sisinternational.com\/es\/soluciones\/consultoria-de-hosteleria-y-turismo-en-viajes\/investigacion-de-mercado-de-la-empresa-de-guias-turisticos\/\" title=\"Investigaci\u00f3n de mercado de la empresa de gu\u00edas tur\u00edsticos\"  data-wpil-monitor-id=\"11147\">market provides an added benefit for companies<\/a>. <a href=\"https:\/\/www.sisinternational.com\/es\/transportistas-de-bajo-coste-en-la-industria-de-la-aviacion\/\" title=\"Investigaci\u00f3n de mercado de aerol\u00edneas de bajo costo\"  data-wpil-monitor-id=\"11148\">Low operating and labor costs<\/a> allow companies to achieve economies of scale.<\/p>\n\n\n\n<h2 class=\"wp-block-heading\">Acerca de la Investigaci\u00f3n de Mercados en Rep\u00fablica Dominicana<\/h2>\n\n\n\n<p>Businesses must conduct Quantitative, Qualitative, and Strategic <a href=\"https:\/\/www.sisinternational.com\/es\/cobertura\/las-americas\/investigacion-de-mercado-en-el-caribe\/investigacion-de-mercado-antigua-barbuda\/\" title=\"Investigaci\u00f3n de mercado en Antigua y Barbuda\"  data-wpil-monitor-id=\"3799\">Research before market<\/a> entry. Such <a href=\"https:\/\/www.sisinternational.com\/es\/cobertura\/europa\/investigacion-de-mercado-liverpool-reino-unido\/\" title=\"Investigaci\u00f3n de mercado en Liverpool | Grupos focales y recopilaci\u00f3n de datos del Reino Unido\"  data-wpil-monitor-id=\"11150\">research analyzes current data<\/a>, and this helps investors with decision-making. <a href=\"https:\/\/www.sisinternational.com\/es\/soluciones\/soluciones-de-branding-e-investigacion-de-clientes\/investigacion-de-mercado-posicionamiento-de-marca\/\" title=\"Investigaci\u00f3n de Mercado de Posicionamiento de Marca\"  data-wpil-monitor-id=\"11145\">Market Research can have a positive<\/a> impact on your business ventures. Thus, it is essential to conduct <a href=\"https:\/\/www.sisinternational.com\/es\/pericia\/industrias\/investigacion-de-mercado-geopolitico\/\" title=\"Investigaci\u00f3n de Mercado Geopol\u00edtico\"  data-wpil-monitor-id=\"3811\">research before entering the market<\/a>.<\/p>\n\n\n\n<p><\/p>\n\n\n\n<h2 class=\"wp-block-heading\">&nbsp;<\/h2>","protected":false},"excerpt":{"rendered":"<p>Descubra c\u00f3mo hacer crecer su organizaci\u00f3n con Investigaci\u00f3n de Mercado en Rep\u00fablica Dominicana.<\/p>","protected":false},"author":1,"featured_media":66248,"parent":14351,"menu_order":16,"comment_status":"closed","ping_status":"closed","template":"","meta":{"footnotes":""},"class_list":["post-38482","page","type-page","status-publish","has-post-thumbnail"],"_links":{"self":[{"href":"https:\/\/www.sisinternational.com\/es\/wp-json\/wp\/v2\/pages\/38482","targetHints":{"allow":["GET"]}}],"collection":[{"href":"https:\/\/www.sisinternational.com\/es\/wp-json\/wp\/v2\/pages"}],"about":[{"href":"https:\/\/www.sisinternational.com\/es\/wp-json\/wp\/v2\/types\/page"}],"author":[{"embeddable":true,"href":"https:\/\/www.sisinternational.com\/es\/wp-json\/wp\/v2\/users\/1"}],"replies":[{"embeddable":true,"href":"https:\/\/www.sisinternational.com\/es\/wp-json\/wp\/v2\/comments?post=38482"}],"version-history":[{"count":6,"href":"https:\/\/www.sisinternational.com\/es\/wp-json\/wp\/v2\/pages\/38482\/revisions"}],"predecessor-version":[{"id":81821,"href":"https:\/\/www.sisinternational.com\/es\/wp-json\/wp\/v2\/pages\/38482\/revisions\/81821"}],"up":[{"embeddable":true,"href":"https:\/\/www.sisinternational.com\/es\/wp-json\/wp\/v2\/pages\/14351"}],"wp:featuredmedia":[{"embeddable":true,"href":"https:\/\/www.sisinternational.com\/es\/wp-json\/wp\/v2\/media\/66248"}],"wp:attachment":[{"href":"https:\/\/www.sisinternational.com\/es\/wp-json\/wp\/v2\/media?parent=38482"}],"curies":[{"name":"wp","href":"https:\/\/api.w.org\/{rel}","templated":true}]}}