{"id":38466,"date":"2021-08-19T16:53:13","date_gmt":"2021-08-19T16:53:13","guid":{"rendered":"https:\/\/www.sisinternational.com\/?page_id=38466"},"modified":"2025-09-15T01:39:47","modified_gmt":"2025-09-15T05:39:47","slug":"investigacion-de-mercado-nicaragua","status":"publish","type":"page","link":"https:\/\/www.sisinternational.com\/es\/cobertura\/latin-america\/investigacion-de-mercado-de-america-latina\/investigacion-de-mercado-nicaragua\/","title":{"rendered":"Investigaci\u00f3n de Mercado en Nicaragua"},"content":{"rendered":"<h1 class=\"wp-block-heading\">Investigaci\u00f3n de Mercado en Nicaragua<\/h1>\n\n\n\n<figure class=\"gb-block-image gb-block-image-933f39c5\"><img loading=\"lazy\" decoding=\"async\" width=\"1456\" height=\"816\" class=\"gb-image gb-image-933f39c5\" src=\"https:\/\/www.sisinternational.com\/wp-content\/uploads\/2025\/09\/Nicaragua-1.jpg\" alt=\"Investigaci\u00f3n y estrategia de mercado internacional de SIS\" title=\"Nicaragua (1)\" srcset=\"https:\/\/www.sisinternational.com\/wp-content\/uploads\/2025\/09\/Nicaragua-1.jpg 1456w, https:\/\/www.sisinternational.com\/wp-content\/uploads\/2025\/09\/Nicaragua-1-300x168.jpg 300w, https:\/\/www.sisinternational.com\/wp-content\/uploads\/2025\/09\/Nicaragua-1-1024x574.jpg 1024w, https:\/\/www.sisinternational.com\/wp-content\/uploads\/2025\/09\/Nicaragua-1-768x430.jpg 768w, https:\/\/www.sisinternational.com\/wp-content\/uploads\/2025\/09\/Nicaragua-1-18x10.jpg 18w\" sizes=\"auto, (max-width: 1456px) 100vw, 1456px\"><\/figure>\n\n\n\n<p><\/p>\n\n\n\n<h2 class=\"wp-block-heading\">Nicaragua es uno de los pa\u00edses m\u00e1s grandes de Latam.<\/h2>\n\n\n\n<p>Comparte fronteras con Honduras al norte y Costa Rica al sur. Adem\u00e1s, tiene dos costas muy extensas.<\/p>\n\n\n\n<p>El clima es fr\u00edo en el este y tambi\u00e9n mucho m\u00e1s h\u00famedo que en el oeste.<\/p>\n\n\n\n<p>El idioma oficial es el espa\u00f1ol. Muchos artistas y escritores llaman hogar a este pa\u00eds.<\/p>\n\n\n\n<p>Casi la mitad de la poblaci\u00f3n es cat\u00f3lica. Otro tercio son protestantes. Luego hay un peque\u00f1o grupo de seguidores de jud\u00edos y musulmanes.<\/p>\n\n\n\n<p>La principal fiesta religiosa es La Pur\u00edsima, un evento que dura una semana a principios de diciembre. Celebra la Inmaculada Concepci\u00f3n. En esa \u00e9poca, los hogares y lugares de trabajo suelen exhibir altares ornamentados a la Virgen Mar\u00eda.<\/p>\n\n\n\n<h2 class=\"wp-block-heading\">Industrias clave<\/h2>\n\n\n\n<p>Farming and <a href=\"https:\/\/www.sisinternational.com\/es\/soluciones\/investigacion-de-mercado-de-ia-y-consultoria-estrategica\/adopcion-de-ia-viajes-hospitalidad-turismo-industria-consultoria\/\" title=\"Adopci\u00f3n de IA en la consultor\u00eda de la industria de viajes, hoteler\u00eda y turismo\"  data-wpil-monitor-id=\"7799\">tourism are two powerful industries<\/a> in this country. In fact, farmers produce bananas, rice, sugar cane, beans, beef, poultry, coffee, cotton, and timber.<\/p>\n\n\n\n<p>Then there\u2019s the service sector, which employs around half of the labor force.&nbsp;This sector includes many services, for example<\/p>\n\n\n\n<ul class=\"wp-block-list\">\n<li>transporte, comercio, servicios bancarios<\/li>\n\n\n\n<li>las artes, la salud y la educaci\u00f3n<\/li>\n\n\n\n<li><a href=\"https:\/\/www.sisinternational.com\/es\/soluciones\/consultoria-de-hosteleria-y-turismo-en-viajes\/consultoria-de-marketing-para-hoteles-y-restaurantes\/\" title=\"Consultor\u00eda de marketing para restaurantes y hoteles\"  data-wpil-monitor-id=\"7801\">restaurantes y hoteles<\/a><\/li>\n<\/ul>\n\n\n\n<p>El turismo impulsa este sector y muchos otros. De hecho, el turismo es fundamental. Adem\u00e1s, Los Angeles Times elogia a la naci\u00f3n como un \u201cpara\u00edso tropical\u201d. Tiene muchos puntos tur\u00edsticos, entre ellos:<\/p>\n\n\n\n<ul class=\"wp-block-list\">\n<li>playas,<\/li>\n\n\n\n<li>rutas esc\u00e9nicas,<\/li>\n\n\n\n<li>Hermosas ciudades como Le\u00f3n y Granada<\/li>\n<\/ul>\n\n\n\n<p>Los turistas pueden practicar senderismo, kayak, hacer turismo, escalar, acampar y nadar. La cultura, la naturaleza y la aventura son puntos de venta clave. El Volc\u00e1n Masaya es otro lugar tur\u00edstico popular.<\/p>\n\n\n\n<p>El ecoturismo es otro atractivo comercial, y este es un pa\u00eds con flora y fauna diversa. Por ejemplo, los turistas pueden visitar:<\/p>\n\n\n\n<ul class=\"wp-block-list\">\n<li>La Reserva Natural Charco Verde,<\/li>\n\n\n\n<li>Bosawas, uno de los bosques tropicales m\u00e1s grandes de Latam<\/li>\n\n\n\n<li>Lago Nicaragua<\/li>\n<\/ul>\n\n\n\n<p>El pa\u00eds cuenta con 78 \u00e1reas protegidas. Estos abarcan una quinta parte de la naci\u00f3n.<\/p>\n\n\n\n<p>Farmers profit from <a href=\"https:\/\/www.sisinternational.com\/es\/soluciones\/consultoria-de-hosteleria-y-turismo-en-viajes\/\" title=\"Consultor\u00eda de viajes, turismo y hosteler\u00eda\"  data-wpil-monitor-id=\"7794\">tourism by letting travelers<\/a> visit their coffee farms. There, they can learn about making coffee, stay overnight, and explore with a guide.<\/p>\n\n\n\n<p>Otras industrias destacadas incluyen:<\/p>\n\n\n\n<ul class=\"wp-block-list\">\n<li>Textiles: tejidos de punto y tejidos, calzado.<\/li>\n\n\n\n<li>Cemento, productos qu\u00edmicos, refinaci\u00f3n de petr\u00f3leo, maquinaria y productos met\u00e1licos.<\/li>\n\n\n\n<li>Bebidas, procesamiento de alimentos.<\/li>\n\n\n\n<li>Miner\u00eda: cobre, plata y oro.<\/li>\n<\/ul>\n\n\n\n<h2 class=\"wp-block-heading\">Barrios<\/h2>\n\n\n\n<p>Aproximadamente las tres quintas partes de la poblaci\u00f3n viven en las ciudades. La capital es Managua, que es la ciudad m\u00e1s grande del pa\u00eds. Otras \u00e1reas urbanas notables son Granada, Le\u00f3n, Matagalpa y Bluefields. La mayor\u00eda de las ciudades e industrias est\u00e1n en el oeste, al igual que la mayor\u00eda de la gente.<\/p>\n\n\n\n<p>Los del este, en cambio, cultivan, cr\u00edan ganado y explotan los recursos madereros.<\/p>\n\n\n\n<h2 class=\"wp-block-heading\">Tendencias<\/h2>\n\n\n\n<figure class=\"gb-block-image gb-block-image-99378de4\"><img loading=\"lazy\" decoding=\"async\" width=\"1456\" height=\"816\" class=\"gb-image gb-image-99378de4\" src=\"https:\/\/www.sisinternational.com\/wp-content\/uploads\/2025\/09\/Nicaragua-2.jpg\" alt=\"Investigaci\u00f3n y estrategia de mercado internacional de SIS\" title=\"Nicaragua (2)\" srcset=\"https:\/\/www.sisinternational.com\/wp-content\/uploads\/2025\/09\/Nicaragua-2.jpg 1456w, https:\/\/www.sisinternational.com\/wp-content\/uploads\/2025\/09\/Nicaragua-2-300x168.jpg 300w, https:\/\/www.sisinternational.com\/wp-content\/uploads\/2025\/09\/Nicaragua-2-1024x574.jpg 1024w, https:\/\/www.sisinternational.com\/wp-content\/uploads\/2025\/09\/Nicaragua-2-768x430.jpg 768w, https:\/\/www.sisinternational.com\/wp-content\/uploads\/2025\/09\/Nicaragua-2-18x10.jpg 18w\" sizes=\"auto, (max-width: 1456px) 100vw, 1456px\"><\/figure>\n\n\n\n<p><\/p>\n\n\n\n<p>La respuesta del pa\u00eds a la pandemia de COVID-19 fue laxa. Se decidi\u00f3 en contra de las medidas de bloqueo y las estrictas pol\u00edticas de pruebas de otros pa\u00edses. Como resultado, un peri\u00f3dico estadounidense lo calific\u00f3 como \u201cun gobierno que lo niega\u201d y el Departamento de Estado de Estados Unidos advirti\u00f3 contra los viajes.<\/p>\n\n\n\n<p>A\u00fan as\u00ed, los bloqueos globales perjudican al pa\u00eds. Lo mismo hicieron los huracanes Eta e Iota. As\u00ed, el comercio y el turismo se contrajeron.<\/p>\n\n\n\n<p>Los expertos esperan que la econom\u00eda se recupere pronto.<\/p>\n\n\n\n<h2 class=\"wp-block-heading\">Beneficios y Fortalezas del Mercado<\/h2>\n\n\n\n<p>This is a very promising Latam country, even though it\u2019s one of the least developed. For one thing, it has strong ties with the United States. It has also signed free trade agreements with large <a href=\"https:\/\/www.sisinternational.com\/es\/cobertura\/las-americas\/cobertura-de-estados-unidos\/\" title=\"Investigaci\u00f3n de mercado en Estados Unidos\"  data-wpil-monitor-id=\"7791\">markets such as the United States<\/a>, Taiwan, and others.<\/p>\n\n\n\n<p>En segundo lugar, ofrece un buen clima de negocios para los locales y los inversores potenciales.<\/p>\n\n\n\n<p>It is the <a href=\"https:\/\/www.sisinternational.com\/es\/soluciones\/soluciones-de-branding-e-investigacion-de-clientes\/investigacion-de-mercado-de-pruebas-de-productos\/empresa-lider-en-pruebas-de-ubicacion-central\/\" title=\"Empresa l\u00edder en pruebas en ubicaciones centrales\"  data-wpil-monitor-id=\"7787\">top location in Central<\/a> America for starting or closing a business and investor protection. It also ranks high for ease of doing business, and it\u2019s easy to register a business and pay taxes.<\/p>\n\n\n\n<h2 class=\"wp-block-heading\">Base de consumidores<\/h2>\n\n\n\n<p>Este pa\u00eds es el hogar de m\u00e1s de seis millones de personas. Muchos de ellos son mestizos, una mezcla de blancos y nativos. La ciudad con m\u00e1s gente es la capital, Managua.<\/p>\n\n\n\n<p>Many of the country\u2019s nationals are living abroad. Thus there is a high foreign remittance rate.&nbsp;Sadly, the global lockdowns caused a marked decrease in money sent home by those living abroad.<\/p>\n\n\n\n<p>Nueve d\u00e9cimas partes de la poblaci\u00f3n vive en las tierras bajas del Pac\u00edfico occidental y en las tierras altas cercanas. Otros viven en las regiones del Pac\u00edfico, Central y Norte. La regi\u00f3n del Caribe Oriental constituye el d\u00e9cimo restante.<\/p>\n\n\n\n<p>El pa\u00eds tiene una poblaci\u00f3n joven, muchos de los cuales tienen menos de 15 a\u00f1os.<\/p>\n\n\n\n<h2 class=\"wp-block-heading\">Por qu\u00e9 hacer crecer su negocio en el mercado nicarag\u00fcense<\/h2>\n\n\n\n<p>Este es el pa\u00eds latinoamericano con la tasa de criminalidad m\u00e1s baja, seg\u00fan afirman Interpol y muchas otras fuentes.<\/p>\n\n\n\n<p>Adem\u00e1s, tiene muchos incentivos para iniciar y cerrar un negocio, adem\u00e1s ofrece protecci\u00f3n al inversor. El pa\u00eds destaca por su capacidad de importar y exportar. Tambi\u00e9n obtiene una puntuaci\u00f3n alta en las medidas para obtener propiedad y pagar impuestos.<\/p>\n\n\n\n<h2 class=\"wp-block-heading\">Acerca de la Investigaci\u00f3n de Mercados en Nicaragua<\/h2>\n\n\n\n<p><a href=\"https:\/\/www.sisinternational.com\/es\/soluciones\/soluciones-de-investigacion-cualitativa-cuantitativa\/reclutamiento-de-investigacion-cualitativa\/\" title=\"Reclutamiento de investigaci\u00f3n cualitativa\"  data-wpil-monitor-id=\"7796\">Qualitative and Quantitative research<\/a> can shed insights for your investment. So can Strategy Research. We also offer Surveys, Interviews, and Focus Groups. Contact us today to find out how we can help your business venture.<\/p>\n\n\n\n<p><\/p>","protected":false},"excerpt":{"rendered":"<p>Descubra c\u00f3mo hacer crecer su organizaci\u00f3n con Investigaci\u00f3n de Mercados en Nicaragua.<\/p>","protected":false},"author":1,"featured_media":66327,"parent":14351,"menu_order":12,"comment_status":"closed","ping_status":"closed","template":"","meta":{"footnotes":""},"class_list":["post-38466","page","type-page","status-publish","has-post-thumbnail"],"_links":{"self":[{"href":"https:\/\/www.sisinternational.com\/es\/wp-json\/wp\/v2\/pages\/38466","targetHints":{"allow":["GET"]}}],"collection":[{"href":"https:\/\/www.sisinternational.com\/es\/wp-json\/wp\/v2\/pages"}],"about":[{"href":"https:\/\/www.sisinternational.com\/es\/wp-json\/wp\/v2\/types\/page"}],"author":[{"embeddable":true,"href":"https:\/\/www.sisinternational.com\/es\/wp-json\/wp\/v2\/users\/1"}],"replies":[{"embeddable":true,"href":"https:\/\/www.sisinternational.com\/es\/wp-json\/wp\/v2\/comments?post=38466"}],"version-history":[{"count":4,"href":"https:\/\/www.sisinternational.com\/es\/wp-json\/wp\/v2\/pages\/38466\/revisions"}],"predecessor-version":[{"id":81316,"href":"https:\/\/www.sisinternational.com\/es\/wp-json\/wp\/v2\/pages\/38466\/revisions\/81316"}],"up":[{"embeddable":true,"href":"https:\/\/www.sisinternational.com\/es\/wp-json\/wp\/v2\/pages\/14351"}],"wp:featuredmedia":[{"embeddable":true,"href":"https:\/\/www.sisinternational.com\/es\/wp-json\/wp\/v2\/media\/66327"}],"wp:attachment":[{"href":"https:\/\/www.sisinternational.com\/es\/wp-json\/wp\/v2\/media?parent=38466"}],"curies":[{"name":"wp","href":"https:\/\/api.w.org\/{rel}","templated":true}]}}