{"id":38458,"date":"2021-08-19T13:14:11","date_gmt":"2021-08-19T13:14:11","guid":{"rendered":"https:\/\/www.sisinternational.com\/?page_id=38458"},"modified":"2025-09-14T18:58:14","modified_gmt":"2025-09-14T22:58:14","slug":"investigacion-de-mercado-honduras","status":"publish","type":"page","link":"https:\/\/www.sisinternational.com\/es\/cobertura\/latin-america\/investigacion-de-mercado-de-america-latina\/investigacion-de-mercado-honduras\/","title":{"rendered":"Investigaci\u00f3n de Mercado en Honduras"},"content":{"rendered":"<h1 class=\"wp-block-heading\">Investigaci\u00f3n de Mercado en Honduras<\/h1>\n\n\n\n<figure class=\"gb-block-image gb-block-image-85a8f18c\"><img loading=\"lazy\" decoding=\"async\" width=\"1456\" height=\"816\" class=\"gb-image gb-image-85a8f18c\" src=\"https:\/\/www.sisinternational.com\/wp-content\/uploads\/2025\/09\/Honduras-1.jpg\" alt=\"Investigaci\u00f3n y estrategia de mercado internacional de SIS\" title=\"Honduras (1)\" srcset=\"https:\/\/www.sisinternational.com\/wp-content\/uploads\/2025\/09\/Honduras-1.jpg 1456w, https:\/\/www.sisinternational.com\/wp-content\/uploads\/2025\/09\/Honduras-1-300x168.jpg 300w, https:\/\/www.sisinternational.com\/wp-content\/uploads\/2025\/09\/Honduras-1-1024x574.jpg 1024w, https:\/\/www.sisinternational.com\/wp-content\/uploads\/2025\/09\/Honduras-1-768x430.jpg 768w, https:\/\/www.sisinternational.com\/wp-content\/uploads\/2025\/09\/Honduras-1-18x10.jpg 18w\" sizes=\"auto, (max-width: 1456px) 100vw, 1456px\"><\/figure>\n\n\n\n<p><\/p>\n\n\n\n<h2 class=\"wp-block-heading\">Barrios<\/h2>\n\n\n\n<p>Honduras est\u00e1 en Centroam\u00e9rica entre El Salvador y Guatemala. Nicaragua est\u00e1 m\u00e1s al sureste. B\u00e1sicamente, el pa\u00eds tiene 18 departamentos o estados. La capital, \u201cTegucigalpa\u201d, tambi\u00e9n es un departamento.<\/p>\n\n\n\n<p>La capital de Honduras es una de las principales ciudades en pobreza. Muchas de las personas de las zonas rurales tambi\u00e9n se enfrentan a la pobreza extrema. A pesar de ello, el pa\u00eds todav\u00eda tiene rayos de esperanza. Las exportaciones son mayores que las importaciones ya que la agricultura es un sector importante.<\/p>\n\n\n\n<p>Hay ciertas \u00e1reas donde ocurren la mayor\u00eda de las transacciones comerciales. Otro punto clave es que, a partir de 2013, Honduras ha desarrollado una nueva divisi\u00f3n de zonas econ\u00f3micas. De hecho, bajo este sistema, la mayor\u00eda de las ciudades se han vuelto aut\u00f3nomas. Este sistema es s\u00f3lido porque puede aumentar los ingresos, pero es malo debido a los altos riesgos que conlleva. Amalia fue el primer distrito en ser zona libre. Puede realizar sus negocios con alguna forma de autogobierno.<\/p>\n\n\n\n<h2 class=\"wp-block-heading\">Tendencias<\/h2>\n\n\n\n<p>El pa\u00eds tiene cuatro aeropuertos. El m\u00e1s popular es \u201cRam\u00f3n Villeda Morales\u201d, que no est\u00e1 en la capital, sino en una zona llamada San Pedro Sula. Otro de los aeropuertos de Honduras es famoso por ser el segundo m\u00e1s peligroso del mundo. Es com\u00fan ver gente rezando al aterrizar.<\/p>\n\n\n\n<p>El espa\u00f1ol es el idioma principal en Honduras. La mezcla diversa de personas es lo que hace que el pa\u00eds sea tan grandioso. Las ruinas mayas de Cop\u00e1n y el templo de Rosal\u00eda son algunos de los sitios m\u00e1s comunes. Las escaleras talladas y su aspecto antiguo son una de las mejores atracciones tur\u00edsticas.<\/p>\n\n\n\n<p>Honduras tiene algunos de los animales m\u00e1s ex\u00f3ticos ya que sus ciudadanos se enorgullecen de conservarlos. Tambi\u00e9n cuenta con una reserva forestal que ayuda en la protecci\u00f3n de \u00e1rboles y animales raros.<\/p>\n\n\n\n<p>Honduras tiene alrededor de 20 islas a su alrededor, la mayor\u00eda de las cuales est\u00e1n en el Mar Caribe. El m\u00e1s conocido es &quot;Bonacca Cay&quot;. Es la isla m\u00e1s poblada de Honduras.<\/p>\n\n\n\n<p>El pa\u00eds tiene un historial de inseguridad, ya que ha sido muy popular entre las pandillas y los robos. Los turistas deben tener cuidado al viajar a Honduras.<\/p>\n\n\n\n<h2 class=\"wp-block-heading\">Base de consumidores<\/h2>\n\n\n\n<p>Su principal fuente de ingresos es la agricultura. Los hondure\u00f1os cultivan la mayor parte de lo que comen, por lo que esto reduce las importaciones de ciertos alimentos. Cosas como m\u00e1quinas para f\u00e1bricas y combustibles son las principales importaciones.<\/p>\n\n\n\n<p>El pa\u00eds exporta m\u00e1s y gasta menos en importaciones. Este cambio es una gran se\u00f1al de crecimiento econ\u00f3mico. Sus principales socios comerciales son Estados Unidos, China, M\u00e9xico y Guatemala.<\/p>\n\n\n\n<h2 class=\"wp-block-heading\">Industrias clave<\/h2>\n\n\n\n<figure class=\"gb-block-image gb-block-image-9b3ca6d9\"><img loading=\"lazy\" decoding=\"async\" width=\"1456\" height=\"816\" class=\"gb-image gb-image-9b3ca6d9\" src=\"https:\/\/www.sisinternational.com\/wp-content\/uploads\/2025\/09\/Honduras-5.jpg\" alt=\"Investigaci\u00f3n y estrategia de mercado internacional de SIS\" title=\"Honduras (5)\" srcset=\"https:\/\/www.sisinternational.com\/wp-content\/uploads\/2025\/09\/Honduras-5.jpg 1456w, https:\/\/www.sisinternational.com\/wp-content\/uploads\/2025\/09\/Honduras-5-300x168.jpg 300w, https:\/\/www.sisinternational.com\/wp-content\/uploads\/2025\/09\/Honduras-5-1024x574.jpg 1024w, https:\/\/www.sisinternational.com\/wp-content\/uploads\/2025\/09\/Honduras-5-768x430.jpg 768w, https:\/\/www.sisinternational.com\/wp-content\/uploads\/2025\/09\/Honduras-5-18x10.jpg 18w\" sizes=\"auto, (max-width: 1456px) 100vw, 1456px\"><\/figure>\n\n\n\n<p><\/p>\n\n\n\n<p>El pa\u00eds es rico en recursos. El sector primario es la agricultura y el caf\u00e9 es el principal producto de exportaci\u00f3n. Representa el 22 por ciento de los ingresos por exportaciones. Este sector ha proporcionado muchos puestos de trabajo a los desempleados y tambi\u00e9n ha ahorrado mucho gasto.<\/p>\n\n\n\n<p>El cemento, la pesca, la miner\u00eda, el cigarro y la silvicultura son las otras industrias primarias. Algunos de los productos locales son productos qu\u00edmicos, pl\u00e1tanos, az\u00facar, caf\u00e9 y madera.<\/p>\n\n\n\n<h2 class=\"wp-block-heading\">Razones para hacer crecer su negocio en Honduras<\/h2>\n\n\n\n<p>Honduras es un gran pa\u00eds para la inversi\u00f3n. La participaci\u00f3n del gobierno en el crecimiento econ\u00f3mico del pa\u00eds es una ventaja definitiva. Han puesto las reformas como prioridad para atraer a los inversores. Tener un gobierno que se preocupa por los mejores intereses del pa\u00eds es excelente para los inversores. Les ayuda a obtener ganancias.<\/p>\n\n\n\n<h2 class=\"wp-block-heading\">Acerca de la Investigaci\u00f3n de Mercados en Honduras<\/h2>\n\n\n\n<p>\u00bfEst\u00e1 buscando invertir en Honduras? Este art\u00edculo le brinda toda la informaci\u00f3n necesaria para tomar su decisi\u00f3n. Organizamos Investigaciones Cuantitativas, Cualitativas y Estrat\u00e9gicas para brindarle un mayor conocimiento de Honduras. Este conocimiento es vital y esperamos que usted tambi\u00e9n considere invertir en Honduras.<\/p>\n\n\n\n<p><\/p>","protected":false},"excerpt":{"rendered":"<p>Descubra c\u00f3mo hacer crecer su organizaci\u00f3n con Investigaci\u00f3n de Mercado en Honduras.<\/p>","protected":false},"author":1,"featured_media":66287,"parent":14351,"menu_order":11,"comment_status":"closed","ping_status":"closed","template":"","meta":{"footnotes":""},"class_list":["post-38458","page","type-page","status-publish","has-post-thumbnail"],"_links":{"self":[{"href":"https:\/\/www.sisinternational.com\/es\/wp-json\/wp\/v2\/pages\/38458","targetHints":{"allow":["GET"]}}],"collection":[{"href":"https:\/\/www.sisinternational.com\/es\/wp-json\/wp\/v2\/pages"}],"about":[{"href":"https:\/\/www.sisinternational.com\/es\/wp-json\/wp\/v2\/types\/page"}],"author":[{"embeddable":true,"href":"https:\/\/www.sisinternational.com\/es\/wp-json\/wp\/v2\/users\/1"}],"replies":[{"embeddable":true,"href":"https:\/\/www.sisinternational.com\/es\/wp-json\/wp\/v2\/comments?post=38458"}],"version-history":[{"count":3,"href":"https:\/\/www.sisinternational.com\/es\/wp-json\/wp\/v2\/pages\/38458\/revisions"}],"predecessor-version":[{"id":68606,"href":"https:\/\/www.sisinternational.com\/es\/wp-json\/wp\/v2\/pages\/38458\/revisions\/68606"}],"up":[{"embeddable":true,"href":"https:\/\/www.sisinternational.com\/es\/wp-json\/wp\/v2\/pages\/14351"}],"wp:featuredmedia":[{"embeddable":true,"href":"https:\/\/www.sisinternational.com\/es\/wp-json\/wp\/v2\/media\/66287"}],"wp:attachment":[{"href":"https:\/\/www.sisinternational.com\/es\/wp-json\/wp\/v2\/media?parent=38458"}],"curies":[{"name":"wp","href":"https:\/\/api.w.org\/{rel}","templated":true}]}}