{"id":38456,"date":"2021-08-19T13:09:26","date_gmt":"2021-08-19T13:09:26","guid":{"rendered":"https:\/\/www.sisinternational.com\/?page_id=38456"},"modified":"2025-09-14T19:00:10","modified_gmt":"2025-09-14T23:00:10","slug":"investigacion-de-mercado-guatemala","status":"publish","type":"page","link":"https:\/\/www.sisinternational.com\/es\/cobertura\/latin-america\/investigacion-de-mercado-de-america-latina\/investigacion-de-mercado-guatemala\/","title":{"rendered":"Investigaci\u00f3n de Mercado en Guatemala"},"content":{"rendered":"<h1 class=\"wp-block-heading\">Investigaci\u00f3n de Mercado en Guatemala<\/h1>\n\n\n\n<figure class=\"gb-block-image gb-block-image-0a3badc8\"><img loading=\"lazy\" decoding=\"async\" width=\"1456\" height=\"816\" class=\"gb-image gb-image-0a3badc8\" src=\"https:\/\/www.sisinternational.com\/wp-content\/uploads\/2025\/09\/Guatemala-5.jpg\" alt=\"Investigaci\u00f3n y estrategia de mercado internacional de SIS\" title=\"Guatemala (5)\" srcset=\"https:\/\/www.sisinternational.com\/wp-content\/uploads\/2025\/09\/Guatemala-5.jpg 1456w, https:\/\/www.sisinternational.com\/wp-content\/uploads\/2025\/09\/Guatemala-5-300x168.jpg 300w, https:\/\/www.sisinternational.com\/wp-content\/uploads\/2025\/09\/Guatemala-5-1024x574.jpg 1024w, https:\/\/www.sisinternational.com\/wp-content\/uploads\/2025\/09\/Guatemala-5-768x430.jpg 768w, https:\/\/www.sisinternational.com\/wp-content\/uploads\/2025\/09\/Guatemala-5-18x10.jpg 18w\" sizes=\"auto, (max-width: 1456px) 100vw, 1456px\"><\/figure>\n\n\n\n<p><\/p>\n\n\n\n<h2 class=\"wp-block-heading\">Barrios<\/h2>\n\n\n\n<p>Guatemala is in Central America, south of Mexico. It is home to roughly 16 million people. Nearby countries include Mexico, Belize, Honduras, and El Salvador. It is lovely to travel to and also a nice place to <a href=\"https:\/\/www.sisinternational.com\/es\/publicaciones\/exportacion-del-mercado-medio-japones\/\" title=\"Hacer crecer su negocio en Jap\u00f3n\"  data-wpil-monitor-id=\"7800\">grow your business<\/a>.<\/p>\n\n\n\n<p>La ciudad de Guatemala es la capital. Tambi\u00e9n es donde se desarrolla la mayor parte de la actividad econ\u00f3mica. Algunas otras ciudades importantes incluyen Mixco, Villa y Nueva.<\/p>\n\n\n\n<h2 class=\"wp-block-heading\">Tendencias<\/h2>\n\n\n\n<p>Guatemala tiene ricos paisajes volc\u00e1nicos y antiguos edificios de piedra. La historia maya del pa\u00eds tiene mucho que ver con c\u00f3mo es hoy. La cultura del pa\u00eds proviene de la tradici\u00f3n maya. La gente a\u00fan hoy reconoce antiguos acontecimientos culturales.<\/p>\n\n\n\n<p>New <a href=\"https:\/\/www.sisinternational.com\/es\/la-principal-empresa-de-seguimiento-de-tendencias-del-mercado-b2b\/\" title=\"Principal empresa de monitoreo de tendencias del mercado B2B\"  data-wpil-monitor-id=\"7792\">trends continue to rise in the market<\/a>. For example, the country\u2019s communication sector has strong <a href=\"https:\/\/www.sisinternational.com\/es\/soluciones\/investigacion-de-mercado-de-crecimiento-corporativo-internacional\/\" title=\"Estudio del mercado internacional del crecimiento empresarial\"  data-wpil-monitor-id=\"7795\">growth potential across the market<\/a>.<\/p>\n\n\n\n<p>Guatemala tambi\u00e9n ha estado en aumento en el crecimiento econ\u00f3mico. A pesar del virus reciente, al pa\u00eds le ha ido bien. Lamentablemente, la brecha de ingresos sigue siendo amplia, con altas tasas de pobreza entre el pueblo maya. Guatemala es ahora el principal pa\u00eds de origen de solicitantes de asilo y migrantes en la frontera sur de Estados Unidos.<\/p>\n\n\n\n<p>The government is giving out vaccines in light of the COVID-19 virus, and despite the challenges, things seem to be looking up for this small nation. It is on the path to being one of the largest <a href=\"https:\/\/www.sisinternational.com\/es\/cobertura\/las-americas\/investigacion-de-mercado-de-america-latina\/\" title=\"Investigaci\u00f3n de Mercado de Am\u00e9rica Latina\"  data-wpil-monitor-id=\"7790\">markets in Central America<\/a>.<\/p>\n\n\n\n<h2 class=\"wp-block-heading\">Industrias clave<\/h2>\n\n\n\n<p>Guatemala tiene una econom\u00eda grande: una de las m\u00e1s grandes de Centroam\u00e9rica. M\u00e1s de la mitad de la vida econ\u00f3mica del pa\u00eds se desarrolla en el sector privado.<\/p>\n\n\n\n<p>Algunas de las industrias clave son el papel, el caf\u00e9 y el turismo. La gente tambi\u00e9n se dedica a la miner\u00eda en peque\u00f1a escala. Las piedras y metales preciosos son exportaciones. Aunque esto es algo reciente, ha ido creciendo r\u00e1pidamente. El pa\u00eds tambi\u00e9n exporta productos manufacturados. El sistema exportador ayuda a la riqueza de la econom\u00eda.<\/p>\n\n\n\n<p>El sector primario de Guatemala es la agricultura y los principales cultivos incluyen nuez moscada, ca\u00f1a de az\u00facar, pl\u00e1tano y caf\u00e9. La industria tambi\u00e9n proporciona empleo a muchas personas. Aun as\u00ed, el pa\u00eds corre el riesgo de sufrir el cambio clim\u00e1tico. Siente el efecto m\u00e1s que sus vecinos m\u00e1s cercanos. La falta de lluvia es uno de los principales problemas. Las estaciones secas pueden durar hasta cuatro meses en muchas partes del pa\u00eds. Este fen\u00f3meno tambi\u00e9n ocurre en El Salvador y Honduras, lo que ciertamente no ayuda a la industria. Invertir en el sector agr\u00edcola de Guatemala es arriesgado debido a las frecuentes sequ\u00edas. Aunque este es el caso, al peque\u00f1o pa\u00eds le ha ido bien.<\/p>\n\n\n\n<p>The primary export <a href=\"https:\/\/www.sisinternational.com\/es\/cobertura\/las-americas\/cobertura-de-estados-unidos\/\" title=\"Investigaci\u00f3n de mercado en Estados Unidos\"  data-wpil-monitor-id=\"7783\">market is the United States<\/a> of America. Its other trading partners include El Salvador, Mexico, and Honduras.<\/p>\n\n\n\n<h2 class=\"wp-block-heading\">Base de clientes<\/h2>\n\n\n\n<figure class=\"gb-block-image gb-block-image-34912991\"><img loading=\"lazy\" decoding=\"async\" width=\"1456\" height=\"816\" class=\"gb-image gb-image-34912991\" src=\"https:\/\/www.sisinternational.com\/wp-content\/uploads\/2025\/09\/Guatemala-5.jpg\" alt=\"Investigaci\u00f3n y estrategia de mercado internacional de SIS\" title=\"Guatemala (5)\" srcset=\"https:\/\/www.sisinternational.com\/wp-content\/uploads\/2025\/09\/Guatemala-5.jpg 1456w, https:\/\/www.sisinternational.com\/wp-content\/uploads\/2025\/09\/Guatemala-5-300x168.jpg 300w, https:\/\/www.sisinternational.com\/wp-content\/uploads\/2025\/09\/Guatemala-5-1024x574.jpg 1024w, https:\/\/www.sisinternational.com\/wp-content\/uploads\/2025\/09\/Guatemala-5-768x430.jpg 768w, https:\/\/www.sisinternational.com\/wp-content\/uploads\/2025\/09\/Guatemala-5-18x10.jpg 18w\" sizes=\"auto, (max-width: 1456px) 100vw, 1456px\"><\/figure>\n\n\n\n<p><\/p>\n\n\n\n<p>Las principales exportaciones del pa\u00eds son bienes de capital, bienes de consumo y petr\u00f3leo. La mayor\u00eda de sus importaciones provienen de Estados Unidos. A pesar de estas importaciones, los ciudadanos viven de sus productos agr\u00edcolas. Dependen de sus campos de ma\u00edz y otras frutas y verduras locales.<\/p>\n\n\n\n<h2 class=\"wp-block-heading\">Razones para hacer crecer su negocio en el mercado<\/h2>\n\n\n\n<p>The main reason to grow your business is the country\u2019s location. It is a bridge to a <a href=\"https:\/\/www.sisinternational.com\/es\/pericia\/industrias\/investigacion-de-mercado-de-pueblos-indigenas\/\" title=\"Investigaci\u00f3n de Mercado de Pueblos Ind\u00edgenas\"  data-wpil-monitor-id=\"7797\">market with over 68 million people<\/a>. Also, Guatemala offers perks like free trading with the US and Europe.<\/p>\n\n\n\n<p>Algunas otras ventajas incluyen:<\/p>\n\n\n\n<ul class=\"wp-block-list\">\n<li>Baja tasa impositiva<\/li>\n\n\n\n<li>Bajos \u00edndices de criminalidad en comparaci\u00f3n con otros pa\u00edses.<\/li>\n\n\n\n<li>Una mano de obra calificada.<\/li>\n<\/ul>\n\n\n\n<h2 class=\"wp-block-heading\">Acerca de la Investigaci\u00f3n de Mercados en Guatemala<\/h2>\n\n\n\n<p>Are you looking to invest in Guatemala? Do you want to expand your business to new places? We have given you all the details about the country\u2019s economy and profit potential. <a href=\"https:\/\/www.sisinternational.com\/es\/sis-presenta-una-plataforma-de-analisis-cuantitativo-y-ciencia-de-datos\/\" title=\"SIS presenta plataforma de an\u00e1lisis cuantitativo y ciencia de datos\"  data-wpil-monitor-id=\"7781\">SIS Research gathers Quantitative and Qualitative data<\/a>, and we also offer Strategy Research. We use interviews, surveys, and <a href=\"https:\/\/www.sisinternational.com\/es\/soluciones\/investigacion-de-mercado-de-grupo-focal\/\" title=\"Investigaci\u00f3n de mercado con grupos focales\"  data-wpil-monitor-id=\"7786\">grupos de enfoque<\/a> to help you decide your market strategy. Contact us today for more insights!<\/p>\n\n\n\n<p><\/p>","protected":false},"excerpt":{"rendered":"<p>Descubra c\u00f3mo hacer crecer su organizaci\u00f3n con Investigaci\u00f3n de Mercados en Guatemala.<\/p>","protected":false},"author":1,"featured_media":66276,"parent":14351,"menu_order":10,"comment_status":"closed","ping_status":"closed","template":"","meta":{"footnotes":""},"class_list":["post-38456","page","type-page","status-publish","has-post-thumbnail"],"_links":{"self":[{"href":"https:\/\/www.sisinternational.com\/es\/wp-json\/wp\/v2\/pages\/38456","targetHints":{"allow":["GET"]}}],"collection":[{"href":"https:\/\/www.sisinternational.com\/es\/wp-json\/wp\/v2\/pages"}],"about":[{"href":"https:\/\/www.sisinternational.com\/es\/wp-json\/wp\/v2\/types\/page"}],"author":[{"embeddable":true,"href":"https:\/\/www.sisinternational.com\/es\/wp-json\/wp\/v2\/users\/1"}],"replies":[{"embeddable":true,"href":"https:\/\/www.sisinternational.com\/es\/wp-json\/wp\/v2\/comments?post=38456"}],"version-history":[{"count":4,"href":"https:\/\/www.sisinternational.com\/es\/wp-json\/wp\/v2\/pages\/38456\/revisions"}],"predecessor-version":[{"id":81315,"href":"https:\/\/www.sisinternational.com\/es\/wp-json\/wp\/v2\/pages\/38456\/revisions\/81315"}],"up":[{"embeddable":true,"href":"https:\/\/www.sisinternational.com\/es\/wp-json\/wp\/v2\/pages\/14351"}],"wp:featuredmedia":[{"embeddable":true,"href":"https:\/\/www.sisinternational.com\/es\/wp-json\/wp\/v2\/media\/66276"}],"wp:attachment":[{"href":"https:\/\/www.sisinternational.com\/es\/wp-json\/wp\/v2\/media?parent=38456"}],"curies":[{"name":"wp","href":"https:\/\/api.w.org\/{rel}","templated":true}]}}