{"id":38450,"date":"2021-08-19T04:44:36","date_gmt":"2021-08-19T04:44:36","guid":{"rendered":"https:\/\/www.sisinternational.com\/?page_id=38450"},"modified":"2025-09-14T19:06:59","modified_gmt":"2025-09-14T23:06:59","slug":"investigacion-de-mercado-costa-rica","status":"publish","type":"page","link":"https:\/\/www.sisinternational.com\/es\/cobertura\/latin-america\/investigacion-de-mercado-de-america-latina\/investigacion-de-mercado-costa-rica\/","title":{"rendered":"Investigaci\u00f3n de Mercado en Costa Rica"},"content":{"rendered":"<h1 class=\"wp-block-heading\">Investigaci\u00f3n de Mercado en Costa Rica<\/h1>\n\n\n\n<figure class=\"gb-block-image gb-block-image-10e61012\"><img loading=\"lazy\" decoding=\"async\" width=\"1456\" height=\"816\" class=\"gb-image gb-image-10e61012\" src=\"https:\/\/www.sisinternational.com\/wp-content\/uploads\/2025\/09\/Costa-Rica-2.jpg\" alt=\"Investigaci\u00f3n y estrategia de mercado internacional de SIS\" title=\"Costa Rica (2)\" srcset=\"https:\/\/www.sisinternational.com\/wp-content\/uploads\/2025\/09\/Costa-Rica-2.jpg 1456w, https:\/\/www.sisinternational.com\/wp-content\/uploads\/2025\/09\/Costa-Rica-2-300x168.jpg 300w, https:\/\/www.sisinternational.com\/wp-content\/uploads\/2025\/09\/Costa-Rica-2-1024x574.jpg 1024w, https:\/\/www.sisinternational.com\/wp-content\/uploads\/2025\/09\/Costa-Rica-2-768x430.jpg 768w, https:\/\/www.sisinternational.com\/wp-content\/uploads\/2025\/09\/Costa-Rica-2-18x10.jpg 18w\" sizes=\"auto, (max-width: 1456px) 100vw, 1456px\"><\/figure>\n\n\n\n<p><\/p>\n\n\n\n<h2 class=\"wp-block-heading\">Costa Rica is a strong market in Central America, providing many benefits.<\/h2>\n\n\n\n<p>It is also a member of the World Trade Organization, and as a result, it doesn\u2019t have many trade barriers. The presence of Foreign Trade Agreements also makes it a prime marketplace. These agreements make trade possible between many countries such as Chile, the USA, Mexico, and Canada. This trade provides many benefits for Costa Rica. It also has a social and economic balance, which allows it to handle foreign commerce.<\/p>\n\n\n\n<h2 class=\"wp-block-heading\">Industrias clave<\/h2>\n\n\n\n<p>The primary <a href=\"https:\/\/www.sisinternational.com\/es\/soluciones\/investigacion-de-mercado-de-ia-y-consultoria-estrategica\/adopcion-de-ia-viajes-hospitalidad-turismo-industria-consultoria\/\" title=\"Adopci\u00f3n de IA en la consultor\u00eda de la industria de viajes, hoteler\u00eda y turismo\"  data-wpil-monitor-id=\"7861\">industries in Costa Rica are tourism<\/a>, agriculture, and electrical exports.<\/p>\n\n\n\n<p>Costa Rica recibe capital por la exportaci\u00f3n de pi\u00f1a, pl\u00e1tano y caf\u00e9. Tiene un clima templado y una ubicaci\u00f3n perfecta, y la fruta y el caf\u00e9 contribuyen a su PIB. El sector agr\u00edcola tambi\u00e9n emplea a gran parte de la fuerza laboral del pa\u00eds.<\/p>\n\n\n\n<p>The manufacturing sector is also prominent in Costa Rica. The main <a href=\"https:\/\/www.sisinternational.com\/es\/soluciones\/soluciones-de-branding-e-investigacion-de-clientes\/investigacion-de-mercado-de-pruebas-de-productos\/product-testing-for-consumer-products\/medical-device-product-testing-in-nyc\/\" title=\"Medical Device Product Testing in NYC\"  data-wpil-monitor-id=\"7864\">products are medical<\/a>, electrical, and aerospace devices. It also produces jewelry, clothing, and food products. It is also known for cheese factories and sawmills.<\/p>\n\n\n\n<p>Tourism is a leading sector. It is also the fastest-growing. Many visit because of the country\u2019s natural beauty and attractions. The government is taking measures to develop this sector further.<\/p>\n\n\n\n<h2 class=\"wp-block-heading\">Barrios<\/h2>\n\n\n\n<p>San Jos\u00e9 es la capital y ciudad m\u00e1s grande de Costa Rica. Es rica en cultura e historia y recibe a muchos visitantes cada d\u00eda. Est\u00e1 lleno de gente amigable y atracciones fant\u00e1sticas, y ofrece noches ocupadas y d\u00edas tranquilos y c\u00e1lidos. Los bares y restaurantes en vivo son un placer.<\/p>\n\n\n\n<p>Puerto Lim\u00f3n is the second-largest city in Costa Rica and the most important port for the country. It offers many attractions, such as a volcano, a beach, and parks. Puerto Lim\u00f3n is also famous for its cashew wine, which the locals produce themselves. It houses many bars and restaurants. You will also find a few open-air markets to explore.<\/p>\n\n\n\n<p>Alajuela es la \u201cescapada de verano perfecta\u201d. Tambi\u00e9n es conocida como la \u201cciudad de los mangos\u201d. La agricultura de Alajuela es lo que la hace \u00fanica. Los lugare\u00f1os cultivan ra\u00edces, caf\u00e9 y arroz, y tambi\u00e9n cosechan ca\u00f1a de az\u00facar, ma\u00edz y pl\u00e1tanos. Esta ciudad es rica en vida agr\u00edcola.<\/p>\n\n\n\n<h2 class=\"wp-block-heading\">Tendencias<\/h2>\n\n\n\n<p>Technology is a growing trend in Costa Rica. Thus, it produces many devices. Because of the recent pandemic, this need has increased. The need for social distancing has raised e-commerce rates. Costa Ricans are turning toward tech to help with daily life tasks. Consumers are finding it easier to shop online than head to physical stores. So, online retail <a href=\"https:\/\/www.sisinternational.com\/es\/la-principal-empresa-de-seguimiento-de-tendencias-del-mercado-b2b\/\" title=\"Principal empresa de monitoreo de tendencias del mercado B2B\"  data-wpil-monitor-id=\"7860\">markets take advantage of this trend<\/a>. E-commerce increases ease in shopping for the consumer.<\/p>\n\n\n\n<h2 class=\"wp-block-heading\">Base de consumidores<\/h2>\n\n\n\n<p>Costa Rica is a growing economy, and the <a href=\"https:\/\/www.sisinternational.com\/es\/transportistas-de-bajo-coste-en-la-industria-de-la-aviacion\/\" title=\"Investigaci\u00f3n de mercado de aerol\u00edneas de bajo costo\"  data-wpil-monitor-id=\"7862\">cost of living is low<\/a>. Most of the people are middle-class. The people are open to new <a href=\"https:\/\/www.sisinternational.com\/es\/soluciones\/prueba-de-sabor\/product-testing-for-companies\/\" title=\"Product Testing for Companies\"  data-wpil-monitor-id=\"7865\">companies and products<\/a>. They know about foreign trends, and they value good product quality. Costa Ricans love good product promotion, and it ensures the sale of products. They show brand loyalty to products they already know. When brands do not promote their products, consumers tend not to buy. If the consumer base is not happy, the business will fail.<\/p>\n\n\n\n<h2 class=\"wp-block-heading\">Razones para hacer crecer su negocio en el mercado<\/h2>\n\n\n\n<p>Costa Rica tiene muchas fortalezas. Tiene una ubicaci\u00f3n perfecta en medio del continente americano. Por lo tanto, tiene un excelente acceso al mercado. El pa\u00eds tiene puertos tanto en la costa del Pac\u00edfico como en la del Atl\u00e1ntico. Costa Rica tiene una alta tasa de alfabetizaci\u00f3n. Tambi\u00e9n ofrece tasas impositivas bajas, lo que hace que los inversores est\u00e9n m\u00e1s interesados en el pa\u00eds. Los inversores pagan impuestos en funci\u00f3n de sus ingresos, lo que supone un gran beneficio, especialmente para los reci\u00e9n llegados al mercado. Es f\u00e1cil iniciar un negocio aqu\u00ed y el pa\u00eds est\u00e1 maduro para las inversiones.<\/p>\n\n\n\n<h2 class=\"wp-block-heading\">Acerca de la investigaci\u00f3n en Costa Rica<\/h2>\n\n\n\n<p>Costa Rica is a growing economy. <a href=\"https:\/\/www.sisinternational.com\/es\/cobertura\/las-americas\/cobertura-de-estados-unidos\/\" title=\"Investigaci\u00f3n de mercado en Estados Unidos\"  data-wpil-monitor-id=\"7859\">Estudios de mercado<\/a> is vital to look at the state of the economy. It\u2019s essential to carry out Qualitative, Quantitative, and Strategy research. <a href=\"https:\/\/www.sisinternational.com\/es\/soluciones\/investigacion-de-mercado-de-grupo-focal\/\" title=\"Investigaci\u00f3n de mercado con grupos focales\"  data-wpil-monitor-id=\"7858\">Market Research can also involve Focus Groups<\/a> and Interviews. We also use <a href=\"https:\/\/www.sisinternational.com\/es\/soluciones\/soluciones-de-investigacion-cualitativa-cuantitativa\/encuesta-de-investigacion-de-mercado\/\" title=\"Investigaci\u00f3n de mercado de encuestas\"  data-wpil-monitor-id=\"7863\">Surveys in our research<\/a> efforts. Contact us today for a consultation.<\/p>\n\n\n\n<p><\/p>","protected":false},"excerpt":{"rendered":"<p>Descubra c\u00f3mo hacer crecer su organizaci\u00f3n con Investigaci\u00f3n de Mercados en Costa Rica.<\/p>","protected":false},"author":1,"featured_media":66240,"parent":14351,"menu_order":8,"comment_status":"closed","ping_status":"closed","template":"","meta":{"footnotes":""},"class_list":["post-38450","page","type-page","status-publish","has-post-thumbnail"],"_links":{"self":[{"href":"https:\/\/www.sisinternational.com\/es\/wp-json\/wp\/v2\/pages\/38450","targetHints":{"allow":["GET"]}}],"collection":[{"href":"https:\/\/www.sisinternational.com\/es\/wp-json\/wp\/v2\/pages"}],"about":[{"href":"https:\/\/www.sisinternational.com\/es\/wp-json\/wp\/v2\/types\/page"}],"author":[{"embeddable":true,"href":"https:\/\/www.sisinternational.com\/es\/wp-json\/wp\/v2\/users\/1"}],"replies":[{"embeddable":true,"href":"https:\/\/www.sisinternational.com\/es\/wp-json\/wp\/v2\/comments?post=38450"}],"version-history":[{"count":5,"href":"https:\/\/www.sisinternational.com\/es\/wp-json\/wp\/v2\/pages\/38450\/revisions"}],"predecessor-version":[{"id":81325,"href":"https:\/\/www.sisinternational.com\/es\/wp-json\/wp\/v2\/pages\/38450\/revisions\/81325"}],"up":[{"embeddable":true,"href":"https:\/\/www.sisinternational.com\/es\/wp-json\/wp\/v2\/pages\/14351"}],"wp:featuredmedia":[{"embeddable":true,"href":"https:\/\/www.sisinternational.com\/es\/wp-json\/wp\/v2\/media\/66240"}],"wp:attachment":[{"href":"https:\/\/www.sisinternational.com\/es\/wp-json\/wp\/v2\/media?parent=38450"}],"curies":[{"name":"wp","href":"https:\/\/api.w.org\/{rel}","templated":true}]}}