{"id":38446,"date":"2021-08-19T03:28:13","date_gmt":"2021-08-19T03:28:13","guid":{"rendered":"https:\/\/www.sisinternational.com\/?page_id=38446"},"modified":"2025-09-14T19:11:00","modified_gmt":"2025-09-14T23:11:00","slug":"investigacion-de-mercado-de-cannabis","status":"publish","type":"page","link":"https:\/\/www.sisinternational.com\/es\/pericia\/investigacion-de-mercado-de-cannabis\/","title":{"rendered":"Investigaci\u00f3n de mercado de cannabis"},"content":{"rendered":"<h1 class=\"wp-block-heading\">Investigaci\u00f3n de mercado de cannabis<\/h1>\n\n\n\n<figure class=\"gb-block-image gb-block-image-fb5aba94\"><img loading=\"lazy\" decoding=\"async\" width=\"1456\" height=\"816\" class=\"gb-image gb-image-fb5aba94\" src=\"https:\/\/www.sisinternational.com\/wp-content\/uploads\/2025\/08\/Cannabis-3.jpg\" alt=\"Investigaci\u00f3n y estrategia de mercado internacional de SIS\" title=\"Cannabis (3)\" srcset=\"https:\/\/www.sisinternational.com\/wp-content\/uploads\/2025\/08\/Cannabis-3.jpg 1456w, https:\/\/www.sisinternational.com\/wp-content\/uploads\/2025\/08\/Cannabis-3-300x168.jpg 300w, https:\/\/www.sisinternational.com\/wp-content\/uploads\/2025\/08\/Cannabis-3-1024x574.jpg 1024w, https:\/\/www.sisinternational.com\/wp-content\/uploads\/2025\/08\/Cannabis-3-768x430.jpg 768w, https:\/\/www.sisinternational.com\/wp-content\/uploads\/2025\/08\/Cannabis-3-18x10.jpg 18w\" sizes=\"auto, (max-width: 1456px) 100vw, 1456px\"><\/figure>\n\n\n\n<p><\/p>\n\n\n\n<h2 class=\"wp-block-heading\">\u00bfQu\u00e9 es el CDB?<\/h2>\n\n\n\n<p>El CBD es cannabidiol, que es una sustancia qu\u00edmica de la planta Cannabis sativa. Esta planta tambi\u00e9n se conoce como cannabis o c\u00e1\u00f1amo. La marihuana y el c\u00e1\u00f1amo son los dos tipos de cannabis; la marihuana tiene mucho THC y poco CBD. Los cient\u00edficos cultivan c\u00e1\u00f1amo para eliminar la mayor parte del THC. La estructura qu\u00edmica del CBD no produce exactamente un \u201csubid\u00f3n\u201d. Afecta al cuerpo de otras maneras. Ese &quot;subid\u00f3n&quot; proviene del compuesto &#039;THC&#039;. Por el contrario, el CBD ralentiza las respuestas del cuerpo y calma y relaja al usuario. Muchos usan el CBD como antiinflamatorio y antioxidante.<\/p>\n\n\n\n<p>El <a href=\"https:\/\/www.sisinternational.com\/es\/transportistas-de-bajo-coste-en-la-industria-de-la-aviacion\/\" title=\"Investigaci\u00f3n de mercado de aerol\u00edneas de bajo costo\"  data-wpil-monitor-id=\"7813\">global CBD market<\/a> had a value of US$553.7 million in 2020. Experts expect it to increase tenfold over the <a href=\"https:\/\/www.sisinternational.com\/es\/pericia\/industrias\/investigacion-de-mercado-automotriz\/el-futuro-de-los-vehiculos-electricos-en-estados-unidos\/\" title=\"The Future of Electric Vehicles in the USA &#8211; The Next 5 Years\"  data-wpil-monitor-id=\"7816\">next few years<\/a>.<\/p>\n\n\n\n<p>La FDA aprob\u00f3 recientemente Epidiolex. Este medicamento es el primero derivado del cannabis. Tambi\u00e9n contiene CBD. Los minoristas venden CBD en aceites, aerosoles orales y cremas. Tambi\u00e9n lo encuentras en pastillas y comestibles.<\/p>\n\n\n\n<p>More people are getting into the use of CBD. They seek the benefits without the \u2018high.\u2019 Many parents, \u2018boomers\u2019, and white-collar workers use it. CBD is already legal in many states of America. This fact makes the CBD market an important one in the world.<\/p>\n\n\n\n<h2 class=\"wp-block-heading\">Por qu\u00e9 el cannabis es una industria en crecimiento<\/h2>\n\n\n\n<p>The cannabis industry is one of the fastest-growing in recent times. It has also received much support. Renowned investors and government officials alike are touting its benefits. The plant serves both medicinal and recreational purposes. The Covid-19 pandemic with its lockdowns caused sales of cannabis to increase to a great extent. Another reason for the runaway growth is the fact that more people are <a href=\"https:\/\/www.sisinternational.com\/es\/global-beverage-market\/\" title=\"Global Beverage Market: Market Dynamics, Growth Projections &amp; Consumer Insights\"  data-wpil-monitor-id=\"7819\">consuming<\/a> cannabis than ever before.<\/p>\n\n\n\n<p>El mercado del cannabis ten\u00eda un valor de aproximadamente $20,5 mil millones de d\u00f3lares en 2020. Los expertos esperan que se cuadruplique muy pronto. El crecimiento de esta industria tambi\u00e9n se debe al aumento de la legalizaci\u00f3n del cannabis. La hierba ahora es legal en la mayor\u00eda de los estados. La mayor\u00eda de los consumidores de cannabis tienen trabajo. Una base de consumidores que funcione seguramente har\u00e1 que la industria siga creciendo.<\/p>\n\n\n\n<p>El cannabis tambi\u00e9n es una industria en crecimiento porque es nueva. No es necesario hacer mucho para entrar en ello. Las escuelas est\u00e1n ense\u00f1ando m\u00e1s a los estudiantes sobre el cannabis y la industria est\u00e1 creando m\u00e1s puestos de trabajo. Es una industria estable que no ir\u00e1 a ninguna parte pronto.<\/p>\n\n\n\n<h2 class=\"wp-block-heading\">\u00bfQu\u00e9 son los adapt\u00f3genos?<\/h2>\n\n\n\n<figure class=\"gb-block-image gb-block-image-8e5c6aaa\"><img loading=\"lazy\" decoding=\"async\" width=\"1456\" height=\"816\" class=\"gb-image gb-image-8e5c6aaa\" src=\"https:\/\/www.sisinternational.com\/wp-content\/uploads\/2025\/08\/Cannabis-1.jpg\" alt=\"Investigaci\u00f3n y estrategia de mercado internacional de SIS\" title=\"Cannabis (1)\" srcset=\"https:\/\/www.sisinternational.com\/wp-content\/uploads\/2025\/08\/Cannabis-1.jpg 1456w, https:\/\/www.sisinternational.com\/wp-content\/uploads\/2025\/08\/Cannabis-1-300x168.jpg 300w, https:\/\/www.sisinternational.com\/wp-content\/uploads\/2025\/08\/Cannabis-1-1024x574.jpg 1024w, https:\/\/www.sisinternational.com\/wp-content\/uploads\/2025\/08\/Cannabis-1-768x430.jpg 768w, https:\/\/www.sisinternational.com\/wp-content\/uploads\/2025\/08\/Cannabis-1-18x10.jpg 18w\" sizes=\"auto, (max-width: 1456px) 100vw, 1456px\"><\/figure>\n\n\n\n<p><\/p>\n\n\n\n<p>Los adapt\u00f3genos son plantas delicadas. La naturaleza dise\u00f1\u00f3 estas plantas para ayudar con el estr\u00e9s f\u00edsico y emocional. Proviene de la cultura asi\u00e1tica. Ralentizan los sistemas del cuerpo que se han acelerado. Tambi\u00e9n aceleran estos sistemas cuando son lentos. Hay muchos adapt\u00f3genos diferentes, pero nos centraremos en el cannabis. Aunque no se considera exactamente un adapt\u00f3geno, muestra las mismas propiedades.<\/p>\n\n\n\n<p>El cannabis ayuda a los pacientes a lidiar con el trastorno de estr\u00e9s postraum\u00e1tico debido a eventos traum\u00e1ticos. Lo hace controlando la respuesta de lucha o huida de nuestros cuerpos. Tambi\u00e9n es una opci\u00f3n m\u00e1s segura para personas con problemas con el alcohol. El cannabis ayuda a reducir las posibilidades de desarrollar Alzheimer. La planta tambi\u00e9n combate la diabetes, el c\u00e1ncer, el glaucoma, la depresi\u00f3n y el dolor cr\u00f3nico.<\/p>\n\n\n\n<p>La gente se est\u00e1 alejando del estigma del cannabis. El cannabis no es s\u00f3lo para &quot;fumetas&quot;. Est\u00e1n empezando a ver los beneficios del cannabis para toda la vida, una planta que existe desde hace siglos.<\/p>\n\n\n\n<h2 class=\"wp-block-heading\">Legalizaci\u00f3n<\/h2>\n\n\n\n<p>La legalizaci\u00f3n del cannabis ha sido un debate de actualidad durante muchos a\u00f1os. Muchos est\u00e1n a favor y muchos en contra. La mayor\u00eda ve la legalizaci\u00f3n del cannabis como una raz\u00f3n para su posible abuso. Legalizar el cannabis tanto para uso recreativo como para adultos tiene sus beneficios. Aumenta el crecimiento del empleo, las inversiones y los ingresos fiscales.<\/p>\n\n\n\n<p>The legalization of cannabis is also essential for scientists. They believe that it could help develop cannabis-based medical treatments. This legalization also helps the judicial system. It saves money to tackle serious criminals. It also decreases jail time for these non-violent crimes. Besides, it drives cartels and street gangs out of business. It reduces the violent actions caused by these groups. It also helps the cannabis industry to flourish.<\/p>\n\n\n\n<p>Only a few countries have made the use of cannabis for recreation legal. Still, the penalties for its usage and sale have decreased. It makes it easier to <a href=\"https:\/\/www.sisinternational.com\/es\/establecer-una-empresa-en-turquia\/\" title=\"Establecer una empresa en Turqu\u00eda\"  data-wpil-monitor-id=\"7817\">set up more cannabis businesses<\/a> and trade. Investors are also taking note of this.<\/p>\n\n\n\n<h2 class=\"wp-block-heading\">Por qu\u00e9 es importante la investigaci\u00f3n de mercado<\/h2>\n\n\n\n<p>Companies wishing to enter the cannabis industry will need to carry out <a href=\"https:\/\/www.sisinternational.com\/es\/pericia\/curriculums-de-experiencia\/curriculum-de-experiencia-en-industrias-quimicas-y-energeticas\/\" title=\"Empresa de Investigaci\u00f3n de Mercados Qu\u00edmicos y Energ\u00e9ticos\"  data-wpil-monitor-id=\"7814\">investigaci\u00f3n de mercado<\/a>. It is a new industry. There are still many problems within that have to be fixed. There is also a need to educate investors about the benefits and risks of the industry. Investors <a href=\"https:\/\/www.sisinternational.com\/es\/analysis-b2b\/\" title=\"What Business Leaders Need to Know Right Now\"  data-wpil-monitor-id=\"7818\">need to know<\/a> their consumer base. It is the only way to ensure the <a href=\"https:\/\/www.sisinternational.com\/es\/predictive-analytics\/\" title=\"Predictive Analytics: Your Crystal Ball for Business Success\"  data-wpil-monitor-id=\"7815\">success of a business<\/a>.<\/p>\n\n\n\n<p>\u00bfNecesita informaci\u00f3n sobre la industria del CBD? Brindamos investigaci\u00f3n cualitativa, cuantitativa y estrat\u00e9gica. Tambi\u00e9n ofrecemos grupos focales, entrevistas y encuestas. Contactanos hoy para una consulta.<\/p>\n\n\n\n<p><\/p>","protected":false},"excerpt":{"rendered":"<p>SIS es una empresa l\u00edder en investigaci\u00f3n de mercados globales. Descubra c\u00f3mo hacer crecer su negocio con Cannabis Market Research.<\/p>","protected":false},"author":1,"featured_media":63940,"parent":14514,"menu_order":73,"comment_status":"closed","ping_status":"closed","template":"","meta":{"footnotes":""},"class_list":["post-38446","page","type-page","status-publish","has-post-thumbnail"],"_links":{"self":[{"href":"https:\/\/www.sisinternational.com\/es\/wp-json\/wp\/v2\/pages\/38446","targetHints":{"allow":["GET"]}}],"collection":[{"href":"https:\/\/www.sisinternational.com\/es\/wp-json\/wp\/v2\/pages"}],"about":[{"href":"https:\/\/www.sisinternational.com\/es\/wp-json\/wp\/v2\/types\/page"}],"author":[{"embeddable":true,"href":"https:\/\/www.sisinternational.com\/es\/wp-json\/wp\/v2\/users\/1"}],"replies":[{"embeddable":true,"href":"https:\/\/www.sisinternational.com\/es\/wp-json\/wp\/v2\/comments?post=38446"}],"version-history":[{"count":4,"href":"https:\/\/www.sisinternational.com\/es\/wp-json\/wp\/v2\/pages\/38446\/revisions"}],"predecessor-version":[{"id":81319,"href":"https:\/\/www.sisinternational.com\/es\/wp-json\/wp\/v2\/pages\/38446\/revisions\/81319"}],"up":[{"embeddable":true,"href":"https:\/\/www.sisinternational.com\/es\/wp-json\/wp\/v2\/pages\/14514"}],"wp:featuredmedia":[{"embeddable":true,"href":"https:\/\/www.sisinternational.com\/es\/wp-json\/wp\/v2\/media\/63940"}],"wp:attachment":[{"href":"https:\/\/www.sisinternational.com\/es\/wp-json\/wp\/v2\/media?parent=38446"}],"curies":[{"name":"wp","href":"https:\/\/api.w.org\/{rel}","templated":true}]}}