{"id":38424,"date":"2021-08-19T01:28:50","date_gmt":"2021-08-19T01:28:50","guid":{"rendered":"https:\/\/www.sisinternational.com\/?page_id=38424"},"modified":"2025-09-14T19:42:24","modified_gmt":"2025-09-14T23:42:24","slug":"investigacion-de-mercado-irak","status":"publish","type":"page","link":"https:\/\/www.sisinternational.com\/es\/cobertura\/investigacion-de-mercado-oriente-medio\/investigacion-de-mercado-irak\/","title":{"rendered":"Investigaci\u00f3n de mercado en Irak"},"content":{"rendered":"<h1 class=\"wp-block-heading\">Investigaci\u00f3n de mercado en Irak<\/h1>\n\n\n\n<figure class=\"gb-block-image gb-block-image-28003950\"><img loading=\"lazy\" decoding=\"async\" width=\"1456\" height=\"816\" class=\"gb-image gb-image-28003950\" src=\"https:\/\/www.sisinternational.com\/wp-content\/uploads\/2025\/08\/Iraq-2.jpg\" alt=\"Investigaci\u00f3n y estrategia de mercado internacional de SIS\" title=\"Iraq (2)\" srcset=\"https:\/\/www.sisinternational.com\/wp-content\/uploads\/2025\/08\/Iraq-2.jpg 1456w, https:\/\/www.sisinternational.com\/wp-content\/uploads\/2025\/08\/Iraq-2-300x168.jpg 300w, https:\/\/www.sisinternational.com\/wp-content\/uploads\/2025\/08\/Iraq-2-1024x574.jpg 1024w, https:\/\/www.sisinternational.com\/wp-content\/uploads\/2025\/08\/Iraq-2-768x430.jpg 768w, https:\/\/www.sisinternational.com\/wp-content\/uploads\/2025\/08\/Iraq-2-18x10.jpg 18w\" sizes=\"auto, (max-width: 1456px) 100vw, 1456px\"><\/figure>\n\n\n\n<hr class=\"wp-block-separator has-alpha-channel-opacity is-style-dots\"\/>\n\n\n\n<p><span style=\"font-weight: 400;\">\u00bfSe ha preguntado alguna vez sobre el potencial sin explotar del mercado iraqu\u00ed? Con su rica historia, su diversa demograf\u00eda y su econom\u00eda en evoluci\u00f3n, Irak presenta una infinidad de oportunidades para las empresas. Con una investigaci\u00f3n de mercado estrat\u00e9gica en Irak, las empresas globales pueden capitalizar este mercado en crecimiento.<\/span><\/p>\n\n\n\n<h2 class=\"wp-block-heading\"><strong>\u00bfQu\u00e9 es la investigaci\u00f3n de mercado en Irak?<\/strong><\/h2>\n\n\n\n<p><span style=\"font-weight: 400;\">La investigaci\u00f3n de mercado en Irak analiza datos relacionados con el mercado iraqu\u00ed para obtener informaci\u00f3n sobre el comportamiento del consumidor, las tendencias del mercado, las estrategias de la competencia y las oportunidades comerciales.&nbsp;<\/span><\/p>\n\n\n\n<p><span style=\"font-weight: 400;\">Market research in Iraq aims to provide businesses with actionable insights and strategic recommendations that enable informed decision-making and market entry strategies. Actually, by understanding the Iraqi market landscape, including regulatory frameworks, cultural nuances, and consumer preferences, businesses can mitigate risks, identify growth opportunities, and optimize their <a href=\"https:\/\/www.sisinternational.com\/es\/la-crisis-mundial-del-talento-un-libro-blanco-de-ruth-stanat\/\" title=\"Investigaci\u00f3n de Mercado de Gesti\u00f3n del Talento\"  data-wpil-monitor-id=\"11116\">market penetration strategies<\/a> effectively.<\/span><\/p>\n\n\n\n<h2 class=\"wp-block-heading\"><strong>\u00bfPor qu\u00e9 las empresas necesitan estudios de mercado en Irak?<\/strong><\/h2>\n\n\n\n<p><span style=\"font-weight: 400;\">La investigaci\u00f3n de mercado en Irak descubre oportunidades sin explotar en el mercado iraqu\u00ed, incluidas tendencias de consumo emergentes, nichos de mercado y necesidades insatisfechas. Al analizar los datos del mercado y las opiniones de los consumidores, las empresas pueden identificar brechas en el mercado y desarrollar productos o servicios innovadores que tengan eco en los consumidores iraqu\u00edes.<\/span><\/p>\n\n\n\n<p><span style=\"font-weight: 400;\">Additionally, market research in Iraq helps businesses assess these risks, identify potential pitfalls, and develop risk mitigation strategies to safeguard their investments and operations in Iraq.<\/span><\/p>\n\n\n\n<p><span style=\"font-weight: 400;\">It also provides valuable insights into market entry barriers, competitive landscape, and consumer preferences, enabling businesses to tailor their strategies for success in Iraq.<\/span><\/p>\n\n\n\n<h2 class=\"wp-block-heading\"><strong>Nuestra revisi\u00f3n del mercado actual y recomendaciones<\/strong><\/h2>\n\n\n\n<p><span style=\"font-weight: 400;\">Observamos que la econom\u00eda iraqu\u00ed ha experimentado una recuperaci\u00f3n y un crecimiento graduales despu\u00e9s de a\u00f1os de conflicto e inestabilidad. Sectores clave como el petr\u00f3leo y el gas, la construcci\u00f3n, las telecomunicaciones y el comercio minorista impulsan la actividad econ\u00f3mica y atraen inversiones. Sin embargo, las actuales tensiones pol\u00edticas, preocupaciones de seguridad y desaf\u00edos de infraestructura contin\u00faan impactando la din\u00e1mica del mercado.<\/span><\/p>\n\n\n\n<p><span style=\"font-weight: 400;\">A pesar de los desaf\u00edos, Irak presenta un potencial de crecimiento significativo para las empresas que enfrentan sus complejidades. Con una poblaci\u00f3n joven y en crecimiento, una urbanizaci\u00f3n cada vez mayor y ambiciosos proyectos de infraestructura planificados para el futuro, el mercado iraqu\u00ed ofrece diversas oportunidades en varios sectores. Las empresas deben seguir de cerca la evoluci\u00f3n y adaptar estrategias para capitalizar las tendencias emergentes y los cambios del mercado.<\/span><\/p>\n\n\n\n<p><b><i>Retorno de la inversi\u00f3n potencial<\/i><\/b><b>:&nbsp;<\/b><\/p>\n\n\n\n<p><span style=\"font-weight: 400;\">While investing in the Iraqi market presents risks, businesses that approach the market strategically and with a long-term perspective can achieve significant returns on investment. By leveraging market research insights, developing tailored <a href=\"https:\/\/www.sisinternational.com\/es\/soluciones\/si-crecimiento-global\/estrategia-de-entrada-al-mercado\/\" title=\"Consultor\u00eda de entrada al mercado\"  data-wpil-monitor-id=\"11114\">estrategias de entrada al mercado<\/a>, and building strong local partnerships, businesses can mitigate risks and capitalize on growth opportunities, ultimately maximizing ROI.<\/span><\/p>\n\n\n\n<h2 class=\"wp-block-heading\"><strong>Resultados esperados de los servicios de investigaci\u00f3n de mercado de SIS en Irak<\/strong><\/h2>\n\n\n\n<p><span style=\"font-weight: 400;\"><a href=\"https:\/\/www.sisinternational.com\/es\/soluciones\/soluciones-de-branding-e-investigacion-de-clientes\/investigacion-de-mercado-de-pruebas-de-productos\/prueba-de-sabor-de-alimentos-de-sis-international\/\" title=\"\u00bfQu\u00e9 hace que SIS International Research sea la principal empresa de investigaci\u00f3n de mercados para pruebas de sabor de alimentos en la ciudad de Nueva York?\"  data-wpil-monitor-id=\"11117\">SIS International&#8217;s market research<\/a> services in Iraq are designed to deliver tangible results and actionable insights that drive business success. Here&#8217;s what businesses can expect from our services:<\/span><\/p>\n\n\n\n<p><b>Informaci\u00f3n integral del mercado<\/b><span style=\"font-weight: 400;\">:&nbsp;<\/span><\/p>\n\n\n\n<p><span style=\"font-weight: 400;\">A trav\u00e9s de <\/span><a href=\"https:\/\/twitter.com\/SISIntlResearch\" target=\"_blank\" rel=\"noopener\"><span style=\"font-weight: 400;\">SIS<\/span><\/a><span style=\"font-weight: 400;\"> rigorous research methodologies and in-depth analysis, businesses can expect a comprehensive understanding of the Iraqi market landscape, including consumer behavior, market trends, competitive dynamics, and regulatory environment.&nbsp;<\/span><\/p>\n\n\n\n<p><b>Estrategias de mitigaci\u00f3n de riesgos<\/b><span style=\"font-weight: 400;\">:&nbsp;<\/span><\/p>\n\n\n\n<p><span style=\"font-weight: 400;\">Al identificar riesgos y desaf\u00edos potenciales en el mercado iraqu\u00ed, SIS International ayuda a las empresas a desarrollar estrategias de mitigaci\u00f3n de riesgos para salvaguardar sus inversiones y operaciones.&nbsp;<\/span><\/p>\n\n\n\n<p><b>Retorno de la inversi\u00f3n optimizado<\/b><span style=\"font-weight: 400;\">:&nbsp;<\/span><\/p>\n\n\n\n<p><span style=\"font-weight: 400;\">Nuestro <a href=\"https:\/\/www.sisinternational.com\/es\/soluciones\/investigacion-de-consultoria-estrategica-fintech\/investigacion-de-mercado-de-servicios-financieros-de-asia\/\" title=\"Investigaci\u00f3n de mercado de servicios financieros de Asia\" data-wpil-monitor-id=\"11118\">market research services<\/a> aim to optimize return on investment for businesses operating in Iraq. Providing actionable insights and strategic recommendations, we help companies allocate resources effectively, identify growth opportunities, and maximize ROI in the Iraqi market.<\/span><\/p>\n\n\n\n<p><b>Ventaja competitiva<\/b><span style=\"font-weight: 400;\">:&nbsp;<\/span><\/p>\n\n\n\n<p><span style=\"font-weight: 400;\"><a href=\"https:\/\/www.sisinternational.com\/es\/dia-de-san-valentin-como-tu-empresa-puede-sentir-el-amor\/\" title=\"Investigaci\u00f3n de mercado del d\u00eda de San Valent\u00edn: c\u00f3mo su empresa puede sentir el amor\" data-wpil-monitor-id=\"11115\">Businesses that leverage SIS International&#8217;s market research<\/a> services gain a competitive advantage in Iraq&#8217;s marketplace. Our insights enable companies to differentiate themselves from competitors, capitalize on market opportunities, and outperform rivals, ultimately driving sustainable growth and success.<\/span><\/p>\n\n\n\n<h2 class=\"wp-block-heading\">Industrias clave<\/h2>\n\n\n\n<p>La agricultura, los servicios y el petr\u00f3leo son los principales sectores. Todos ellos act\u00faan para impulsar la econom\u00eda.<\/p>\n\n\n\n<p>The oil sector of Iraq plays a vital role in the country\u2019s growth. Oil production and sales contribute a vast amount to increasing the country&#8217;s GDP. This sector also provides the majority of the government\u2019s revenue. Iraq is another gem in the world\u2019s oil market, producing millions of barrels daily and a large portion of the world\u2019s total oil supply.<\/p>\n\n\n\n<p>Agriculture also forms part of the country\u2019s GDP. Another key point about this sector is that it employs a lot of the workforce. Past wars have affected this sector. Still, Iraq has taken measures to rebuild it. It has become more modernized with irrigation systems used in many farms. These advances further increase the amount of produce the country harvests. Wheat, barley, rice, and fruit and vegetables are the primary crops. Iraq is also a large-scale producer and exporter of dates.<\/p>\n\n\n\n<p>El sector de servicios es un motor econ\u00f3mico fundamental en Irak. Implica finanzas, comercio minorista, seguridad, transporte y servicios gubernamentales. Adem\u00e1s, es importante tener en cuenta la fuente de financiaci\u00f3n. Los ingresos del petr\u00f3leo ayudan a financiar la mayor\u00eda de los proyectos llevados a cabo por la industria de servicios.<\/p>\n\n\n\n<h2 class=\"wp-block-heading\"><strong>Actores l\u00edderes en industrias clave en Irak<\/strong><\/h2>\n\n\n\n<p><span style=\"font-weight: 400;\">En el din\u00e1mico panorama empresarial de Irak, varios actores l\u00edderes dominan industrias clave, impulsando la innovaci\u00f3n, el crecimiento y la competitividad del mercado. Estas son algunas de las empresas y marcas l\u00edderes en sectores clave en Irak:<\/span><\/p>\n\n\n\n<ul class=\"wp-block-list\">\n<li><b>Compa\u00f1\u00eda Nacional de Petr\u00f3leo de Irak (INOC):<\/b><span style=\"font-weight: 400;\"> Como entidad estatal responsable del sector de petr\u00f3leo y gas de Irak, INOC desempe\u00f1a un papel central en la gesti\u00f3n y el desarrollo de las reservas de petr\u00f3leo del pa\u00eds.<\/span><\/li>\n\n\n\n<li><b>BP, ExxonMobil, Shell:<\/b><span style=\"font-weight: 400;\"> Las compa\u00f1\u00edas petroleras internacionales (IOC) como BP, ExxonMobil y Shell participan en diversos proyectos de exploraci\u00f3n, producci\u00f3n y desarrollo de petr\u00f3leo y gas en Irak a trav\u00e9s de asociaciones y empresas conjuntas.<\/span><\/li>\n\n\n\n<li><b>Construcci\u00f3n Orascom:<\/b><span style=\"font-weight: 400;\"> Orascom Construction, una empresa constructora l\u00edder a nivel internacional, ha participado en varios proyectos de infraestructura en Irak, incluidos caminos, puentes y servicios p\u00fablicos.<\/span><\/li>\n\n\n\n<li><b>LafargeHolcim:<\/b><span style=\"font-weight: 400;\"> LafargeHolcim, l\u00edder mundial en materiales de construcci\u00f3n, ofrece soluciones de cemento y hormig\u00f3n para proyectos de construcci\u00f3n en Irak.<\/span><\/li>\n\n\n\n<li><b>Zain Irak: <\/b><span style=\"font-weight: 400;\">Zain Iraq, una filial de Zain Group, es uno de los principales operadores de telecomunicaciones de Iraq y ofrece servicios m\u00f3viles y de datos a millones de suscriptores en todo el pa\u00eds.<\/span><\/li>\n\n\n\n<li><b>Asiacell: <\/b><span style=\"font-weight: 400;\">Asiacell, parte del Grupo Ooredoo, es otro importante operador de telecomunicaciones en Irak. Ofrece servicios m\u00f3viles, de Internet y de valor agregado a los consumidores iraqu\u00edes.<\/span><\/li>\n\n\n\n<li><b>Carrefour:<\/b><span style=\"font-weight: 400;\"> Carrefour, una corporaci\u00f3n minorista multinacional, opera hipermercados y supermercados en Irak y ofrece una amplia gama de bienes de consumo y productos para el hogar.<\/span><\/li>\n\n\n\n<li><b>Jawad Al Kharsa &amp; Co.:<\/b><span style=\"font-weight: 400;\"> Jawad Al Kharsa &amp; Co. es un grupo minorista l\u00edder en Irak, con una cartera diversa de marcas minoristas en sectores como la moda, la electr\u00f3nica y los electrodom\u00e9sticos.<\/span><\/li>\n\n\n\n<li><span style=\"font-weight: 400;\">\u00a0Rotana Hotels, a leading <a href=\"https:\/\/www.sisinternational.com\/es\/soluciones\/consultoria-de-hosteleria-y-turismo-en-viajes\/empresa-de-gestion-hotelera-investigacion-de-mercado-consultoria-estrategica\/\" title=\"Empresa de gesti\u00f3n hotelera Investigaci\u00f3n de mercados y consultor\u00eda estrat\u00e9gica\" data-wpil-monitor-id=\"11121\">hotel management company<\/a>, operates several luxury hotels and resorts in Iraq, catering to business and leisure travelers.<\/span><\/li>\n\n\n\n<li><b>Hotel Sheraton Bagdad:<\/b><span style=\"font-weight: 400;\"> Este destacado hito de la ciudad ofrece alojamiento, restaurantes e instalaciones para eventos de lujo para los viajeros que visitan la capital de Irak.<\/span><\/li>\n<\/ul>\n\n\n\n<h2 class=\"wp-block-heading\">Barrios<\/h2>\n\n\n\n<h3 class=\"wp-block-heading\">Bagdad<\/h3>\n\n\n\n<p>Bagdad es la capital y la ciudad m\u00e1s grande de Irak. La ciudad es tambi\u00e9n la segunda m\u00e1s grande del mundo \u00e1rabe y de Asia occidental. Su ubicaci\u00f3n le ha permitido evolucionar y comerciar a lo largo del Tigris. Entonces, el Tigris no solo suministra agua para aliviar el clima seco y la sequ\u00eda, sino que tambi\u00e9n es un sitio comercial y cultural para la gente. Este r\u00edo tambi\u00e9n separa Bagdad en Risafa al este y Karkh al oeste. La ciudad en s\u00ed ciertamente contribuye al PIB.<\/p>\n\n\n\n<h3 class=\"wp-block-heading\">Basora<\/h3>\n\n\n\n<p>Basora es la segunda ciudad m\u00e1s grande de Irak. Es una ciudad portuaria en general, pero tambi\u00e9n beneficia a los agricultores. Numerosos arroyos y canales corren por todas partes y sirven de riego. La econom\u00eda de Basora tambi\u00e9n depende de la industria petrolera.<\/p>\n\n\n\n<h3 class=\"wp-block-heading\">Hill\u00e1<\/h3>\n\n\n\n<p>Hillah se encuentra en una regi\u00f3n rica en agricultura en el centro de Irak. Est\u00e1 cerca del brazo Hillah del r\u00edo \u00c9ufrates, cerca de las ruinas de la antigua Babilonia. Esta ciudad es un patio de recreo cultural. Las granjas de Hillah producen cultivos, frutas y textiles.<\/p>\n\n\n\n<h2 class=\"wp-block-heading\">Tendencias<\/h2>\n\n\n\n<p>Some of the major trends happening in Iraq now are real estate and eCommerce. More companies are looking to cement their place in the country and the economy. Thus, they buy long-term office spaces and land. It also allows them to become more engaged with the consumers and people.<\/p>\n\n\n\n<p>Technology is another growing trend in Iraq and the world. When Covid-19 hit, access to many stores was put on hold. As a result, more people are getting involved in e-commerce. <a href=\"https:\/\/www.sisinternational.com\/es\/pericia\/industrias\/investigacion-de-mercado-de-entrega-de-alimentos-en-linea\/\" title=\"Investigaci\u00f3n de mercado de entrega de alimentos en l\u00ednea\" data-wpil-monitor-id=\"11124\">Food delivery and online<\/a> grocery shopping had a rapid increase.<\/p>\n\n\n\n<h2 class=\"wp-block-heading\">Beneficios y Fortalezas del Mercado<\/h2>\n\n\n\n<p>El mercado iraqu\u00ed se destaca por algunos beneficios. Por un lado, Irak es uno de los principales proveedores de petr\u00f3leo del mundo y uno de los miembros originales de la Organizaci\u00f3n de Pa\u00edses Exportadores de Petr\u00f3leo (OPEP).<\/p>\n\n\n\n<p>El pa\u00eds tiene miles de millones de barriles en reservas probadas de petr\u00f3leo, lo que lo convierte en uno de los mayores productores del mundo.<\/p>\n\n\n\n<p>Otro punto fuerte del mercado es su apoyo internacional. Irak todav\u00eda recibe apoyo de las Naciones Unidas.<\/p>\n\n\n\n<p>The country also receives other international financial support, such as the IMF and bilateral loans.<\/p>\n\n\n\n<p>Iraq has a robust labor force because almost two-thirds of the population is under 30. The youth of Iraq are eager to show their creativity in business ventures. The labor force has seen a huge increase compared to recent years. Thus, companies don\u2019t have to search far for talent.<\/p>\n\n\n\n<h2 class=\"wp-block-heading\">Base de consumidores<\/h2>\n\n\n\n<p>Iraq&#8217;s consumer base is neither too strong nor too weak. Consumer spending has also been increasing over the years, and the employment rate is likely to increase. Companies need consumer loyalty for their survival. Consumers, on the other hand, need product security and excellent customer service. In fact, the consumer base will increase if people get the right incentives.<\/p>\n\n\n\n<h2 class=\"wp-block-heading\">Razones para hacer crecer su negocio en el mercado<\/h2>\n\n\n\n<p>Irak tiene recursos naturales, tierras f\u00e9rtiles y gente inteligente. El pa\u00eds tambi\u00e9n ha sido v\u00edctima de una mala gesti\u00f3n, pero esto est\u00e1 cambiando.<\/p>\n\n\n\n<p>Irak se ha visto afectado por muchos conflictos a lo largo de los a\u00f1os. A\u00fan as\u00ed, tiene muchas oportunidades para los inversores tolerantes al riesgo. Casi todos los sectores necesitan inversi\u00f3n, y los 40 millones de habitantes del pa\u00eds son un mercado hambriento de nueva vida.<\/p>\n\n\n\n<p>There has been a dramatic improvement in Iraq\u2019s security problem. The number of people killed in attacks has decreased in recent years. The increasing safety is a benefit. It makes the thought of investment in Iraq more palatable. Still, it may be hard for foreign companies because of the stigma toward them.<\/p>\n\n\n\n<h2 class=\"wp-block-heading\"><strong>Oportunidades en Irak para empresas<\/strong><\/h2>\n\n\n\n<p><span style=\"font-weight: 400;\">A pesar de los desaf\u00edos, Irak presenta importantes oportunidades para las empresas de diversos sectores. A continuaci\u00f3n se presentan algunas oportunidades clave para las empresas que operan en Irak:<\/span><\/p>\n\n\n\n<ul class=\"wp-block-list\">\n<li><b>Desarrollo de infraestructura<\/b><span style=\"font-weight: 400;\">: Con los esfuerzos de reconstrucci\u00f3n en curso y la inversi\u00f3n en proyectos de infraestructura, existen amplias oportunidades para las empresas de construcci\u00f3n, ingenier\u00eda y desarrollo de infraestructura. Los proyectos incluyen la construcci\u00f3n de carreteras, la construcci\u00f3n de nuevas instalaciones y la mejora de los servicios p\u00fablicos.<\/span><\/li>\n\n\n\n<li><b>Petr\u00f3leo y gas<\/b><span style=\"font-weight: 400;\">: Las abundantes reservas de petr\u00f3leo de Irak lo convierten en un destino atractivo para la inversi\u00f3n en el sector del petr\u00f3leo y el gas. Existen oportunidades para la exploraci\u00f3n, producci\u00f3n, refinaci\u00f3n y desarrollo de infraestructura y en industrias relacionadas como log\u00edstica, servicios y tecnolog\u00eda.<\/span><\/li>\n\n\n\n<li><b>Telecomunicaciones<\/b><span style=\"font-weight: 400;\">: El sector de las telecomunicaciones en Irak ofrece oportunidades para las empresas que brindan servicios m\u00f3viles, de Internet y digitales. Con una demanda creciente de conectividad y redes en expansi\u00f3n, hay espacio para invertir en infraestructura, tecnolog\u00eda y servicios de valor agregado.<\/span><\/li>\n\n\n\n<li><b>Agricultura y procesamiento de alimentos<\/b><span style=\"font-weight: 400;\">: La agricultura sigue siendo un sector vital en Irak, con oportunidades de inversi\u00f3n en cultivos, ganader\u00eda y empresas agroindustriales. Existe una demanda de pr\u00e1cticas agr\u00edcolas modernas, sistemas de riego e instalaciones de procesamiento de alimentos.<\/span><\/li>\n<\/ul>\n\n\n\n<h2 class=\"wp-block-heading\"><strong>Desaf\u00edos de hacer negocios en Irak<\/strong><\/h2>\n\n\n\n<p><span style=\"font-weight: 400;\">While Iraq presents lucrative opportunities, businesses must face several challenges when operating there. Here are some of the key challenges:<\/span><\/p>\n\n\n\n<ul class=\"wp-block-list\">\n<li><b>Preocupaciones de seguridad<\/b><span style=\"font-weight: 400;\">: Irak ha enfrentado desaf\u00edos de seguridad debido a la inestabilidad pol\u00edtica, el terrorismo y el conflicto armado. Los riesgos de seguridad, incluidos el terrorismo, la insurgencia y los disturbios civiles, pueden alterar las operaciones comerciales, amenazar la seguridad de los empleados y da\u00f1ar la infraestructura.<\/span><\/li>\n\n\n\n<li><b>Inestabilidad pol\u00edtica<\/b><span style=\"font-weight: 400;\">: El panorama pol\u00edtico de Irak se caracteriza por la volatilidad, con frecuentes cambios de gobierno y tensiones pol\u00edticas entre diferentes facciones. La inestabilidad pol\u00edtica puede crear incertidumbre empresarial, impactando las decisiones de inversi\u00f3n, los entornos regulatorios y la din\u00e1mica del mercado.<\/span><\/li>\n\n\n\n<li><b>Deficiencias de infraestructura<\/b><span style=\"font-weight: 400;\">: La infraestructura de Irak, incluidas carreteras, servicios p\u00fablicos y telecomunicaciones, adolece de deficiencias y requiere importantes inversiones para mejorarla. Una infraestructura deficiente puede obstaculizar las operaciones comerciales, aumentar los costos y limitar el acceso a los mercados, particularmente en \u00e1reas remotas o afectadas por conflictos.<\/span><\/li>\n\n\n\n<li><b>Corrupci\u00f3n y burocracia<\/b><span style=\"font-weight: 400;\">: La corrupci\u00f3n y las ineficiencias burocr\u00e1ticas prevalecen en Irak, lo que plantea desaf\u00edos para las empresas a la hora de obtener permisos, licencias y aprobaciones. La corrupci\u00f3n puede aumentar los costos, retrasar proyectos y socavar la integridad empresarial, lo que obliga a las empresas a navegar con cuidado en entornos regulatorios complejos.<\/span><\/li>\n\n\n\n<li><b>Limitaciones del capital humano<\/b><span style=\"font-weight: 400;\">: Irak enfrenta escasez de mano de obra calificada, particularmente en industrias especializadas como ingenier\u00eda, atenci\u00f3n m\u00e9dica y tecnolog\u00eda. Las empresas pueden tener dificultades para reclutar y retener talento calificado, lo que puede afectar la productividad, la innovaci\u00f3n y la competitividad.<\/span><\/li>\n\n\n\n<li><b>Volatilidad de la moneda<\/b>: El dinar iraqu\u00ed (IQD) de Irak est\u00e1 sujeto a volatilidad y fluctuaciones frente a las principales monedas, como el d\u00f3lar estadounidense. La volatilidad de las divisas puede afectar la planificaci\u00f3n empresarial, las previsiones financieras y la rentabilidad, lo que exige que las empresas gestionen los riesgos cambiarios de forma eficaz.<\/li>\n<\/ul>\n\n\n\n<h2 class=\"wp-block-heading\">Nuestra ubicaci\u00f3n de instalaciones en Nueva York<\/h2>\n\n\n\n<p>  <iframe loading=\"lazy\" src=\"https:\/\/www.google.com\/maps\/embed?pb=!1m18!1m12!1m3!1d3022.976188376966!2d-73.99130312499956!3d40.740549471389315!2m3!1f0!2f0!3f0!3m2!1i1024!2i768!4f13.1!3m3!1m2!1s0x89c259a15798c731%3A0xd695d09bdd495f25!2s11%20E%2022nd%20St%20FL%202%2C%20New%20York%2C%20NY%2010010%2C%20USA!5e0!3m2!1sen!2spe!4v1726171763526!5m2!1sen!2spe\" width=\"600\" height=\"450\" allowfullscreen=\"allowfullscreen\" data-mce-fragment=\"1\"><\/iframe>  <\/p>\n\n\n\n<h3 class=\"wp-block-heading\">11 E 22nd Street, piso 2, Nueva York, NY 10010 T: +1(212) 505-6805<\/h3>\n\n\n\n<hr class=\"wp-block-separator has-alpha-channel-opacity\"\/>\n\n\n\n<h2 class=\"wp-block-heading\"><span style=\"font-weight: 400;\">Acerca de SIS Internacional<\/span><\/h2>\n\n\n\n<p><a href=\"https:\/\/www.sisinternational.com\/es\/\"><span style=\"font-weight: 400;\">SIS Internacional<\/span><\/a><span style=\"font-weight: 400;\"> offers Quantitative, Qualitative, and Strategy Research. We provide data, tools, strategies, reports, and insights for decision-making. We also conduct interviews, surveys, focus groups, and other <a href=\"https:\/\/www.sisinternational.com\/es\/quantitative-market-research-methods-and-techniques\/\" title=\"Quantitative Market Research Methods and Techniques\" data-wpil-monitor-id=\"11119\">Market Research methods<\/a> and approaches.<\/span><a href=\"https:\/\/www.sisinternational.com\/es\/sobre-la-investigacion-internacional-de-sis\/contact-sis-international-market-research\/\"><span style=\"font-weight: 400;\"> P\u00f3ngase en contacto con nosotros<\/span><\/a><span style=\"font-weight: 400;\"> para su pr\u00f3ximo proyecto de Investigaci\u00f3n de Mercado.<\/span><\/p>\n\n\n\n<p><\/p>\n\n\n\n<p><\/p>","protected":false},"excerpt":{"rendered":"<p>Descubra c\u00f3mo hacer crecer su organizaci\u00f3n con la investigaci\u00f3n de mercado en Irak.<\/p>","protected":false},"author":1,"featured_media":65064,"parent":36619,"menu_order":4,"comment_status":"closed","ping_status":"closed","template":"","meta":{"footnotes":""},"class_list":["post-38424","page","type-page","status-publish","has-post-thumbnail"],"_links":{"self":[{"href":"https:\/\/www.sisinternational.com\/es\/wp-json\/wp\/v2\/pages\/38424","targetHints":{"allow":["GET"]}}],"collection":[{"href":"https:\/\/www.sisinternational.com\/es\/wp-json\/wp\/v2\/pages"}],"about":[{"href":"https:\/\/www.sisinternational.com\/es\/wp-json\/wp\/v2\/types\/page"}],"author":[{"embeddable":true,"href":"https:\/\/www.sisinternational.com\/es\/wp-json\/wp\/v2\/users\/1"}],"replies":[{"embeddable":true,"href":"https:\/\/www.sisinternational.com\/es\/wp-json\/wp\/v2\/comments?post=38424"}],"version-history":[{"count":7,"href":"https:\/\/www.sisinternational.com\/es\/wp-json\/wp\/v2\/pages\/38424\/revisions"}],"predecessor-version":[{"id":68600,"href":"https:\/\/www.sisinternational.com\/es\/wp-json\/wp\/v2\/pages\/38424\/revisions\/68600"}],"up":[{"embeddable":true,"href":"https:\/\/www.sisinternational.com\/es\/wp-json\/wp\/v2\/pages\/36619"}],"wp:featuredmedia":[{"embeddable":true,"href":"https:\/\/www.sisinternational.com\/es\/wp-json\/wp\/v2\/media\/65064"}],"wp:attachment":[{"href":"https:\/\/www.sisinternational.com\/es\/wp-json\/wp\/v2\/media?parent=38424"}],"curies":[{"name":"wp","href":"https:\/\/api.w.org\/{rel}","templated":true}]}}