{"id":38376,"date":"2021-08-13T13:38:10","date_gmt":"2021-08-13T13:38:10","guid":{"rendered":"https:\/\/www.sisinternational.com\/?page_id=38376"},"modified":"2025-09-14T18:33:54","modified_gmt":"2025-09-14T22:33:54","slug":"investigacion-de-mercado-de-vapeo","status":"publish","type":"page","link":"https:\/\/www.sisinternational.com\/es\/pericia\/investigacion-de-mercado-de-vapeo\/","title":{"rendered":"Investigaci\u00f3n de mercado de vapeo"},"content":{"rendered":"<h1 class=\"wp-block-heading\">Investigaci\u00f3n de mercado de vapeo<\/h1>\n\n\n\n<figure class=\"gb-block-image gb-block-image-d904fa7c\"><img loading=\"lazy\" decoding=\"async\" width=\"1456\" height=\"816\" class=\"gb-image gb-image-d904fa7c\" src=\"https:\/\/www.sisinternational.com\/wp-content\/uploads\/2025\/08\/Vape-vaping-6.jpg\" alt=\"Investigaci\u00f3n y estrategia de mercado internacional de SIS\" title=\"Vape vaping (6)\" srcset=\"https:\/\/www.sisinternational.com\/wp-content\/uploads\/2025\/08\/Vape-vaping-6.jpg 1456w, https:\/\/www.sisinternational.com\/wp-content\/uploads\/2025\/08\/Vape-vaping-6-300x168.jpg 300w, https:\/\/www.sisinternational.com\/wp-content\/uploads\/2025\/08\/Vape-vaping-6-1024x574.jpg 1024w, https:\/\/www.sisinternational.com\/wp-content\/uploads\/2025\/08\/Vape-vaping-6-768x430.jpg 768w, https:\/\/www.sisinternational.com\/wp-content\/uploads\/2025\/08\/Vape-vaping-6-18x10.jpg 18w\" sizes=\"auto, (max-width: 1456px) 100vw, 1456px\"><\/figure>\n\n\n\n<p><\/p>\n\n\n\n<h2 class=\"wp-block-heading\">En 2003, se invent\u00f3 el primer cigarrillo electr\u00f3nico (vape) como una alternativa m\u00e1s segura a fumar cigarrillos y allan\u00f3 el camino para la industria del vapeo que es ampliamente conocida en la actualidad.<\/h2>\n\n\n\n<p>Desde sus inicios, el vapeo se ha vuelto muy popular a escala mundial, pero no sin controversia. Hoy en d\u00eda, el mercado del vapeo implica mucho m\u00e1s que tabaco sin humo, aunque la mayor parte del mercado todav\u00eda se centra en ofrecer alternativas de tabaco m\u00e1s seguras.<\/p>\n\n\n\n<h2 class=\"wp-block-heading\">\u00bfPor qu\u00e9 es importante la industria del vapeo?<\/h2>\n\n\n\n<p>Aunque vapear conlleva su propio conjunto de riesgos potenciales para los consumidores, existen varios beneficios potenciales al elegir vapear en lugar de sustancias combustibles como el tabaco o la marihuana:<\/p>\n\n\n\n<ol class=\"wp-block-list\">\n<li>Comodidad: para muchos usuarios, vapear permite una forma mucho m\u00e1s c\u00f3moda de ingerir la sustancia de su elecci\u00f3n. Ya sea nicotina, THC, CBD o simplemente jugos aromatizados, el vapeo permite a las personas fumar dentro de su residencia o en eventos (cuando est\u00e9 permitido) sin dejar malos olores ni productos qu\u00edmicos. No deja al usuario final con olor a humo, lo que beneficia a quienes trabajan en una oficina o viven cerca de otras personas.<\/li>\n\n\n\n<li>Dejar de fumar: muchos fumadores han utilizado el vapeo para dejar de fumar o reemplazar los combustibles por completo y, en algunos casos, han encontrado que el vapor les tranquiliza. Para aquellos que se han encari\u00f1ado con las sensaciones asociadas con el humo real, el vapeo busca proporcionar esa sensaci\u00f3n con un m\u00e9todo de administraci\u00f3n presumiblemente m\u00e1s seguro.<\/li>\n\n\n\n<li>Entrega de medicamentos: la aplicaci\u00f3n del vapeo como ruta de entrega de diferentes medicamentos ha tenido un \u00e9xito tremendo a lo largo del tiempo. Para las personas que tienen dificultades para procesar drogas sin experimentar n\u00e1useas o simplemente tienen problemas para tragar, el vapeo proporciona un m\u00e9todo r\u00e1pido y eficaz para satisfacer sus necesidades.<\/li>\n\n\n\n<li>Seguridad: aunque no se comprenden completamente los efectos a largo plazo, el vapeo se considera com\u00fanmente como una alternativa m\u00e1s segura al tabaco u otros combustibles. Adem\u00e1s, debido a que el vapor se disipa mucho m\u00e1s r\u00e1pido y m\u00e1s f\u00e1cilmente que el humo real, hay menos posibilidades de da\u00f1ar a otras personas con el humo de segunda mano.<\/li>\n<\/ol>\n\n\n\n<p>No importa la aplicaci\u00f3n, la industria del vapeo es crucial porque aborda una necesidad. La industria del vapeo est\u00e1 cambiando r\u00e1pidamente, desde alternativas para fumar hasta la administraci\u00f3n de medicamentos, y probablemente experimentar\u00e1 un gran \u00e9xito en los pr\u00f3ximos a\u00f1os.<\/p>\n\n\n\n<h2 class=\"wp-block-heading\">Tendencias en el mercado del vapeo<\/h2>\n\n\n\n<p>La industria del vapeo seguir\u00e1 evolucionando junto con la sociedad, ya sea un nuevo dispositivo, producto o estilo; Cada a\u00f1o, los actores clave en el sector del vapeo lanzan algo nuevo y es probable que el futuro no sea diferente. Si bien el mercado del vapeo contin\u00faa evolucionando, algunas de las tendencias m\u00e1s importantes en este espacio afectar\u00e1n a la industria para siempre.<\/p>\n\n\n\n<ul class=\"wp-block-list\">\n<li>Shapes &amp; Size \u2013 As manufacturing processes in the vape industry have evolved, the ability to introduce smaller, longer-lasting vapes for <a href=\"https:\/\/www.sisinternational.com\/es\/soluciones\/soluciones-de-branding-e-investigacion-de-clientes\/pruebas-de-usabilidad-investigacion-de-ux-de-usuario\/\" title=\"Investigaci\u00f3n de mercado de usuarios y pruebas de usabilidad\"  data-wpil-monitor-id=\"8670\">users has allowed the market<\/a> to expand exponentially. The first public offerings of vapes were cheap and resembled the likes of a cigarette, hence the term e-cigarette. Additionally, they did not last long, so consumers were inclined to purchase multiple at once or make numerous trips to their local supplier. Today, vapes exist in various shapes, sizes, and colors that appeal to a wide range of audiences. Brands like JUUL, Posh, Cali Plus, Puff Bar, and more have established many different sizes for consumers to choose from, allowing individuals to select a vape depending on their needs. Furthermore, the flexibility in manufacturing has enabled brands to customize the tips of vapes and bring end-users a variety of experiences around mouthfeel and inhalation.<\/li>\n\n\n\n<li>Nicotine Salts \u2013 E-juices, the fluids used in vapes to produce a smoke-like effect, are typically created using propylene glycol or vegetable glycerin. These bases are infused with flavorings and nicotine to produce the desired outcome. Unlike the traditional nicotine used in vapes (freebase nicotine), nicotine salts form when introducing an organic acid like benzoic or citric acid. This additional acid lowers the pH of freebase nicotine and provides a more pleasant experience to the end-user. The introduction of nicotine salts in the vaping industry has made vaping more accessible to first-time users by limiting the harsh effects that previous liquids had on the lungs and throat. Bridging this gap has vastly expanded the potential <a href=\"https:\/\/www.sisinternational.com\/es\/soluciones\/consultoria-de-hosteleria-y-turismo-en-viajes\/investigacion-de-mercado-de-la-empresa-de-guias-turisticos\/\" title=\"Investigaci\u00f3n de mercado de la empresa de gu\u00edas tur\u00edsticos\"  data-wpil-monitor-id=\"8671\">market for companies<\/a> in this space.<\/li>\n\n\n\n<li>Desechables: con la adopci\u00f3n generalizada del vapeo, muchas organizaciones han utilizado t\u00e9cnicas de cambio de marca para aprovechar proveedores de marcas privadas de gran volumen y vender vaporizadores desechables a gran escala. Esta t\u00e9cnica ha hecho que el vapeo sea mucho m\u00e1s accesible para los consumidores y ha colocado vaporizadores desechables en casi todas las gasolineras o tabaquer\u00edas de Estados Unidos. Con la introducci\u00f3n de los vaporizadores desechables, los usuarios finales ahora tienen una amplia selecci\u00f3n de marcas, colores, formas, sabores y tama\u00f1os entre los que pueden elegir.<\/li>\n\n\n\n<li>Sabores: los sabores disponibles en vaporizadores y e-juices desechables han recorrido un largo camino desde su creaci\u00f3n. Inicialmente, los sabores utilizados en los vaporizadores imitaban el sabor del tabaco, lo que llev\u00f3 a la distribuci\u00f3n de jugos con sabor a tabaco, mentol y menta. A medida que el mercado evolucion\u00f3, las marcas y los aficionados comenzaron a formular l\u00edquidos electr\u00f3nicos que imitaban casi cualquier sabor imaginable. Desde fresas hasta ajo, la evoluci\u00f3n del e-l\u00edquido ha brindado a los consumidores la opci\u00f3n de vapear casi cualquier sabor que elijan; sin embargo, los sabores afrutados y a base de mentol son algunos de los sabores m\u00e1s consumidos en la industria.<\/li>\n<\/ul>\n\n\n\n<h2 class=\"wp-block-heading\">Oportunidades en la industria del vapeo<\/h2>\n\n\n\n<figure class=\"gb-block-image gb-block-image-0b4038ff\"><img loading=\"lazy\" decoding=\"async\" width=\"1456\" height=\"816\" class=\"gb-image gb-image-0b4038ff\" src=\"https:\/\/www.sisinternational.com\/wp-content\/uploads\/2025\/08\/Vape-vaping-3.jpg\" alt=\"Investigaci\u00f3n y estrategia de mercado internacional de SIS\" title=\"Vape vaping (3)\" srcset=\"https:\/\/www.sisinternational.com\/wp-content\/uploads\/2025\/08\/Vape-vaping-3.jpg 1456w, https:\/\/www.sisinternational.com\/wp-content\/uploads\/2025\/08\/Vape-vaping-3-300x168.jpg 300w, https:\/\/www.sisinternational.com\/wp-content\/uploads\/2025\/08\/Vape-vaping-3-1024x574.jpg 1024w, https:\/\/www.sisinternational.com\/wp-content\/uploads\/2025\/08\/Vape-vaping-3-768x430.jpg 768w, https:\/\/www.sisinternational.com\/wp-content\/uploads\/2025\/08\/Vape-vaping-3-18x10.jpg 18w\" sizes=\"auto, (max-width: 1456px) 100vw, 1456px\"><\/figure>\n\n\n\n<p><\/p>\n\n\n\n<p>Hay una enorme cantidad de oportunidades en el mundo del vapeo. A medida que las capacidades de fabricaci\u00f3n se vuelven m\u00e1s avanzadas y los avances en la formulaci\u00f3n de e-l\u00edquidos contin\u00faan progresando, las marcas tienen mucho m\u00e1s margen para diferenciarse en el mercado. Algunas de las \u00e1reas m\u00e1s prometedoras del mercado del vapeo incluyen:<\/p>\n\n\n\n<ul class=\"wp-block-list\">\n<li>Formulaciones de jugos m\u00e1s saludables: los consumidores buscan l\u00edquidos y jugos para cigarrillos electr\u00f3nicos que contengan menos aditivos y m\u00e1s compuestos org\u00e1nicos como la glicerina vegetal.<\/li>\n\n\n\n<li>Cannabis \u2013 The cannabis industry is growing at an alarming rate. The introduction of cannabinoid-based e-liquids has created a massive <a href=\"https:\/\/www.sisinternational.com\/es\/soluciones\/consultoria-de-hosteleria-y-turismo-en-viajes\/empresa-de-gestion-hotelera-investigacion-de-mercado-consultoria-estrategica\/\" title=\"Empresa de gesti\u00f3n hotelera Investigaci\u00f3n de mercados y consultor\u00eda estrat\u00e9gica\"  data-wpil-monitor-id=\"8672\">market potential for companies<\/a> entering the recreational or medicinal marijuana industry.<\/li>\n\n\n\n<li>Etiquetado privado: el etiquetado privado de vaporizadores desechables y recargables ha hecho que la industria sea mucho m\u00e1s accesible para los actores que no tienen el capital para invertir en equipos de fabricaci\u00f3n o cadena de suministro. Ya sea como proveedor o distribuidor, el etiquetado privado en la industria del vapeo ha tenido un impacto tremendo en el panorama del mercado.<\/li>\n<\/ul>\n\n\n\n<h2 class=\"wp-block-heading\">Desaf\u00edos en la industria<\/h2>\n\n\n\n<ul class=\"wp-block-list\">\n<li>Preocupaciones de salud: debido a que vapear es un concepto relativamente nuevo, los investigadores no han tenido tiempo suficiente para comprender su impacto total en la salud a corto y largo plazo. Con el potencial de da\u00f1ar los pulmones, el coraz\u00f3n, la garganta y m\u00e1s de los consumidores, las organizaciones de la industria del vapeo deben tener cuidado con los proveedores que eligen.<\/li>\n\n\n\n<li>Regulation \u2013 Increasing regulation around the formulation, design, packaging, and distribution of vapes has made it increasingly difficult for <a href=\"https:\/\/www.sisinternational.com\/es\/pericia\/industrias\/organizaciones-de-investigacion-por-contrato-investigacion-de-mercado\/\" title=\"Investigaci\u00f3n por contrato Organizaciones Investigaci\u00f3n de mercado\"  data-wpil-monitor-id=\"8675\">organizations to navigate and understand the market<\/a> they serve. Companies in this market must be cautious about their advertising techniques and the chemicals they use in vapes to ensure they do not appeal to children and open doors for potential lawsuits.<\/li>\n\n\n\n<li>Competition \u2013 Due to the growing popularity of vaping, more and more players are entering the space each day. Restricted by regulations on marketing and advertisement, brands must continue to find ways to stand out in the crowded <a href=\"https:\/\/www.sisinternational.com\/es\/soluciones\/legal-market-research\/\" title=\"Legal Market Research\"  data-wpil-monitor-id=\"8673\">market while remaining compliant with any legal<\/a> authority.<\/li>\n<\/ul>\n\n\n\n<h2 class=\"wp-block-heading\">\u00bfQu\u00e9 es la investigaci\u00f3n de mercado de vapeo?<\/h2>\n\n\n\n<p>Vaping market research provides organizations a comprehensive view into the trends, competition, outlooks, geographies, and <a href=\"https:\/\/www.sisinternational.com\/es\/transportistas-de-bajo-coste-en-la-industria-de-la-aviacion\/\" title=\"Investigaci\u00f3n de mercado de aerol\u00edneas de bajo costo\"  data-wpil-monitor-id=\"8668\">global<\/a> policies surrounding the vaping industry and helps brands better position themselves to compete within or against this market. Organizations entering the vaping market without knowledge surrounding their target consumers will have a difficult time establishing differentiation.<\/p>\n\n\n\n<p>Conducting qualitative research surrounding the vaping industry can enable brands to understand their intended <a href=\"https:\/\/www.sisinternational.com\/es\/soluciones\/prueba-de-sabor\/pruebas-de-productos-de-consumo-en-nueva-york\/\" title=\"Pruebas de productos de consumo en Nueva York\"  data-wpil-monitor-id=\"8674\">consumers&#8217; lives better and create products<\/a> that suit their needs. Product testing, <a class=\"wpil_keyword_link\" href=\"https:\/\/www.sisinternational.com\/es\/soluciones\/soluciones-de-investigacion-cualitativa-cuantitativa\/en-pruebas-de-uso-domestico-ihuts\/\"   title=\"Investigaci\u00f3n de Mercado IHUT\" data-wpil-keyword-link=\"linked\"  data-wpil-monitor-id=\"424\">in-home use tests (iHUTs)<\/a>, central location tests (CLTs), focus groups, and in-depth interviews (IDIs) can give companies access to their end-users&#8217; thought processes and help them position themselves strategically within the marketplace.<\/p>\n\n\n\n<p>La ejecuci\u00f3n de una investigaci\u00f3n cuantitativa en la industria del vapeo proporcionar\u00e1 a las marcas una descripci\u00f3n num\u00e9rica estad\u00edsticamente significativa del mercado al que atienden o pretenden atender. La realizaci\u00f3n de encuestas de satisfacci\u00f3n, investigaciones demogr\u00e1ficas y m\u00e1s permitir\u00e1 a las empresas predecir, controlar o describir variables de inter\u00e9s. Estos an\u00e1lisis permiten predicciones basadas en hechos que permitir\u00e1n a las empresas definir mejor sus audiencias objetivo, comprender los pros y los contras de sus diferentes ofertas y crear mejores productos y campa\u00f1as.<\/p>\n\n\n\n<p>Utilizing or performing <a href=\"https:\/\/www.sisinternational.com\/es\/pericia\/industrias\/investigacion-de-mercados-industriales\/\" title=\"Investigaci\u00f3n y estrategia de mercados industriales\"  data-wpil-monitor-id=\"8669\">market research in the vaping industry<\/a> is essential because it enables organizations to create a macroscopic view of their market and formulate strategic, well-defined business plans backed by empirical evidence. Without these insights, organizations frequently make ill-informed investments into different sectors of the vaping industry. These decisions can be tough to recover from if not identified early on. Vaping market research helps companies avoid these issues by adequately informing brands on their best next steps and putting them on a path to success.<\/p>","protected":false},"excerpt":{"rendered":"<p>La investigaci\u00f3n de mercado de vapeo ofrece una visi\u00f3n integral de las tendencias, la competencia, las perspectivas y las pol\u00edticas de la industria del vapeo.<\/p>","protected":false},"author":1,"featured_media":63623,"parent":14514,"menu_order":72,"comment_status":"closed","ping_status":"closed","template":"","meta":{"footnotes":""},"class_list":["post-38376","page","type-page","status-publish","has-post-thumbnail"],"_links":{"self":[{"href":"https:\/\/www.sisinternational.com\/es\/wp-json\/wp\/v2\/pages\/38376","targetHints":{"allow":["GET"]}}],"collection":[{"href":"https:\/\/www.sisinternational.com\/es\/wp-json\/wp\/v2\/pages"}],"about":[{"href":"https:\/\/www.sisinternational.com\/es\/wp-json\/wp\/v2\/types\/page"}],"author":[{"embeddable":true,"href":"https:\/\/www.sisinternational.com\/es\/wp-json\/wp\/v2\/users\/1"}],"replies":[{"embeddable":true,"href":"https:\/\/www.sisinternational.com\/es\/wp-json\/wp\/v2\/comments?post=38376"}],"version-history":[{"count":6,"href":"https:\/\/www.sisinternational.com\/es\/wp-json\/wp\/v2\/pages\/38376\/revisions"}],"predecessor-version":[{"id":81454,"href":"https:\/\/www.sisinternational.com\/es\/wp-json\/wp\/v2\/pages\/38376\/revisions\/81454"}],"up":[{"embeddable":true,"href":"https:\/\/www.sisinternational.com\/es\/wp-json\/wp\/v2\/pages\/14514"}],"wp:featuredmedia":[{"embeddable":true,"href":"https:\/\/www.sisinternational.com\/es\/wp-json\/wp\/v2\/media\/63623"}],"wp:attachment":[{"href":"https:\/\/www.sisinternational.com\/es\/wp-json\/wp\/v2\/media?parent=38376"}],"curies":[{"name":"wp","href":"https:\/\/api.w.org\/{rel}","templated":true}]}}