{"id":38077,"date":"2021-07-16T03:35:37","date_gmt":"2021-07-16T03:35:37","guid":{"rendered":"https:\/\/www.sisinternational.com\/?page_id=38077"},"modified":"2026-01-24T16:40:40","modified_gmt":"2026-01-24T21:40:40","slug":"investigacion-de-mercado-en-uganda-africa","status":"publish","type":"page","link":"https:\/\/www.sisinternational.com\/es\/cobertura\/investigacion-de-mercado-africa\/investigacion-de-mercado-en-uganda-africa\/","title":{"rendered":"Investigaci\u00f3n de mercado en Uganda, \u00c1frica Oriental"},"content":{"rendered":"<h1 class=\"wp-block-heading\">Investigaci\u00f3n de mercado en Uganda, \u00c1frica<\/h1>\n\n\n\n<figure class=\"gb-block-image gb-block-image-82f7095d\"><img loading=\"lazy\" decoding=\"async\" width=\"1456\" height=\"816\" class=\"gb-image gb-image-82f7095d\" src=\"https:\/\/www.sisinternational.com\/wp-content\/uploads\/2025\/08\/Uganda-2.jpg\" alt=\"Investigaci\u00f3n y estrategia de mercado internacional de SIS\" title=\"Uganda (2)\" srcset=\"https:\/\/www.sisinternational.com\/wp-content\/uploads\/2025\/08\/Uganda-2.jpg 1456w, https:\/\/www.sisinternational.com\/wp-content\/uploads\/2025\/08\/Uganda-2-300x168.jpg 300w, https:\/\/www.sisinternational.com\/wp-content\/uploads\/2025\/08\/Uganda-2-1024x574.jpg 1024w, https:\/\/www.sisinternational.com\/wp-content\/uploads\/2025\/08\/Uganda-2-768x430.jpg 768w, https:\/\/www.sisinternational.com\/wp-content\/uploads\/2025\/08\/Uganda-2-18x10.jpg 18w\" sizes=\"auto, (max-width: 1456px) 100vw, 1456px\"><\/figure>\n\n\n\n<p><\/p>\n\n\n\n<p>La pandemia de COVID-19 provoc\u00f3 el estancamiento de Uganda. Tambi\u00e9n provoc\u00f3 la quiebra de muchas empresas y un gran n\u00famero de ugandeses perdieron sus empleos. Mientras tanto, una invasi\u00f3n de langostas e inundaciones destruyeron cultivos en todo el pa\u00eds. Como resultado, los ugandeses tienen menos poder adquisitivo, por lo que compran menos bienes. \u00bfVale la pena invertir en Uganda? Sigue leyendo para descubrirlo.<\/p>\n\n\n\n<h2 class=\"wp-block-heading\">Industrias clave<\/h2>\n\n\n\n<p>Las principales industrias de Uganda son el algod\u00f3n, el cemento, el az\u00facar, el tabaco, las cervecer\u00edas y la producci\u00f3n de acero. Otras exportaciones incluyen t\u00e9, caf\u00e9, oro, productos vegetales y pescado. Las grandes empresas dominan este sector a trav\u00e9s de sus sucursales locales. Sin embargo, es peque\u00f1o en comparaci\u00f3n con el de los pa\u00edses m\u00e1s desarrollados. El suministro el\u00e9ctrico es irregular, lo que dificulta la producci\u00f3n. Ruanda y Kenia son los principales socios exportadores de Uganda.<\/p>\n\n\n\n<h2 class=\"wp-block-heading\">Barrios<\/h2>\n\n\n\n<p>La capital de Uganda es Kampala, que tambi\u00e9n es la ciudad m\u00e1s grande. Ubicada en el extremo norte del lago Victoria, Kampala es una de las ciudades de m\u00e1s r\u00e1pido crecimiento del mundo. Algunas personas la consideran la mejor ciudad del este de \u00c1frica.<\/p>\n\n\n\n<p>Entebbe es otra de las ciudades m\u00e1s grandes de Uganda, situada al sur de Kampala. Entebbe es la puerta de entrada a algunas de las atracciones tur\u00edsticas del pa\u00eds. Al igual que Kampala, su ubicaci\u00f3n est\u00e1 cerca del lago Victoria. Esta ciudad tambi\u00e9n tiene un aeropuerto.<\/p>\n\n\n\n<p>Jinja tambi\u00e9n est\u00e1 cerca de Kampala y es famosa por ser la fuente del Nilo Blanco. Las gu\u00edas de viaje la llaman la capital de la aventura del este de \u00c1frica. Es de f\u00e1cil acceso desde Kampala: se puede llegar por carretera o por aire.<\/p>\n\n\n\n<h2 class=\"wp-block-heading\">Tendencias<\/h2>\n\n\n\n<p>La econom\u00eda de Uganda se encuentra en una espiral descendente causada por el COVID-19. El panorama es sombr\u00edo, especialmente si el virus contin\u00faa propag\u00e1ndose. Una pandemia prolongada dificultar\u00e1 la recuperaci\u00f3n de las exportaciones de Uganda. Tambi\u00e9n perjudicar\u00e1 al turismo y los ugandeses en el extranjero no podr\u00e1n enviar dinero a casa.<\/p>\n\n\n\n<p>Uganda tiene una alta tasa de natalidad pero demasiados ni\u00f1os mueren al nacer. La pobreza est\u00e1 generalizada. La pandemia tambi\u00e9n est\u00e1 haciendo retroceder los recientes avances en capital humano y salud.<\/p>\n\n\n\n<p>El lado positivo es que Uganda comenzar\u00e1 a producir petr\u00f3leo dentro de unos a\u00f1os.<\/p>\n\n\n\n<h2 class=\"wp-block-heading\">Beneficios y Fortalezas en el Mercado<\/h2>\n\n\n\n<p>Uganda has many strengths. For example, it has oil fields, fertile land, and hydroelectric power potential. Another benefit to investing in Uganda is the support it gets from donor countries. These countries help with the building of roads, bridges, and the like. They help make it easier for investors to get their <a href=\"https:\/\/www.sisinternational.com\/es\/pericia\/curriculums-de-experiencia\/estudio-de-mercado-de-productos-de-cuidado-personal\/\" title=\"Investigaci\u00f3n de mercado de productos de cuidado personal\"  data-wpil-monitor-id=\"11110\">products to market<\/a>. Uganda also has a strategic location. Finally, the country has been stable over the last few decades, which is always a plus.<\/p>\n\n\n\n<h2 class=\"wp-block-heading\">Base de consumidores<\/h2>\n\n\n\n<p>S\u00f3lo unos pocos ugandeses tienen acceso a Internet, aunque muchos tienen tel\u00e9fonos m\u00f3viles. Los ugandeses dependen de los tel\u00e9fonos m\u00f3viles para mantenerse conectados. La mensajer\u00eda de texto es la actividad m\u00e1s popular, especialmente entre los adolescentes. La mayor\u00eda de los ugandeses tambi\u00e9n poseen un televisor. La mayor\u00eda de ellos tambi\u00e9n vive en zonas rurales, pero las cifras urbanas est\u00e1n creciendo r\u00e1pidamente.<\/p>\n\n\n\n<p>La mitad de los ugandeses tienen entre 15 y 64 a\u00f1os. Por tanto, existe una amplia base de consumidores.<\/p>\n\n\n\n<h2 class=\"wp-block-heading\">Razones para hacer crecer su negocio en Uganda<\/h2>\n\n\n\n<p>Adem\u00e1s de un gran n\u00famero de personas en edad de trabajar, el ingreso per c\u00e1pita es bajo. Esto significa que los costos laborales en Uganda tambi\u00e9n son peque\u00f1os. Mientras tanto, Uganda tiene un elevado d\u00e9ficit comercial. Por tanto, los bienes que produce no son suficientes para satisfacer la demanda local. De esta manera, los inversores extranjeros pueden llenar los vac\u00edos.<\/p>\n\n\n\n<p>El Gobierno de Uganda ha tomado medidas para mejorar la facilidad para hacer negocios. Por ejemplo, cuenta con un \u201cCentro \u00danico\u201d para iniciar un negocio.<\/p>\n\n\n\n<h2 class=\"wp-block-heading\">Investigaci\u00f3n de mercado en Uganda, \u00c1frica Oriental<\/h2>\n\n\n\n<p><a href=\"https:\/\/www.sisinternational.com\/es\/soluciones\/soluciones-de-investigacion-cualitativa-cuantitativa\/\">Investigaci\u00f3n cuantitativa y cualitativa<\/a> is crucial before starting your business in Uganda. Such <a href=\"https:\/\/www.sisinternational.com\/es\/considerando-el-medio-oriente-para-la-investigacion-de-mercado\/\" title=\"Investigaci\u00f3n de entrada al mercado de Oriente Medio\"  data-wpil-monitor-id=\"1427\">research offers critical data about your market<\/a> and business scene. <a href=\"https:\/\/www.sisinternational.com\/es\/what-to-expect-in-your-first-year-entering-a-new-market-5-essential-strategies\/\" title=\"What to Expect in Your First Year Entering a New Market: 5 Essential Strategies\"  data-wpil-monitor-id=\"11112\">Strategy Research is also essential<\/a>. It can help you to come up with your <a href=\"https:\/\/www.sisinternational.com\/es\/soluciones\/prueba-de-sabor\/servicios-de-prueba-de-productos-en-nueva-york\/\" title=\"Servicios de prueba de productos en Nueva York\"  data-wpil-monitor-id=\"11113\">products and services<\/a>. Finally, Focus Groups, Surveys, and Interviews also make a difference. They allow you to <a href=\"https:\/\/www.sisinternational.com\/es\/soluciones\/consultoria-estrategica\/investigacion-de-mercado-de-producto-minimo-viable\/\" title=\"Investigaci\u00f3n de mercado de producto m\u00ednimo viable\"  data-wpil-monitor-id=\"11111\">market your products<\/a> to the right Ugandan consumers.<\/p>\n\n\n\n<p><\/p>","protected":false},"excerpt":{"rendered":"<p>Investigaci\u00f3n de mercado en Uganda. La investigaci\u00f3n cuantitativa y cualitativa es fundamental antes de comenzar. Comercialice sus productos a los consumidores adecuados.<\/p>","protected":false},"author":1,"featured_media":65153,"parent":14281,"menu_order":44,"comment_status":"closed","ping_status":"closed","template":"","meta":{"footnotes":""},"class_list":["post-38077","page","type-page","status-publish","has-post-thumbnail"],"_links":{"self":[{"href":"https:\/\/www.sisinternational.com\/es\/wp-json\/wp\/v2\/pages\/38077","targetHints":{"allow":["GET"]}}],"collection":[{"href":"https:\/\/www.sisinternational.com\/es\/wp-json\/wp\/v2\/pages"}],"about":[{"href":"https:\/\/www.sisinternational.com\/es\/wp-json\/wp\/v2\/types\/page"}],"author":[{"embeddable":true,"href":"https:\/\/www.sisinternational.com\/es\/wp-json\/wp\/v2\/users\/1"}],"replies":[{"embeddable":true,"href":"https:\/\/www.sisinternational.com\/es\/wp-json\/wp\/v2\/comments?post=38077"}],"version-history":[{"count":6,"href":"https:\/\/www.sisinternational.com\/es\/wp-json\/wp\/v2\/pages\/38077\/revisions"}],"predecessor-version":[{"id":81816,"href":"https:\/\/www.sisinternational.com\/es\/wp-json\/wp\/v2\/pages\/38077\/revisions\/81816"}],"up":[{"embeddable":true,"href":"https:\/\/www.sisinternational.com\/es\/wp-json\/wp\/v2\/pages\/14281"}],"wp:featuredmedia":[{"embeddable":true,"href":"https:\/\/www.sisinternational.com\/es\/wp-json\/wp\/v2\/media\/65153"}],"wp:attachment":[{"href":"https:\/\/www.sisinternational.com\/es\/wp-json\/wp\/v2\/media?parent=38077"}],"curies":[{"name":"wp","href":"https:\/\/api.w.org\/{rel}","templated":true}]}}