{"id":38073,"date":"2021-07-16T03:12:42","date_gmt":"2021-07-16T03:12:42","guid":{"rendered":"https:\/\/www.sisinternational.com\/?page_id=38073"},"modified":"2026-01-24T20:50:46","modified_gmt":"2026-01-25T01:50:46","slug":"investigacion-de-mercado-en-somalia-africa","status":"publish","type":"page","link":"https:\/\/www.sisinternational.com\/es\/cobertura\/investigacion-de-mercado-africa\/investigacion-de-mercado-en-somalia-africa\/","title":{"rendered":"Investigaci\u00f3n de mercado en Somalia, \u00c1frica"},"content":{"rendered":"<h1 class=\"wp-block-heading\">Investigaci\u00f3n de mercado en Somalia, \u00c1frica<\/h1>\n\n\n\n<figure class=\"gb-block-image gb-block-image-123a9767\"><img loading=\"lazy\" decoding=\"async\" width=\"1456\" height=\"816\" class=\"gb-image gb-image-123a9767\" src=\"https:\/\/www.sisinternational.com\/wp-content\/uploads\/2025\/08\/Somalia-3.jpg\" alt=\"Investigaci\u00f3n y estrategia de mercado internacional de SIS\" title=\"Somalia, (3)\" srcset=\"https:\/\/www.sisinternational.com\/wp-content\/uploads\/2025\/08\/Somalia-3.jpg 1456w, https:\/\/www.sisinternational.com\/wp-content\/uploads\/2025\/08\/Somalia-3-300x168.jpg 300w, https:\/\/www.sisinternational.com\/wp-content\/uploads\/2025\/08\/Somalia-3-1024x574.jpg 1024w, https:\/\/www.sisinternational.com\/wp-content\/uploads\/2025\/08\/Somalia-3-768x430.jpg 768w, https:\/\/www.sisinternational.com\/wp-content\/uploads\/2025\/08\/Somalia-3-18x10.jpg 18w\" sizes=\"auto, (max-width: 1456px) 100vw, 1456px\"><\/figure>\n\n\n\n<p><\/p>\n\n\n\n<p>Somalia es un pa\u00eds de \u00c1frica Oriental que rodea el Cuerno de \u00c1frica. Como se puede ver en el mapa, este promontorio puntiagudo del continente africano se extiende hasta el Oc\u00e9ano \u00cdndico.<\/p>\n\n\n\n<p>El pa\u00eds es llano y seco, con condiciones des\u00e9rticas. Muchos somal\u00edes siguen siendo n\u00f3madas o semin\u00f3madas. Como resultado, se trasladan de un lugar a otro en busca de tierras cultivables para criar ganado vacuno, camellos, cabras y ovejas. Por otra parte, muchos somal\u00edes son agricultores.<\/p>\n\n\n\n<p>Este pa\u00eds tiene una larga historia influenciada tanto por \u00c1frica como por Arabia. Tiene un grupo \u00e9tnico, los somal\u00edes, pero tambi\u00e9n gobernaron otros imperios. Italia y Gran Breta\u00f1a fueron las \u00faltimas potencias gobernantes y llegaron en los a\u00f1os 1800 y 1900. Cuando estas colonias se fusionaron, provoc\u00f3 mucha rivalidad y disputas. Debido a esto, estall\u00f3 la guerra civil en 1991. Desde entonces, no ha existido un gobierno central real.<\/p>\n\n\n\n<h2 class=\"wp-block-heading\">Industrias clave<\/h2>\n\n\n\n<p>Las exportaciones clave son ganado, pescado y productos agr\u00edcolas.<\/p>\n\n\n\n<p>La econom\u00eda es informal y funciona sin mandatos ni controles gubernamentales. Tampoco est\u00e1 sujeto a impuestos. De hecho, un organismo del gobierno federal administra el pa\u00eds, asistido por diferentes agencias.<\/p>\n\n\n\n<p>This shaky governance and corruption jeopardize the progress of the country. Still, the economy is buoyant, and growing thanks to foreign companies. These overseas <a href=\"https:\/\/www.sisinternational.com\/es\/pericia\/industrias\/soluciones-de-investigacion-de-mercado-sanitario\/\" title=\"Empresa de estudios del mercado sanitario\"  data-wpil-monitor-id=\"11136\">firms<\/a> run outlets in the local Somali market. What\u2019s more, they control these outlets remotely from more developed countries. Thus, they have access to resources like banks and a skilled workforce. They also get stable legal frameworks.<\/p>\n\n\n\n<h2 class=\"wp-block-heading\">Barrios<\/h2>\n\n\n\n<p>Mogadishu is an important port city on the <a href=\"https:\/\/www.sisinternational.com\/es\/cobertura\/investigacion-de-mercado-africa\/investigacion-de-mercado-en-mauricio-africa\/\" title=\"Market Research in Mauritius \u2014 Island off Africa&#8217;s East Coast\"  data-wpil-monitor-id=\"11132\">East African coast<\/a>. Known to locals as \u201cXamar\u201d or \u201cHamar,\u201d it is the capital city. Somali and Arabic are the official languages. Yet, it is common to hear Swahili, English, and Italian in its busy streets. The city is lively, with many street markets, cafes, and grocery stores. It is a peaceful city, and locals feel safe shopping and living there.<\/p>\n\n\n\n<p>La gente ha vivido y comerciado en este pa\u00eds durante miles de a\u00f1os. De hecho, puedes ver la historia en el arte rupestre. Disfrute de este arte en lugares como el antiguo complejo de cuevas de Laas Geel, que muestra la rica y antigua cultura de la regi\u00f3n de la costa norte. Las pir\u00e1mides primitivas llamadas \u201ctaalo\u201d tambi\u00e9n salpican el paisaje. Alguna vez fueron estructuras funerarias.<\/p>\n\n\n\n<h2 class=\"wp-block-heading\">Tendencias<\/h2>\n\n\n\n<p>Las empresas extranjeras est\u00e1n ansiosas por invertir en este pa\u00eds. Tiene reservas de recursos naturales, como uranio, mineral de hierro y gas natural. Las empresas mineras extranjeras buscan dep\u00f3sitos de uranio. Los dep\u00f3sitos en este pa\u00eds pueden ser los m\u00e1s grandes del mundo. Por tanto, este sector ofrece la posibilidad de crecimiento empresarial para el pa\u00eds.<\/p>\n\n\n\n<p>Another key point is that&nbsp;Arab countries are investing in livestock infrastructure.&nbsp;For instance, countries like the <a href=\"https:\/\/www.sisinternational.com\/es\/cobertura\/investigacion-de-mercado-oriente-medio\/investigacion-de-mercado-en-emiratos-arabes-unidos\/\" title=\"Investigaci\u00f3n de mercado en los Emiratos \u00c1rabes Unidos\"  data-wpil-monitor-id=\"11130\">Emiratos \u00c1rabes Unidos<\/a> are purchasing large farms. These countries have a long history of trading with their African neighbors. They remain hopeful about the future growth Somalia promises.<\/p>\n\n\n\n<p>El comercio mundial tambi\u00e9n est\u00e1 aumentando y la clase empresarial somal\u00ed est\u00e1 contribuyendo a la econom\u00eda en r\u00e1pido crecimiento.<\/p>\n\n\n\n<p>The widespread violence and starvation in the 1990s pushed many to become refugees.\u00a0More than a million Somali people have fled the country since 1991.\u00a0They left to find a better life in other countries.\u00a0As a result, the country now has a large diaspora, which takes an interest in its progress. The diaspora and the private sector are the lifelines of the nation.<\/p>\n\n\n\n<h2 class=\"wp-block-heading\">Beneficios y fortalezas<\/h2>\n\n\n\n<p>Somalia is near the Arab Peninsula, and traders on both sides of the Persian Gulf take <a href=\"https:\/\/www.sisinternational.com\/es\/pericia\/industrias\/viajes-turismo\/ventajas-de-nueva-york-como-mercado-de-prueba-para-los-viajes\/\" title=\"La ventaja estrat\u00e9gica de utilizar Nueva York como mercado de prueba para viajes y turismo\"  data-wpil-monitor-id=\"11133\">advantage of this strategic<\/a> spot. Animals are one of the biggest exports, and they go to the Middle East. Somali livestock is of high quality and sells at a great price.<\/p>\n\n\n\n<h2 class=\"wp-block-heading\">Base de consumidores<\/h2>\n\n\n\n<p>Los clanes n\u00f3madas constituyen una gran parte de la poblaci\u00f3n. Su estilo de vida est\u00e1 muy alejado de la red. No tienen acceso a cosas como servicios bancarios y cuentas de ahorro. En cambio, la mayor\u00eda de las transacciones de dinero se realizan por tel\u00e9fono.<\/p>\n\n\n\n<p>Los somal\u00edes dependen de los fondos enviados desde el exterior como parte de sus ingresos. De hecho, muchos somal\u00edes viven por debajo del umbral de pobreza.<\/p>\n\n\n\n<h2 class=\"wp-block-heading\">Razones para hacer crecer su negocio en Somalia<\/h2>\n\n\n\n<p>The country\u2019s economy is growing stronger. As it expands in the cities, more companies are opening. But, be warned: doing <a href=\"https:\/\/www.sisinternational.com\/es\/dia-de-san-valentin-como-tu-empresa-puede-sentir-el-amor\/\" title=\"Investigaci\u00f3n de mercado del d\u00eda de San Valent\u00edn: c\u00f3mo su empresa puede sentir el amor\"  data-wpil-monitor-id=\"11135\">business will feel<\/a> odd without government oversight. In fact, investors form part of the informal economy.<\/p>\n\n\n\n<h2 class=\"wp-block-heading\">Acerca de la investigaci\u00f3n de mercado en Somalia<\/h2>\n\n\n\n<p>There\u2019s nothing like knowing exactly who your customers are. That\u2019s why we provide <a href=\"https:\/\/www.sisinternational.com\/es\/investigacion-de-mercado-en-africa-2\/\" title=\"Investigaci\u00f3n de mercado en \u00c1frica\"  data-wpil-monitor-id=\"2926\">market strategy research<\/a> in Somalia. Our <a href=\"https:\/\/www.sisinternational.com\/es\/soluciones\/soluciones-de-investigacion-cualitativa-cuantitativa\/\">Investigaci\u00f3n cualitativa y cuantitativa<\/a> entrega los datos que necesita. Te ayudamos a expandir tu negocio. Tambi\u00e9n puede utilizar nuestros grupos focales para conocer las oportunidades en Somalia.<\/p>\n\n\n\n<p>We also use interviews and surveys. These tools help you pinpoint the right place and time for <a href=\"https:\/\/www.sisinternational.com\/es\/soluciones\/consultoria-estrategica\/investigacion-de-oportunidades-de-entrada-al-mercado\/la-eficacia-de-las-pruebas-de-productos-en-nueva-york-para-ingresar-al-mercado-estadounidense\/\" title=\"La eficacia de las pruebas de productos en Nueva York para entrar en el mercado estadounidense\"  data-wpil-monitor-id=\"11134\">entering the market<\/a>. <a href=\"https:\/\/www.sisinternational.com\/es\/pericia\/curriculums-de-experiencia\/investigacion-de-marca\/\" title=\"Empresa de investigaci\u00f3n de marca\"  data-wpil-monitor-id=\"11131\">Companies can grow with the right research<\/a> team. Contact us today to get started with your Somali investment.<\/p>\n\n\n\n<p><\/p>","protected":false},"excerpt":{"rendered":"<p>Investigaci\u00f3n de mercado en Somalia; Nuestra investigaci\u00f3n cualitativa y cuantitativa proporciona los datos que necesita. Te ayudamos a expandir tu negocio.<\/p>","protected":false},"author":1,"featured_media":65220,"parent":14281,"menu_order":42,"comment_status":"closed","ping_status":"closed","template":"","meta":{"footnotes":""},"class_list":["post-38073","page","type-page","status-publish","has-post-thumbnail"],"_links":{"self":[{"href":"https:\/\/www.sisinternational.com\/es\/wp-json\/wp\/v2\/pages\/38073","targetHints":{"allow":["GET"]}}],"collection":[{"href":"https:\/\/www.sisinternational.com\/es\/wp-json\/wp\/v2\/pages"}],"about":[{"href":"https:\/\/www.sisinternational.com\/es\/wp-json\/wp\/v2\/types\/page"}],"author":[{"embeddable":true,"href":"https:\/\/www.sisinternational.com\/es\/wp-json\/wp\/v2\/users\/1"}],"replies":[{"embeddable":true,"href":"https:\/\/www.sisinternational.com\/es\/wp-json\/wp\/v2\/comments?post=38073"}],"version-history":[{"count":6,"href":"https:\/\/www.sisinternational.com\/es\/wp-json\/wp\/v2\/pages\/38073\/revisions"}],"predecessor-version":[{"id":81819,"href":"https:\/\/www.sisinternational.com\/es\/wp-json\/wp\/v2\/pages\/38073\/revisions\/81819"}],"up":[{"embeddable":true,"href":"https:\/\/www.sisinternational.com\/es\/wp-json\/wp\/v2\/pages\/14281"}],"wp:featuredmedia":[{"embeddable":true,"href":"https:\/\/www.sisinternational.com\/es\/wp-json\/wp\/v2\/media\/65220"}],"wp:attachment":[{"href":"https:\/\/www.sisinternational.com\/es\/wp-json\/wp\/v2\/media?parent=38073"}],"curies":[{"name":"wp","href":"https:\/\/api.w.org\/{rel}","templated":true}]}}