{"id":38071,"date":"2021-07-16T03:06:23","date_gmt":"2021-07-16T03:06:23","guid":{"rendered":"https:\/\/www.sisinternational.com\/?page_id=38071"},"modified":"2025-09-14T18:37:39","modified_gmt":"2025-09-14T22:37:39","slug":"investigacion-de-mercado-en-sierra-leona-africa","status":"publish","type":"page","link":"https:\/\/www.sisinternational.com\/es\/cobertura\/investigacion-de-mercado-africa\/investigacion-de-mercado-en-sierra-leona-africa\/","title":{"rendered":"Investigaci\u00f3n de mercado en Sierra Leona, \u00c1frica"},"content":{"rendered":"<h1 class=\"wp-block-heading\">Investigaci\u00f3n de mercado en Sierra Leona, \u00c1frica<\/h1>\n\n\n\n<figure class=\"gb-block-image gb-block-image-d0617c66\"><img loading=\"lazy\" decoding=\"async\" width=\"1456\" height=\"816\" class=\"gb-image gb-image-d0617c66\" src=\"https:\/\/www.sisinternational.com\/wp-content\/uploads\/2025\/08\/Sierra-Leone-1.jpg\" alt=\"Investigaci\u00f3n y estrategia de mercado internacional de SIS\" title=\"Sierra Leone, (1)\" srcset=\"https:\/\/www.sisinternational.com\/wp-content\/uploads\/2025\/08\/Sierra-Leone-1.jpg 1456w, https:\/\/www.sisinternational.com\/wp-content\/uploads\/2025\/08\/Sierra-Leone-1-300x168.jpg 300w, https:\/\/www.sisinternational.com\/wp-content\/uploads\/2025\/08\/Sierra-Leone-1-1024x574.jpg 1024w, https:\/\/www.sisinternational.com\/wp-content\/uploads\/2025\/08\/Sierra-Leone-1-768x430.jpg 768w, https:\/\/www.sisinternational.com\/wp-content\/uploads\/2025\/08\/Sierra-Leone-1-18x10.jpg 18w\" sizes=\"auto, (max-width: 1456px) 100vw, 1456px\"><\/figure>\n\n\n\n<p><\/p>\n\n\n\n<p>Sierra Leona es un pa\u00eds de \u00c1frica occidental. Este pa\u00eds ha enfrentado muchas luchas en los \u00faltimos a\u00f1os. De hecho, pas\u00f3 por una guerra civil de 1991 a 2002. La pel\u00edcula Blood Diamond de 2006 se bas\u00f3 en esta guerra civil. El \u00e9bola tambi\u00e9n asol\u00f3 el pa\u00eds en 2014 y se cobr\u00f3 11.000 vidas. Ha comenzado a recuperarse, pero el COVID-19 lo est\u00e1 frenando. Entonces, \u00bfpor qu\u00e9 deber\u00eda invertir en Sierra Leona? Sigue leyendo para descubrirlo.<\/p>\n\n\n\n<h2 class=\"wp-block-heading\">Industrias clave<\/h2>\n\n\n\n<p>Sierra Leone is one of the world\u2019s main suppliers of titanium. Diamond mining is also a source of income.&nbsp;Both industries provide jobs and boost tax revenues.<\/p>\n\n\n\n<p>Sierra Leona tiene tierras f\u00e9rtiles y la agricultura es otra fuente importante de ingresos. Los socios comerciales del pa\u00eds son Estados Unidos, B\u00e9lgica, Pa\u00edses Bajos y Francia. Las principales exportaciones son el caf\u00e9 y el cacao.<\/p>\n\n\n\n<p>Sierra Leona tambi\u00e9n produce madera para la exportaci\u00f3n. Adem\u00e1s, el pa\u00eds exporta pescado. Esta industria crea puestos de trabajo mediante la construcci\u00f3n de barcos, la venta y la comercializaci\u00f3n de pescado.<\/p>\n\n\n\n<p>Los sectores del turismo y la manufactura tambi\u00e9n est\u00e1n creciendo.<\/p>\n\n\n\n<h2 class=\"wp-block-heading\">Barrios<\/h2>\n\n\n\n<p>Freetown es la capital de Sierra Leona. El puerto de aguas profundas de esta ciudad se encuentra entre los m\u00e1s grandes del mundo. Freetown tambi\u00e9n es famosa por el enorme \u00e1rbol del algod\u00f3n de seda en el centro de la ciudad. El \u00e1rbol es un s\u00edmbolo de libertad.<\/p>\n\n\n\n<p>El Museo de Sierra Leona es otra caracter\u00edstica. El museo alberga varios artefactos. Algunos ejemplos son la Piedra Ruiter y el tambor original de Bai Bureh.<\/p>\n\n\n\n<h2 class=\"wp-block-heading\">Tendencias<\/h2>\n\n\n\n<p>Sierra Leone\u2019s <a href=\"https:\/\/www.sisinternational.com\/es\/pericia\/industrias\/investigacion-de-mercado-de-petroleo-y-gas\/\" title=\"Investigaci\u00f3n de mercado de petr\u00f3leo y gas\"  data-wpil-monitor-id=\"8649\">oil and gas<\/a> sector is still in the research stage. The government hopes to attract investments in this sector. But first, it needs to find deposits.<\/p>\n\n\n\n<h2 class=\"wp-block-heading\">Beneficios y Fortalezas en el Mercado<\/h2>\n\n\n\n<p>Sierra Leona todav\u00eda lucha contra el impacto del COVID-19. Es m\u00e1s, el pa\u00eds a\u00fan no se ha recuperado del brote del virus del \u00c9bola.<\/p>\n\n\n\n<p>Still, the government is looking for <a href=\"https:\/\/www.sisinternational.com\/es\/analisis-de-satisfaccion-del-cliente\/\" title=\"Ocho formas de aumentar la satisfacci\u00f3n del cliente en el comercio minorista\"  data-wpil-monitor-id=\"8650\">ways to boost<\/a> the economy. One of these avenues is organic farming. It is also looking at eco-tourism and renewable energy. Sierra Leone is aiming to become Africa\u2019s first Zero-Carbon middle economy.<\/p>\n\n\n\n<h2 class=\"wp-block-heading\">Base de consumidores<\/h2>\n\n\n\n<p>Sierra Leone\u2019s economy has matured over the years. At heart, farming employs many working people. Many of the people are tenant farmers. Despite its profits, the economy is in trouble. For example, there is a high rate of unemployed youths.&nbsp;Still, the country is now stable and the climate is right for investors.<\/p>\n\n\n\n<h2 class=\"wp-block-heading\">Razones para hacer crecer su negocio en el mercado<\/h2>\n\n\n\n<p>Entonces, \u00bfpor qu\u00e9 invertir en Sierra Leona? Por un lado, el mercado ofrece muchas opciones para los inversores. Por ejemplo, existe una mayor demanda mundial de dep\u00f3sitos minerales. Sierra Leona tiene vastos dep\u00f3sitos de bauxita y diamantes. Tambi\u00e9n posee oro, platino, colt\u00e1n y otros recursos naturales. As\u00ed, ofrece cinco tipos de licencias a empresas extranjeras para extraer estos minerales.<\/p>\n\n\n\n<p>El pa\u00eds tambi\u00e9n promueve la agricultura y las peque\u00f1as empresas. Los tipos de inter\u00e9s reducidos est\u00e1n haciendo que estos sectores sean m\u00e1s atractivos. Adem\u00e1s, el gobierno de Sierra Leona busca atraer a otros inversores. Por ejemplo, busca impulsar la econom\u00eda con inversiones tur\u00edsticas. Por tanto, los posibles inversores deber\u00edan explorar el sector tur\u00edstico.<\/p>\n\n\n\n<h2 class=\"wp-block-heading\">Acerca de la investigaci\u00f3n de mercado en Sierra Leona<\/h2>\n\n\n\n<p>El pueblo de Sierra Leona lucha contra la pobreza. S\u00f3lo unas pocas personas son ricas o de ingresos medios. Adem\u00e1s, el pa\u00eds no est\u00e1 bien desarrollado.<\/p>\n\n\n\n<p>That\u2019s why we provide <a href=\"https:\/\/www.sisinternational.com\/es\/how-to-design-effective-surveys-for-quantitative-research\/\" title=\"How to Design Effective Surveys for Quantitative Research\"  data-wpil-monitor-id=\"8648\">Investigaci\u00f3n cuantitativa y cualitativa<\/a> services. We also offer surveys, interviews, and focus groups. These tools can help you decide if investing in <a href=\"https:\/\/statehouse.gov.sl\" target=\"_blank\" rel=\"noopener\">Sierra Leona<\/a> es el movimiento correcto para usted.<\/p>\n\n\n\n<p>Tambi\u00e9n ofrecemos <a href=\"https:\/\/www.sisinternational.com\/es\/soluciones\/consultoria-estrategica\/como-la-investigacion-estrategica-puede-mejorar-su-rendimiento\/\">Investigaci\u00f3n estrat\u00e9gica<\/a>. Este tipo crucial de investigaci\u00f3n le dice al inversor qu\u00e9 funcionar\u00e1 mejor en Sierra Leona.<\/p>\n\n\n\n<p>\u00bfEst\u00e1s pensando en invertir en Sierra Leona?<\/p>\n\n\n\n<p><\/p>","protected":false},"excerpt":{"rendered":"<p>Investigaci\u00f3n de mercado en Sierra Leona; encuestas, entrevistas, grupos focales. Estas herramientas pueden ayudarle a decidir si invertir es la decisi\u00f3n adecuada para usted.<\/p>","protected":false},"author":1,"featured_media":65215,"parent":14281,"menu_order":41,"comment_status":"closed","ping_status":"closed","template":"","meta":{"footnotes":""},"class_list":["post-38071","page","type-page","status-publish","has-post-thumbnail"],"_links":{"self":[{"href":"https:\/\/www.sisinternational.com\/es\/wp-json\/wp\/v2\/pages\/38071","targetHints":{"allow":["GET"]}}],"collection":[{"href":"https:\/\/www.sisinternational.com\/es\/wp-json\/wp\/v2\/pages"}],"about":[{"href":"https:\/\/www.sisinternational.com\/es\/wp-json\/wp\/v2\/types\/page"}],"author":[{"embeddable":true,"href":"https:\/\/www.sisinternational.com\/es\/wp-json\/wp\/v2\/users\/1"}],"replies":[{"embeddable":true,"href":"https:\/\/www.sisinternational.com\/es\/wp-json\/wp\/v2\/comments?post=38071"}],"version-history":[{"count":5,"href":"https:\/\/www.sisinternational.com\/es\/wp-json\/wp\/v2\/pages\/38071\/revisions"}],"predecessor-version":[{"id":81451,"href":"https:\/\/www.sisinternational.com\/es\/wp-json\/wp\/v2\/pages\/38071\/revisions\/81451"}],"up":[{"embeddable":true,"href":"https:\/\/www.sisinternational.com\/es\/wp-json\/wp\/v2\/pages\/14281"}],"wp:featuredmedia":[{"embeddable":true,"href":"https:\/\/www.sisinternational.com\/es\/wp-json\/wp\/v2\/media\/65215"}],"wp:attachment":[{"href":"https:\/\/www.sisinternational.com\/es\/wp-json\/wp\/v2\/media?parent=38071"}],"curies":[{"name":"wp","href":"https:\/\/api.w.org\/{rel}","templated":true}]}}