{"id":38069,"date":"2021-07-16T02:56:20","date_gmt":"2021-07-16T02:56:20","guid":{"rendered":"https:\/\/www.sisinternational.com\/?page_id=38069"},"modified":"2026-01-24T20:50:47","modified_gmt":"2026-01-25T01:50:47","slug":"investigacion-de-mercado-en-seychelles-africa","status":"publish","type":"page","link":"https:\/\/www.sisinternational.com\/es\/cobertura\/investigacion-de-mercado-africa\/investigacion-de-mercado-en-seychelles-africa\/","title":{"rendered":"Investigaci\u00f3n de mercado en Seychelles, \u00c1frica"},"content":{"rendered":"<h1 class=\"wp-block-heading\">Investigaci\u00f3n de mercado en Seychelles, \u00c1frica<\/h1>\n\n\n\n<figure class=\"gb-block-image gb-block-image-2e2a6b72\"><img loading=\"lazy\" decoding=\"async\" width=\"1456\" height=\"816\" class=\"gb-image gb-image-2e2a6b72\" src=\"https:\/\/www.sisinternational.com\/wp-content\/uploads\/2025\/08\/Seychelles-4.jpg\" alt=\"Investigaci\u00f3n y estrategia de mercado internacional de SIS\" title=\"Seychelles, (4)\" srcset=\"https:\/\/www.sisinternational.com\/wp-content\/uploads\/2025\/08\/Seychelles-4.jpg 1456w, https:\/\/www.sisinternational.com\/wp-content\/uploads\/2025\/08\/Seychelles-4-300x168.jpg 300w, https:\/\/www.sisinternational.com\/wp-content\/uploads\/2025\/08\/Seychelles-4-1024x574.jpg 1024w, https:\/\/www.sisinternational.com\/wp-content\/uploads\/2025\/08\/Seychelles-4-768x430.jpg 768w, https:\/\/www.sisinternational.com\/wp-content\/uploads\/2025\/08\/Seychelles-4-18x10.jpg 18w\" sizes=\"auto, (max-width: 1456px) 100vw, 1456px\"><\/figure>\n\n\n\n<p><\/p>\n\n\n\n<p>Seychelles es un hermoso pa\u00eds de 115 islas. Est\u00e1 ubicado en el Mar de Somalia frente a las costas de Kenia y Madagascar. A pesar de ser una naci\u00f3n insular, Seychelles es miembro de la Uni\u00f3n Africana.<\/p>\n\n\n\n<h2 class=\"wp-block-heading\">Industrias clave<\/h2>\n\n\n\n<p>Seychelles sol\u00eda ser agraria. Ahora es un pr\u00f3spero pa\u00eds basado en el turismo. De hecho, el turismo proporciona la mayor parte de los ingresos del pa\u00eds. Como resultado, Seychelles tiene el PIB per c\u00e1pita nominal m\u00e1s alto de \u00c1frica.<\/p>\n\n\n\n<p>El sector tur\u00edstico tambi\u00e9n es un gran empleador. Adem\u00e1s, se suma al total de ingresos extranjeros. La mayor\u00eda de los turistas provienen de Europa.<\/p>\n\n\n\n<p>The fishing <a href=\"https:\/\/www.sisinternational.com\/es\/pericia\/industrias\/investigacion-de-mercados-industriales\/\" title=\"Investigaci\u00f3n y estrategia de mercados industriales\"  data-wpil-monitor-id=\"11262\">industry supplies both local and foreign markets<\/a>. Another benefit of this <a href=\"https:\/\/www.sisinternational.com\/es\/soluciones\/investigacion-de-mercado-de-la-industria-de-alimentos-y-bebidas\/\" title=\"Estudio de mercado de la industria alimentaria y de bebidas\"  data-wpil-monitor-id=\"11265\">industry is that it boosts food<\/a> security. In addition, it provides income. Seychelles exports high-quality fish to Europe, Japan, France, and Germany. It also targets countries like the United Kingdom and Mauritius.<\/p>\n\n\n\n<p>El gobierno de Seychelles est\u00e1 intentando reducir las importaciones de alimentos. A\u00fan as\u00ed, la agricultura representa s\u00f3lo una fracci\u00f3n del Producto Interno Bruto del pa\u00eds.<\/p>\n\n\n\n<p>El sector manufacturero del pa\u00eds tambi\u00e9n est\u00e1 creciendo. Este sector cuenta con varias plantas procesadoras de alimentos. Adem\u00e1s, Seychelles cuenta con industrias qu\u00edmicas y de fabricaci\u00f3n de muebles.<\/p>\n\n\n\n<h2 class=\"wp-block-heading\">Barrios<\/h2>\n\n\n\n<p>Victoria is the capital of Seychelles. It is on the northeastern <a href=\"https:\/\/www.sisinternational.com\/es\/cobertura\/investigacion-de-mercado-africa\/investigacion-de-mercado-en-mauricio-africa\/\" title=\"Market Research in Mauritius \u2014 Island off Africa&#8217;s East Coast\"  data-wpil-monitor-id=\"11266\">coast of Mahe Island<\/a>. Since it is the country\u2019s only port, all exports leave from there.<\/p>\n\n\n\n<p>La capital es tambi\u00e9n la sede del gobierno nacional. La Casa del Estado, que es la Oficina del Presidente, tambi\u00e9n se encuentra en la capital. Adem\u00e1s, la capital es el centro cultural empresarial del pa\u00eds. Uno de sus hitos es la Torre del Reloj. Esta torre ha resistido la prueba del tiempo desde 1903.<\/p>\n\n\n\n<p>Anse Boileau es otro distrito de la costa oeste de Mah\u00e9. Este hermoso lugar est\u00e1 al pie de una monta\u00f1a. Tiene una gran variedad de arroyos, minibosques, arroyos y estanques. Anse Boileau alberga una comisar\u00eda de polic\u00eda, supermercados y tiendas. La playa es de f\u00e1cil acceso en veh\u00edculo o a pie. Tambi\u00e9n es apto para nadar y hacer snorkel gracias a sus peque\u00f1as olas y aguas poco profundas. Los visitantes tambi\u00e9n pueden disfrutar de hermosas puestas de sol.<\/p>\n\n\n\n<h2 class=\"wp-block-heading\">Tendencias<\/h2>\n\n\n\n<p>La gesti\u00f3n del virus COVID-19 sigue siendo una preocupaci\u00f3n primordial. De hecho, el gobierno otorga financiaci\u00f3n adicional a los sectores que m\u00e1s la necesitan.<\/p>\n\n\n\n<p>El gasto presupuestario se ha desplazado hacia:<\/p>\n\n\n\n<ol class=\"wp-block-list\">\n<li>Atenci\u00f3n sanitaria para contener y combatir el virus<\/li>\n\n\n\n<li>Seguridad alimentaria durante la crisis<\/li>\n\n\n\n<li>Garantizar que los empleados del sector privado conserven sus puestos de trabajo y reciban su remuneraci\u00f3n<\/li>\n\n\n\n<li>Protecci\u00f3n social para garantizar la seguridad de quienes corren mayor riesgo<\/li>\n\n\n\n<li>M\u00e1s medidas para prevenir la delincuencia durante la crisis<\/li>\n\n\n\n<li>Inversiones para apoyar el crecimiento<\/li>\n<\/ol>\n\n\n\n<h2 class=\"wp-block-heading\">Beneficios y fortalezas en el mercado de Seychelles<\/h2>\n\n\n\n<p>La pandemia provoc\u00f3 una ca\u00edda del crecimiento debido a la reducci\u00f3n del turismo.<\/p>\n\n\n\n<p>Por otro lado, la industria pesquera sigue funcionando bien. As\u00ed, Seychelles puede sobrevivir. La industria tiene tres componentes principales. Ellos son:<\/p>\n\n\n\n<ol class=\"wp-block-list\">\n<li>La pesca artesanal, realizada por pescadores locales utilizando peque\u00f1as embarcaciones a motor.<\/li>\n\n\n\n<li>Las pesquer\u00edas semiindustriales, tambi\u00e9n de propiedad local. Pescan en mar abierto, utilizando palangres.<\/li>\n\n\n\n<li>La pesca industrial, compuesta principalmente por flotas de propiedad extranjera. Esta es la columna vertebral de la industria pesquera y se dirige a las especies de at\u00fan.<\/li>\n<\/ol>\n\n\n\n<h2 class=\"wp-block-heading\">Base de consumidores<\/h2>\n\n\n\n<p>Despite the growth in Seychelles, poverty is still widespread.&nbsp;This is due to unequal wealth distribution among its population.<\/p>\n\n\n\n<h2 class=\"wp-block-heading\">Razones para hacer crecer su negocio en el mercado de Seychelles<\/h2>\n\n\n\n<p>El gobierno est\u00e1 implementando varias medidas para apoyar a los agricultores y pescadores locales. Les ayuda en la producci\u00f3n de carne, verduras y pescado.<\/p>\n\n\n\n<p>Las fronteras de Seychelles permanecen cerradas. De hecho, hemos visto que el sector tur\u00edstico est\u00e1 en crisis. Por tanto, el pa\u00eds necesita diversificarse. Necesita reducir su excesiva dependencia del sector tur\u00edstico. Al hacerlo, el gobierno tambi\u00e9n debe preservar los niveles de vida de su pueblo. Tambi\u00e9n tiene que permanecer estable.<\/p>\n\n\n\n<p>That\u2019s why it\u2019s important to attract new investors. Once a business starts <a href=\"https:\/\/www.sisinternational.com\/es\/pericia\/curriculums-de-experiencia\/estudio-de-mercado-de-productos-de-cuidado-personal\/\" title=\"Investigaci\u00f3n de mercado de productos de cuidado personal\"  data-wpil-monitor-id=\"11263\">marketing its products<\/a> it can boost the growth of the country.<\/p>\n\n\n\n<h2 class=\"wp-block-heading\">Acerca de la investigaci\u00f3n de mercado en Seychelles<\/h2>\n\n\n\n<p>Focus groups play a crucial role in protecting investors. That\u2019s why it\u2019s important to conduct surveys on the country. Such <a href=\"https:\/\/www.sisinternational.com\/es\/investigacion-de-mercado-en-africa-2\/\" title=\"Investigaci\u00f3n de mercado en \u00c1frica\"  data-wpil-monitor-id=\"2929\">research is necessary to understand the market<\/a>. <a href=\"https:\/\/www.sisinternational.com\/es\/soluciones\/soluciones-de-investigacion-cualitativa-cuantitativa\/reclutamiento-de-investigacion-cualitativa\/\" title=\"Reclutamiento de investigaci\u00f3n cualitativa\"  data-wpil-monitor-id=\"11264\">Qualitative and Quantitative research<\/a> will also help business owners. Investors can determine if investing in Seychelles will benefit them.<\/p>\n\n\n\n<p><a href=\"https:\/\/www.sisinternational.com\/es\/soluciones\/consultoria-estrategica\/como-la-investigacion-estrategica-puede-mejorar-su-rendimiento\/\">Investigaci\u00f3n estrat\u00e9gica<\/a> is also essential.&nbsp;It tells the investor what will work best in Seychelles.<\/p>\n\n\n\n<p>\u00bfEst\u00e1s pensando en invertir en Seychelles? Estaremos encantados de proporcionarle su investigaci\u00f3n de mercado. Queremos ayudarte a decidir. \u00a1Cont\u00e1ctanos ahora!<\/p>\n\n\n\n<p><\/p>","protected":false},"excerpt":{"rendered":"<p>Investigaci\u00f3n de mercado en Seychelles; \u00bfEst\u00e1s pensando en invertir? Estaremos encantados de proporcionarle su investigaci\u00f3n de mercado. Queremos ayudarte a decidir.<\/p>","protected":false},"author":1,"featured_media":65214,"parent":14281,"menu_order":40,"comment_status":"closed","ping_status":"closed","template":"","meta":{"footnotes":""},"class_list":["post-38069","page","type-page","status-publish","has-post-thumbnail"],"_links":{"self":[{"href":"https:\/\/www.sisinternational.com\/es\/wp-json\/wp\/v2\/pages\/38069","targetHints":{"allow":["GET"]}}],"collection":[{"href":"https:\/\/www.sisinternational.com\/es\/wp-json\/wp\/v2\/pages"}],"about":[{"href":"https:\/\/www.sisinternational.com\/es\/wp-json\/wp\/v2\/types\/page"}],"author":[{"embeddable":true,"href":"https:\/\/www.sisinternational.com\/es\/wp-json\/wp\/v2\/users\/1"}],"replies":[{"embeddable":true,"href":"https:\/\/www.sisinternational.com\/es\/wp-json\/wp\/v2\/comments?post=38069"}],"version-history":[{"count":6,"href":"https:\/\/www.sisinternational.com\/es\/wp-json\/wp\/v2\/pages\/38069\/revisions"}],"predecessor-version":[{"id":81837,"href":"https:\/\/www.sisinternational.com\/es\/wp-json\/wp\/v2\/pages\/38069\/revisions\/81837"}],"up":[{"embeddable":true,"href":"https:\/\/www.sisinternational.com\/es\/wp-json\/wp\/v2\/pages\/14281"}],"wp:featuredmedia":[{"embeddable":true,"href":"https:\/\/www.sisinternational.com\/es\/wp-json\/wp\/v2\/media\/65214"}],"wp:attachment":[{"href":"https:\/\/www.sisinternational.com\/es\/wp-json\/wp\/v2\/media?parent=38069"}],"curies":[{"name":"wp","href":"https:\/\/api.w.org\/{rel}","templated":true}]}}