{"id":38051,"date":"2021-07-09T03:27:16","date_gmt":"2021-07-09T03:27:16","guid":{"rendered":"https:\/\/www.sisinternational.com\/?page_id=38051"},"modified":"2026-01-26T17:19:55","modified_gmt":"2026-01-26T22:19:55","slug":"investigacion-de-mercado-en-sudan-africa","status":"publish","type":"page","link":"https:\/\/www.sisinternational.com\/es\/cobertura\/investigacion-de-mercado-africa\/investigacion-de-mercado-en-sudan-africa\/","title":{"rendered":"Investigaci\u00f3n de mercado en Sud\u00e1n, \u00c1frica"},"content":{"rendered":"<h1 class=\"wp-block-heading\">Investigaci\u00f3n de mercado en Sud\u00e1n, \u00c1frica<\/h1>\n\n\n\n<figure class=\"gb-block-image gb-block-image-64453e76\"><img loading=\"lazy\" decoding=\"async\" width=\"1456\" height=\"816\" class=\"gb-image gb-image-64453e76\" src=\"https:\/\/www.sisinternational.com\/wp-content\/uploads\/2025\/08\/Sudan-1.jpg\" alt=\"Investigaci\u00f3n y estrategia de mercado internacional de SIS\" title=\"Sudan (1)\" srcset=\"https:\/\/www.sisinternational.com\/wp-content\/uploads\/2025\/08\/Sudan-1.jpg 1456w, https:\/\/www.sisinternational.com\/wp-content\/uploads\/2025\/08\/Sudan-1-300x168.jpg 300w, https:\/\/www.sisinternational.com\/wp-content\/uploads\/2025\/08\/Sudan-1-1024x574.jpg 1024w, https:\/\/www.sisinternational.com\/wp-content\/uploads\/2025\/08\/Sudan-1-768x430.jpg 768w, https:\/\/www.sisinternational.com\/wp-content\/uploads\/2025\/08\/Sudan-1-18x10.jpg 18w\" sizes=\"auto, (max-width: 1456px) 100vw, 1456px\"><\/figure>\n\n\n\n<p><\/p>\n\n\n\n<p>La Rep\u00fablica de Sud\u00e1n es un pa\u00eds del noreste de \u00c1frica. Est\u00e1 al sur de Egipto y al norte de Sud\u00e1n del Sur. En sus fronteras oriental y occidental se encuentran Eritrea y Chad. El Mar Rojo est\u00e1 al noreste de Sud\u00e1n.<\/p>\n\n\n\n<h2 class=\"wp-block-heading\">Industrias clave<\/h2>\n\n\n\n<p>The primary Sudanese industries are agriculture, tourism, <a href=\"https:\/\/www.sisinternational.com\/es\/pericia\/industrias\/investigacion-de-mercado-de-petroleo-y-gas\/\" title=\"Investigaci\u00f3n de mercado de petr\u00f3leo y gas\"  data-wpil-monitor-id=\"11198\">oil &amp; gas<\/a>, and mining.<\/p>\n\n\n\n<p>Sud\u00e1n exporta petr\u00f3leo crudo, semillas oleaginosas, ovejas y cabras. El pa\u00eds tambi\u00e9n es un importante exportador de oro, gomas naturales y algod\u00f3n.<\/p>\n\n\n\n<p>Una gran parte de la superficie terrestre de Sud\u00e1n es apta para pr\u00e1cticas agr\u00edcolas. Adem\u00e1s, esta tierra f\u00e9rtil ayuda a sostener la s\u00f3lida industria agraria del pa\u00eds, que emplea a la mayor parte de la poblaci\u00f3n. Sud\u00e1n tambi\u00e9n se dedica a la agricultura de regad\u00edo. De hecho, produce varios cultivos comerciales bajo riego. Por ejemplo, los agricultores plantan algod\u00f3n de esta manera.<\/p>\n\n\n\n<p>Otro punto clave es que la principal fuente de agua para riego es el r\u00edo Nilo. La industria agr\u00edcola tambi\u00e9n utiliza otros r\u00edos peque\u00f1os.<\/p>\n\n\n\n<p>Sudan is famous for its rich history. Another feature of Sudan is the pyramids throughout the country, which attract high levels of tourism. Many ancient sites have gained further popularity with international tourists. For example, one can visit the ancient Kush sites of Meroe Island. Sudan continues to <a href=\"https:\/\/www.sisinternational.com\/es\/soluciones\/consultoria-de-hosteleria-y-turismo-en-viajes\/consultoria-de-desarrollo-turistico\/\" title=\"Consultor\u00eda de Desarrollo Tur\u00edstico\"  data-wpil-monitor-id=\"11195\">develop the tourism<\/a> sector, in particular by investing in it.<\/p>\n\n\n\n<p>The oil and gas sector dominates the share of exports in Sudan. In short, Sudan exports <a href=\"https:\/\/www.sisinternational.com\/es\/pericia\/industrias\/investigacion-del-mercado-petrolero\/\" title=\"Investigaci\u00f3n del mercado petrolero\"  data-wpil-monitor-id=\"6477\">petroleum products to markets<\/a> in China, Japan, South Korea, and India. In fact, the largest Sudanese oil reserves are in the Southern part of the country. These are in Melut Rift and Muglad basins. Sudan is also home to many oil refineries, which allow it to meet external demand.<\/p>\n\n\n\n<p>En Sud\u00e1n existe una amplia variedad de minerales. Estos incluyen oro, hierro, cobre, m\u00e1rmol y piedra caliza. Los sudaneses utilizan muchas de las minas, como Gebeit, para extraer grandes cantidades de oro. Hay grandes reservas de oro dentro del pa\u00eds. Sud\u00e1n ha extra\u00eddo oro durante d\u00e9cadas y sigue siendo una industria muy rentable.<\/p>\n\n\n\n<h2 class=\"wp-block-heading\">Barrios<\/h2>\n\n\n\n<p>La mayor parte de la poblaci\u00f3n sudanesa vive en zonas rurales. La ciudad m\u00e1s poblada es Omdurman en el estado de Jartum. La ciudad de Jartum es la segunda ciudad m\u00e1s grande en t\u00e9rminos de poblaci\u00f3n.<\/p>\n\n\n\n<p>La ciudad de Jartum es la capital administrativa de Sud\u00e1n. Est\u00e1 en el estado de Jartum y se encuentra entre el Nilo Azul y el Nilo Blanco. Jartum es una ciudad empobrecida. Consta s\u00f3lo de unas pocas calles pavimentadas y arboladas.<\/p>\n\n\n\n<p>Por el contrario, la ciudad de Omdurman se encuentra al oeste del Nilo. Es un centro de actividad comercial en Sud\u00e1n. El clima en Omdurm\u00e1n es soleado durante todo el a\u00f1o con escasas precipitaciones. Esta ciudad es la capital hist\u00f3rica, cultural y espiritual de Sud\u00e1n.<\/p>\n\n\n\n<h2 class=\"wp-block-heading\">Tendencias<\/h2>\n\n\n\n<figure class=\"gb-block-image gb-block-image-ef5f3f83\"><img loading=\"lazy\" decoding=\"async\" width=\"1456\" height=\"816\" class=\"gb-image gb-image-ef5f3f83\" src=\"https:\/\/www.sisinternational.com\/wp-content\/uploads\/2025\/08\/Sudan-1.jpg\" alt=\"Investigaci\u00f3n y estrategia de mercado internacional de SIS\" title=\"Sudan (1)\" srcset=\"https:\/\/www.sisinternational.com\/wp-content\/uploads\/2025\/08\/Sudan-1.jpg 1456w, https:\/\/www.sisinternational.com\/wp-content\/uploads\/2025\/08\/Sudan-1-300x168.jpg 300w, https:\/\/www.sisinternational.com\/wp-content\/uploads\/2025\/08\/Sudan-1-1024x574.jpg 1024w, https:\/\/www.sisinternational.com\/wp-content\/uploads\/2025\/08\/Sudan-1-768x430.jpg 768w, https:\/\/www.sisinternational.com\/wp-content\/uploads\/2025\/08\/Sudan-1-18x10.jpg 18w\" sizes=\"auto, (max-width: 1456px) 100vw, 1456px\"><\/figure>\n\n\n\n<p>Existe una necesidad urgente de inversi\u00f3n extranjera directa en Sud\u00e1n para garantizar su supervivencia. Hay un inter\u00e9s creciente en el mercado de la energ\u00eda hidroel\u00e9ctrica porque Sud\u00e1n es un importador neto de energ\u00eda. El gobierno pretende revertir esa situaci\u00f3n. Su objetivo es satisfacer la demanda de energ\u00eda utilizando los recursos del pa\u00eds. Est\u00e1 explorando nuevos desarrollos en energ\u00eda nuclear para contribuir a este objetivo.<\/p>\n\n\n\n<h2 class=\"wp-block-heading\">Beneficios y Fortalezas en el Mercado<\/h2>\n\n\n\n<p>Sud\u00e1n tiene muchos recursos naturales, incluidas tierras ricas y f\u00e9rtiles y una vida silvestre diversa. Tiene una ubicaci\u00f3n \u00fanica con f\u00e1cil acceso al mar y tambi\u00e9n cuenta con una gran fuerza laboral. Estos atributos pueden ayudar a mejorar la econom\u00eda sudanesa. Actualmente est\u00e1n infrautilizados y representan una oportunidad de inversi\u00f3n.<\/p>\n\n\n\n<h2 class=\"wp-block-heading\">Base de consumidores<\/h2>\n\n\n\n<p>A large part of the population is food insecure. The people experience high levels of unemployment. As a result, people engage in activities such as subsistence farming, which provides no wages. The Sudanese people also suffer from high levels of illiteracy. There is room for improvement within the education system.<\/p>\n\n\n\n<h2 class=\"wp-block-heading\">Razones para hacer crecer su negocio en el mercado sudan\u00e9s<\/h2>\n\n\n\n<p>Despite the many challenges, Sudan is an investment opportunity hub. With adequate funding, businesses in the agricultural and mining sectors will thrive. The Sudanese people tend to underutilize the country\u2019s natural resources and agricultural land. They have not developed the livestock <a href=\"https:\/\/www.sisinternational.com\/es\/venezuela-oil-mining-industry-potential-strategic-forecast-2026-2036\/\" title=\"Venezuela Oil &amp; Mining Industry Potential: Strategic Forecast 2026-2036\"  data-wpil-monitor-id=\"11197\">industry to its full potential<\/a>. Thus, these sectors are ripe for foreign investment.<\/p>\n\n\n\n<p>Sud\u00e1n tambi\u00e9n necesita mejorar su red de transporte. El transporte y otros desarrollos de infraestructura son buenas oportunidades de negocios.<\/p>\n\n\n\n<p>El mercado sudan\u00e9s est\u00e1 subdesarrollado y tiene un enorme potencial de crecimiento.<\/p>\n\n\n\n<h2 class=\"wp-block-heading\">Acerca de la investigaci\u00f3n de mercado en Sud\u00e1n<\/h2>\n\n\n\n<p>Businesses should conduct Quantitative, Qualitative, and Strategic <a href=\"https:\/\/www.sisinternational.com\/es\/investigacion-de-mercado-en-africa-2\/\" title=\"Investigaci\u00f3n de mercado en \u00c1frica\"  data-wpil-monitor-id=\"2933\">Research before market<\/a> entry. Such <a href=\"https:\/\/www.sisinternational.com\/es\/pericia\/industrias\/director-de-informacion-cio-investigacion-de-mercado\/\" title=\"Director de Informaci\u00f3n (CIO) Investigaci\u00f3n de Mercado\"  data-wpil-monitor-id=\"11200\">research analyzes current information<\/a>. It helps investors to make decisions on <a href=\"https:\/\/www.sisinternational.com\/es\/pericia\/curriculums-de-experiencia\/estudio-de-mercado-de-productos-de-cuidado-personal\/\" title=\"Investigaci\u00f3n de mercado de productos de cuidado personal\"  data-wpil-monitor-id=\"11193\">market entry and on which products<\/a> to sell. <a href=\"https:\/\/www.sisinternational.com\/es\/soluciones\/soluciones-de-branding-e-investigacion-de-clientes\/investigacion-de-mercado-posicionamiento-de-marca\/\" title=\"Investigaci\u00f3n de Mercado de Posicionamiento de Marca\"  data-wpil-monitor-id=\"11192\">Market Research can have a positive<\/a> impact on your business ventures. Thus, it\u2019s essential to give it some consideration before <a href=\"https:\/\/www.sisinternational.com\/es\/soluciones\/consultoria-estrategica\/investigacion-de-oportunidades-de-entrada-al-mercado\/la-eficacia-de-las-pruebas-de-productos-en-nueva-york-para-ingresar-al-mercado-estadounidense\/\" title=\"La eficacia de las pruebas de productos en Nueva York para entrar en el mercado estadounidense\"  data-wpil-monitor-id=\"11202\">entering the Sudanese market<\/a>.<\/p>\n\n\n\n<p><\/p>","protected":false},"excerpt":{"rendered":"<p>Investigaci\u00f3n de mercado en Sud\u00e1n, \u00c1frica La Rep\u00fablica de Sud\u00e1n es un pa\u00eds del noreste de \u00c1frica. Est\u00e1 al sur de Egipto y al norte de Sud\u00e1n del Sur. En sus fronteras oriental y occidental se encuentran Eritrea y Chad. El Mar Rojo est\u00e1 al noreste de Sud\u00e1n. Industrias clave Las principales industrias sudanesas son la agricultura, el turismo, el petr\u00f3leo... <a title=\"Investigaci\u00f3n de mercado en Sud\u00e1n, \u00c1frica\" class=\"read-more\" href=\"https:\/\/www.sisinternational.com\/es\/cobertura\/investigacion-de-mercado-africa\/investigacion-de-mercado-en-sudan-africa\/\" aria-label=\"Leer m\u00e1s sobre Investigaci\u00f3n de Mercado en Sud\u00e1n, \u00c1frica\">Leer m\u00e1s<\/a><\/p>","protected":false},"author":1,"featured_media":65226,"parent":14281,"menu_order":39,"comment_status":"closed","ping_status":"closed","template":"","meta":{"footnotes":""},"class_list":["post-38051","page","type-page","status-publish","has-post-thumbnail"],"_links":{"self":[{"href":"https:\/\/www.sisinternational.com\/es\/wp-json\/wp\/v2\/pages\/38051","targetHints":{"allow":["GET"]}}],"collection":[{"href":"https:\/\/www.sisinternational.com\/es\/wp-json\/wp\/v2\/pages"}],"about":[{"href":"https:\/\/www.sisinternational.com\/es\/wp-json\/wp\/v2\/types\/page"}],"author":[{"embeddable":true,"href":"https:\/\/www.sisinternational.com\/es\/wp-json\/wp\/v2\/users\/1"}],"replies":[{"embeddable":true,"href":"https:\/\/www.sisinternational.com\/es\/wp-json\/wp\/v2\/comments?post=38051"}],"version-history":[{"count":5,"href":"https:\/\/www.sisinternational.com\/es\/wp-json\/wp\/v2\/pages\/38051\/revisions"}],"predecessor-version":[{"id":81827,"href":"https:\/\/www.sisinternational.com\/es\/wp-json\/wp\/v2\/pages\/38051\/revisions\/81827"}],"up":[{"embeddable":true,"href":"https:\/\/www.sisinternational.com\/es\/wp-json\/wp\/v2\/pages\/14281"}],"wp:featuredmedia":[{"embeddable":true,"href":"https:\/\/www.sisinternational.com\/es\/wp-json\/wp\/v2\/media\/65226"}],"wp:attachment":[{"href":"https:\/\/www.sisinternational.com\/es\/wp-json\/wp\/v2\/media?parent=38051"}],"curies":[{"name":"wp","href":"https:\/\/api.w.org\/{rel}","templated":true}]}}