{"id":38049,"date":"2021-07-09T03:17:46","date_gmt":"2021-07-09T03:17:46","guid":{"rendered":"https:\/\/www.sisinternational.com\/?page_id=38049"},"modified":"2026-01-27T16:37:03","modified_gmt":"2026-01-27T21:37:03","slug":"investigacion-de-mercado-en-togo-africa","status":"publish","type":"page","link":"https:\/\/www.sisinternational.com\/es\/cobertura\/investigacion-de-mercado-africa\/investigacion-de-mercado-en-togo-africa\/","title":{"rendered":"Investigaci\u00f3n de mercado en Togo, \u00c1frica"},"content":{"rendered":"<h1 class=\"wp-block-heading\">Investigaci\u00f3n de mercado en Togo, \u00c1frica<\/h1>\n\n\n\n<figure class=\"gb-block-image gb-block-image-ee6d7afd\"><img loading=\"lazy\" decoding=\"async\" width=\"1456\" height=\"816\" class=\"gb-image gb-image-ee6d7afd\" src=\"https:\/\/www.sisinternational.com\/wp-content\/uploads\/2025\/08\/Togo-2.jpg\" alt=\"Investigaci\u00f3n y estrategia de mercado internacional de SIS\" title=\"Togo (2)\" srcset=\"https:\/\/www.sisinternational.com\/wp-content\/uploads\/2025\/08\/Togo-2.jpg 1456w, https:\/\/www.sisinternational.com\/wp-content\/uploads\/2025\/08\/Togo-2-300x168.jpg 300w, https:\/\/www.sisinternational.com\/wp-content\/uploads\/2025\/08\/Togo-2-1024x574.jpg 1024w, https:\/\/www.sisinternational.com\/wp-content\/uploads\/2025\/08\/Togo-2-768x430.jpg 768w, https:\/\/www.sisinternational.com\/wp-content\/uploads\/2025\/08\/Togo-2-18x10.jpg 18w\" sizes=\"auto, (max-width: 1456px) 100vw, 1456px\"><\/figure>\n\n\n\n<p><\/p>\n\n\n\n<p>Togo es un peque\u00f1o pa\u00eds de \u00c1frica occidental. Su superficie es de s\u00f3lo 35.400 millas cuadradas y se encuentra al sur de Burkina Faso, Mal\u00ed y N\u00edger. El nombre oficial de Togo es Rep\u00fablica Togolesa.<\/p>\n\n\n\n<p>Togo sol\u00eda ser el centro comercial de la regi\u00f3n de \u00c1frica Occidental. De hecho, domin\u00f3 la ruta comercial all\u00e1 por el siglo XVI. Durante este tiempo, la ubicaci\u00f3n de Togo en el Golfo de Guinea fue una gran ventaja. Togo sirvi\u00f3 como centro de comercio. De hecho, fue un centro para la trata transatl\u00e1ntica de esclavos en Europa. Togo tambi\u00e9n fue un centro para la trata de esclavos transahariana controlada por los \u00e1rabes. Como resultado, Togo y las regiones cercanas se ganaron el nombre de \u201cLa Costa de los Esclavos\u201d.<\/p>\n\n\n\n<h2 class=\"wp-block-heading\">Industrias clave<\/h2>\n\n\n\n<p>Los fosfatos son el principal producto de exportaci\u00f3n de Togo porque tiene millones de toneladas de reservas de fosfato.<\/p>\n\n\n\n<p>The country depends on subsistence agriculture as its economic pillar. So, to encourage agriculture, the government has built more roads and renovated the Lom\u00e9 port. As a result, agricultural production has grown. As a matter of fact, this sector employs most of the population. Farmers sell their harvests <a href=\"https:\/\/www.sisinternational.com\/es\/soluciones\/soluciones-de-branding-e-investigacion-de-clientes\/investigacion-de-mercado-minorista\/\" title=\"Investigaci\u00f3n de mercado minorista | Investigaci\u00f3n de mercado en la tienda\"  data-wpil-monitor-id=\"8759\">retail and wholesale in informal markets<\/a> across every town and village.<\/p>\n\n\n\n<p>Togo tiene una econom\u00eda subdesarrollada. Al sector privado le est\u00e1 yendo bien, pero este crecimiento no beneficia a todos. De hecho, la pobreza y la desigualdad son elevadas en el Togo actual, especialmente en las zonas rurales. Adem\u00e1s, tiene una alta tasa de fertilidad. La poblaci\u00f3n est\u00e1 creciendo demasiado r\u00e1pido y la econom\u00eda no puede seguir el ritmo. Tampoco los servicios p\u00fablicos del pa\u00eds. Como resultado, muchas personas no tienen acceso a estos servicios. Aun as\u00ed, Togo es autosuficiente en lo que respecta a alimentos. En a\u00f1os de cosechas medias y buenas, puede mantenerse por s\u00ed mismo.<\/p>\n\n\n\n<h2 class=\"wp-block-heading\">Barrios<\/h2>\n\n\n\n<p>Lom\u00e9, the capital of Togo, is a coastal city. It has gone through several colonial powers one after the other.&nbsp;The architecture has heavy German and French influences, which you can see&nbsp;in churches and government&nbsp;buildings.&nbsp;Another key point about Lom\u00e9 is that it is peaceful. Togolese people are friendly and welcoming.<\/p>\n\n\n\n<p>Lom\u00e9 is at the southwest tip of Togo, near the border with Ghana. It\u2019s on a lagoon that extends toward the Tokoin Plateau. The city is perfect for the casual walker. Attractions like the Lom\u00e9 Grand <a href=\"https:\/\/www.sisinternational.com\/es\/pericia\/industrias\/investigacion-de-mercado-del-cuidado-de-los-ojos\/\" title=\"Investigaci\u00f3n de mercado de cuidado de los ojos\"  data-wpil-monitor-id=\"8762\">Mercado<\/a> and the Lom\u00e9 Cathedral catch the eye. Lome also has many beaches and a voodoo <a href=\"https:\/\/www.sisinternational.com\/es\/soluciones\/investigacion-de-consultoria-estrategica-fintech\/investigacion-de-mercado-de-capital-riesgo\/\" title=\"Investigaci\u00f3n de mercado de capital riesgo\"  data-wpil-monitor-id=\"8760\">market for those daring enough to venture<\/a> there.<\/p>\n\n\n\n<h2 class=\"wp-block-heading\">Tendencias<\/h2>\n\n\n\n<p>El uso de Internet es elevado en Togo y esto ofrece una gran oportunidad para el crecimiento empresarial. De hecho, invertir en un negocio digital a medida que se estabiliza la econom\u00eda togolesa podr\u00eda generarle mucho dinero. Del mismo modo, la infraestructura digital en \u00c1frica occidental tiene que ampliarse para satisfacer la creciente demanda. Por tanto, Togo puede servir como punto de partida para una revoluci\u00f3n digital.<\/p>\n\n\n\n<h2 class=\"wp-block-heading\">Beneficios y fortalezas<\/h2>\n\n\n\n<p>Togo is still a regional hub. It no longer deals in human cargo, but in business activity. Thus, it is an excellent choice if you want to expand your <a href=\"https:\/\/www.sisinternational.com\/es\/el-efecto-de-la-cultura-de-mercado-nigeriana-en-los-negocios\/\" title=\"El mercado nigeriano: el efecto de la cultura en los negocios\"  data-wpil-monitor-id=\"7479\">business into the rest of West Africa<\/a>. In addition, the Trans-West African Coastal Highway runs through Togo. This major route is another benefit since it connects Togo to Nigeria and Benin in the east. It also connects the country to Cote d\u2019Ivoire and Ghana on the west.<\/p>\n\n\n\n<h2 class=\"wp-block-heading\">Base de consumidores<\/h2>\n\n\n\n<figure class=\"gb-block-image gb-block-image-c275dee0\"><img loading=\"lazy\" decoding=\"async\" width=\"1456\" height=\"816\" class=\"gb-image gb-image-c275dee0\" src=\"https:\/\/www.sisinternational.com\/wp-content\/uploads\/2025\/08\/Togo-3.jpg\" alt=\"Investigaci\u00f3n y estrategia de mercado internacional de SIS\" title=\"Togo (3)\" srcset=\"https:\/\/www.sisinternational.com\/wp-content\/uploads\/2025\/08\/Togo-3.jpg 1456w, https:\/\/www.sisinternational.com\/wp-content\/uploads\/2025\/08\/Togo-3-300x168.jpg 300w, https:\/\/www.sisinternational.com\/wp-content\/uploads\/2025\/08\/Togo-3-1024x574.jpg 1024w, https:\/\/www.sisinternational.com\/wp-content\/uploads\/2025\/08\/Togo-3-768x430.jpg 768w, https:\/\/www.sisinternational.com\/wp-content\/uploads\/2025\/08\/Togo-3-18x10.jpg 18w\" sizes=\"auto, (max-width: 1456px) 100vw, 1456px\"><\/figure>\n\n\n\n<p><\/p>\n\n\n\n<p>El pueblo togol\u00e9s lucha por una oportunidad de desarrollo para su pa\u00eds. La corrupci\u00f3n est\u00e1 muy extendida. Adem\u00e1s, alrededor de la mitad de los 8 millones de togoleses viven por debajo del umbral de pobreza absoluta. El ingreso per c\u00e1pita es bajo. Las tasas de empleo y subempleo son altas entre los j\u00f3venes. Hay pocas oportunidades de educaci\u00f3n y formaci\u00f3n superior. Pero el sector privado exige m\u00e1s mano de obra. Por tanto, la formaci\u00f3n profesional es una oportunidad de negocio. Puede generar ingresos y ayudar a resolver el problema del empleo juvenil al mismo tiempo.<\/p>\n\n\n\n<h2 class=\"wp-block-heading\">Razones para hacer crecer su negocio en Togo<\/h2>\n\n\n\n<p>Los altos impuestos obstaculizan el desarrollo del sector privado. Obtener financiaci\u00f3n es otro problema al que se enfrentan los inversores privados. Las empresas enfrentar\u00e1n muchos otros obst\u00e1culos. \u00bfPor qu\u00e9? Porque Togo sigue siendo pol\u00edticamente inestable. La situaci\u00f3n est\u00e1 mejorando pero sigue presente. En resumen, Togo no es muy amigable con los inversores. Aun as\u00ed, Togo tiene mucho que ofrecer a los inversores, as\u00ed que no dejes que eso te desanime.<\/p>\n\n\n\n<h2 class=\"wp-block-heading\">Investigaci\u00f3n de mercado en Togo<\/h2>\n\n\n\n<p>Proporcionamos <a href=\"https:\/\/www.sisinternational.com\/es\/qualitative-research-to-enhance-customer-experience\/\" title=\"Qualitative Research to Enhance Customer Experience\"  data-wpil-monitor-id=\"8758\">Investigaci\u00f3n cualitativa y cuantitativa<\/a> to tell you who and where your customers are. Strategy Research in Togo is also crucial. It helps investors to understand how to <a href=\"https:\/\/www.sisinternational.com\/es\/establecer-una-empresa-en-turquia\/\" title=\"Establecer una empresa en Turqu\u00eda\"  data-wpil-monitor-id=\"8761\">set realistic targets for their business<\/a>. We use Interviews and Surveys, so you can find new customers and know the best time to expand. We also use <a href=\"https:\/\/www.sisinternational.com\/es\/la-mejor-empresa-del-grupo-de-enfoque-global\/\" title=\"Principal empresa del grupo de enfoque global\"  data-wpil-monitor-id=\"8757\">Focus Groups to assist companies<\/a> in making the best business decisions. Contact us today, so we can work together to build your business in Togo.<\/p>\n\n\n\n<p><\/p>","protected":false},"excerpt":{"rendered":"<p>Investigaci\u00f3n de mercado en Togo, \u00c1frica Togo es un peque\u00f1o pa\u00eds de \u00c1frica occidental. Su superficie es de s\u00f3lo 35.400 millas cuadradas y se encuentra al sur de Burkina Faso, Mal\u00ed y N\u00edger. El nombre oficial de Togo es Rep\u00fablica Togolesa. Togo sol\u00eda ser el centro comercial de la regi\u00f3n de \u00c1frica Occidental. De hecho, gobern\u00f3 el\u2026 <a title=\"Investigaci\u00f3n de mercado en Togo, \u00c1frica\" class=\"read-more\" href=\"https:\/\/www.sisinternational.com\/es\/cobertura\/investigacion-de-mercado-africa\/investigacion-de-mercado-en-togo-africa\/\" aria-label=\"Leer m\u00e1s sobre Investigaci\u00f3n de Mercado en Togo, \u00c1frica\">Leer m\u00e1s<\/a><\/p>","protected":false},"author":1,"featured_media":65234,"parent":14281,"menu_order":38,"comment_status":"closed","ping_status":"closed","template":"","meta":{"footnotes":""},"class_list":["post-38049","page","type-page","status-publish","has-post-thumbnail"],"_links":{"self":[{"href":"https:\/\/www.sisinternational.com\/es\/wp-json\/wp\/v2\/pages\/38049","targetHints":{"allow":["GET"]}}],"collection":[{"href":"https:\/\/www.sisinternational.com\/es\/wp-json\/wp\/v2\/pages"}],"about":[{"href":"https:\/\/www.sisinternational.com\/es\/wp-json\/wp\/v2\/types\/page"}],"author":[{"embeddable":true,"href":"https:\/\/www.sisinternational.com\/es\/wp-json\/wp\/v2\/users\/1"}],"replies":[{"embeddable":true,"href":"https:\/\/www.sisinternational.com\/es\/wp-json\/wp\/v2\/comments?post=38049"}],"version-history":[{"count":4,"href":"https:\/\/www.sisinternational.com\/es\/wp-json\/wp\/v2\/pages\/38049\/revisions"}],"predecessor-version":[{"id":81469,"href":"https:\/\/www.sisinternational.com\/es\/wp-json\/wp\/v2\/pages\/38049\/revisions\/81469"}],"up":[{"embeddable":true,"href":"https:\/\/www.sisinternational.com\/es\/wp-json\/wp\/v2\/pages\/14281"}],"wp:featuredmedia":[{"embeddable":true,"href":"https:\/\/www.sisinternational.com\/es\/wp-json\/wp\/v2\/media\/65234"}],"wp:attachment":[{"href":"https:\/\/www.sisinternational.com\/es\/wp-json\/wp\/v2\/media?parent=38049"}],"curies":[{"name":"wp","href":"https:\/\/api.w.org\/{rel}","templated":true}]}}