{"id":38047,"date":"2021-07-09T03:13:57","date_gmt":"2021-07-09T03:13:57","guid":{"rendered":"https:\/\/www.sisinternational.com\/?page_id=38047"},"modified":"2025-09-14T17:48:07","modified_gmt":"2025-09-14T21:48:07","slug":"investigacion-de-mercado-en-zambia-africa","status":"publish","type":"page","link":"https:\/\/www.sisinternational.com\/es\/cobertura\/investigacion-de-mercado-africa\/investigacion-de-mercado-en-zambia-africa\/","title":{"rendered":"Investigaci\u00f3n de mercado en Zambia, \u00c1frica"},"content":{"rendered":"<h1 class=\"wp-block-heading\">Investigaci\u00f3n de mercado en Zambia, \u00c1frica<\/h1>\n\n\n\n<figure class=\"gb-block-image gb-block-image-d86cc733\"><img loading=\"lazy\" decoding=\"async\" width=\"1456\" height=\"816\" class=\"gb-image gb-image-d86cc733\" src=\"https:\/\/www.sisinternational.com\/wp-content\/uploads\/2025\/08\/Zambia-3.jpg\" alt=\"Investigaci\u00f3n y estrategia de mercado internacional de SIS\" title=\"Zambia (3)\" srcset=\"https:\/\/www.sisinternational.com\/wp-content\/uploads\/2025\/08\/Zambia-3.jpg 1456w, https:\/\/www.sisinternational.com\/wp-content\/uploads\/2025\/08\/Zambia-3-300x168.jpg 300w, https:\/\/www.sisinternational.com\/wp-content\/uploads\/2025\/08\/Zambia-3-1024x574.jpg 1024w, https:\/\/www.sisinternational.com\/wp-content\/uploads\/2025\/08\/Zambia-3-768x430.jpg 768w, https:\/\/www.sisinternational.com\/wp-content\/uploads\/2025\/08\/Zambia-3-18x10.jpg 18w\" sizes=\"auto, (max-width: 1456px) 100vw, 1456px\"><\/figure>\n\n\n\n<p><\/p>\n\n\n\n<p>Zambia es el hogar de las mundialmente famosas Cataratas Victoria. Este pa\u00eds sin salida al mar en el centro-sur de \u00c1frica se encuentra en una meseta. Varios cursos de agua lo rodean. Con m\u00e1s de 18 millones de habitantes, Zambia tambi\u00e9n alberga a m\u00e1s de 70 grupos \u00e9tnicos. Tiene una peque\u00f1a presencia asi\u00e1tica y expatriados de Europa, Gran Breta\u00f1a y Sud\u00e1frica.<\/p>\n\n\n\n<p>Uno de los principales inconvenientes de Zambia es la infraestructura. Carece de puentes sobre grandes r\u00edos y arroyos y tiene malas redes de carreteras en las zonas rurales. Hace casi medio siglo, las fronteras se cerraron debido a la guerra de guerrillas en la vecina Rodesia del Sur (actual Zimbabwe). Desde entonces, las redes de carreteras est\u00e1n mejorando. Aun as\u00ed, hay margen para un mayor desarrollo.<\/p>\n\n\n\n<h2 class=\"wp-block-heading\">Barrios<\/h2>\n\n\n\n<p>Zambia\u2019s capital, Lusaka, is one of Africa\u2019s fastest-growing cities. New buildings are going up everywhere. Shopping malls and chain stores are springing up all over the sprawling suburbs. The <a href=\"https:\/\/www.sisinternational.com\/es\/garantizar-que-los-clientes-recuerden-su-mensaje\/\" title=\"Investigaci\u00f3n de Mercado de Activaci\u00f3n de Marca\"  data-wpil-monitor-id=\"7745\">markets are hives of activity<\/a> with thousands of stalls. They house a myriad of restaurants, motor spares dealers, fishmongers, hairdressers, and fruit sellers. You\u2019ll also find row upon row of \u201csalaula\u201d \u2013 stalls of used clothing from the West sold to Africa by the bale.<\/p>\n\n\n\n<p>Kitwe es la segunda ciudad m\u00e1s grande de Zambia y es el centro del \u00e1rea de Copperbelt y el principal centro comercial e industrial del pa\u00eds. Kitwe es una ciudad moderna con un cine, un teatro y varios hoteles. Es una opci\u00f3n popular para los desarrolladores industriales y tiene varias industrias. Por ejemplo, Kitwe produce pilas, ropa y muebles. Tambi\u00e9n cuenta con pr\u00f3speras industrias de producci\u00f3n de bienes de consumo, cemento y amianto.<\/p>\n\n\n\n<h2 class=\"wp-block-heading\">Tendencias<\/h2>\n\n\n\n<p>Zambia est\u00e1 experimentando un cambio demogr\u00e1fico significativo. Es un pa\u00eds joven en t\u00e9rminos de edad media. Casi la mitad de la poblaci\u00f3n de Zambia tiene menos de 15 a\u00f1os. Zambia tiene una alta tasa de fertilidad y la poblaci\u00f3n est\u00e1 mostrando un r\u00e1pido crecimiento. Se duplica cada 25 a\u00f1os aproximadamente.<\/p>\n\n\n\n<p>El pa\u00eds enfrenta la amenaza de impactos prolongados del COVID-19. La pandemia ha contribuido a una disminuci\u00f3n de varias actividades econ\u00f3micas. La pobreza est\u00e1 aumentando debido a las fuertes p\u00e9rdidas de empleos en el turismo y la manufactura. Esta situaci\u00f3n, si se prolonga, puede afectar el crecimiento econ\u00f3mico.<\/p>\n\n\n\n<h2 class=\"wp-block-heading\">Industrias clave<\/h2>\n\n\n\n<p>Copper and cobalt <a href=\"https:\/\/www.sisinternational.com\/es\/venezuela-oil-mining-industry-potential-strategic-forecast-2026-2036\/\" title=\"Venezuela Oil &amp; Mining Industry Potential: Strategic Forecast 2026-2036\"  data-wpil-monitor-id=\"7746\">mining is the primary industry<\/a> in Zambia, but agriculture, forestry, fishing, textile manufacturing, and tourism are also promising ventures. Export crops include tobacco, cotton, fresh vegetables, and flowers. The country also exports gemstones, copper wire, cables, chemicals, and chemical products. In addition, it manufactures equipment and machinery.<\/p>\n\n\n\n<p>Corn, millet, peanuts, cassava, and sorghum are the primary food sources for local consumption. Further, Zambians have a robust timber industry with several species of exotic softwoods. The country has improved sugarcane <a href=\"https:\/\/www.sisinternational.com\/es\/pericia\/curriculums-de-experiencia\/estudio-de-mercado-de-productos-de-cuidado-personal\/\" title=\"Investigaci\u00f3n de mercado de productos de cuidado personal\"  data-wpil-monitor-id=\"7744\">production for the local and domestic markets<\/a>. Zambian farmers also grow wheat, tobacco, tea, and coffee.<\/p>\n\n\n\n<p>Adem\u00e1s, una gran parte de la poblaci\u00f3n depende de otras maderas para producir carb\u00f3n vegetal. Este carb\u00f3n vegetal sirve como combustible para cocinar en los hogares rurales. La pesca tambi\u00e9n es una opci\u00f3n econ\u00f3mica pr\u00f3spera debido a la profusi\u00f3n de lagos, r\u00edos y pantanos.<\/p>\n\n\n\n<p>Lo que es significativo es la rica oferta de Zambia de algunos de los dep\u00f3sitos de esmeraldas m\u00e1s grandes del mundo. Adem\u00e1s, existen otras gemas como la turmalina, la aguamarina y la amatista. Zambia tambi\u00e9n produce talco, oro, cobalto, mineral de hierro, plata y chatarra de calidad cosm\u00e9tica.<\/p>\n\n\n\n<p>Los principales socios exportadores de Zambia incluyen:<\/p>\n\n\n\n<ul class=\"wp-block-list\">\n<li>Porcelana<\/li>\n\n\n\n<li>Sud\u00e1frica<\/li>\n\n\n\n<li>Suiza<\/li>\n\n\n\n<li>La Rep\u00fablica Democr\u00e1tica del Congo<\/li>\n<\/ul>\n\n\n\n<h2 class=\"wp-block-heading\">Base de consumidores<\/h2>\n\n\n\n<p>Casi la mitad de la poblaci\u00f3n de Zambia vive en pueblos o ciudades. Por tanto, es uno de los pa\u00edses m\u00e1s urbanizados de \u00c1frica. Esta tendencia parece que aumentar\u00e1 en los pr\u00f3ximos a\u00f1os a medida que la econom\u00eda siga creciendo. Cada vez m\u00e1s habitantes rurales pobres se est\u00e1n mudando a estas \u00e1reas urbanas, lo que es una ventaja para algunas empresas.<\/p>\n\n\n\n<h2 class=\"wp-block-heading\">Razones para hacer crecer su negocio en Zambia<\/h2>\n\n\n\n<p>Zambia es un pa\u00eds seguro, con una forma de gobierno estable y una gente c\u00e1lida y amigable. Tiene desaf\u00edos en algunos sectores. A\u00fan as\u00ed, este pa\u00eds de ingresos medianos bajos es rico en varios recursos naturales. Estos recursos pueden impulsar la actividad econ\u00f3mica. Aunque el PIB cay\u00f3 recientemente, las perspectivas siguen siendo favorables. Zambia est\u00e1 lista para inversiones en miner\u00eda de cobre, turismo y manufactura.<\/p>\n\n\n\n<h2 class=\"wp-block-heading\">Acerca de la investigaci\u00f3n de mercado en Zambia<\/h2>\n\n\n\n<p>Are you <a href=\"https:\/\/www.sisinternational.com\/es\/perspectivas-economicas-de-qatar\/\" title=\"Perspectivas econ\u00f3micas e investigaci\u00f3n de mercado de Qatar\"  data-wpil-monitor-id=\"7743\">researching the economic outlook<\/a> and growth rate for Zambia? Are you searching for good investment opportunities? Then we can put you in an excellent position to explore several exciting prospects. Our extensive study includes Qualitative, Quantitative, and Strategy Research methods. We will help you to make an informed decision about investing in this resource-rich country.<\/p>","protected":false},"excerpt":{"rendered":"<p>Investigaci\u00f3n de mercado en Zambia, \u00c1frica Zambia es el hogar de las mundialmente famosas Cataratas Victoria. Este pa\u00eds sin salida al mar en el centro-sur de \u00c1frica se encuentra en una meseta. Varios cursos de agua lo rodean. Con m\u00e1s de 18 millones de habitantes, Zambia tambi\u00e9n alberga a m\u00e1s de 70 grupos \u00e9tnicos. Tiene una peque\u00f1a presencia asi\u00e1tica y expatriados de Europa, Gran Breta\u00f1a y Sud\u00e1frica. \u2026 <a title=\"Investigaci\u00f3n de mercado en Zambia, \u00c1frica\" class=\"read-more\" href=\"https:\/\/www.sisinternational.com\/es\/cobertura\/investigacion-de-mercado-africa\/investigacion-de-mercado-en-zambia-africa\/\" aria-label=\"Leer m\u00e1s sobre Investigaci\u00f3n de Mercado en Zambia, \u00c1frica\">Leer m\u00e1s<\/a><\/p>","protected":false},"author":1,"featured_media":65157,"parent":14281,"menu_order":37,"comment_status":"closed","ping_status":"closed","template":"","meta":{"footnotes":""},"class_list":["post-38047","page","type-page","status-publish","has-post-thumbnail"],"_links":{"self":[{"href":"https:\/\/www.sisinternational.com\/es\/wp-json\/wp\/v2\/pages\/38047","targetHints":{"allow":["GET"]}}],"collection":[{"href":"https:\/\/www.sisinternational.com\/es\/wp-json\/wp\/v2\/pages"}],"about":[{"href":"https:\/\/www.sisinternational.com\/es\/wp-json\/wp\/v2\/types\/page"}],"author":[{"embeddable":true,"href":"https:\/\/www.sisinternational.com\/es\/wp-json\/wp\/v2\/users\/1"}],"replies":[{"embeddable":true,"href":"https:\/\/www.sisinternational.com\/es\/wp-json\/wp\/v2\/comments?post=38047"}],"version-history":[{"count":3,"href":"https:\/\/www.sisinternational.com\/es\/wp-json\/wp\/v2\/pages\/38047\/revisions"}],"predecessor-version":[{"id":81306,"href":"https:\/\/www.sisinternational.com\/es\/wp-json\/wp\/v2\/pages\/38047\/revisions\/81306"}],"up":[{"embeddable":true,"href":"https:\/\/www.sisinternational.com\/es\/wp-json\/wp\/v2\/pages\/14281"}],"wp:featuredmedia":[{"embeddable":true,"href":"https:\/\/www.sisinternational.com\/es\/wp-json\/wp\/v2\/media\/65157"}],"wp:attachment":[{"href":"https:\/\/www.sisinternational.com\/es\/wp-json\/wp\/v2\/media?parent=38047"}],"curies":[{"name":"wp","href":"https:\/\/api.w.org\/{rel}","templated":true}]}}