{"id":38036,"date":"2021-07-09T02:27:58","date_gmt":"2021-07-09T02:27:58","guid":{"rendered":"https:\/\/www.sisinternational.com\/?page_id=38036"},"modified":"2026-01-27T16:37:05","modified_gmt":"2026-01-27T21:37:05","slug":"investigacion-de-mercado-en-zimbabwe-africa","status":"publish","type":"page","link":"https:\/\/www.sisinternational.com\/es\/cobertura\/investigacion-de-mercado-africa\/investigacion-de-mercado-en-zimbabwe-africa\/","title":{"rendered":"Investigaci\u00f3n de mercado en Zimbabwe, \u00c1frica"},"content":{"rendered":"<h1 class=\"wp-block-heading\">Investigaci\u00f3n de mercado en Zimbabwe, \u00c1frica<\/h1>\n\n\n\n<figure class=\"gb-block-image gb-block-image-b926d6f2\"><img loading=\"lazy\" decoding=\"async\" width=\"1456\" height=\"816\" class=\"gb-image gb-image-b926d6f2\" src=\"https:\/\/www.sisinternational.com\/wp-content\/uploads\/2025\/08\/Zimbabwe-3.jpg\" alt=\"Investigaci\u00f3n y estrategia de mercado internacional de SIS\" title=\"Zimbabwe, (3)\" srcset=\"https:\/\/www.sisinternational.com\/wp-content\/uploads\/2025\/08\/Zimbabwe-3.jpg 1456w, https:\/\/www.sisinternational.com\/wp-content\/uploads\/2025\/08\/Zimbabwe-3-300x168.jpg 300w, https:\/\/www.sisinternational.com\/wp-content\/uploads\/2025\/08\/Zimbabwe-3-1024x574.jpg 1024w, https:\/\/www.sisinternational.com\/wp-content\/uploads\/2025\/08\/Zimbabwe-3-768x430.jpg 768w, https:\/\/www.sisinternational.com\/wp-content\/uploads\/2025\/08\/Zimbabwe-3-18x10.jpg 18w\" sizes=\"auto, (max-width: 1456px) 100vw, 1456px\"><\/figure>\n\n\n\n<p><\/p>\n\n\n\n<p>La Rep\u00fablica de Zimbabwe, antigua Rodesia, ofrece algunos de los paisajes m\u00e1s impresionantes del sur de \u00c1frica. Es un territorio sin salida al mar ubicado entre los r\u00edos Limpopo y Zambezi. Su superficie total es de m\u00e1s de 150.000 millas cuadradas.<\/p>\n\n\n\n<p>The country borders Mozambique to the <a href=\"https:\/\/www.sisinternational.com\/es\/cobertura\/investigacion-de-mercado-africa\/investigacion-de-mercado-en-uganda-africa\/\" title=\"Investigaci\u00f3n de mercado en Uganda, \u00c1frica Oriental\"  data-wpil-monitor-id=\"6087\">east and South Africa<\/a> to the south. Zambia and Botswana are to the <a href=\"https:\/\/www.sisinternational.com\/es\/cobertura\/investigacion-de-mercado-africa\/investigacion-de-mercado-en-marruecos-norte-de-africa\/\" title=\"Investigaci\u00f3n de mercado en Marruecos, continente del noroeste de \u00c1frica\"  data-wpil-monitor-id=\"11238\">north and west<\/a>. After years of civil and military unrest, Zimbabwe began to settle down around 1980. Yet, although it had a more stable form of government, it still faced hardships. For example, its struggle with hyperinflation is well-known.<\/p>\n\n\n\n<p>Even now, electricity flickers on for only a few hours at a time, often at night. Another challenge is running water, which flows for only a few hours a week. It\u2019s a difficult climate to run a business. In fact, business owners have to import power from Mozambique and South <a href=\"https:\/\/www.sisinternational.com\/es\/el-efecto-de-la-cultura-de-mercado-nigeriana-en-los-negocios\/\" title=\"El mercado nigeriano: el efecto de la cultura en los negocios\"  data-wpil-monitor-id=\"7480\">\u00c1frica<\/a>. Still, it provides an opportunity for investors. These investors can look at providing essential services, ensuring the survival of businesses.<\/p>\n\n\n\n<h2 class=\"wp-block-heading\">Tendencias<\/h2>\n\n\n\n<p>Alrededor del 75 por ciento de la poblaci\u00f3n depende de la agricultura para su existencia. Es de destacar su alta tasa de alfabetizaci\u00f3n y su fuerza laboral progresista y bien educada. Estos indicadores son se\u00f1ales positivas para que los inversores formen alianzas estrat\u00e9gicas. Las industrias de servicios, manufactura, telecomunicaciones y agricultura son excelentes lugares para comenzar.<\/p>\n\n\n\n<p>La actual recesi\u00f3n mundial y la COVID-19 han afectado las condiciones de vida y el empleo. A\u00fan as\u00ed, las perspectivas econ\u00f3micas son positivas. Zimbabwe sigue disfrutando de una econom\u00eda fuerte. Tampoco depende significativamente de la financiaci\u00f3n de agencias internacionales. Adem\u00e1s, los expertos predicen un aumento del PIB impulsado por la agricultura.<\/p>\n\n\n\n<h2 class=\"wp-block-heading\">Industrias clave<\/h2>\n\n\n\n<p>Zimbabwe ocupa alrededor del 93 por ciento de la superficie terrestre y el 83 por ciento del agua en el sur de \u00c1frica. Es rico en recursos naturales, buena infraestructura y acceso a\u00e9reo y mar\u00edtimo. Tambi\u00e9n cuenta con redes de carreteras confiables.<\/p>\n\n\n\n<p>Zimbabwe se encuentra entre los 15 principales productores de oro del mundo. Los zimbabuenses tambi\u00e9n extraen platino, cobre, carb\u00f3n, esta\u00f1o, minerales met\u00e1licos y no met\u00e1licos, n\u00edquel, productos qu\u00edmicos, cemento, productos de madera, acero y fertilizantes. Otras exportaciones son productos alimenticios, prendas de vestir, calzado y bebidas.<\/p>\n\n\n\n<p>Existen importantes oportunidades comerciales en horticultura, turismo, ingenier\u00eda, silvicultura, manufactura, miner\u00eda y telecomunicaciones. Adem\u00e1s, sus principales exportaciones incluyen oro, tabaco, az\u00facar, algod\u00f3n y minerales met\u00e1licos. Los principales socios exportadores de Zimbabwe son:<\/p>\n\n\n\n<ul class=\"wp-block-list\">\n<li>Francia<\/li>\n\n\n\n<li>Los pa\u00edses bajos<\/li>\n\n\n\n<li>Sud\u00e1frica<\/li>\n\n\n\n<li>Reino Unido<\/li>\n\n\n\n<li>Irlanda<\/li>\n\n\n\n<li>B\u00e9lgica<\/li>\n<\/ul>\n\n\n\n<h2 class=\"wp-block-heading\">Base de consumidores<\/h2>\n\n\n\n<p>Las principales importaciones de Zimbabwe incluyen combustibles, fertilizantes minerales, petr\u00f3leo, equipo de transporte, maquinaria, energ\u00eda el\u00e9ctrica, arroz, trigo y otros productos alimenticios.<\/p>\n\n\n\n<p>La mayor parte de la poblaci\u00f3n depende de la agricultura. Por lo tanto, existe un potencial significativo para expandir el sector. De hecho, los inversores pueden hacer avances en el procesamiento de productos agr\u00edcolas, la horticultura y la ganader\u00eda. Tambi\u00e9n pueden explorar una amplia variedad de cultivos frutales. Por ejemplo, los inversores pueden cultivar melocotones, fresas, sarna y nectarinas. Otra oportunidad de inversi\u00f3n radica en la mejora de la cadena de valor.<\/p>\n\n\n\n<p>Zimbabwe tiene una demograf\u00eda diversa. Aunque la poblaci\u00f3n negra es predominante, el pa\u00eds alberga a blancos y asi\u00e1ticos. Adem\u00e1s, cuenta con bastantes otras etnias.<\/p>\n\n\n\n<p>Los zimbabuenses son pobres y el gobierno culpa a la reciente sequ\u00eda por su escasez de alimentos. El pa\u00eds tiene m\u00e1s de 15 millones de habitantes, un tercio de los cuales tienen entre 15 y 29 a\u00f1os. Otro tercio tiene menos de 15 a\u00f1os.<\/p>\n\n\n\n<h2 class=\"wp-block-heading\">Razones para hacer crecer su negocio en Zimbabwe<\/h2>\n\n\n\n<p>Zimbabwe ha sufrido muchos a\u00f1os de reveses econ\u00f3micos y malestar interno. A\u00fan as\u00ed, ahora puede conquistar al mundo. Ahora tiene un gobierno estable. Tambi\u00e9n tiene un clima favorable y excelentes perspectivas agr\u00edcolas y mineras. Todos estos factores lo hacen ideal para la inversi\u00f3n. El pa\u00eds es rico en minerales con m\u00e1s de 40 minerales diferentes. Su industria minera es la que m\u00e1s contribuye al PIB anual del pa\u00eds.<\/p>\n\n\n\n<p>El sector industrial representa m\u00e1s del 25 por ciento del PIB. Adem\u00e1s, la agricultura representa alrededor de una quinta parte del PIB. Los agricultores producen caf\u00e9, tabaco, trigo, man\u00ed, ma\u00edz y diversas frutas.<\/p>\n\n\n\n<p>El suelo de alta calidad, el clima c\u00e1lido y las tierras cultivables crean las condiciones ideales. Varias industrias pueden prosperar, incluidas la silvicultura, el riego, la infraestructura y la miner\u00eda. La industria manufacturera ofrece importantes inversiones en la producci\u00f3n de pulpa y papel, pl\u00e1sticos, c\u00e1maras, neum\u00e1ticos y ensamblaje de veh\u00edculos.<\/p>\n\n\n\n<p>El clima tropical de Zimbabwe es ideal para la agricultura. Las oportunidades incluyen la producci\u00f3n de flores reci\u00e9n cortadas, frutas, az\u00facar, jud\u00edas verdes y guisantes.<\/p>\n\n\n\n<p>Further, it\u2019s making <a href=\"https:\/\/www.sisinternational.com\/es\/investigacion-de-mercado-sobre-posicionamiento-de-productos-b2b\/\" title=\"Investigaci\u00f3n de mercado sobre posicionamiento de productos B2B\"  data-wpil-monitor-id=\"11239\">positive strides in developing its tourism product<\/a>. It aims to be one of the world\u2019s most desirable destinations.<\/p>\n\n\n\n<p>Overall, Zimbabwe has a well-established and reliable telecommunications network. It\u2019s ideal for business engagement. Moreover, there are several <a href=\"https:\/\/www.sisinternational.com\/es\/oportunidades-de-la-banca-islamica-y-obstaculos-para-la-industria-financiera-estadounidense\/\" title=\"Banca isl\u00e1mica: oportunidades y obst\u00e1culos para la industria financiera estadounidense\"  data-wpil-monitor-id=\"11241\">oportunidades<\/a> to further enhance the already thriving banking sector.<\/p>\n\n\n\n<h2 class=\"wp-block-heading\">Acerca de la investigaci\u00f3n de mercado en Zimbabwe<\/h2>\n\n\n\n<p>Are you seeking investment opportunities in Zimbabwe? Our Qualitative, Quantitative, and Strategy Research methodologies provide several critical indicators. Our <a href=\"https:\/\/www.sisinternational.com\/es\/soluciones\/investigacion-de-mercado-de-consumo\/\" title=\"Consumer Market Research Services for Smarter Business Decisions\"  data-wpil-monitor-id=\"11240\">services foster business<\/a> growth and development. Here we\u2019ve provided a detailed analysis of several exciting business prospects. Zimbabwe holds much promise, and we hope that this article helps with your decision.<\/p>","protected":false},"excerpt":{"rendered":"<p>Zimbabwe tiene abundantes recursos naturales y buena infraestructura, y ocupa una porci\u00f3n importante de tierra y agua en el sur de \u00c1frica.<\/p>","protected":false},"author":1,"featured_media":65160,"parent":14281,"menu_order":36,"comment_status":"closed","ping_status":"closed","template":"","meta":{"footnotes":""},"class_list":["post-38036","page","type-page","status-publish","has-post-thumbnail"],"_links":{"self":[{"href":"https:\/\/www.sisinternational.com\/es\/wp-json\/wp\/v2\/pages\/38036","targetHints":{"allow":["GET"]}}],"collection":[{"href":"https:\/\/www.sisinternational.com\/es\/wp-json\/wp\/v2\/pages"}],"about":[{"href":"https:\/\/www.sisinternational.com\/es\/wp-json\/wp\/v2\/types\/page"}],"author":[{"embeddable":true,"href":"https:\/\/www.sisinternational.com\/es\/wp-json\/wp\/v2\/users\/1"}],"replies":[{"embeddable":true,"href":"https:\/\/www.sisinternational.com\/es\/wp-json\/wp\/v2\/comments?post=38036"}],"version-history":[{"count":8,"href":"https:\/\/www.sisinternational.com\/es\/wp-json\/wp\/v2\/pages\/38036\/revisions"}],"predecessor-version":[{"id":81833,"href":"https:\/\/www.sisinternational.com\/es\/wp-json\/wp\/v2\/pages\/38036\/revisions\/81833"}],"up":[{"embeddable":true,"href":"https:\/\/www.sisinternational.com\/es\/wp-json\/wp\/v2\/pages\/14281"}],"wp:featuredmedia":[{"embeddable":true,"href":"https:\/\/www.sisinternational.com\/es\/wp-json\/wp\/v2\/media\/65160"}],"wp:attachment":[{"href":"https:\/\/www.sisinternational.com\/es\/wp-json\/wp\/v2\/media?parent=38036"}],"curies":[{"name":"wp","href":"https:\/\/api.w.org\/{rel}","templated":true}]}}