{"id":37998,"date":"2021-06-28T15:36:33","date_gmt":"2021-06-28T15:36:33","guid":{"rendered":"https:\/\/www.sisinternational.com\/?page_id=37998"},"modified":"2026-01-25T18:34:55","modified_gmt":"2026-01-25T23:34:55","slug":"investigacion-de-mercado-maritimo","status":"publish","type":"page","link":"https:\/\/www.sisinternational.com\/es\/pericia\/investigacion-de-mercado-maritimo\/","title":{"rendered":"Investigaci\u00f3n de mercado mar\u00edtimo"},"content":{"rendered":"<h1 class=\"wp-block-heading\">Investigaci\u00f3n de mercado mar\u00edtimo<\/h1>\n\n\n\n<figure class=\"gb-block-image gb-block-image-a3ab37c8\"><img loading=\"lazy\" decoding=\"async\" width=\"1456\" height=\"816\" class=\"gb-image gb-image-a3ab37c8\" src=\"https:\/\/www.sisinternational.com\/wp-content\/uploads\/2025\/09\/Maritime-4.jpg\" alt=\"Investigaci\u00f3n y estrategia de mercado internacional de SIS\" title=\"Maritime (4)\" srcset=\"https:\/\/www.sisinternational.com\/wp-content\/uploads\/2025\/09\/Maritime-4.jpg 1456w, https:\/\/www.sisinternational.com\/wp-content\/uploads\/2025\/09\/Maritime-4-300x168.jpg 300w, https:\/\/www.sisinternational.com\/wp-content\/uploads\/2025\/09\/Maritime-4-1024x574.jpg 1024w, https:\/\/www.sisinternational.com\/wp-content\/uploads\/2025\/09\/Maritime-4-768x430.jpg 768w, https:\/\/www.sisinternational.com\/wp-content\/uploads\/2025\/09\/Maritime-4-18x10.jpg 18w\" sizes=\"auto, (max-width: 1456px) 100vw, 1456px\"><\/figure>\n\n\n\n<hr class=\"wp-block-separator has-alpha-channel-opacity is-style-dots\"\/>\n\n\n\n<p>Mar\u00edtimo se refiere a todo lo relacionado con el mar. La industria mar\u00edtima comprende empresas que se centran en el desarrollo y fabricaci\u00f3n de embarcaciones involucradas en actividades mar\u00edtimas comerciales o militares. El mercado naval abarca cualquier servicio o proceso que involucre embarcaciones mar\u00edtimas para env\u00edo, transporte y recreaci\u00f3n.<\/p>\n\n\n\n<h2 class=\"wp-block-heading\">\u00bfPor qu\u00e9 es imprescindible el Mercado Mar\u00edtimo?<\/h2>\n\n\n\n<p>La industria mar\u00edtima ha sido un medio de transporte establecido durante casi 5.000 a\u00f1os, con importantes rutas mar\u00edtimas que comienzan en el Mar Ar\u00e1bigo para evitar a los bandidos terrestres. Hoy en d\u00eda, existe como un mercado de alcance mundial centrado en el transporte mar\u00edtimo en el extranjero y a lo largo de v\u00edas navegables costeras, lo que permite la distribuci\u00f3n de bienes, personas y servicios en diferentes continentes las 24 horas del d\u00eda, los 7 d\u00edas de la semana, los 365 d\u00edas del a\u00f1o.<\/p>\n\n\n\n<h2 class=\"wp-block-heading\">Tendencias en el mercado mar\u00edtimo<\/h2>\n\n\n\n<h3 class=\"wp-block-heading\">Mejoras de navegaci\u00f3n<\/h3>\n\n\n\n<p>Las soluciones actuales para la navegaci\u00f3n dentro de la industria mar\u00edtima son s\u00f3lidas y sirven bien para llevar los barcos a su pr\u00f3ximo destino. El sonar, el radar y el GPS se han vuelto imprescindibles en el proceso de navegaci\u00f3n de los capitanes de barco. Sin embargo, hay margen de mejora con estas tecnolog\u00edas.<\/p>\n\n\n\n<p>Como resultado, las empresas mar\u00edtimas han comenzado a emplear nuevas herramientas de navegaci\u00f3n que mejoran el mapeo de rutas optimizadas, aprovechan las tecnolog\u00edas LiDAR para una mayor conciencia situacional y aumentan el piloto autom\u00e1tico para maximizar la eficiencia y reducir los tiempos de viaje.<\/p>\n\n\n\n<h3 class=\"wp-block-heading\">Capacidades Inversiones<\/h3>\n\n\n\n<p>El mercado mar\u00edtimo ha sido testigo de un aumento significativo en el n\u00famero de empresas que ampl\u00edan sus capacidades de transporte. Como resultado, la adquisici\u00f3n de buques de carga general, buques de carga a granel, quimiqueros, portacontenedores, buques de pasajeros y buques cisterna de gas natural licuado (GNL) ha aumentado de manera constante y parece continuar con esta tendencia.<\/p>\n\n\n\n<p>El GNL es especialmente prometedor en este mercado, ya que sirve como combustible m\u00e1s ligero y m\u00e1s eficiente para los barcos equipados con motores de GNL. A medida que las tendencias globales contin\u00faan impulsando combustibles m\u00e1s limpios, la industria mar\u00edtima seguir\u00e1 su ejemplo, adoptando m\u00e9todos m\u00e1s eficientes para distribuir bienes y personas.<\/p>\n\n\n\n<h3 class=\"wp-block-heading\">An\u00e1lisis de datos<\/h3>\n\n\n\n<p>Desde sus inicios, el software de an\u00e1lisis de datos avanzado y big data ha permitido a las organizaciones marinas implementar protocolos eficientes de gesti\u00f3n de inventario y distribuci\u00f3n. Adem\u00e1s, las empresas han aprovechado los big data para comprender mejor las ineficiencias en su cadena de suministro y encontrar soluciones inmediatas para superar estos obst\u00e1culos.<\/p>\n\n\n\n<p>Las herramientas avanzadas de an\u00e1lisis de datos tambi\u00e9n pueden agilizar el env\u00edo y reforzar la seguridad de la informaci\u00f3n para los involucrados. El an\u00e1lisis de datos hace posible el seguimiento de la productividad de los empleados, el rendimiento de los barcos, la capacidad de carga, el consumo de combustible y m\u00e1s. En el futuro, las empresas que no adopten estas tendencias probablemente tendr\u00e1n dificultades para seguir siendo rentables frente a su competencia.<\/p>\n\n\n\n<h3 class=\"wp-block-heading\">Aprendizaje autom\u00e1tico e inteligencia artificial<\/h3>\n\n\n\n<p>La inteligencia artificial y el aprendizaje autom\u00e1tico (AI\/ML) han estado remodelando la industria del transporte mar\u00edtimo de manera similar al an\u00e1lisis de datos. Sin embargo, AI\/ML elimina la necesidad de que los operadores de carga \u00fatil y las tripulaciones de los barcos dediquen tiempo a analizar datos manualmente. En cambio, estas tecnolog\u00edas permiten a los barcos aprender sobre s\u00ed mismos e identificar cualquier inconsistencia en el rendimiento o la eficiencia.<\/p>\n\n\n\n<p>El seguimiento del mantenimiento, el seguimiento del inventario, el cifrado y las alertas en tiempo real de AI\/ML son grandes defensores de la revoluci\u00f3n de la industria del transporte mar\u00edtimo. Alg\u00fan d\u00eda se convertir\u00e1n en un est\u00e1ndar en la caja de herramientas de casi todos los transportistas de gran escala.<\/p>\n\n\n\n<h3 class=\"wp-block-heading\">Turismo<\/h3>\n\n\n\n<p>El turismo en el mercado mar\u00edtimo ha generado nuevas oportunidades econ\u00f3micas para pa\u00edses de todo el mundo. En pa\u00edses como Malasia y Sri Lanka, el turismo costero es el principal contribuyente a su PIB. Las organizaciones han reconocido las oportunidades en esta industria, realizando importantes inversiones en nuevos barcos, mayor seguridad e incluso en los puertos que visitan para ayudar a expandir la demanda de turismo marino por parte de los consumidores.<\/p>\n\n\n\n<p>La mayor seguridad para los turistas se ha convertido en un importante punto de preocupaci\u00f3n para muchas organizaciones y ha llevado a que las tendencias cambien hacia un monitoreo m\u00e1s s\u00f3lido de la calidad del aire a bordo, capacidades de CCTV descentralizadas y una mayor contrataci\u00f3n de personal de seguridad. Estos protocolos de seguridad reforzados para el turismo costero permiten a las organizaciones ofrecer a los turistas nuevas \u00e1reas de viaje (como Ir\u00e1n) sin preocuparse por su seguridad. Abriendo as\u00ed la puerta a amplias oportunidades de inversi\u00f3n en todo el mundo.<\/p>\n\n\n\n<h2 class=\"wp-block-heading\">Oportunidades en el mercado mar\u00edtimo<\/h2>\n\n\n\n<ul class=\"wp-block-list\">\n<li>Las empresas que invierten en nuevos buques e infraestructura portuaria pueden esperar mejores resultados a medida que el precio de los combustibles f\u00f3siles contin\u00faa fluctuando y el envejecimiento de la infraestructura crea obst\u00e1culos a la cadena de suministro.<\/li>\n\n\n\n<li>Aprovechar las nuevas tecnolog\u00edas emergentes como barcos aut\u00f3nomos, robots, <a href=\"https:\/\/www.maritime.dot.gov\/sites\/marad.dot.gov\/files\/2020-07\/Blockchain%20Use%20Cases%20Final%20Report%20%2820200622%29.pdf\" target=\"_blank\" rel=\"noopener\">cadena de bloques<\/a>, AI\/ML e incluso LiDAR pueden mejorar la eficiencia operativa y aumentar la productividad general sin miembros adicionales de la tripulaci\u00f3n. Tambi\u00e9n puede hacer que los viajes sean m\u00e1s seguros y disminuir la probabilidad de desastres.<\/li>\n\n\n\n<li>Est\u00e1n surgiendo nuevos mercados tur\u00edsticos gracias a la mejora de las capacidades de seguridad. Por lo tanto, las empresas que pueden ofrecer destinos de viaje \u00fanicos que alguna vez no fueron navegables y comercializarlos de manera razonable deber\u00edan esperar un inter\u00e9s significativo por parte del segmento tur\u00edstico.<\/li>\n\n\n\n<li>Los hoteles, restaurantes y entretenimiento costeros pueden esperar grandes retornos de las inversiones realizadas en la industria del turismo mar\u00edtimo.<\/li>\n<\/ul>\n\n\n\n<h2 class=\"wp-block-heading\">Desaf\u00edos en la industria mar\u00edtima<\/h2>\n\n\n\n<p>Como se mencion\u00f3 anteriormente, la industria mar\u00edtima ha luchado con la seguridad durante a\u00f1os, y es una preocupaci\u00f3n genuina tanto para los transportistas de carga como para los barcos tur\u00edsticos. Desafortunadamente, los piratas han tomado como rehenes barcos enteros, robado bienes y herido o matado a personas, por lo que la importancia de la seguridad de los barcos en toda la industria es un desaf\u00edo que no parece desaparecer pronto.<\/p>\n\n\n\n<p>El transporte mar\u00edtimo requiere plazos mucho mayores en comparaci\u00f3n con los viajes y la distribuci\u00f3n a\u00e9reos. Por este motivo, las empresas del sector mar\u00edtimo necesitan encontrar formas de seguir siendo competitivas y atraer turistas y clientes con soluciones innovadoras y mutuamente beneficiosas. Por supuesto, los grandes buques de carga, quimiqueros y portacontenedores no tienen mucho de qu\u00e9 preocuparse en este sentido. A\u00fan as\u00ed, a medida que la industria aeroespacial contin\u00faa evolucionando, es un desaf\u00edo que la industria marina debe tener en cuenta para seguir adelante.<\/p>\n\n\n\n<p>Las tecnolog\u00edas emergentes son caras, por lo que las organizaciones m\u00e1s peque\u00f1as que no tienen los medios para realizar estas inversiones deben operar con mayor eficiencia para evitar perder su ventaja competitiva en este mercado. Aunque estas organizaciones m\u00e1s peque\u00f1as carecen de infraestructura f\u00edsica y digital adicional, lo compensan con velocidad, eficiencia y costo.<\/p>\n\n\n\n<h3 class=\"wp-block-heading\">Nuevas tecnolog\u00edas<\/h3>\n\n\n\n<p>Blockchain es una tecnolog\u00eda emergente en el espacio mar\u00edtimo que proporciona libros de contabilidad digitales, cifrados y a prueba de manipulaciones para todos los involucrados en el proceso de env\u00edo. <a href=\"https:\/\/www.sisinternational.com\/es\/pericia\/industrias\/investigacion-del-mercado-de-transporte-de-mercancias\/\">En cada etapa del ciclo de env\u00edo, blockchain permite a las empresas gestionar mejor el inventario, aumentar la seguridad operativa y maximizar la eficiencia.<\/a>.<\/p>\n\n\n\n<p>Los motores de gas natural licuado (GNL) se han ido infiltrando lentamente en la industria naviera y seguir\u00e1n haci\u00e9ndolo a menos que exista una alternativa m\u00e1s eficiente o renovable. Por ahora, las empresas pueden esperar ver inversiones significativas hacia la adopci\u00f3n de GNL para aumentar los resultados, reducir el peso y servir mejor al clima global.<\/p>\n\n\n\n<p>Las posibilidades con AI\/ML son infinitas y pueden resultar beneficiosas para la industria mar\u00edtima. Estas herramientas digitales permiten que robots, barcos, motores y sensores optimicen los protocolos operativos y mejoren sin la necesidad de interacci\u00f3n humana. Herramientas como AutoML, que se entrena autom\u00e1ticamente sin programaci\u00f3n adicional, fomentar\u00e1n nuevas oportunidades para los transportistas de carga y pasajeros de todo el mundo. Estas tecnolog\u00edas han demostrado ser incrementales en el avance del Ej\u00e9rcito de EE. UU. y mostrar\u00e1n muchas posibilidades similares para el segmento mar\u00edtimo comercial.<\/p>\n\n\n\n<h2 class=\"wp-block-heading\">\u00bfPor qu\u00e9 es importante la investigaci\u00f3n del mercado mar\u00edtimo?<\/h2>\n\n\n\n<p><a href=\"https:\/\/www.sisinternational.com\/es\/estudios-de-caso\/\">La investigaci\u00f3n de mercado analiza el panorama general<\/a> y factores en todas las diferentes tendencias, competidores, perspectivas, geograf\u00edas y pol\u00edticas globales que influyen en un mercado. Es un proceso \u00fanico que facilita una mejor comprensi\u00f3n del mercado de una empresa y le permite ejecutar objetivos estrat\u00e9gicos y bien definidos.<\/p>\n\n\n\n<p>La investigaci\u00f3n del mercado mar\u00edtimo es vital debido a los importantes cambios que se est\u00e1n produciendo en toda la industria. La investigaci\u00f3n del mercado marino puede permitir a las organizaciones marinas aprovechar conocimientos basados en hechos y datos al ejecutar decisiones cr\u00edticas.<\/p>\n\n\n\n<p>Qualitative research in the <a href=\"https:\/\/www.sisinternational.com\/es\/pericia\/industrias\/investigacion-de-mercado-de-accesorios-para-utensilios-de-cocina-y-sartenes\/\" title=\"Investigaci\u00f3n de mercado de utensilios de cocina y horneado, sartenes y accesorios\" data-wpil-monitor-id=\"4972\">maritime<\/a> industry allows companies to gain insights into their target market by directly capturing their consumer&#8217;s voices. These invaluable insights can lead to new technologies, more efficient operational procedures, and even targeted marketing campaigns that connect better to the intended audience. They also enable business leaders and critical decision-makers to enter new territories without the uncertainties associated with consumer needs.<\/p>\n\n\n\n<p>La investigaci\u00f3n cuantitativa en la industria mar\u00edtima implica an\u00e1lisis de datos num\u00e9ricos o booleanos que se centran en un \u00e1mbito muy concreto dentro del sector. Estos conocimientos pueden proporcionar a los l\u00edderes empresariales conocimientos estad\u00edsticamente significativos sobre ofertas de productos, servicios y estrategias competitivas para proporcionar una ventaja competitiva al navegar en un mercado tan disputado.<\/p>\n\n\n\n<p>La investigaci\u00f3n del mercado mar\u00edtimo es esencial porque permite a las organizaciones centradas en el sector mar\u00edtimo ver el panorama general de su industria y tomar decisiones comerciales estrat\u00e9gicas e informadas respaldadas por evidencia basada en hechos. Sin estos conocimientos, las empresas han realizado inversiones mal informadas en industrias moribundas que toman medidas importantes para remediarlas. La investigaci\u00f3n de mercado de SIS Maritime evita estos problemas y coloca a las organizaciones en el camino correcto hacia el \u00e9xito.<\/p>\n\n\n\n<p><\/p>","protected":false},"excerpt":{"rendered":"<p>Maritime Market Research ayuda a las organizaciones centradas en el sector marino a ver el panorama general de su industria y tomar decisiones comerciales estrat\u00e9gicas.<\/p>","protected":false},"author":1,"featured_media":68816,"parent":14514,"menu_order":71,"comment_status":"closed","ping_status":"closed","template":"","meta":{"footnotes":""},"class_list":["post-37998","page","type-page","status-publish","has-post-thumbnail"],"_links":{"self":[{"href":"https:\/\/www.sisinternational.com\/es\/wp-json\/wp\/v2\/pages\/37998","targetHints":{"allow":["GET"]}}],"collection":[{"href":"https:\/\/www.sisinternational.com\/es\/wp-json\/wp\/v2\/pages"}],"about":[{"href":"https:\/\/www.sisinternational.com\/es\/wp-json\/wp\/v2\/types\/page"}],"author":[{"embeddable":true,"href":"https:\/\/www.sisinternational.com\/es\/wp-json\/wp\/v2\/users\/1"}],"replies":[{"embeddable":true,"href":"https:\/\/www.sisinternational.com\/es\/wp-json\/wp\/v2\/comments?post=37998"}],"version-history":[{"count":4,"href":"https:\/\/www.sisinternational.com\/es\/wp-json\/wp\/v2\/pages\/37998\/revisions"}],"predecessor-version":[{"id":78881,"href":"https:\/\/www.sisinternational.com\/es\/wp-json\/wp\/v2\/pages\/37998\/revisions\/78881"}],"up":[{"embeddable":true,"href":"https:\/\/www.sisinternational.com\/es\/wp-json\/wp\/v2\/pages\/14514"}],"wp:featuredmedia":[{"embeddable":true,"href":"https:\/\/www.sisinternational.com\/es\/wp-json\/wp\/v2\/media\/68816"}],"wp:attachment":[{"href":"https:\/\/www.sisinternational.com\/es\/wp-json\/wp\/v2\/media?parent=37998"}],"curies":[{"name":"wp","href":"https:\/\/api.w.org\/{rel}","templated":true}]}}