{"id":37921,"date":"2021-06-25T16:56:31","date_gmt":"2021-06-25T16:56:31","guid":{"rendered":"https:\/\/www.sisinternational.com\/?page_id=37921"},"modified":"2026-01-24T21:21:35","modified_gmt":"2026-01-25T02:21:35","slug":"investigacion-de-mercado-de-la-persona-compradora","status":"publish","type":"page","link":"https:\/\/www.sisinternational.com\/es\/soluciones\/soluciones-de-investigacion-cualitativa-cuantitativa\/investigacion-de-mercado-de-la-persona-compradora\/","title":{"rendered":"Soluciones y m\u00e9todos de investigaci\u00f3n de mercado de Buyer Persona"},"content":{"rendered":"<h1 class=\"gb-headline gb-headline-cc0d1502 gb-headline-text\">Investigaci\u00f3n de mercado de la persona compradora<\/h1>\n\n\n\n<figure class=\"gb-block-image gb-block-image-386fd99c\"><img loading=\"lazy\" decoding=\"async\" width=\"1456\" height=\"816\" class=\"gb-image gb-image-386fd99c\" src=\"https:\/\/www.sisinternational.com\/wp-content\/uploads\/2025\/08\/Strategy-consulting-24.jpg\" alt=\"Investigaci\u00f3n y estrategia de mercado internacional de SIS\" title=\"Strategy consulting (24)\" srcset=\"https:\/\/www.sisinternational.com\/wp-content\/uploads\/2025\/08\/Strategy-consulting-24.jpg 1456w, https:\/\/www.sisinternational.com\/wp-content\/uploads\/2025\/08\/Strategy-consulting-24-300x168.jpg 300w, https:\/\/www.sisinternational.com\/wp-content\/uploads\/2025\/08\/Strategy-consulting-24-1024x574.jpg 1024w, https:\/\/www.sisinternational.com\/wp-content\/uploads\/2025\/08\/Strategy-consulting-24-768x430.jpg 768w, https:\/\/www.sisinternational.com\/wp-content\/uploads\/2025\/08\/Strategy-consulting-24-18x10.jpg 18w\" sizes=\"auto, (max-width: 1456px) 100vw, 1456px\"><\/figure>\n\n\n\n<p><\/p>\n\n\n\n<hr class=\"wp-block-separator has-alpha-channel-opacity\"\/>\n\n\n\n<h2 class=\"wp-block-heading\">\u00bfQu\u00e9 es la investigaci\u00f3n de mercado de Buyer Persona?<\/h2>\n\n\n\n<p>Buyer Persona Market Research es una representaci\u00f3n semificticia de un cliente ideal. Implica conocer las necesidades de los clientes, lo que le permite comercializar a las personas adecuadas.<\/p>\n\n\n\n<h2 class=\"wp-block-heading\">\u00bfPor qu\u00e9 es importante la investigaci\u00f3n de mercado de Buyer Persona?<\/h2>\n\n\n\n<p>This type of market research is crucial because it helps you understand your customers. It also helps you to get to know your prospective customers better. Plus, it helps you to tailor your content, message, and product development. It allows you to understand the different motivations and purchasing habits of customers. It also makes adjusting your services easier. In that way, you can meet customers&#8217; specific needs, concerns, and behaviors.<\/p>\n\n\n\n<p>Buyer <a href=\"https:\/\/www.sisinternational.com\/es\/pericia\/industrias\/investigacion-de-persona-extrema\/\" title=\"Investigaci\u00f3n de personas extremas\"  data-wpil-monitor-id=\"3361\">Persona Market Research<\/a> is also necessary for market segmentation. With segmentation, the <a href=\"https:\/\/www.sisinternational.com\/es\/cobertura\/las-americas\/investigacion-de-mercado-en-el-caribe\/investigacion-de-mercado-san-cristobal-y-nieves\/\" title=\"Investigaci\u00f3n de mercado en San Crist\u00f3bal y Nieves\"  data-wpil-monitor-id=\"3299\">researcher divides a market<\/a> of potential customers into groups based on different characteristics. The customers respond to messages you send. So, you must ensure that your market uses the voice of your buyers. That\u2019s why you invest in proper keyword research to ensure you speak the customer\u2019s language.<\/p>\n\n\n\n<h2 class=\"wp-block-heading\">How is Buyer Persona Market Research&nbsp;Done<\/h2>\n\n\n\n<p>Companies do Buyer <a href=\"https:\/\/www.sisinternational.com\/es\/pericia\/industrias\/investigacion-de-mercado-de-personas-digitales\/\" title=\"Investigaci\u00f3n de mercado de personas digitales\"  data-wpil-monitor-id=\"6223\">Persona Market Research<\/a> through surveys, focus groups, and interviews.<\/p>\n\n\n\n<p>Research involves searching through your contacts database to discover trends that show how specific consumers find and use your content.<\/p>\n\n\n\n<p>Las encuestas incluyen el uso de formularios con campos espec\u00edficos. Estos campos capturan informaci\u00f3n esencial sobre los diferentes compradores en su sitio web. Las encuestas tambi\u00e9n implican considerar los comentarios de su equipo de ventas. Le brindan informaci\u00f3n sobre los clientes potenciales con los que se relacionan m\u00e1s. Tambi\u00e9n hacen generalizaciones sobre los diferentes tipos de clientes.<\/p>\n\n\n\n<p>Through Focus Groups, you and your team can interview prospects and customers. Focus Groups help you to find out what they love and enjoy about your product offering. Once you\u2019ve gone through the research process, you&#8217;ll have raw data, which gives you insights into your potential and current customers. The next step is to identify patterns from the answers to your interview questions. Thus, you develop a main primary persona and share that persona with the rest of the company.<\/p>\n\n\n\n<h2 class=\"wp-block-heading\">Pasos involucrados<\/h2>\n\n\n\n<ul class=\"wp-block-list\">\n<li>Definir las personas de su comprador y su mercado objetivo. Este paso le permite descubrir su p\u00fablico objetivo e interpretar sus comportamientos. Comienza con la creaci\u00f3n de una representaci\u00f3n ficticia de sus clientes potenciales, como el rango de edad, la ubicaci\u00f3n y el tipo de trabajo. Ayuda a comprender sus preferencias de compra.<\/li>\n<\/ul>\n\n\n\n<ul class=\"wp-block-list\">\n<li>Engaging with your audience. You\u2019ll be able to get similar opinions about your products and services from customers. You can also get them from potentials. Engaging customers who recently purchased from you is ideal. They can relay their experience to you. Another tactic is to use your social media accounts to get various customers.<\/li>\n\n\n\n<li>Determinar los mejores m\u00e9todos para satisfacer las necesidades de los clientes. La marca del producto es esencial. La apariencia y la personalidad que rodean su marca determinar\u00e1n su \u00e9xito.<\/li>\n\n\n\n<li>Researching your primary competitors. You can use Google and social media to search for industries and companies like your own. Have you identified your competitors? Do a SWOT analysis (strengths, weaknesses, opportunities, and threats) for each business. Take note of your competitors\u2019 pricing. Also, look at and the display of their products and services. Then, do a thorough review of your customers. You will be able to address how your business can compete with other companies in a similar field. You can also identify the industry&#8217;s advantages and what trends you should consider.<\/li>\n<\/ul>\n\n\n\n<h2 class=\"wp-block-heading\">Beneficios<\/h2>\n\n\n\n<figure class=\"gb-block-image gb-block-image-fbafe1a3\"><img loading=\"lazy\" decoding=\"async\" width=\"1456\" height=\"816\" class=\"gb-image gb-image-fbafe1a3\" src=\"https:\/\/www.sisinternational.com\/wp-content\/uploads\/2025\/08\/Retail-12.jpg\" alt=\"Investigaci\u00f3n y estrategia de mercado internacional de SIS\" title=\"Retail (12)\" srcset=\"https:\/\/www.sisinternational.com\/wp-content\/uploads\/2025\/08\/Retail-12.jpg 1456w, https:\/\/www.sisinternational.com\/wp-content\/uploads\/2025\/08\/Retail-12-300x168.jpg 300w, https:\/\/www.sisinternational.com\/wp-content\/uploads\/2025\/08\/Retail-12-1024x574.jpg 1024w, https:\/\/www.sisinternational.com\/wp-content\/uploads\/2025\/08\/Retail-12-768x430.jpg 768w, https:\/\/www.sisinternational.com\/wp-content\/uploads\/2025\/08\/Retail-12-18x10.jpg 18w\" sizes=\"auto, (max-width: 1456px) 100vw, 1456px\"><\/figure>\n\n\n\n<p><\/p>\n\n\n\n<p><a href=\"https:\/\/www.sisinternational.com\/es\/pericia\/industrias\/investigacion-de-mercado-de-intencion-del-comprador\/\" title=\"Investigaci\u00f3n de mercado de intenci\u00f3n del comprador\"  data-wpil-monitor-id=\"6251\">Investigaci\u00f3n de mercado de la persona compradora<\/a> helps you understand your audience\u2019s needs. It reveals who the reliant customers are on your product or service.<\/p>\n\n\n\n<p>Another benefit is creating more Personalized Content for consumers. Such marketing personalization has many advantages. Thus, Buyer Persona Market Research plays a crucial role in increasing the effectiveness of your messaging.<\/p>\n\n\n\n<h2 class=\"wp-block-heading\">\u00bfCu\u00e1les son los Entregables para este Tipo de Investigaci\u00f3n?<\/h2>\n\n\n\n<ul class=\"wp-block-list\">\n<li><a href=\"https:\/\/www.linkedin.com\/company\/sisinternationalresearch\" target=\"_blank\" rel=\"noopener\">Estudios de mercado<\/a> involves analyzing customers&#8217; needs. The company is trying to solve these problems, so input from sources like your sales team and customers provides valuable insights. They show how the products can be better. Even potential customers and competitors can make a valuable contribution to product development.<\/li>\n\n\n\n<li>Los clientes son los objetivos principales de sus productos. Por lo tanto, ser\u00eda mejor considerar qu\u00e9 informaci\u00f3n necesitan los clientes para tomar su decisi\u00f3n de compra. \u00bfD\u00f3nde puede llegar a estos clientes? \u00bfEst\u00e1n listos para recibir su mensaje? Conocer las respuestas a estas preguntas puede ser crucial para las campa\u00f1as de marketing.<\/li>\n\n\n\n<li>Con el Posicionamiento de Producto ocupas espacio en la mente de tus consumidores. Es una forma para que los clientes potenciales comprendan qui\u00e9n es usted y qu\u00e9 puede hacer su producto por ellos. El posicionamiento exitoso del producto impulsa la venta de productos y servicios.<\/li>\n\n\n\n<li>La propuesta de valor promete que su producto o servicio ayudar\u00e1 al cliente de manera significativa. Los beneficios deben ser genuinos. Debe definir su producto y mostrar lo que lo diferencia de su competencia.<\/li>\n<\/ul>\n\n\n\n<h2 class=\"wp-block-heading\">Casos de uso<\/h2>\n\n\n\n<p>Buyer Persona Market Research tiene muchos usos. Puedes usar <a href=\"https:\/\/www.sisinternational.com\/es\/soluciones\/soluciones-de-investigacion-cualitativa-cuantitativa\/\">Investigaci\u00f3n cualitativa y cuantitativa<\/a> para adaptar su contenido a su audiencia. Tambi\u00e9n puede adaptar su inversi\u00f3n publicitaria utilizando estas m\u00e9tricas.<\/p>\n\n\n\n<p>Estas opciones de investigaci\u00f3n estrat\u00e9gica son flechas en tu aljaba. Puedes usarlos para clasificar tus personajes. Pueden ayudarle a aprovechar al m\u00e1ximo a sus compradores. As\u00ed, te permiten mejorar tus productos, servicios y rentabilidad.<\/p>\n\n\n\n<h2 class=\"wp-block-heading\">Nuestra ubicaci\u00f3n de instalaciones en Nueva York<\/h2>\n\n\n\n<p>\n\n\n\n<iframe loading=\"lazy\" src=\"https:\/\/www.google.com\/maps\/embed?pb=!1m18!1m12!1m3!1d3022.976188376966!2d-73.99130312499956!3d40.740549471389315!2m3!1f0!2f0!3f0!3m2!1i1024!2i768!4f13.1!3m3!1m2!1s0x89c259a15798c731%3A0xd695d09bdd495f25!2s11%20E%2022nd%20St%20FL%202%2C%20New%20York%2C%20NY%2010010%2C%20USA!5e0!3m2!1sen!2spe!4v1726171763526!5m2!1sen!2spe\" width=\"600\" height=\"450\" allowfullscreen=\"allowfullscreen\" data-mce-fragment=\"1\"><\/iframe>\n\n\n\n<\/p>\n\n\n\n<h3 class=\"wp-block-heading\">11 E 22nd Street, piso 2, Nueva York, NY 10010 T: +1(212) 505-6805<\/h3>\n\n\n\n<hr class=\"wp-block-separator has-alpha-channel-opacity\"\/>\n\n\n\n<h2 class=\"wp-block-heading\"><span style=\"font-weight: 400;\">Acerca de SIS Internacional<\/span><\/h2>\n\n\n\n<p><a href=\"https:\/\/www.sisinternational.com\/es\/\"><span style=\"font-weight: 400;\">SIS Internacional<\/span><\/a><span style=\"font-weight: 400;\"> ofrece investigaci\u00f3n cuantitativa, cualitativa y estrat\u00e9gica. Proporcionamos datos, herramientas, estrategias, informes y conocimientos para la toma de decisiones. Tambi\u00e9n realizamos entrevistas, encuestas, grupos focales y otros m\u00e9todos y enfoques de investigaci\u00f3n de mercado.<\/span><a href=\"https:\/\/www.sisinternational.com\/es\/sobre-la-investigacion-internacional-de-sis\/contact-sis-international-market-research\/\"><span style=\"font-weight: 400;\"> P\u00f3ngase en contacto con nosotros<\/span><\/a><span style=\"font-weight: 400;\"> para su pr\u00f3ximo proyecto de Investigaci\u00f3n de Mercado.<\/span><\/p>","protected":false},"excerpt":{"rendered":"<p>Buyer Persona Market Research es una representaci\u00f3n semificticia de un cliente ideal. Implica conocer las necesidades de los clientes\u2026<\/p>","protected":false},"author":1,"featured_media":62558,"parent":14660,"menu_order":19,"comment_status":"closed","ping_status":"closed","template":"","meta":{"footnotes":""},"class_list":["post-37921","page","type-page","status-publish","has-post-thumbnail"],"_links":{"self":[{"href":"https:\/\/www.sisinternational.com\/es\/wp-json\/wp\/v2\/pages\/37921","targetHints":{"allow":["GET"]}}],"collection":[{"href":"https:\/\/www.sisinternational.com\/es\/wp-json\/wp\/v2\/pages"}],"about":[{"href":"https:\/\/www.sisinternational.com\/es\/wp-json\/wp\/v2\/types\/page"}],"author":[{"embeddable":true,"href":"https:\/\/www.sisinternational.com\/es\/wp-json\/wp\/v2\/users\/1"}],"replies":[{"embeddable":true,"href":"https:\/\/www.sisinternational.com\/es\/wp-json\/wp\/v2\/comments?post=37921"}],"version-history":[{"count":9,"href":"https:\/\/www.sisinternational.com\/es\/wp-json\/wp\/v2\/pages\/37921\/revisions"}],"predecessor-version":[{"id":79836,"href":"https:\/\/www.sisinternational.com\/es\/wp-json\/wp\/v2\/pages\/37921\/revisions\/79836"}],"up":[{"embeddable":true,"href":"https:\/\/www.sisinternational.com\/es\/wp-json\/wp\/v2\/pages\/14660"}],"wp:featuredmedia":[{"embeddable":true,"href":"https:\/\/www.sisinternational.com\/es\/wp-json\/wp\/v2\/media\/62558"}],"wp:attachment":[{"href":"https:\/\/www.sisinternational.com\/es\/wp-json\/wp\/v2\/media?parent=37921"}],"curies":[{"name":"wp","href":"https:\/\/api.w.org\/{rel}","templated":true}]}}