{"id":37919,"date":"2021-06-25T09:37:20","date_gmt":"2021-06-25T09:37:20","guid":{"rendered":"https:\/\/www.sisinternational.com\/?page_id=37919"},"modified":"2025-09-14T17:20:55","modified_gmt":"2025-09-14T21:20:55","slug":"investigacion-de-mercado-en-mauritania-africa","status":"publish","type":"page","link":"https:\/\/www.sisinternational.com\/es\/cobertura\/investigacion-de-mercado-africa\/investigacion-de-mercado-en-mauritania-africa\/","title":{"rendered":"Investigaci\u00f3n de mercado en Mauritania, \u00c1frica: descripci\u00f3n general"},"content":{"rendered":"<h1 class=\"wp-block-heading\">Investigaci\u00f3n de mercado en Mauritania, \u00c1frica<\/h1>\n\n\n\n<figure class=\"gb-block-image gb-block-image-4469e8e6\"><img loading=\"lazy\" decoding=\"async\" width=\"1456\" height=\"816\" class=\"gb-image gb-image-4469e8e6\" src=\"https:\/\/www.sisinternational.com\/wp-content\/uploads\/2025\/08\/Mauritania-2.jpg\" alt=\"Investigaci\u00f3n y estrategia de mercado internacional de SIS\" title=\"Mauritania (2)\" srcset=\"https:\/\/www.sisinternational.com\/wp-content\/uploads\/2025\/08\/Mauritania-2.jpg 1456w, https:\/\/www.sisinternational.com\/wp-content\/uploads\/2025\/08\/Mauritania-2-300x168.jpg 300w, https:\/\/www.sisinternational.com\/wp-content\/uploads\/2025\/08\/Mauritania-2-1024x574.jpg 1024w, https:\/\/www.sisinternational.com\/wp-content\/uploads\/2025\/08\/Mauritania-2-768x430.jpg 768w, https:\/\/www.sisinternational.com\/wp-content\/uploads\/2025\/08\/Mauritania-2-18x10.jpg 18w\" sizes=\"auto, (max-width: 1456px) 100vw, 1456px\"><\/figure>\n\n\n\n<p><\/p>\n\n\n\n<h2 class=\"wp-block-heading\">Barrios<\/h2>\n\n\n\n<p>Situado en el noroeste de \u00c1frica, Mauritania es uno de los pa\u00edses m\u00e1s pobres del mundo. Sin embargo, su mezcla de gente hace que el pa\u00eds sea \u00fanico. De hecho, algunas fuentes se refieren a Mauritania como el Ojo de \u00c1frica. Es un pa\u00eds vasto, el und\u00e9cimo estado soberano m\u00e1s grande del continente. El Oc\u00e9ano Atl\u00e1ntico ba\u00f1a sus costas hacia el oeste. Mal\u00ed est\u00e1 al este, el S\u00e1hara Occidental al norte y noroeste y Argelia al noreste.<\/p>\n\n\n\n<p>La capital de Mauritania es Nouakchott y tambi\u00e9n es la ciudad m\u00e1s grande del pa\u00eds. Algunas de las otras ciudades importantes de Mauritania son Nouadhibou, Atar, Kiffa y Rosso. El franc\u00e9s es el idioma principal que se habla en Mauritania. Por tanto, algunos de los nombres de las ciudades son franceses. El nombre de Mauritania proviene del antiguo Reino Bereber. Este reino existi\u00f3 desde el siglo III a.C. hasta el siglo VII d.C.<\/p>\n\n\n\n<p>La religi\u00f3n principal en Mauritania es el Islam. Casi toda la poblaci\u00f3n es musulmana. Esta religi\u00f3n tambi\u00e9n tiene una influencia significativa en Marruecos, Argelia y otros pa\u00edses vecinos.<\/p>\n\n\n\n<p>El 7 de abril de 2018, el gobierno convirti\u00f3 el ate\u00edsmo en un delito punible con la muerte. De hecho, Mauritania es uno de los trece pa\u00edses del mundo en los que se aplica la pena de muerte al ate\u00edsmo.<\/p>\n\n\n\n<p>Mauritania es un pa\u00eds des\u00e9rtico, con aproximadamente el 90 por ciento de su territorio dentro del Sahara. As\u00ed, la mayor\u00eda de los mauritanos viven en el sur, donde hay agua.<\/p>\n\n\n\n<p>Debido a una sequ\u00eda grave y prolongada, el desierto se ha ido expandiendo desde mediados de los a\u00f1os sesenta. Como resultado, muchos mauritanos son n\u00f3madas que se desplazan de un lugar a otro cuidando sus reba\u00f1os. Por tanto, no tienen un lugar de residencia permanente.<\/p>\n\n\n\n<h2 class=\"wp-block-heading\">Industrias clave<\/h2>\n\n\n\n<p>Mauritania tiene muchos recursos como hierro, pescado y petr\u00f3leo. Sin embargo, la mayor\u00eda de la poblaci\u00f3n de Mauritania sigue siendo pobre. La econom\u00eda del pa\u00eds se basa en la agricultura y la ganader\u00eda, y muchas de las principales industrias son derivadas de los recursos naturales del pa\u00eds.<\/p>\n\n\n\n<p>Los mauritanos dependen de las exportaciones y los recursos naturales. Algunos de sus recursos naturales incluyen oro, diamantes, fosfato, yeso, cobre y petr\u00f3leo. Lamentablemente, el clima pol\u00edtico es una de las razones por las que la mayor\u00eda de sus ciudadanos viven en la pobreza.<\/p>\n\n\n\n<p>A pesar de <a href=\"https:\/\/oec.world\/en\/profile\/country\/mrt\" target=\"_blank\" rel=\"noopener\">Importaciones de Mauritania<\/a> En muchos art\u00edculos, el pa\u00eds tiene un s\u00f3lido sistema de exportaci\u00f3n. Algunas de las principales exportaciones son:<\/p>\n\n\n\n<ul class=\"wp-block-list\">\n<li>Hierro<\/li>\n\n\n\n<li>Oro<\/li>\n\n\n\n<li>Pez congelado<\/li>\n<\/ul>\n\n\n\n<p>Mauritania has several trading partners, including China, France, the <a href=\"https:\/\/www.sisinternational.com\/es\/cobertura\/investigacion-de-mercado-oriente-medio\/investigacion-de-mercado-en-emiratos-arabes-unidos\/\" title=\"Investigaci\u00f3n de mercado en los Emiratos \u00c1rabes Unidos\" data-wpil-monitor-id=\"11268\">Emiratos \u00c1rabes Unidos<\/a>, and Spain.<\/p>\n\n\n\n<h2 class=\"wp-block-heading\">Base de clientes<\/h2>\n\n\n\n<p>La poblaci\u00f3n depende de alimentos importados como trigo, az\u00facar y arroz, a pesar de la alta tasa de producci\u00f3n de metales y petr\u00f3leo del pa\u00eds. M\u00e1s del cuarenta por ciento de los mauritanos viven por debajo del umbral de pobreza. Como resultado, muchos de los ni\u00f1os sufren desnutrici\u00f3n.<\/p>\n\n\n\n<h2 class=\"wp-block-heading\">Razones para hacer crecer su negocio en Mauritania<\/h2>\n\n\n\n<figure class=\"gb-block-image gb-block-image-f340ce03\"><img loading=\"lazy\" decoding=\"async\" width=\"1456\" height=\"816\" class=\"gb-image gb-image-f340ce03\" src=\"https:\/\/www.sisinternational.com\/wp-content\/uploads\/2025\/08\/Mauritania-3.jpg\" alt=\"Investigaci\u00f3n y estrategia de mercado internacional de SIS\" title=\"Mauritania (3)\" srcset=\"https:\/\/www.sisinternational.com\/wp-content\/uploads\/2025\/08\/Mauritania-3.jpg 1456w, https:\/\/www.sisinternational.com\/wp-content\/uploads\/2025\/08\/Mauritania-3-300x168.jpg 300w, https:\/\/www.sisinternational.com\/wp-content\/uploads\/2025\/08\/Mauritania-3-1024x574.jpg 1024w, https:\/\/www.sisinternational.com\/wp-content\/uploads\/2025\/08\/Mauritania-3-768x430.jpg 768w, https:\/\/www.sisinternational.com\/wp-content\/uploads\/2025\/08\/Mauritania-3-18x10.jpg 18w\" sizes=\"auto, (max-width: 1456px) 100vw, 1456px\"><\/figure>\n\n\n\n<p><\/p>\n\n\n\n<p>At present, Mauritania faces grinding poverty, and the economic outlook is bleak. However, economists expect this situation to change within the next decade. They forecast that Mauritania will be moving into privatized <a href=\"https:\/\/www.sisinternational.com\/es\/industry-forecast\/it-industry-forecast\/\" title=\"IT Industry Forecast\" data-wpil-monitor-id=\"11276\">industry<\/a>.<\/p>\n\n\n\n<p>En Mauritania hay mucho margen para el desarrollo agr\u00edcola y tur\u00edstico. Adem\u00e1s, la inversi\u00f3n agraria reducir\u00e1 la considerable dependencia de los alimentos importados.<\/p>\n\n\n\n<p>Mauritania, rica en recursos pesqueros y minerales, seguramente le resultar\u00e1 rentable. Adem\u00e1s, el sector tur\u00edstico tiene mucho potencial debido a la rica cultura del pa\u00eds. Mauritania tambi\u00e9n cuenta con ruinas prehist\u00f3ricas, lo que supone otra ventaja para el turismo.<\/p>\n\n\n\n<h2 class=\"wp-block-heading\">Investigaci\u00f3n de mercado en Mauritania, \u00c1frica<\/h2>\n\n\n\n<p>Are you looking to invest or <a href=\"https:\/\/www.sisinternational.com\/es\/publicaciones\/exportacion-del-mercado-medio-japones\/\" title=\"Hacer crecer su negocio en Jap\u00f3n\" data-wpil-monitor-id=\"11272\">grow your business<\/a> in Mauritania? This article has all the information you <a href=\"https:\/\/www.sisinternational.com\/es\/analysis-b2b\/\" title=\"What Business Leaders Need to Know Right Now\" data-wpil-monitor-id=\"11274\">need to know<\/a> about investing in Mauritania. We organize <a href=\"https:\/\/www.sisinternational.com\/es\/soluciones\/soluciones-de-investigacion-cualitativa-cuantitativa\/\">Cuantitativo cualitativo<\/a>, y <a href=\"https:\/\/www.sisinternational.com\/es\/cobertura\/las-americas\/cobertura-de-estados-unidos\/new-york-market-research-firm\/\" target=\"_blank\" rel=\"noopener\">Investigaci\u00f3n estrat\u00e9gica<\/a>. Thus, we can keep you well-informed about which countries are the best bet for your business. This article gives you <a href=\"https:\/\/www.sisinternational.com\/es\/how-to-conduct-in-depth-interviews-for-market-insights\/\" title=\"C\u00f3mo realizar entrevistas exhaustivas para obtener informaci\u00f3n sobre el mercado\" data-wpil-monitor-id=\"11270\">insight into the Mauritanian market<\/a>. It shows you the areas that are ripe for investment. We hope that it helps you in your decision-making. We also hope that you will consider investing in Mauritania.<\/p>\n\n\n\n<p><\/p>","protected":false},"excerpt":{"rendered":"<p>Investigaci\u00f3n de mercado en Mauritania, barrios de \u00c1frica Ubicado en el noroeste de \u00c1frica, Mauritania es uno de los pa\u00edses m\u00e1s pobres del mundo. Sin embargo, su mezcla de gente hace que el pa\u00eds sea \u00fanico. De hecho, algunas fuentes se refieren a Mauritania como el Ojo de \u00c1frica. Es un pa\u00eds vasto, el und\u00e9cimo estado soberano m\u00e1s grande del continente. El \u2026 <a title=\"Investigaci\u00f3n de mercado en Mauritania, \u00c1frica: descripci\u00f3n general\" class=\"read-more\" href=\"https:\/\/www.sisinternational.com\/es\/cobertura\/investigacion-de-mercado-africa\/investigacion-de-mercado-en-mauritania-africa\/\" aria-label=\"Leer m\u00e1s sobre Investigaci\u00f3n de mercado en Mauritania, \u00c1frica: descripci\u00f3n general\">Leer m\u00e1s<\/a><\/p>","protected":false},"author":1,"featured_media":65295,"parent":14281,"menu_order":35,"comment_status":"closed","ping_status":"closed","template":"","meta":{"footnotes":""},"class_list":["post-37919","page","type-page","status-publish","has-post-thumbnail"],"_links":{"self":[{"href":"https:\/\/www.sisinternational.com\/es\/wp-json\/wp\/v2\/pages\/37919","targetHints":{"allow":["GET"]}}],"collection":[{"href":"https:\/\/www.sisinternational.com\/es\/wp-json\/wp\/v2\/pages"}],"about":[{"href":"https:\/\/www.sisinternational.com\/es\/wp-json\/wp\/v2\/types\/page"}],"author":[{"embeddable":true,"href":"https:\/\/www.sisinternational.com\/es\/wp-json\/wp\/v2\/users\/1"}],"replies":[{"embeddable":true,"href":"https:\/\/www.sisinternational.com\/es\/wp-json\/wp\/v2\/comments?post=37919"}],"version-history":[{"count":3,"href":"https:\/\/www.sisinternational.com\/es\/wp-json\/wp\/v2\/pages\/37919\/revisions"}],"predecessor-version":[{"id":81839,"href":"https:\/\/www.sisinternational.com\/es\/wp-json\/wp\/v2\/pages\/37919\/revisions\/81839"}],"up":[{"embeddable":true,"href":"https:\/\/www.sisinternational.com\/es\/wp-json\/wp\/v2\/pages\/14281"}],"wp:featuredmedia":[{"embeddable":true,"href":"https:\/\/www.sisinternational.com\/es\/wp-json\/wp\/v2\/media\/65295"}],"wp:attachment":[{"href":"https:\/\/www.sisinternational.com\/es\/wp-json\/wp\/v2\/media?parent=37919"}],"curies":[{"name":"wp","href":"https:\/\/api.w.org\/{rel}","templated":true}]}}