{"id":37917,"date":"2021-06-25T09:30:36","date_gmt":"2021-06-25T09:30:36","guid":{"rendered":"https:\/\/www.sisinternational.com\/?page_id=37917"},"modified":"2025-09-14T17:21:58","modified_gmt":"2025-09-14T21:21:58","slug":"investigacion-de-mercado-en-mauricio-africa","status":"publish","type":"page","link":"https:\/\/www.sisinternational.com\/es\/cobertura\/investigacion-de-mercado-africa\/investigacion-de-mercado-en-mauricio-africa\/","title":{"rendered":"Investigaci\u00f3n de mercado en Mauricio: isla frente a la costa este de \u00c1frica"},"content":{"rendered":"<h1 class=\"wp-block-heading\">Investigaci\u00f3n de mercado en Mauricio, \u00c1frica<\/h1>\n\n\n\n<figure class=\"gb-block-image gb-block-image-4f3a3bf9\"><img loading=\"lazy\" decoding=\"async\" width=\"1456\" height=\"816\" class=\"gb-image gb-image-4f3a3bf9\" src=\"https:\/\/www.sisinternational.com\/wp-content\/uploads\/2025\/08\/Mauritius-1.jpg\" alt=\"Investigaci\u00f3n y estrategia de mercado internacional de SIS\" title=\"Mauritius (1)\" srcset=\"https:\/\/www.sisinternational.com\/wp-content\/uploads\/2025\/08\/Mauritius-1.jpg 1456w, https:\/\/www.sisinternational.com\/wp-content\/uploads\/2025\/08\/Mauritius-1-300x168.jpg 300w, https:\/\/www.sisinternational.com\/wp-content\/uploads\/2025\/08\/Mauritius-1-1024x574.jpg 1024w, https:\/\/www.sisinternational.com\/wp-content\/uploads\/2025\/08\/Mauritius-1-768x430.jpg 768w, https:\/\/www.sisinternational.com\/wp-content\/uploads\/2025\/08\/Mauritius-1-18x10.jpg 18w\" sizes=\"auto, (max-width: 1456px) 100vw, 1456px\"><\/figure>\n\n\n\n<p><\/p>\n\n\n\n<h2 class=\"wp-block-heading\">Barrios<\/h2>\n\n\n\n<p>La Rep\u00fablica de Mauricio es un archipi\u00e9lago en el Oc\u00e9ano \u00cdndico. El vecino m\u00e1s cercano del pa\u00eds es Madagascar, a 700 millas al oeste. La capital es Puerto Louis. Es una ciudad vibrante en la que se realizan una gran cantidad de compras y ventas. El gobernador franc\u00e9s fund\u00f3 Port Louis a mediados del siglo XVIII. Algunas otras ciudades importantes de gran poblaci\u00f3n y actividad econ\u00f3mica son Curepipe, Grand Baie, Beau Bassin-Rose Hill, Quatre Bornes y Vacoas-Phoenix.<\/p>\n\n\n\n<h2 class=\"wp-block-heading\">Tendencias<\/h2>\n\n\n\n<p>El idioma principal de Mauricio es el franc\u00e9s, pero la mayor\u00eda de los habitantes hablan franc\u00e9s criollo e ingl\u00e9s. La gente es diversa y tambi\u00e9n lo es la cultura. La religi\u00f3n principal en Mauricio es el hinduismo. Menos de la mitad de todos los mauricianos son cristianos.<\/p>\n\n\n\n<p>Mauricio es bien conocido por sus villas culturales, playas de arena y aguas turquesas. Debido a su relativo aislamiento, Mauricio es un gran lugar para una escapada. Tiene muchos ca\u00f1averales y especies vegetales y animales \u00fanicas y distintivas. Es famoso por el p\u00e1jaro Dodo, un ave nativa extinta del tama\u00f1o de un conejo. Esta ave, declarada extinta a finales del siglo XVII, era end\u00e9mica de Mauricio.<\/p>\n\n\n\n<p>Estas islas son un gran atractivo tur\u00edstico, conocidas por su entorno natural. Su arquitectura cultural tambi\u00e9n atrae a los visitantes.<\/p>\n\n\n\n<p>Sin embargo, Mauricio tiene problemas de superpoblaci\u00f3n, con 1,3 millones de habitantes en 2019. A\u00fan as\u00ed, la gente de Mauricio parece arregl\u00e1rselas bien con los recursos disponibles.<\/p>\n\n\n\n<h2 class=\"wp-block-heading\">Industrias clave<\/h2>\n\n\n\n<p>The five primary <a href=\"https:\/\/www.sisinternational.com\/es\/soluciones\/investigacion-de-mercado-de-ia-y-consultoria-estrategica\/adopcion-de-ia-viajes-hospitalidad-turismo-industria-consultoria\/\" title=\"Adopci\u00f3n de IA en la consultor\u00eda de la industria de viajes, hoteler\u00eda y turismo\"  data-wpil-monitor-id=\"10968\">industries of Mauritius are Tourism<\/a>, Agriculture, Mining, Services, and Manufacturing.<\/p>\n\n\n\n<p><a href=\"https:\/\/oec.world\/en\/profile\/country\/mus\" target=\"_blank\" rel=\"noopener\">Las principales industrias manufactureras de Mauricio incluyen el procesamiento de alimentos y prendas de vestir, pescado, textiles y productos qu\u00edmicos, y tiene una s\u00f3lida industria minera.<\/a>. Adem\u00e1s, las islas realizan molienda de az\u00facar a gran escala para exportar a otros pa\u00edses. Las f\u00e1bricas de molienda producen az\u00facar de ca\u00f1a y de remolacha. La ca\u00f1a de az\u00facar ocupa el 80 por ciento de la superficie terrestre de Mauricio.<\/p>\n\n\n\n<p>La Madre Naturaleza ha bendecido a esta naci\u00f3n con una belleza impresionante. Esta belleza ha atra\u00eddo a los visitantes a lo largo de los siglos. Por tanto, no sorprende que el turismo sea un pilar vital de la econom\u00eda de Mauricio. Como resultado, el n\u00famero de turistas ha aumentado con los a\u00f1os.<\/p>\n\n\n\n<h2 class=\"wp-block-heading\">Base de clientes<\/h2>\n\n\n\n<p>Las importaciones de Mauricio son superiores a las exportaciones. Estas islas traen productos del extranjero, como petr\u00f3leo refinado y autom\u00f3viles.<\/p>\n\n\n\n<p>Los alimentos procedentes de Francia tambi\u00e9n representan un porcentaje importante de las importaciones de Mauricio. India, Australia y Sud\u00e1frica tambi\u00e9n son otros pa\u00edses desde los que Mauricio importa. Otro socio comercial es Estados Unidos. Mauricio importa alimentos como carne, caf\u00e9 y productos l\u00e1cteos de Estados Unidos. Tambi\u00e9n recibe de ese pa\u00eds verduras y frutas congeladas como naranjas. El pa\u00eds tambi\u00e9n importa ropa de Estados Unidos y Europa.<\/p>\n\n\n\n<h2 class=\"wp-block-heading\">Razones para hacer crecer su negocio en Mauricio<\/h2>\n\n\n\n<figure class=\"gb-block-image gb-block-image-df70ab1f\"><img loading=\"lazy\" decoding=\"async\" width=\"1456\" height=\"816\" class=\"gb-image gb-image-df70ab1f\" src=\"https:\/\/www.sisinternational.com\/wp-content\/uploads\/2025\/08\/Mauritius-4.jpg\" alt=\"Investigaci\u00f3n y estrategia de mercado internacional de SIS\" title=\"Mauritius (4)\" srcset=\"https:\/\/www.sisinternational.com\/wp-content\/uploads\/2025\/08\/Mauritius-4.jpg 1456w, https:\/\/www.sisinternational.com\/wp-content\/uploads\/2025\/08\/Mauritius-4-300x168.jpg 300w, https:\/\/www.sisinternational.com\/wp-content\/uploads\/2025\/08\/Mauritius-4-1024x574.jpg 1024w, https:\/\/www.sisinternational.com\/wp-content\/uploads\/2025\/08\/Mauritius-4-768x430.jpg 768w, https:\/\/www.sisinternational.com\/wp-content\/uploads\/2025\/08\/Mauritius-4-18x10.jpg 18w\" sizes=\"auto, (max-width: 1456px) 100vw, 1456px\"><\/figure>\n\n\n\n<p><\/p>\n\n\n\n<p>Invertir en Mauricio puede resultar beneficioso ya que ofrece a los inversores una tasa impositiva baja. Adem\u00e1s, no existe impuesto a la herencia, lo cual es una buena noticia si ha heredado una propiedad. Tampoco tienes que pagar IVA ni derechos de aduana por los equipos importados para tu negocio.<\/p>\n\n\n\n<p>Mauritius is a well-off country. Its exports of sugar have been of real value to the country. Moreover, many economists consider it to be one of the developed countries in Africa. As a result, Mauritius is an excellent country to <a href=\"https:\/\/www.sisinternational.com\/es\/publicaciones\/exportacion-del-mercado-medio-japones\/\" title=\"Hacer crecer su negocio en Jap\u00f3n\" data-wpil-monitor-id=\"10969\">grow your business<\/a>.<\/p>\n\n\n\n<h2 class=\"wp-block-heading\">Investigaci\u00f3n de mercado en Mauricio<\/h2>\n\n\n\n<p>\u00bfEs usted propietario de un negocio interesado en invertir en Mauricio? Nuestro sitio web tiene una gran cantidad de informaci\u00f3n que puede beneficiar su b\u00fasqueda. Mauricio es un pa\u00eds bien desarrollado que cualquier inversor en busca de inversi\u00f3n encontrar\u00e1 interesante. Nos reunimos <a href=\"https:\/\/www.sisinternational.com\/es\/soluciones\/soluciones-de-investigacion-cualitativa-cuantitativa\/\">Datos cualitativos y cuantitativos<\/a> y hacer <a href=\"https:\/\/www.sisinternational.com\/es\/soluciones\/consultoria-estrategica\/\">Investigaci\u00f3n estrat\u00e9gica<\/a>. Esperamos que en este art\u00edculo tengas toda la informaci\u00f3n que necesitas para tomar tu decisi\u00f3n. Invertir en Mauricio es una excelente elecci\u00f3n que multiplicar\u00e1 tu capital.<\/p>","protected":false},"excerpt":{"rendered":"<p>Investigaci\u00f3n de mercado en Mauricio. Nuestro sitio web tiene una gran cantidad de informaci\u00f3n que puede beneficiar su b\u00fasqueda. Datos cualitativos y cuantitativos.<\/p>","protected":false},"author":1,"featured_media":65298,"parent":14281,"menu_order":34,"comment_status":"closed","ping_status":"closed","template":"","meta":{"footnotes":""},"class_list":["post-37917","page","type-page","status-publish","has-post-thumbnail"],"_links":{"self":[{"href":"https:\/\/www.sisinternational.com\/es\/wp-json\/wp\/v2\/pages\/37917","targetHints":{"allow":["GET"]}}],"collection":[{"href":"https:\/\/www.sisinternational.com\/es\/wp-json\/wp\/v2\/pages"}],"about":[{"href":"https:\/\/www.sisinternational.com\/es\/wp-json\/wp\/v2\/types\/page"}],"author":[{"embeddable":true,"href":"https:\/\/www.sisinternational.com\/es\/wp-json\/wp\/v2\/users\/1"}],"replies":[{"embeddable":true,"href":"https:\/\/www.sisinternational.com\/es\/wp-json\/wp\/v2\/comments?post=37917"}],"version-history":[{"count":3,"href":"https:\/\/www.sisinternational.com\/es\/wp-json\/wp\/v2\/pages\/37917\/revisions"}],"predecessor-version":[{"id":81795,"href":"https:\/\/www.sisinternational.com\/es\/wp-json\/wp\/v2\/pages\/37917\/revisions\/81795"}],"up":[{"embeddable":true,"href":"https:\/\/www.sisinternational.com\/es\/wp-json\/wp\/v2\/pages\/14281"}],"wp:featuredmedia":[{"embeddable":true,"href":"https:\/\/www.sisinternational.com\/es\/wp-json\/wp\/v2\/media\/65298"}],"wp:attachment":[{"href":"https:\/\/www.sisinternational.com\/es\/wp-json\/wp\/v2\/media?parent=37917"}],"curies":[{"name":"wp","href":"https:\/\/api.w.org\/{rel}","templated":true}]}}