{"id":37915,"date":"2021-06-25T09:26:26","date_gmt":"2021-06-25T09:26:26","guid":{"rendered":"https:\/\/www.sisinternational.com\/?page_id=37915"},"modified":"2026-01-25T18:45:31","modified_gmt":"2026-01-25T23:45:31","slug":"investigacion-de-mercado-en-marruecos-norte-de-africa","status":"publish","type":"page","link":"https:\/\/www.sisinternational.com\/es\/cobertura\/investigacion-de-mercado-africa\/investigacion-de-mercado-en-marruecos-norte-de-africa\/","title":{"rendered":"Investigaci\u00f3n de mercado en Marruecos, continente del noroeste de \u00c1frica"},"content":{"rendered":"<h1 class=\"wp-block-heading\">Investigaci\u00f3n de mercado en Marruecos, Norte de \u00c1frica<\/h1>\n\n\n\n<figure class=\"gb-block-image gb-block-image-d8651a8f\"><img loading=\"lazy\" decoding=\"async\" width=\"1456\" height=\"816\" class=\"gb-image gb-image-d8651a8f\" src=\"https:\/\/www.sisinternational.com\/wp-content\/uploads\/2025\/08\/Morocco-2.jpg\" alt=\"Investigaci\u00f3n y estrategia de mercado internacional de SIS\" title=\"Morocco (2)\" srcset=\"https:\/\/www.sisinternational.com\/wp-content\/uploads\/2025\/08\/Morocco-2.jpg 1456w, https:\/\/www.sisinternational.com\/wp-content\/uploads\/2025\/08\/Morocco-2-300x168.jpg 300w, https:\/\/www.sisinternational.com\/wp-content\/uploads\/2025\/08\/Morocco-2-1024x574.jpg 1024w, https:\/\/www.sisinternational.com\/wp-content\/uploads\/2025\/08\/Morocco-2-768x430.jpg 768w, https:\/\/www.sisinternational.com\/wp-content\/uploads\/2025\/08\/Morocco-2-18x10.jpg 18w\" sizes=\"auto, (max-width: 1456px) 100vw, 1456px\"><\/figure>\n\n\n\n<p><\/p>\n\n\n\n<p>El Reino de Marruecos es un pa\u00eds del noroeste de \u00c1frica. El Mar Mediterr\u00e1neo est\u00e1 al norte y el Oc\u00e9ano Atl\u00e1ntico al oeste. Tambi\u00e9n comparte fronteras con el S\u00e1hara Occidental y Argelia. La religi\u00f3n principal es el Islam y la gente de Marruecos habla bereber y \u00e1rabe. Adem\u00e1s, Marruecos tiene una vibrante mezcla de culturas europea, \u00e1rabe y bereber. La capital es Rabat y la ciudad m\u00e1s grande es Casablanca.<\/p>\n\n\n\n<h2 class=\"wp-block-heading\">Market Research in Morocco:&nbsp;Key Industries<\/h2>\n\n\n\n<p>Marruecos generalmente tiene una econom\u00eda de libre mercado regida por las leyes de la oferta y la demanda. Pero, desde 1993, la naci\u00f3n comenz\u00f3 a seguir una estrategia de privatizaci\u00f3n. Hasta ahora, ha privatizado \u00e1reas espec\u00edficas de la econom\u00eda de propiedad estatal.<\/p>\n\n\n\n<p>Marruecos es un actor importante en la econom\u00eda africana y la quinta econom\u00eda m\u00e1s grande de \u00c1frica por PIB (PPA). Otro punto clave es su clasificaci\u00f3n seg\u00fan el \u00edndice de calidad de vida de la Unidad de Inteligencia de los Economistas Marroqu\u00edes. Seg\u00fan ese organismo, fue el primer pa\u00eds africano en superar a Sud\u00e1frica. Pero desde entonces la posici\u00f3n ha ca\u00eddo al n\u00famero 4.<\/p>\n\n\n\n<p>M\u00e1s de la mitad del PIB proviene del sector servicios. En consecuencia, las principales industrias son las telecomunicaciones, los textiles, el turismo y la tecnolog\u00eda de la informaci\u00f3n.<\/p>\n\n\n\n<p>La industria del turismo es el principal sector de la econom\u00eda marroqu\u00ed y est\u00e1 bien desarrollada. Con todo, el turismo marroqu\u00ed se centra en la historia, la costa y la cultura del pa\u00eds.<\/p>\n\n\n\n<p>La agricultura marroqu\u00ed emplea alrededor del 40 por ciento de la fuerza laboral del pa\u00eds. Por tanto, es el mayor empleador del pa\u00eds. A modo de ejemplo, la cebada, el trigo y otros cultivos se pueden cultivar sin riego. De ah\u00ed que los agricultores marroqu\u00edes cultiven estos cultivos en las regiones m\u00e1s lluviosas del noroeste. Tambi\u00e9n cultivan aceitunas, c\u00edtricos y uvas para vino en las vastas llanuras de la costa atl\u00e1ntica. De hecho, utilizan el agua de pozos artesianos para sustentar sus granjas.<\/p>\n\n\n\n<h2 class=\"wp-block-heading\">Barrios<\/h2>\n\n\n\n<p>La capital de Marruecos es Rabat, situada a lo largo del Oc\u00e9ano Atl\u00e1ntico y el r\u00edo Bouregreg. Rabat es principalmente famoso por los monumentos que reflejan su herencia colonial e isl\u00e1mica francesa, como el Castillo de Udayas. Este fuerte real de la \u00e9poca bereber est\u00e1 rodeado por un jard\u00edn formal de dise\u00f1o franc\u00e9s con vistas al mar.<\/p>\n\n\n\n<p>La ciudad m\u00e1s grande de Marruecos, Casablanca, tambi\u00e9n es conocida por su puerto y centro comercial. Puedes ver la herencia colonial francesa de la ciudad en los edificios del centro de Mauresque, con su mezcla de estilo morisco y Art Deco europeo en la arquitectura del centro. Otro ejemplo es la enorme mezquita de Hassan II, que se encuentra parcialmente sobre el agua con un minarete con l\u00e1seres dirigidos hacia La Meca.<\/p>\n\n\n\n<h2 class=\"wp-block-heading\">Tendencias y base de consumidores<\/h2>\n\n\n\n<p>La econom\u00eda marroqu\u00ed entr\u00f3 en recesi\u00f3n en 2020 debido a la pandemia y al shock agr\u00edcola. Pero el gobierno ha dado una respuesta r\u00e1pida al planificar una recuperaci\u00f3n estable.<\/p>\n\n\n\n<p>Los primeros casos de Covid-19 en Marruecos aparecieron a principios de 2020. Desde entonces, el comportamiento de los consumidores ha mostrado cambios sorprendentes. Esta situaci\u00f3n tambi\u00e9n refleja lo que sucedi\u00f3 en algunas naciones diferentes. Por ejemplo, las tiendas de comestibles comenzaron a ver largas colas de clientes fren\u00e9ticos que buscaban comprar art\u00edculos de primera necesidad. Como resultado, esas empresas tuvieron que reconsiderar sus modelos de trabajo. Del mismo modo, les llev\u00f3 a considerar el comercio electr\u00f3nico como una opci\u00f3n fundamental. Adem\u00e1s, esta elecci\u00f3n ayud\u00f3 a limitar el riesgo de los clientes en medio de la pandemia de Covid-19.<\/p>\n\n\n\n<h2 class=\"wp-block-heading\">Fortalezas del mercado<\/h2>\n\n\n\n<ol class=\"wp-block-list\">\n<li>El mercado de capitales est\u00e1 bien desarrollado.<\/li>\n<\/ol>\n\n\n\n<p>El gobierno marroqu\u00ed tiene un elevado d\u00e9ficit fiscal. Pero un mercado de capitales regional algo desarrollado ha reducido estos d\u00e9ficits.<\/p>\n\n\n\n<ol start=\"2\" class=\"wp-block-list\">\n<li>El rey es un factor estabilizador de la estabilidad pol\u00edtica.<\/li>\n<\/ol>\n\n\n\n<p>La monarqu\u00eda es muy apreciada en Marruecos, por lo que es m\u00e1s f\u00e1cil resolver los conflictos entre las partes.<\/p>\n\n\n\n<h2 class=\"wp-block-heading\">Razones para hacer crecer su negocio en Marruecos<\/h2>\n\n\n\n<ol class=\"wp-block-list\">\n<li>Los inversores extranjeros tienen una ventaja significativa porque los marroqu\u00edes hablan varios idiomas.<\/li>\n\n\n\n<li>Marruecos tiene el entorno adecuado para el desarrollo empresarial.<\/li>\n\n\n\n<li>Marruecos ha seguido considerando la inversi\u00f3n como fuerza impulsora. Necesita inversi\u00f3n para un crecimiento sostenible. As\u00ed, ha ido simplificando tr\u00e1mites y esforz\u00e1ndose por mejorar las condiciones de los inversores.<\/li>\n\n\n\n<li>Morocco is an exceptional <a href=\"https:\/\/www.sisinternational.com\/es\/cobertura\/investigacion-de-mercado-africa\/investigacion-de-mercado-en-zambia-africa\/\" title=\"Investigaci\u00f3n de mercado en Zambia, \u00c1frica\"  data-wpil-monitor-id=\"5128\">market in Africa<\/a>.<\/li>\n<\/ol>\n\n\n\n<h2 class=\"wp-block-heading\">Investigaci\u00f3n de mercado en Marruecos, Norte de \u00c1frica<\/h2>\n\n\n\n<p>La investigaci\u00f3n de mercado puede ser una herramienta \u00fatil para el \u00e9xito de su negocio. Investigar Marruecos puede permitirle encontrar las oportunidades de inversi\u00f3n adecuadas. Podemos realizar grupos focales, encuestas y entrevistas para usted. Tambi\u00e9n ofrecemos <a href=\"https:\/\/www.sisinternational.com\/es\/soluciones\/soluciones-de-investigacion-cualitativa-cuantitativa\/\">Cualitativo cuantitativo<\/a>, y <a href=\"https:\/\/www.sisinternational.com\/es\/soluciones\/consultoria-estrategica\/\">Investigaci\u00f3n estrat\u00e9gica<\/a> sobre el mercado marroqu\u00ed. Estos hallazgos permitir\u00e1n el \u00e9xito de su negocio.<\/p>\n\n\n\n<p>Estamos aqu\u00ed para ayudarle a usted y a su negocio a tener \u00e9xito en Marruecos.<\/p>\n\n\n\n<p><\/p>","protected":false},"excerpt":{"rendered":"<p>Investigaci\u00f3n de mercado en Marruecos: la investigaci\u00f3n puede permitirle encontrar las oportunidades de inversi\u00f3n adecuadas. Estamos aqu\u00ed para ayudar a que su negocio tenga \u00e9xito.<\/p>","protected":false},"author":1,"featured_media":65303,"parent":14281,"menu_order":33,"comment_status":"closed","ping_status":"closed","template":"","meta":{"footnotes":""},"class_list":["post-37915","page","type-page","status-publish","has-post-thumbnail"],"_links":{"self":[{"href":"https:\/\/www.sisinternational.com\/es\/wp-json\/wp\/v2\/pages\/37915","targetHints":{"allow":["GET"]}}],"collection":[{"href":"https:\/\/www.sisinternational.com\/es\/wp-json\/wp\/v2\/pages"}],"about":[{"href":"https:\/\/www.sisinternational.com\/es\/wp-json\/wp\/v2\/types\/page"}],"author":[{"embeddable":true,"href":"https:\/\/www.sisinternational.com\/es\/wp-json\/wp\/v2\/users\/1"}],"replies":[{"embeddable":true,"href":"https:\/\/www.sisinternational.com\/es\/wp-json\/wp\/v2\/comments?post=37915"}],"version-history":[{"count":6,"href":"https:\/\/www.sisinternational.com\/es\/wp-json\/wp\/v2\/pages\/37915\/revisions"}],"predecessor-version":[{"id":79003,"href":"https:\/\/www.sisinternational.com\/es\/wp-json\/wp\/v2\/pages\/37915\/revisions\/79003"}],"up":[{"embeddable":true,"href":"https:\/\/www.sisinternational.com\/es\/wp-json\/wp\/v2\/pages\/14281"}],"wp:featuredmedia":[{"embeddable":true,"href":"https:\/\/www.sisinternational.com\/es\/wp-json\/wp\/v2\/media\/65303"}],"wp:attachment":[{"href":"https:\/\/www.sisinternational.com\/es\/wp-json\/wp\/v2\/media?parent=37915"}],"curies":[{"name":"wp","href":"https:\/\/api.w.org\/{rel}","templated":true}]}}