{"id":37913,"date":"2021-06-25T09:17:44","date_gmt":"2021-06-25T09:17:44","guid":{"rendered":"https:\/\/www.sisinternational.com\/?page_id=37913"},"modified":"2025-09-14T17:24:47","modified_gmt":"2025-09-14T21:24:47","slug":"investigacion-de-mercado-en-niger-africa","status":"publish","type":"page","link":"https:\/\/www.sisinternational.com\/es\/cobertura\/investigacion-de-mercado-africa\/investigacion-de-mercado-en-niger-africa\/","title":{"rendered":"Investigaci\u00f3n de mercado en N\u00edger, \u00c1frica"},"content":{"rendered":"<h1 class=\"wp-block-heading\">Investigaci\u00f3n de mercado en N\u00edger<\/h1>\n\n\n\n<figure class=\"gb-block-image gb-block-image-67074810\"><img loading=\"lazy\" decoding=\"async\" width=\"1456\" height=\"816\" class=\"gb-image gb-image-67074810\" src=\"https:\/\/www.sisinternational.com\/wp-content\/uploads\/2025\/08\/Niger-1.jpg\" alt=\"Investigaci\u00f3n y estrategia de mercado internacional de SIS\" title=\"Niger (1)\" srcset=\"https:\/\/www.sisinternational.com\/wp-content\/uploads\/2025\/08\/Niger-1.jpg 1456w, https:\/\/www.sisinternational.com\/wp-content\/uploads\/2025\/08\/Niger-1-300x168.jpg 300w, https:\/\/www.sisinternational.com\/wp-content\/uploads\/2025\/08\/Niger-1-1024x574.jpg 1024w, https:\/\/www.sisinternational.com\/wp-content\/uploads\/2025\/08\/Niger-1-768x430.jpg 768w, https:\/\/www.sisinternational.com\/wp-content\/uploads\/2025\/08\/Niger-1-18x10.jpg 18w\" sizes=\"auto, (max-width: 1456px) 100vw, 1456px\"><\/figure>\n\n\n\n<p><\/p>\n\n\n\n<p><a href=\"https:\/\/oec.world\/en\/profile\/country\/ner\" target=\"_blank\" rel=\"noopener\">Niger (official name: the Republic of Niger)<\/a> es un pa\u00eds de \u00c1frica occidental sin salida al mar. De hecho, toma su nombre del r\u00edo N\u00edger, que atraviesa su territorio suroeste. Su capital es Niamey. Argelia est\u00e1 en su frontera noroeste, Libia en su noreste, Chad en su este, Nigeria y Benin al sur, y Burkina Faso y Mali est\u00e1n en su frontera oeste.<\/p>\n\n\n\n<p>El idioma oficial es el franc\u00e9s. Adem\u00e1s, el idioma m\u00e1s utilizado es el hausa, seguido del songhai, el fula, el tamashek y el kanuri. La gente tambi\u00e9n habla \u00e1rabe y teda.<\/p>\n\n\n\n<p>La mayor\u00eda afirma que el Islam sunita es su religi\u00f3n. El cristianismo sigue siendo una religi\u00f3n de las ciudades, especialmente de Niamey. Del mismo modo, algunas de las zonas rurales siguen abrazando las religiones animistas tradicionales de los africanos negros.<\/p>\n\n\n\n<p>Las precipitaciones determinan la capacidad de N\u00edger para seguir siendo autosuficiente en alimentos y ganado. Adem\u00e1s, el pa\u00eds sufre sequ\u00edas, lo que aumenta la necesidad de importar y recibir ayuda alimentaria. Aun as\u00ed, el gobierno ha invertido en proyectos de riego y en un \u201cprograma de cultivo fuera de temporada\u201d. Este programa consiste en operaciones de producci\u00f3n y riego a peque\u00f1a escala para evitar las sequ\u00edas.<\/p>\n\n\n\n<p>Los tres objetivos principales de N\u00edger son:<\/p>\n\n\n\n<ul class=\"wp-block-list\">\n<li>El mantenimiento de la unidad nacional.<\/li>\n\n\n\n<li>La elevaci\u00f3n del nivel de vida.<\/li>\n\n\n\n<li>Independencia econ\u00f3mica.<\/li>\n<\/ul>\n\n\n\n<h2 class=\"wp-block-heading\">Industrias clave en N\u00edger<\/h2>\n\n\n\n<p>La agricultura, la miner\u00eda y la exportaci\u00f3n son fundamentales en N\u00edger.<\/p>\n\n\n\n<p>La agricultura y los productos agr\u00edcolas constituyen el sector m\u00e1s grande de la econom\u00eda de N\u00edger, emplean a la mayor cantidad de personas y constituyen el mayor porcentaje del PNB. Los principales cultivos incluyen el mijo, el sorgo y la mandioca, junto con la ca\u00f1a de az\u00facar y el arroz, todos los cuales crecen en el valle del r\u00edo N\u00edger.<\/p>\n\n\n\n<p>El ganado y el pescado tambi\u00e9n son exportaciones importantes, y los ganaderos cr\u00edan ganado vacuno, ovino y caprino para obtener carne, leche y cueros. Adem\u00e1s, los artesanos utilizan pieles de avestruces, cocodrilos y serpientes para realizar artesan\u00edas. El principal mercado de estas artesan\u00edas es Europa.<\/p>\n\n\n\n<p>N\u00edger se encuentra entre los principales productores de uranio del mundo. La mayor\u00eda de los dep\u00f3sitos de uranio se encuentran en el centro de N\u00edger y la producci\u00f3n fluct\u00faa seg\u00fan las demandas del mercado.<\/p>\n\n\n\n<p>Los inversores han establecido varias industrias manufactureras, la mayor\u00eda de las cuales est\u00e1n en Niamey. Estas industrias producen productos qu\u00edmicos, productos alimenticios, textiles, equipos agr\u00edcolas y muebles met\u00e1licos. La refiner\u00eda de petr\u00f3leo est\u00e1 en otra ciudad, Zinder.<\/p>\n\n\n\n<p>El sector privado est\u00e1 formado en parte por muchas peque\u00f1as empresas. Tambi\u00e9n est\u00e1 formado por empresas pertenecientes a grandes empresas francesas o internacionales.<\/p>\n\n\n\n<h2 class=\"wp-block-heading\">Barrios<\/h2>\n\n\n\n<p>N\u00edger tiene cuatro ciudades principales: Niamey, Zinder, Maradi y Tahoua. Niamey, la capital de N\u00edger, se encuentra a lo largo del r\u00edo N\u00edger en la esquina suroeste de la rep\u00fablica. Los ind\u00edgenas fundaron Niamey como una aldea agr\u00edcola. Se convirti\u00f3 en capital en 1926 y creci\u00f3 despu\u00e9s de la Segunda Guerra Mundial.<\/p>\n\n\n\n<p>Niamey tiene un car\u00e1cter cosmopolita, variando entre la est\u00e9tica rural europea y africana. Hay un aeropuerto internacional. Las carreteras tambi\u00e9n unen Niamey con los puertos del Atl\u00e1ntico en Benin y Nigeria.<\/p>\n\n\n\n<p>Hoy en d\u00eda, comerciantes, comerciantes, funcionarios y artesanos ocupan Niamey. Provienen de N\u00edger, as\u00ed como de Nigeria, Benin y Togo. La mayor\u00eda de la gente en Niamey trabaja en el sector de servicios.<\/p>\n\n\n\n<p>Aproximadamente una quinta parte de la poblaci\u00f3n vive en ciudades, pero muchos de los habitantes del campo son n\u00f3madas. N\u00edger tiene unas 10.000 aldeas, de las cuales casi la mitad tienen s\u00f3lo unos pocos cientos de habitantes. No hay pueblos en la zona des\u00e9rtica.<\/p>\n\n\n\n<h2 class=\"wp-block-heading\">Tendencias en N\u00edger<\/h2>\n\n\n\n<p>El n\u00famero de usuarios de Internet en N\u00edger aument\u00f3 en 2021.<\/p>\n\n\n\n<p>El crecimiento econ\u00f3mico cay\u00f3 debido a la pandemia de COVID-19. N\u00edger tambi\u00e9n ha sufrido violentos ataques terroristas en los \u00faltimos a\u00f1os. Pero los economistas proyectan un cambio econ\u00f3mico. Se ha reabierto la frontera con Nigeria y se han reanudado importantes proyectos de inversi\u00f3n. Las cadenas de suministro tambi\u00e9n han vuelto a la normalidad.<\/p>\n\n\n\n<h2 class=\"wp-block-heading\">Beneficios y Fortalezas del Mercado<\/h2>\n\n\n\n<p>Como pa\u00eds en desarrollo con muchos recursos brutos, N\u00edger tiene potencial de inversi\u00f3n. Tiene inmensas extensiones de tierra aptas para la agroindustria intensiva. Estas tierras tambi\u00e9n son ideales para negocios pastoriles.<\/p>\n\n\n\n<p>N\u00edger es un importante productor de uranio. Su suelo es rico en dep\u00f3sitos minerales como uranio, petr\u00f3leo y gas, oro, hierro y fosfatos. Tambi\u00e9n suministra carb\u00f3n, piedra caliza, yeso y casiterita.<\/p>\n\n\n\n<p>N\u00edger tiene muchos socios comerciales. Los principales incluyen Nigeria, Francia y China.<\/p>\n\n\n\n<h2 class=\"wp-block-heading\">Base de consumidores en N\u00edger<\/h2>\n\n\n\n<p>N\u00edger tiene una baja tasa de alfabetizaci\u00f3n de adultos: una de las m\u00e1s bajas de \u00c1frica occidental. Diferentes organismos han estado llevando a cabo programas de alfabetizaci\u00f3n en los cinco principales idiomas africanos.<\/p>\n\n\n\n<p>La educaci\u00f3n en N\u00edger es gratuita, pero s\u00f3lo una peque\u00f1a proporci\u00f3n de los ni\u00f1os asiste a la escuela.<\/p>\n\n\n\n<p>N\u00edger tiene altas tasas de natalidad y crecimiento demogr\u00e1fico: entre las m\u00e1s altas del mundo. La tasa de mortalidad del pa\u00eds se encuentra entre las m\u00e1s altas de \u00c1frica. La esperanza de vida es de unos 58 a\u00f1os para los hombres y de 61 a\u00f1os para las mujeres. La poblaci\u00f3n de N\u00edger, en general, es joven. Casi la mitad de la poblaci\u00f3n tiene menos de 15 a\u00f1os y aproximadamente una cuarta parte tiene entre 15 y 29 a\u00f1os.<\/p>\n\n\n\n<h2 class=\"wp-block-heading\">\u00bfPor qu\u00e9 hacer crecer su negocio en el mercado nigerino?<\/h2>\n\n\n\n<p>Aprovechar el potencial bruto del pa\u00eds puede resultar fruct\u00edfero. Una forma es invertir en la expansi\u00f3n y el desarrollo de las industrias de N\u00edger.<\/p>\n\n\n\n<p>N\u00edger promueve las relaciones econ\u00f3micas entre los pa\u00edses africanos. Adem\u00e1s de ser miembro de la Uni\u00f3n Africana, N\u00edger tambi\u00e9n es miembro de grupos regionales que contribuyen a su desarrollo. Entre ellos se incluyen el Conseil de L&#039;Enfant y la Comunidad Econ\u00f3mica de los Estados de \u00c1frica Occidental. N\u00edger tambi\u00e9n est\u00e1 afiliado a la Zona de Libre Comercio Continental Africana. Este \u00faltimo grupo ayuda al desarrollo del pa\u00eds, la infraestructura y la econom\u00eda.<\/p>\n\n\n\n<h2 class=\"wp-block-heading\">Acerca de la investigaci\u00f3n de mercado en N\u00edger<\/h2>\n\n\n\n<p>Las encuestas dirigidas a una amplia gama de nigerinos pueden ayudar a mantener el pulso sobre las tendencias y los productos b\u00e1sicos actuales. Los grupos focales bien ubicados y la investigaci\u00f3n de mercado pueden ayudar a determinar la mejor manera de invertir en N\u00edger.<\/p>\n\n\n\n<p><a href=\"https:\/\/www.sisinternational.com\/es\/que-es-la-investigacion-cualitativa\/\" target=\"_blank\" rel=\"noopener\">Cualitativo<\/a>, <a href=\"https:\/\/www.sisinternational.com\/es\/que-es-la-investigacion-cuantitativa\/\" target=\"_blank\" rel=\"noopener\">Cuantitativo<\/a>, y <a href=\"https:\/\/www.sisinternational.com\/es\/soluciones\/consultoria-estrategica\/como-la-investigacion-estrategica-puede-mejorar-su-rendimiento\/\" target=\"_blank\" rel=\"noopener\">Investigaci\u00f3n estrat\u00e9gica<\/a> tambi\u00e9n es esencial. Ayuda a los inversores potenciales a decidir sobre infraestructuras y sistemas mejores y m\u00e1s eficientes. Tambi\u00e9n les muestra qu\u00e9 productos son m\u00e1s adecuados para N\u00edger, permitiendo mayores retornos.<\/p>\n\n\n\n<p><\/p>","protected":false},"excerpt":{"rendered":"<p>N\u00edger es un importante productor de uranio. Su suelo es rico en dep\u00f3sitos minerales como uranio, petr\u00f3leo y gas, oro, hierro y fosfatos. <\/p>","protected":false},"author":1,"featured_media":65321,"parent":14281,"menu_order":32,"comment_status":"closed","ping_status":"closed","template":"","meta":{"footnotes":""},"class_list":["post-37913","page","type-page","status-publish","has-post-thumbnail"],"_links":{"self":[{"href":"https:\/\/www.sisinternational.com\/es\/wp-json\/wp\/v2\/pages\/37913","targetHints":{"allow":["GET"]}}],"collection":[{"href":"https:\/\/www.sisinternational.com\/es\/wp-json\/wp\/v2\/pages"}],"about":[{"href":"https:\/\/www.sisinternational.com\/es\/wp-json\/wp\/v2\/types\/page"}],"author":[{"embeddable":true,"href":"https:\/\/www.sisinternational.com\/es\/wp-json\/wp\/v2\/users\/1"}],"replies":[{"embeddable":true,"href":"https:\/\/www.sisinternational.com\/es\/wp-json\/wp\/v2\/comments?post=37913"}],"version-history":[{"count":2,"href":"https:\/\/www.sisinternational.com\/es\/wp-json\/wp\/v2\/pages\/37913\/revisions"}],"predecessor-version":[{"id":68546,"href":"https:\/\/www.sisinternational.com\/es\/wp-json\/wp\/v2\/pages\/37913\/revisions\/68546"}],"up":[{"embeddable":true,"href":"https:\/\/www.sisinternational.com\/es\/wp-json\/wp\/v2\/pages\/14281"}],"wp:featuredmedia":[{"embeddable":true,"href":"https:\/\/www.sisinternational.com\/es\/wp-json\/wp\/v2\/media\/65321"}],"wp:attachment":[{"href":"https:\/\/www.sisinternational.com\/es\/wp-json\/wp\/v2\/media?parent=37913"}],"curies":[{"name":"wp","href":"https:\/\/api.w.org\/{rel}","templated":true}]}}