{"id":37911,"date":"2021-06-25T08:50:15","date_gmt":"2021-06-25T08:50:15","guid":{"rendered":"https:\/\/www.sisinternational.com\/?page_id=37911"},"modified":"2025-09-14T17:30:59","modified_gmt":"2025-09-14T21:30:59","slug":"investigacion-de-mercado-en-ruanda-africa","status":"publish","type":"page","link":"https:\/\/www.sisinternational.com\/es\/cobertura\/investigacion-de-mercado-africa\/investigacion-de-mercado-en-ruanda-africa\/","title":{"rendered":"Investigaci\u00f3n de mercado en Ruanda, \u00c1frica"},"content":{"rendered":"<h1 class=\"wp-block-heading\">Investigaci\u00f3n de mercado en Ruanda<\/h1>\n\n\n\n<figure class=\"gb-block-image gb-block-image-0ad5b177\"><img loading=\"lazy\" decoding=\"async\" width=\"1456\" height=\"816\" class=\"gb-image gb-image-0ad5b177\" src=\"https:\/\/www.sisinternational.com\/wp-content\/uploads\/2025\/08\/Rwanda-1.jpg\" alt=\"Investigaci\u00f3n y estrategia de mercado internacional de SIS\" title=\"Rwanda, (1)\" srcset=\"https:\/\/www.sisinternational.com\/wp-content\/uploads\/2025\/08\/Rwanda-1.jpg 1456w, https:\/\/www.sisinternational.com\/wp-content\/uploads\/2025\/08\/Rwanda-1-300x168.jpg 300w, https:\/\/www.sisinternational.com\/wp-content\/uploads\/2025\/08\/Rwanda-1-1024x574.jpg 1024w, https:\/\/www.sisinternational.com\/wp-content\/uploads\/2025\/08\/Rwanda-1-768x430.jpg 768w, https:\/\/www.sisinternational.com\/wp-content\/uploads\/2025\/08\/Rwanda-1-18x10.jpg 18w\" sizes=\"auto, (max-width: 1456px) 100vw, 1456px\"><\/figure>\n\n\n\n<p><\/p>\n\n\n\n<h2 class=\"wp-block-heading\">Barrios<\/h2>\n\n\n\n<p><a href=\"https:\/\/oec.world\/en\/profile\/country\/rwa\" target=\"_blank\" rel=\"noopener\">Ruanda es un peque\u00f1o pa\u00eds sin salida al mar<\/a> a lo largo del Gran Valle del Rift de \u00c1frica Central. Cubre un poco m\u00e1s de diez mil millas cuadradas y tiene una poblaci\u00f3n de 12 millones de personas.<\/p>\n\n\n\n<p>Los pa\u00edses vecinos de Ruanda incluyen la Rep\u00fablica Unida de Tanzania, Burundi, Uganda y la Rep\u00fablica Democr\u00e1tica del Congo. Debido a que estos vecinos rodean a Ruanda, uno de sus desaf\u00edos es su falta de acceso y entrada al Oc\u00e9ano \u00cdndico. La presi\u00f3n demogr\u00e1fica tambi\u00e9n es un desaf\u00edo importante que enfrenta Ruanda.<\/p>\n\n\n\n<p>En 1994, la tribu hutu se enfureci\u00f3 y masacr\u00f3 a alrededor de un mill\u00f3n de tutsis. A pesar de este genocidio, Ruanda ha experimentado una notable transformaci\u00f3n econ\u00f3mica en los \u00faltimos a\u00f1os. Actualmente se encuentra entre las econom\u00edas basadas en el conocimiento m\u00e1s exitosas del continente. De hecho, algunos han descrito sus logros como nada menos que un milagro.<\/p>\n\n\n\n<h2 class=\"wp-block-heading\">Tendencias<\/h2>\n\n\n\n<p>Ruanda tiene problemas de superpoblaci\u00f3n y una densidad de poblaci\u00f3n muy alta: una de las m\u00e1s altas de \u00c1frica. Adem\u00e1s, el promedio es de mil personas por milla cuadrada y sus recursos apenas alcanzan para todos. En consecuencia, los recursos agr\u00edcolas se han estado asfixiando durante muchos a\u00f1os.<\/p>\n\n\n\n<p>Ruanda se compone de un 97 por ciento de tierra y un 3 por ciento de agua. Hay pocas playas en Ruanda y la mayor\u00eda de las cuales, en comparaci\u00f3n con otros pa\u00edses africanos, no son muy bonitas.<\/p>\n\n\n\n<p>El mercado ruand\u00e9s es el de un pa\u00eds en desarrollo econ\u00f3mico, al que los expertos llaman un pa\u00eds del tercer mundo con indicadores del primer mundo. Esperan que Ruanda experimente pronto un crecimiento econ\u00f3mico extremo.<\/p>\n\n\n\n<p>Con inversores de mente abierta, Ruanda puede estar en camino de convertirse en un pa\u00eds de clase alta. Es m\u00e1s, Ruanda compite con algunas de las naciones m\u00e1s desarrolladas del mundo en cuanto a la facilidad para hacer negocios. Tambi\u00e9n tienen una puntuaci\u00f3n baja en el \u00cdndice de Corrupci\u00f3n.<\/p>\n\n\n\n<h2 class=\"wp-block-heading\">Industrias clave<\/h2>\n\n\n\n<p>Las industrias principales de Ruanda incluyen la agricultura, la hosteler\u00eda y el comercio. Adem\u00e1s, existen varias oportunidades comerciales en los diferentes sectores de Ruanda.<\/p>\n\n\n\n<p>Los productos de exportaci\u00f3n de Ruanda son el caf\u00e9, la casiterita y el esta\u00f1o. Recientemente ha visto un aumento significativo en la exportaci\u00f3n de diamantes.<\/p>\n\n\n\n<p>Sus principales socios exportadores son:<\/p>\n\n\n\n<ul class=\"wp-block-list\">\n<li>Alemania<\/li>\n\n\n\n<li>Kenia<\/li>\n\n\n\n<li>B\u00e9lgica<\/li>\n\n\n\n<li>Brasil<\/li>\n\n\n\n<li>Pakist\u00e1n<\/li>\n<\/ul>\n\n\n\n<h2 class=\"wp-block-heading\">Base de consumidores<\/h2>\n\n\n\n<p>Las principales importaciones de Ruanda son el az\u00facar en bruto, el petr\u00f3leo refinado y el oro. Por supuesto, es importante recordar que Ruanda es un pa\u00eds en desarrollo y sus nacionales no viven con mucho. Aun as\u00ed, las actuales tasas de crecimiento econ\u00f3mico del pa\u00eds son muy prometedoras. De hecho, los expertos esperan que este crecimiento genere m\u00e1s oportunidades laborales. Tambi\u00e9n deber\u00eda reducir la tasa de pobreza.<\/p>\n\n\n\n<p>Es posible que la mayor\u00eda de las personas en Ruanda no puedan pagar sus productos y servicios. Pero, a largo plazo, sus perspectivas econ\u00f3micas mejorar\u00e1n y tendr\u00e1n un mercado m\u00e1s s\u00f3lido. Por supuesto, esta proyecci\u00f3n depende de ciertos factores. Por ejemplo, dependen de la demanda de bienes y servicios espec\u00edficos.<\/p>\n\n\n\n<h2 class=\"wp-block-heading\">Razones para hacer crecer su negocio en Ruanda<\/h2>\n\n\n\n<p>Ruanda es ahora un pa\u00eds estable. Del mismo modo, es un pa\u00eds de paz y muy poca violencia en comparaci\u00f3n con otros pa\u00edses de \u00c1frica. Sin mencionar que los ruandeses son gente amable y tienden a ayudar a los necesitados.<\/p>\n\n\n\n<p>Ruanda ha tenido un crecimiento econ\u00f3mico sostenido en los \u00faltimos tiempos. Este crecimiento es otra raz\u00f3n por la que deber\u00eda considerar abrir su negocio all\u00ed. Ahora tiene una econom\u00eda de r\u00e1pido crecimiento con un gran PIB. Es una oportunidad de inversi\u00f3n perfecta que definitivamente vale la pena considerar.<\/p>\n\n\n\n<p>Dado que el COVID-19 es una amenaza para la humanidad, Ruanda ha controlado bastante los protocolos. El Ministerio de Salud ha establecido normas y reglamentos para prevenir la propagaci\u00f3n del virus. Esta acci\u00f3n result\u00f3 en un bajo n\u00famero de infecciones, lo que lo convierte en uno de los mejores pa\u00edses para invertir a pesar de la pandemia.<\/p>\n\n\n\n<h2 class=\"wp-block-heading\">Acerca de la investigaci\u00f3n de mercado en Ruanda<\/h2>\n\n\n\n<p>\u00bfEst\u00e1 buscando hacer crecer su negocio en Ruanda? \u00bfEst\u00e1 interesado en su reciente tasa de crecimiento econ\u00f3mico \u00e9pica? Estamos aqu\u00ed para brindarle la mejor informaci\u00f3n necesaria. As\u00ed, podr\u00e1s estar cien por cien consciente y seguro de tu decisi\u00f3n. Hacemos <a href=\"https:\/\/www.sisinternational.com\/es\/que-es-la-investigacion-cualitativa\/\" target=\"_blank\" rel=\"noopener\">Cualitativo<\/a>, <a href=\"https:\/\/www.sisinternational.com\/es\/que-es-la-investigacion-cuantitativa\/\" target=\"_blank\" rel=\"noopener\">Cuantitativo<\/a>, y <a href=\"https:\/\/www.sisinternational.com\/es\/soluciones\/consultoria-estrategica\/como-la-investigacion-estrategica-puede-mejorar-su-rendimiento\/\" target=\"_blank\" rel=\"noopener\">Investigaci\u00f3n estrat\u00e9gica<\/a> utilizando varias fuentes confiables.<\/p>\n\n\n\n<p>Esperamos que este art\u00edculo le haya dado las respuestas a sus preguntas sobre invertir en Ruanda.<\/p>\n\n\n\n<p><\/p>","protected":false},"excerpt":{"rendered":"<p>Las principales importaciones de Ruanda son el az\u00facar en bruto, el petr\u00f3leo refinado y el oro. Las industrias principales de Ruanda incluyen la agricultura, la hosteler\u00eda y el comercio.<\/p>","protected":false},"author":1,"featured_media":65349,"parent":14281,"menu_order":31,"comment_status":"closed","ping_status":"closed","template":"","meta":{"footnotes":""},"class_list":["post-37911","page","type-page","status-publish","has-post-thumbnail"],"_links":{"self":[{"href":"https:\/\/www.sisinternational.com\/es\/wp-json\/wp\/v2\/pages\/37911","targetHints":{"allow":["GET"]}}],"collection":[{"href":"https:\/\/www.sisinternational.com\/es\/wp-json\/wp\/v2\/pages"}],"about":[{"href":"https:\/\/www.sisinternational.com\/es\/wp-json\/wp\/v2\/types\/page"}],"author":[{"embeddable":true,"href":"https:\/\/www.sisinternational.com\/es\/wp-json\/wp\/v2\/users\/1"}],"replies":[{"embeddable":true,"href":"https:\/\/www.sisinternational.com\/es\/wp-json\/wp\/v2\/comments?post=37911"}],"version-history":[{"count":2,"href":"https:\/\/www.sisinternational.com\/es\/wp-json\/wp\/v2\/pages\/37911\/revisions"}],"predecessor-version":[{"id":68551,"href":"https:\/\/www.sisinternational.com\/es\/wp-json\/wp\/v2\/pages\/37911\/revisions\/68551"}],"up":[{"embeddable":true,"href":"https:\/\/www.sisinternational.com\/es\/wp-json\/wp\/v2\/pages\/14281"}],"wp:featuredmedia":[{"embeddable":true,"href":"https:\/\/www.sisinternational.com\/es\/wp-json\/wp\/v2\/media\/65349"}],"wp:attachment":[{"href":"https:\/\/www.sisinternational.com\/es\/wp-json\/wp\/v2\/media?parent=37911"}],"curies":[{"name":"wp","href":"https:\/\/api.w.org\/{rel}","templated":true}]}}