{"id":37909,"date":"2021-06-25T08:13:35","date_gmt":"2021-06-25T08:13:35","guid":{"rendered":"https:\/\/www.sisinternational.com\/?page_id=37909"},"modified":"2025-09-14T17:29:21","modified_gmt":"2025-09-14T21:29:21","slug":"investigacion-de-mercado-en-senegal-africa","status":"publish","type":"page","link":"https:\/\/www.sisinternational.com\/es\/cobertura\/investigacion-de-mercado-africa\/investigacion-de-mercado-en-senegal-africa\/","title":{"rendered":"Investigaci\u00f3n de mercado en Senegal, \u00c1frica"},"content":{"rendered":"<h1 class=\"wp-block-heading\">Investigaci\u00f3n de mercado en Senegal<\/h1>\n\n\n\n<figure class=\"gb-block-image gb-block-image-c0d25b66\"><img loading=\"lazy\" decoding=\"async\" width=\"1456\" height=\"816\" class=\"gb-image gb-image-c0d25b66\" src=\"https:\/\/www.sisinternational.com\/wp-content\/uploads\/2025\/08\/Senegal-3.jpg\" alt=\"Investigaci\u00f3n y estrategia de mercado internacional de SIS\" title=\"Senegal, (3)\" srcset=\"https:\/\/www.sisinternational.com\/wp-content\/uploads\/2025\/08\/Senegal-3.jpg 1456w, https:\/\/www.sisinternational.com\/wp-content\/uploads\/2025\/08\/Senegal-3-300x168.jpg 300w, https:\/\/www.sisinternational.com\/wp-content\/uploads\/2025\/08\/Senegal-3-1024x574.jpg 1024w, https:\/\/www.sisinternational.com\/wp-content\/uploads\/2025\/08\/Senegal-3-768x430.jpg 768w, https:\/\/www.sisinternational.com\/wp-content\/uploads\/2025\/08\/Senegal-3-18x10.jpg 18w\" sizes=\"auto, (max-width: 1456px) 100vw, 1456px\"><\/figure>\n\n\n\n<p><\/p>\n\n\n\n<p>Gambia rodea parcialmente el <a href=\"https:\/\/oec.world\/en\/profile\/country\/sen\" target=\"_blank\" rel=\"noopener\">Rep\u00fablica de Senegal de \u00c1frica Occidental<\/a> en el norte, sur y oeste. Guinea y Guinea-Bissau se encuentran al sur de Senegal y Mal\u00ed en la frontera este. El idioma oficial de Senegal es el franc\u00e9s.<\/p>\n\n\n\n<h2 class=\"wp-block-heading\">Industrias clave<\/h2>\n\n\n\n<p>Las industrias clave de Senegal incluyen agricultura, manufactura, alimentos y bebidas, textiles, construcci\u00f3n y materiales. Otras industrias importantes incluyen los campos qu\u00edmico, energ\u00e9tico, minero y de hidrocarburos.<\/p>\n\n\n\n<p>El sector agr\u00edcola es la industria m\u00e1s importante. Adem\u00e1s de ser fundamental para la supervivencia de gran parte de la poblaci\u00f3n, tambi\u00e9n es responsable de la mayor parte del capital extranjero de Senegal. Tambi\u00e9n contribuye a una gran parte del PIB y emplea alrededor de un tercio de la fuerza laboral.<\/p>\n\n\n\n<p>El sector industrial tambi\u00e9n contribuye en gran medida al PIB y emplea a gran parte de la fuerza laboral. Implica el procesamiento de productos agr\u00edcolas, por ejemplo, aceite de man\u00ed y envases de mariscos.<\/p>\n\n\n\n<p>El sector de servicios, incluidas las crecientes industrias de telecomunicaciones y turismo, tambi\u00e9n es crucial.<\/p>\n\n\n\n<h2 class=\"wp-block-heading\">Barrios en Senegal<\/h2>\n\n\n\n<h3 class=\"wp-block-heading\">dakar<\/h3>\n\n\n\n<p>La capital y ciudad principal de Senegal es Dakar (tanto en poblaci\u00f3n como en superficie total). Dakar es un punto de partida estrat\u00e9gico para el comercio europeo. Ofrece atracciones como mezquitas, mercados, el museo IFAN y la isla Goree.<\/p>\n\n\n\n<h3 class=\"wp-block-heading\">tuba<\/h3>\n\n\n\n<p>Touba est\u00e1 en el centro de Senegal y, en la actualidad, es la segunda ciudad m\u00e1s grande por poblaci\u00f3n. Los musulmanes de Touba realizan una peregrinaci\u00f3n anual conocida como Grand Magai, con millones de participantes locales y extranjeros cada a\u00f1o.<\/p>\n\n\n\n<h3 class=\"wp-block-heading\">Rufisque<\/h3>\n\n\n\n<p>Rufisque es una ciudad y un puerto menor al este de Dakar, un centro de transporte frecuentado por las l\u00edneas ferroviarias Dakar-N\u00edger y Dakar-Saint-Louis. Tiene una industria ligera, con f\u00e1bricas de petr\u00f3leo, cal y cemento. Adem\u00e1s, el pueblo cuenta con muchos mercados y un pueblo artesanal con hermosas playas.<\/p>\n\n\n\n<h2 class=\"wp-block-heading\">Tendencias<\/h2>\n\n\n\n<p>Si bien Senegal es una econom\u00eda en crecimiento, la reciente pandemia ha afectado su supervivencia. Ha habido una disminuci\u00f3n en el sector tur\u00edstico y de servicios de la econom\u00eda debido al COVID-19. Senegal espera que la econom\u00eda se recupere tarde o temprano gracias al consumo y la inversi\u00f3n privados.<\/p>\n\n\n\n<p>El Gobierno senegal\u00e9s planea utilizar en alg\u00fan momento el potencial agr\u00edcola no explotado del pa\u00eds. En efecto, esta medida deber\u00eda aumentar la seguridad alimentaria y mejorar la nutrici\u00f3n de la poblaci\u00f3n.<\/p>\n\n\n\n<h2 class=\"wp-block-heading\">Beneficios y Fortalezas del Mercado<\/h2>\n\n\n\n<p>El sector agr\u00edcola es el orgullo y la alegr\u00eda de Senegal, y el pa\u00eds es uno de los mayores productores de man\u00ed del mundo. Adem\u00e1s, tiene un suelo rico en minerales y un clima excelente. Otro punto clave es que el mercado de Senegal es penetrable y las empresas pueden obtener enormes beneficios.<\/p>\n\n\n\n<h2 class=\"wp-block-heading\">Base de consumidores en Senegal<\/h2>\n\n\n\n<p>Senegal tiene una econom\u00eda en crecimiento. Sin embargo, este crecimiento econ\u00f3mico no ha hecho posible el empleo para los j\u00f3venes. El nivel de alfabetizaci\u00f3n todav\u00eda est\u00e1 en su nivel m\u00e1s bajo. La mayor\u00eda de la poblaci\u00f3n est\u00e1 desempleada o trabaja con un salario m\u00ednimo. Lamentablemente, estos factores no constituyen un mercado de consumo fuerte entre el pueblo senegal\u00e9s.<\/p>\n\n\n\n<h2 class=\"wp-block-heading\">Razones para hacer crecer su negocio en Senegal<\/h2>\n\n\n\n<p>Senegal es un pa\u00eds con muchas influencias. Cualquier inversor, independientemente de su origen, seguramente puede prosperar en Senegal. Por ser un pa\u00eds liberal, nunca falta el apoyo de las autoridades y pol\u00edticos. Adem\u00e1s, sirve como puerta de entrada esencial a importantes mercados de exportaci\u00f3n en Europa, Asia y Am\u00e9rica.<\/p>\n\n\n\n<h2 class=\"wp-block-heading\">Acerca de la investigaci\u00f3n de mercado en Senegal<\/h2>\n\n\n\n<p>A la hora de incursionar en cualquier nuevo mercado, es fundamental llevar a cabo <a href=\"https:\/\/www.sisinternational.com\/es\/que-es-la-investigacion-cuantitativa\/\" target=\"_blank\" rel=\"noopener\">Cuantitativo<\/a>, <a href=\"https:\/\/www.sisinternational.com\/es\/que-es-la-investigacion-cualitativa\/\" target=\"_blank\" rel=\"noopener\">Cualitativo<\/a>, y <a href=\"https:\/\/www.sisinternational.com\/es\/soluciones\/consultoria-estrategica\/como-la-investigacion-estrategica-puede-mejorar-su-rendimiento\/\" target=\"_blank\" rel=\"noopener\">Investigaci\u00f3n estrat\u00e9gica<\/a>. Adem\u00e1s, las interacciones con los consumidores proporcionan una comprensi\u00f3n m\u00e1s profunda del mercado. Tambi\u00e9n puede ayudar a su empresa a conseguir socios potenciales.<\/p>\n\n\n\n<p>La investigaci\u00f3n de mercado tambi\u00e9n puede involucrar grupos focales, entrevistas y encuestas. Cada uno de estos m\u00e9todos tiene sus ventajas y, en conjunto, pueden hacer de su empresa un actor m\u00e1s fuerte en el mercado senegal\u00e9s.<\/p>\n\n\n\n<p><\/p>","protected":false},"excerpt":{"rendered":"<p>El sector agr\u00edcola es el orgullo y la alegr\u00eda de Senegal, y el pa\u00eds es uno de los mayores productores de man\u00ed del mundo.<\/p>","protected":false},"author":1,"featured_media":65209,"parent":14281,"menu_order":30,"comment_status":"closed","ping_status":"closed","template":"","meta":{"footnotes":""},"class_list":["post-37909","page","type-page","status-publish","has-post-thumbnail"],"_links":{"self":[{"href":"https:\/\/www.sisinternational.com\/es\/wp-json\/wp\/v2\/pages\/37909","targetHints":{"allow":["GET"]}}],"collection":[{"href":"https:\/\/www.sisinternational.com\/es\/wp-json\/wp\/v2\/pages"}],"about":[{"href":"https:\/\/www.sisinternational.com\/es\/wp-json\/wp\/v2\/types\/page"}],"author":[{"embeddable":true,"href":"https:\/\/www.sisinternational.com\/es\/wp-json\/wp\/v2\/users\/1"}],"replies":[{"embeddable":true,"href":"https:\/\/www.sisinternational.com\/es\/wp-json\/wp\/v2\/comments?post=37909"}],"version-history":[{"count":3,"href":"https:\/\/www.sisinternational.com\/es\/wp-json\/wp\/v2\/pages\/37909\/revisions"}],"predecessor-version":[{"id":68550,"href":"https:\/\/www.sisinternational.com\/es\/wp-json\/wp\/v2\/pages\/37909\/revisions\/68550"}],"up":[{"embeddable":true,"href":"https:\/\/www.sisinternational.com\/es\/wp-json\/wp\/v2\/pages\/14281"}],"wp:featuredmedia":[{"embeddable":true,"href":"https:\/\/www.sisinternational.com\/es\/wp-json\/wp\/v2\/media\/65209"}],"wp:attachment":[{"href":"https:\/\/www.sisinternational.com\/es\/wp-json\/wp\/v2\/media?parent=37909"}],"curies":[{"name":"wp","href":"https:\/\/api.w.org\/{rel}","templated":true}]}}