{"id":37850,"date":"2021-06-15T07:17:50","date_gmt":"2021-06-15T07:17:50","guid":{"rendered":"https:\/\/www.sisinternational.com\/?page_id=37850"},"modified":"2025-09-08T00:40:47","modified_gmt":"2025-09-08T04:40:47","slug":"investigacion-de-mercado-en-gambia-africa","status":"publish","type":"page","link":"https:\/\/www.sisinternational.com\/es\/cobertura\/investigacion-de-mercado-africa\/investigacion-de-mercado-en-gambia-africa\/","title":{"rendered":"Investigaci\u00f3n de mercado en Gambia, \u00c1frica"},"content":{"rendered":"<h1 class=\"wp-block-heading\">Investigaci\u00f3n de mercado en Gambia, \u00c1frica<\/h1>\n\n\n\n<figure class=\"gb-block-image gb-block-image-78ebaf4a\"><img loading=\"lazy\" decoding=\"async\" width=\"1456\" height=\"816\" class=\"gb-image gb-image-78ebaf4a\" src=\"https:\/\/www.sisinternational.com\/wp-content\/uploads\/2025\/08\/Gambia-3.jpg\" alt=\"Investigaci\u00f3n y estrategia de mercado internacional de SIS\" title=\"Gambia, (3)\" srcset=\"https:\/\/www.sisinternational.com\/wp-content\/uploads\/2025\/08\/Gambia-3.jpg 1456w, https:\/\/www.sisinternational.com\/wp-content\/uploads\/2025\/08\/Gambia-3-300x168.jpg 300w, https:\/\/www.sisinternational.com\/wp-content\/uploads\/2025\/08\/Gambia-3-1024x574.jpg 1024w, https:\/\/www.sisinternational.com\/wp-content\/uploads\/2025\/08\/Gambia-3-768x430.jpg 768w, https:\/\/www.sisinternational.com\/wp-content\/uploads\/2025\/08\/Gambia-3-18x10.jpg 18w\" sizes=\"auto, (max-width: 1456px) 100vw, 1456px\"><\/figure>\n\n\n\n<p><\/p>\n\n\n\n<p><a href=\"https:\/\/oec.world\/en\/profile\/country\/gmb\" target=\"_blank\" rel=\"noopener\">Gambia est\u00e1 en la costa oeste de \u00c1frica.<\/a>, y su vecino inmediato es Senegal. Es el pa\u00eds m\u00e1s peque\u00f1o del continente africano. El r\u00edo Gambia atraviesa el centro del pa\u00eds y luego desemboca en el Oc\u00e9ano Atl\u00e1ntico. El idioma oficial del pa\u00eds es el ingl\u00e9s. Pero hay otros 21 idiomas nacionales. Estos incluyen mandinga, \u00e1rabe y franc\u00e9s. En esta poblaci\u00f3n existen aproximadamente diez grupos \u00e9tnicos.<\/p>\n\n\n\n<h2 class=\"wp-block-heading\">Industrias clave<\/h2>\n\n\n\n<p>La agricultura, especialmente el cultivo de man\u00ed o man\u00ed para consumo local y exportaci\u00f3n, es una industria importante. El turismo tambi\u00e9n es un sector de moda en Gambia. La ubicaci\u00f3n costera ofrece hermosas playas. Gambia tambi\u00e9n es rica en vida silvestre y es una atracci\u00f3n para los amantes de la naturaleza y los aventureros.<\/p>\n\n\n\n<h2 class=\"wp-block-heading\">Barrios en Gambia<\/h2>\n\n\n\n<p>Serekunda es el resultado de la fusi\u00f3n de nueve pueblos para formar una comunidad urbana y es la ciudad m\u00e1s grande de Gambia. Brikama es otra gran ciudad. Es la capital de la divisi\u00f3n occidental (una de las cinco divisiones principales de Gambia). Brikama es famosa por su talento musical y la capacidad art\u00edstica de sus habitantes. La ciudad de Banjul es la capital de Gambia. Bakau est\u00e1 al oeste de Banjul, en la costa atl\u00e1ntica. Bakau es el segundo suburbio m\u00e1s grande pero la ciudad m\u00e1s desarrollada de Gambia. Banjul es la cuarta ciudad m\u00e1s grande, pero tiene la poblaci\u00f3n m\u00e1s densa. Es el centro de producci\u00f3n de man\u00ed y otros alimentos, as\u00ed como del turismo. Hay escuelas, hospitales, instalaciones gubernamentales y recreativas ubicadas en Banjul.<\/p>\n\n\n\n<h2 class=\"wp-block-heading\">Tendencias<\/h2>\n\n\n\n<p>No existe una religi\u00f3n oficial en la Rep\u00fablica de Gambia. Pero una gran mayor\u00eda de gambianos cree en el Islam. Las mezquitas salpican el pa\u00eds. Las tradiciones y los ritos musulmanes son parte integral de la cultura de Gambia. \u00c9sa es la raz\u00f3n por la que tantos gambianos saben hablar el idioma \u00e1rabe. Los imanes y otros funcionarios hablan \u00e1rabe con fluidez para llevar a cabo servicios y ceremonias. Los gambianos observan las fiestas musulmanas. Entonces, mientras Gambia se aferra a su cultura original y a su historia africana, el Islam influye en su nueva cultura. Tambi\u00e9n hay cristianos, la mayor\u00eda de los cuales son cat\u00f3licos romanos, presentes en Gambia. El pa\u00eds tiene bastantes iglesias cat\u00f3licas. Tambi\u00e9n se observan o respetan d\u00edas festivos como Semana Santa y Navidad.<\/p>\n\n\n\n<h2 class=\"wp-block-heading\">Base de consumidores<\/h2>\n\n\n\n<p>Dado que Gambia es un pa\u00eds peque\u00f1o, tiene una base de consumidores peque\u00f1a. Su tama\u00f1o limita las oportunidades para las empresas estadounidenses, especialmente las franquicias. Sin embargo, varias empresas gambianas han expresado inter\u00e9s en franquicias estadounidenses. Las marcas estadounidenses tienen una gran demanda y los gambianos tienden a asociarlas con alta calidad.<\/p>\n\n\n\n<h2 class=\"wp-block-heading\">Beneficios y Fortalezas del mercado<\/h2>\n\n\n\n<p>El turismo y la agricultura son los motores del crecimiento econ\u00f3mico en Gambia. La crisis del \u00c9bola de 2014\/2015 y la sequ\u00eda en la subregi\u00f3n provocaron la contracci\u00f3n de estos sectores, y la pandemia de COVID-19 tambi\u00e9n trajo desaf\u00edos econ\u00f3micos a Gambia. Mientras tanto, los gambianos en el extranjero suelen enviar remesas a sus familiares. Estas remesas son una fuente importante de divisas. Ayudan al empoderamiento econ\u00f3mico de los ciudadanos de Gambia.<\/p>\n\n\n\n<h2 class=\"wp-block-heading\">\u00bfPor qu\u00e9 deber\u00eda hacer negocios en Gambia?<\/h2>\n\n\n\n<p>Gambia tiene potencial para florecer en varias industrias. S\u00f3lo necesita las instalaciones y los inversores adecuados. El pueblo gambiano ha demostrado su amor por las artes y la industria del entretenimiento, y tambi\u00e9n le gustan los deportes (especialmente el f\u00fatbol) y la moda. Gambia puede apoyar cualquier industria necesaria en un pa\u00eds en desarrollo. No s\u00f3lo por parte de los nativos, sino que alentar\u00eda a los turistas que frecuentan el pa\u00eds. Se necesitan caras nuevas en el sector empresarial y nuevas v\u00edas de empleo. Usted podr\u00eda ser quien proporcione las instalaciones y la capacitaci\u00f3n necesarias a esta naci\u00f3n emergente.<\/p>\n\n\n\n<h2 class=\"wp-block-heading\">Acerca de la investigaci\u00f3n de mercado en Gambia<\/h2>\n\n\n\n<p>Si desea hacer negocios en Gambia, perm\u00edtanos ayudarlo. Organizamos focus Groups en los diferentes mercados africanos. Hacemos <a href=\"https:\/\/www.sisinternational.com\/es\/que-es-la-investigacion-cuantitativa\/\" target=\"_blank\" rel=\"noopener\">Cuantitativo<\/a>, <a href=\"https:\/\/www.sisinternational.com\/es\/que-es-la-investigacion-cualitativa\/\" target=\"_blank\" rel=\"noopener\">Cualitativo<\/a>, y <a href=\"https:\/\/www.sisinternational.com\/es\/soluciones\/consultoria-estrategica\/como-la-investigacion-estrategica-puede-mejorar-su-rendimiento\/\" target=\"_blank\" rel=\"noopener\">Investigaci\u00f3n estrat\u00e9gica<\/a> para ti. En SIS, recopilamos mucha informaci\u00f3n y hallazgos que son relevantes para usted. Esperamos que esto le ayude con su decisi\u00f3n de hacer negocios en Gambia.<\/p>","protected":false},"excerpt":{"rendered":"<p>SIS proporciona investigaci\u00f3n cuantitativa, cualitativa y estrat\u00e9gica para empresas de Gambia. Las marcas estadounidenses tienen una gran demanda.<\/p>","protected":false},"author":1,"featured_media":65196,"parent":14281,"menu_order":29,"comment_status":"closed","ping_status":"closed","template":"","meta":{"footnotes":""},"class_list":["post-37850","page","type-page","status-publish","has-post-thumbnail"],"_links":{"self":[{"href":"https:\/\/www.sisinternational.com\/es\/wp-json\/wp\/v2\/pages\/37850","targetHints":{"allow":["GET"]}}],"collection":[{"href":"https:\/\/www.sisinternational.com\/es\/wp-json\/wp\/v2\/pages"}],"about":[{"href":"https:\/\/www.sisinternational.com\/es\/wp-json\/wp\/v2\/types\/page"}],"author":[{"embeddable":true,"href":"https:\/\/www.sisinternational.com\/es\/wp-json\/wp\/v2\/users\/1"}],"replies":[{"embeddable":true,"href":"https:\/\/www.sisinternational.com\/es\/wp-json\/wp\/v2\/comments?post=37850"}],"version-history":[{"count":3,"href":"https:\/\/www.sisinternational.com\/es\/wp-json\/wp\/v2\/pages\/37850\/revisions"}],"predecessor-version":[{"id":68534,"href":"https:\/\/www.sisinternational.com\/es\/wp-json\/wp\/v2\/pages\/37850\/revisions\/68534"}],"up":[{"embeddable":true,"href":"https:\/\/www.sisinternational.com\/es\/wp-json\/wp\/v2\/pages\/14281"}],"wp:featuredmedia":[{"embeddable":true,"href":"https:\/\/www.sisinternational.com\/es\/wp-json\/wp\/v2\/media\/65196"}],"wp:attachment":[{"href":"https:\/\/www.sisinternational.com\/es\/wp-json\/wp\/v2\/media?parent=37850"}],"curies":[{"name":"wp","href":"https:\/\/api.w.org\/{rel}","templated":true}]}}